{"id":2003,"date":"2022-07-04T21:09:22","date_gmt":"2022-07-04T21:09:22","guid":{"rendered":"https:\/\/firmaonline.org\/xifirma\/?page_id=2003"},"modified":"2022-08-17T21:14:40","modified_gmt":"2022-08-17T21:14:40","slug":"empresas-instituciones","status":"publish","type":"page","link":"https:\/\/firmaonline.org\/xifirma\/empresas-instituciones\/","title":{"rendered":"Empresas e instituciones"},"content":{"rendered":"\t\t<div data-elementor-type=\"wp-page\" data-elementor-id=\"2003\" class=\"elementor elementor-2003\">\n\t\t\t\t\t\t\t\t\t<section data-particle_enable=\"false\" data-particle-mobile-disabled=\"false\" class=\"elementor-section elementor-top-section elementor-element elementor-element-c3f5ced elementor-section-boxed elementor-section-height-default elementor-section-height-default\" data-id=\"c3f5ced\" data-element_type=\"section\">\n\t\t\t\t\t\t<div class=\"elementor-container elementor-column-gap-default\">\n\t\t\t\t\t<div class=\"elementor-column elementor-col-100 elementor-top-column elementor-element elementor-element-b3c20ee\" data-id=\"b3c20ee\" data-element_type=\"column\">\n\t\t\t<div class=\"elementor-widget-wrap elementor-element-populated\">\n\t\t\t\t\t\t\t\t<div class=\"elementor-element elementor-element-1c25d1b elementor-widget elementor-widget-heading\" data-id=\"1c25d1b\" data-element_type=\"widget\" data-widget_type=\"heading.default\">\n\t\t\t\t<div class=\"elementor-widget-container\">\n\t\t\t<style>\/*! elementor - v3.6.6 - 08-06-2022 *\/\n.elementor-heading-title{padding:0;margin:0;line-height:1}.elementor-widget-heading .elementor-heading-title[class*=elementor-size-]>a{color:inherit;font-size:inherit;line-height:inherit}.elementor-widget-heading .elementor-heading-title.elementor-size-small{font-size:15px}.elementor-widget-heading .elementor-heading-title.elementor-size-medium{font-size:19px}.elementor-widget-heading .elementor-heading-title.elementor-size-large{font-size:29px}.elementor-widget-heading .elementor-heading-title.elementor-size-xl{font-size:39px}.elementor-widget-heading .elementor-heading-title.elementor-size-xxl{font-size:59px}<\/style><h1 class=\"elementor-heading-title elementor-size-default\">Informaci\u00f3n para empresas e instituciones<\/h1>\t\t<\/div>\n\t\t\t\t<\/div>\n\t\t\t\t\t<\/div>\n\t\t<\/div>\n\t\t\t\t\t\t\t<\/div>\n\t\t<\/section>\n\t\t\t\t<section data-particle_enable=\"false\" data-particle-mobile-disabled=\"false\" class=\"elementor-section elementor-top-section elementor-element elementor-element-b17ca56 elementor-section-boxed elementor-section-height-default elementor-section-height-default\" data-id=\"b17ca56\" data-element_type=\"section\">\n\t\t\t\t\t\t<div class=\"elementor-container elementor-column-gap-default\">\n\t\t\t\t\t<div class=\"elementor-column elementor-col-100 elementor-top-column elementor-element elementor-element-7af4a10\" data-id=\"7af4a10\" data-element_type=\"column\">\n\t\t\t<div class=\"elementor-widget-wrap elementor-element-populated\">\n\t\t\t\t\t\t\t\t<div class=\"elementor-element elementor-element-235cf5a elementor-widget-divider--view-line elementor-widget elementor-widget-divider\" data-id=\"235cf5a\" data-element_type=\"widget\" data-widget_type=\"divider.default\">\n\t\t\t\t<div class=\"elementor-widget-container\">\n\t\t\t<style>\/*! elementor - v3.6.6 - 08-06-2022 *\/\n.elementor-widget-divider{--divider-border-style:none;--divider-border-width:1px;--divider-color:#2c2c2c;--divider-icon-size:20px;--divider-element-spacing:10px;--divider-pattern-height:24px;--divider-pattern-size:20px;--divider-pattern-url:none;--divider-pattern-repeat:repeat-x}.elementor-widget-divider .elementor-divider{display:-webkit-box;display:-ms-flexbox;display:flex}.elementor-widget-divider .elementor-divider__text{font-size:15px;line-height:1;max-width:95%}.elementor-widget-divider .elementor-divider__element{margin:0 var(--divider-element-spacing);-ms-flex-negative:0;flex-shrink:0}.elementor-widget-divider .elementor-icon{font-size:var(--divider-icon-size)}.elementor-widget-divider .elementor-divider-separator{display:-webkit-box;display:-ms-flexbox;display:flex;margin:0;direction:ltr}.elementor-widget-divider--view-line_icon .elementor-divider-separator,.elementor-widget-divider--view-line_text .elementor-divider-separator{-webkit-box-align:center;-ms-flex-align:center;align-items:center}.elementor-widget-divider--view-line_icon .elementor-divider-separator:after,.elementor-widget-divider--view-line_icon .elementor-divider-separator:before,.elementor-widget-divider--view-line_text .elementor-divider-separator:after,.elementor-widget-divider--view-line_text .elementor-divider-separator:before{display:block;content:\"\";border-bottom:0;-webkit-box-flex:1;-ms-flex-positive:1;flex-grow:1;border-top:var(--divider-border-width) var(--divider-border-style) var(--divider-color)}.elementor-widget-divider--element-align-left .elementor-divider .elementor-divider-separator>.elementor-divider__svg:first-of-type{-webkit-box-flex:0;-ms-flex-positive:0;flex-grow:0;-ms-flex-negative:100;flex-shrink:100}.elementor-widget-divider--element-align-left .elementor-divider-separator:before{content:none}.elementor-widget-divider--element-align-left .elementor-divider__element{margin-left:0}.elementor-widget-divider--element-align-right .elementor-divider .elementor-divider-separator>.elementor-divider__svg:last-of-type{-webkit-box-flex:0;-ms-flex-positive:0;flex-grow:0;-ms-flex-negative:100;flex-shrink:100}.elementor-widget-divider--element-align-right .elementor-divider-separator:after{content:none}.elementor-widget-divider--element-align-right .elementor-divider__element{margin-right:0}.elementor-widget-divider:not(.elementor-widget-divider--view-line_text):not(.elementor-widget-divider--view-line_icon) .elementor-divider-separator{border-top:var(--divider-border-width) var(--divider-border-style) var(--divider-color)}.elementor-widget-divider--separator-type-pattern{--divider-border-style:none}.elementor-widget-divider--separator-type-pattern.elementor-widget-divider--view-line .elementor-divider-separator,.elementor-widget-divider--separator-type-pattern:not(.elementor-widget-divider--view-line) .elementor-divider-separator:after,.elementor-widget-divider--separator-type-pattern:not(.elementor-widget-divider--view-line) .elementor-divider-separator:before,.elementor-widget-divider--separator-type-pattern:not([class*=elementor-widget-divider--view]) .elementor-divider-separator{width:100%;min-height:var(--divider-pattern-height);-webkit-mask-size:var(--divider-pattern-size) 100%;mask-size:var(--divider-pattern-size) 100%;-webkit-mask-repeat:var(--divider-pattern-repeat);mask-repeat:var(--divider-pattern-repeat);background-color:var(--divider-color);-webkit-mask-image:var(--divider-pattern-url);mask-image:var(--divider-pattern-url)}.elementor-widget-divider--no-spacing{--divider-pattern-size:auto}.elementor-widget-divider--bg-round{--divider-pattern-repeat:round}.rtl .elementor-widget-divider .elementor-divider__text{direction:rtl}<\/style>\t\t<div class=\"elementor-divider\">\n\t\t\t<span class=\"elementor-divider-separator\">\n\t\t\t\t\t\t<\/span>\n\t\t<\/div>\n\t\t\t\t<\/div>\n\t\t\t\t<\/div>\n\t\t\t\t\t<\/div>\n\t\t<\/div>\n\t\t\t\t\t\t\t<\/div>\n\t\t<\/section>\n\t\t\t\t<section data-particle_enable=\"false\" data-particle-mobile-disabled=\"false\" class=\"elementor-section elementor-top-section elementor-element elementor-element-af8fed5 elementor-section-boxed elementor-section-height-default elementor-section-height-default\" data-id=\"af8fed5\" data-element_type=\"section\">\n\t\t\t\t\t\t<div class=\"elementor-container elementor-column-gap-default\">\n\t\t\t\t\t<div class=\"elementor-column elementor-col-50 elementor-top-column elementor-element elementor-element-d5d0ff9\" data-id=\"d5d0ff9\" data-element_type=\"column\">\n\t\t\t<div class=\"elementor-widget-wrap elementor-element-populated\">\n\t\t\t\t\t\t\t\t<div class=\"elementor-element elementor-element-6d13175 elementor-widget elementor-widget-image\" data-id=\"6d13175\" data-element_type=\"widget\" data-widget_type=\"image.default\">\n\t\t\t\t<div class=\"elementor-widget-container\">\n\t\t\t<style>\/*! elementor - v3.6.6 - 08-06-2022 *\/\n.elementor-widget-image{text-align:center}.elementor-widget-image a{display:inline-block}.elementor-widget-image a img[src$=\".svg\"]{width:48px}.elementor-widget-image img{vertical-align:middle;display:inline-block}<\/style>\t\t\t\t\t\t\t\t\t\t\t\t<img loading=\"lazy\" decoding=\"async\" width=\"460\" height=\"210\" src=\"https:\/\/firmaonline.org\/xifirma\/wp-content\/uploads\/2022\/01\/cropped-logoXIFIRMA-e1642935197904.png\" class=\"attachment-large size-large\" alt=\"\" srcset=\"https:\/\/firmaonline.org\/xifirma\/wp-content\/uploads\/2022\/01\/cropped-logoXIFIRMA-e1642935197904.png 460w, https:\/\/firmaonline.org\/xifirma\/wp-content\/uploads\/2022\/01\/cropped-logoXIFIRMA-e1642935197904-300x137.png 300w\" sizes=\"auto, (max-width: 460px) 100vw, 460px\" \/>\t\t\t\t\t\t\t\t\t\t\t\t\t\t\t<\/div>\n\t\t\t\t<\/div>\n\t\t\t\t\t<\/div>\n\t\t<\/div>\n\t\t\t\t<div class=\"elementor-column elementor-col-50 elementor-top-column elementor-element elementor-element-ccfa952\" data-id=\"ccfa952\" data-element_type=\"column\">\n\t\t\t<div class=\"elementor-widget-wrap elementor-element-populated\">\n\t\t\t\t\t\t\t\t<div class=\"elementor-element elementor-element-60ccb27 elementor-widget elementor-widget-heading\" data-id=\"60ccb27\" data-element_type=\"widget\" data-widget_type=\"heading.default\">\n\t\t\t\t<div class=\"elementor-widget-container\">\n\t\t\t<h3 class=\"elementor-heading-title elementor-size-default\">Fortaleciendo los objetivos de desarrollo sostenible para la pesca y acuicultura<\/h3>\t\t<\/div>\n\t\t\t\t<\/div>\n\t\t\t\t\t<\/div>\n\t\t<\/div>\n\t\t\t\t\t\t\t<\/div>\n\t\t<\/section>\n\t\t\t\t<section data-particle_enable=\"false\" data-particle-mobile-disabled=\"false\" class=\"elementor-section elementor-top-section elementor-element elementor-element-2be94d4 elementor-section-boxed elementor-section-height-default elementor-section-height-default\" data-id=\"2be94d4\" data-element_type=\"section\">\n\t\t\t\t\t\t<div class=\"elementor-container elementor-column-gap-default\">\n\t\t\t\t\t<div class=\"elementor-column elementor-col-100 elementor-top-column elementor-element elementor-element-3be1917\" data-id=\"3be1917\" data-element_type=\"column\">\n\t\t\t<div class=\"elementor-widget-wrap elementor-element-populated\">\n\t\t\t\t\t\t\t\t<div class=\"elementor-element elementor-element-3f50ee7 elementor-widget elementor-widget-text-editor\" data-id=\"3f50ee7\" data-element_type=\"widget\" data-widget_type=\"text-editor.default\">\n\t\t\t\t<div class=\"elementor-widget-container\">\n\t\t\t<style>\/*! elementor - v3.6.6 - 08-06-2022 *\/\n.elementor-widget-text-editor.elementor-drop-cap-view-stacked .elementor-drop-cap{background-color:#818a91;color:#fff}.elementor-widget-text-editor.elementor-drop-cap-view-framed .elementor-drop-cap{color:#818a91;border:3px solid;background-color:transparent}.elementor-widget-text-editor:not(.elementor-drop-cap-view-default) .elementor-drop-cap{margin-top:8px}.elementor-widget-text-editor:not(.elementor-drop-cap-view-default) .elementor-drop-cap-letter{width:1em;height:1em}.elementor-widget-text-editor .elementor-drop-cap{float:left;text-align:center;line-height:1;font-size:50px}.elementor-widget-text-editor .elementor-drop-cap-letter{display:inline-block}<\/style>\t\t\t\t<p>El FIRMA: Foro Iberoamericano de Recursos Marinos y la Acuicultura, es un escenario que analiza el estado de los recursos acu\u00e1ticos vivos, su grado de explotaci\u00f3n, cultivo, sostenibilidad, estado del conocimiento y perspectivas futuras para Iberoam\u00e9rica, generando discusi\u00f3n sobre pol\u00edticas de conservaci\u00f3n de los recursos, investigaci\u00f3n y desarrollo de la acuicultura, todo esto enfocado en la seguridad alimentaria y sostenibilidad a futuro.<\/p><p>Para este XI FIRMA, estamos proyectando m\u00e1s de 3 000 participantes de diferentes pa\u00edses de Iberoam\u00e9rica, con 6 conferencias magistrales, 10 sesiones de discusi\u00f3n de t\u00f3picos actualmente relevantes relacionados a la acuicultura y los recursos marinos y cursos precongreso. Nuestro comit\u00e9 cuenta con m\u00e1s de 50 personalidades representantes en los pa\u00edses iberoamericanos y regiones del mundo que nos est\u00e1n apoyando con la organizaci\u00f3n y la promoci\u00f3n, lo que nos garantizar\u00e1 el \u00e9xito del evento.<\/p><p>En las sesiones de discusi\u00f3n ya tenemos confirmada la intervenci\u00f3n de la mayor\u00eda de los expertos de diferentes pa\u00edses, lo que aportar\u00e1 una extraordinaria experiencia para los asistentes, enriquecida con la discusi\u00f3n de las ideas presentadas por el panel de expertos y la intervenci\u00f3n del p\u00fablico.<\/p><p>En este sentido,\u00a0<strong>queremos apoyar<\/strong>\u00a0a todos los actores relacionados con el aprovechamiento de los recursos marinos y la acuicultura, sirviendo de escenario a las empresas, instituciones acad\u00e9micas o gubernamentales, ONGs, consultores o cualquier otro ente, para ofrecer sus productos o servicios.<\/p><p>Las empresas o instituciones interesadas en formar parte de esta actividad, de modo que el FIRMA les sirva de v\u00ednculo con nuestra extensa red, pueden optar a los siguientes programas:<\/p><p><strong>Patrocinante Bronce (\u20ac 300 EUR)<\/strong>: Tendr\u00e1n un espacio en la p\u00e1gina web con su logotipo y\/o nombre, un enlace a su p\u00e1gina web, videos y\/o redes sociales. Adem\u00e1s, su logotipo y\/o nombre aparecer\u00e1 en correos, redes sociales (Facebook, Instagram, Twitter, LinkedIn) y flyers digitales.<\/p><p><strong>Patrocinante Plata (\u20ac 600 EUR)<\/strong>: Todo lo incluido en el nivel bronce. Adicionalmente, se ofrece un Banner principal con un enlace a una p\u00e1gina web, videos y\/o redes sociales en la p\u00e1gina web para uno de los d\u00edas del evento (d\u00eda adicional del banner, \u20ac 300 EUR) y se dar\u00e1 promoci\u00f3n en las mesas de discusi\u00f3n y la conferencia magistral de ese d\u00eda.<\/p><p><strong>Patrocinante Oro (\u20ac 1 000 EUR)<\/strong>: Todo lo incluido en el nivel plata. Adicionalmente, se dar\u00e1 un espacio de sobremesa: hablando con el experto, disponiendo la organizaci\u00f3n de 60 min para promocionar sus productos o servicios a trav\u00e9s de una presentaci\u00f3n t\u00e9cnica y una sesi\u00f3n de preguntas y respuestas del p\u00fablico.<\/p><p><strong>Patrocinante Platino (\u20ac 1 500 EUR)<\/strong>: Todo lo incluido en el nivel oro, pero el Banner principal correr\u00e1 todos los d\u00edas del evento.<\/p><p>Las empresas o instituciones interesadas nos pueden contactar a trav\u00e9s de la direcci\u00f3n de correo electr\u00f3nico:\u00a0<u><a href=\"mailto:empresas.firmaonline@gmail.com\">empresas.firmaonline@gmail.com<\/a><\/u>\u00a0en la que con todo gusto los atenderemos y, con seguridad, podremos establecer un v\u00ednculo que los apoye en sus prop\u00f3sitos empresariales o institucionales.<\/p>\t\t\t\t\t\t<\/div>\n\t\t\t\t<\/div>\n\t\t\t\t\t<\/div>\n\t\t<\/div>\n\t\t\t\t\t\t\t<\/div>\n\t\t<\/section>\n\t\t\t\t<section data-particle_enable=\"false\" data-particle-mobile-disabled=\"false\" class=\"elementor-section elementor-top-section elementor-element elementor-element-f6bdce0 elementor-section-boxed elementor-section-height-default elementor-section-height-default\" data-id=\"f6bdce0\" data-element_type=\"section\">\n\t\t\t\t\t\t<div class=\"elementor-container elementor-column-gap-default\">\n\t\t\t\t\t<div class=\"elementor-column elementor-col-100 elementor-top-column elementor-element elementor-element-251086e\" data-id=\"251086e\" data-element_type=\"column\">\n\t\t\t<div class=\"elementor-widget-wrap elementor-element-populated\">\n\t\t\t\t\t\t\t\t<div class=\"elementor-element elementor-element-359b28f elementor-widget-divider--view-line elementor-widget elementor-widget-divider\" data-id=\"359b28f\" data-element_type=\"widget\" data-widget_type=\"divider.default\">\n\t\t\t\t<div class=\"elementor-widget-container\">\n\t\t\t\t\t<div class=\"elementor-divider\">\n\t\t\t<span class=\"elementor-divider-separator\">\n\t\t\t\t\t\t<\/span>\n\t\t<\/div>\n\t\t\t\t<\/div>\n\t\t\t\t<\/div>\n\t\t\t\t\t<\/div>\n\t\t<\/div>\n\t\t\t\t\t\t\t<\/div>\n\t\t<\/section>\n\t\t\t\t<section data-particle_enable=\"false\" data-particle-mobile-disabled=\"false\" class=\"elementor-section elementor-top-section elementor-element elementor-element-e99af14 elementor-section-boxed elementor-section-height-default elementor-section-height-default\" data-id=\"e99af14\" data-element_type=\"section\">\n\t\t\t\t\t\t<div class=\"elementor-container elementor-column-gap-default\">\n\t\t\t\t\t<div class=\"elementor-column elementor-col-100 elementor-top-column elementor-element elementor-element-c4420fa\" data-id=\"c4420fa\" data-element_type=\"column\">\n\t\t\t<div class=\"elementor-widget-wrap elementor-element-populated\">\n\t\t\t\t\t\t\t\t<div class=\"elementor-element elementor-element-c036ba2 elementor-widget elementor-widget-heading\" data-id=\"c036ba2\" data-element_type=\"widget\" data-widget_type=\"heading.default\">\n\t\t\t\t<div class=\"elementor-widget-container\">\n\t\t\t<h2 class=\"elementor-heading-title elementor-size-default\">Un apoyo solidario para no dejar a nadie atr\u00e1s<\/h2>\t\t<\/div>\n\t\t\t\t<\/div>\n\t\t\t\t\t<\/div>\n\t\t<\/div>\n\t\t\t\t\t\t\t<\/div>\n\t\t<\/section>\n\t\t\t\t<section data-particle_enable=\"false\" data-particle-mobile-disabled=\"false\" class=\"elementor-section elementor-top-section elementor-element elementor-element-000f2d9 elementor-section-boxed elementor-section-height-default elementor-section-height-default\" data-id=\"000f2d9\" data-element_type=\"section\">\n\t\t\t\t\t\t<div class=\"elementor-container elementor-column-gap-default\">\n\t\t\t\t\t<div class=\"elementor-column elementor-col-100 elementor-top-column elementor-element elementor-element-4b43874\" data-id=\"4b43874\" data-element_type=\"column\">\n\t\t\t<div class=\"elementor-widget-wrap elementor-element-populated\">\n\t\t\t\t\t\t\t\t<div class=\"elementor-element elementor-element-07eac04 elementor-widget elementor-widget-text-editor\" data-id=\"07eac04\" data-element_type=\"widget\" data-widget_type=\"text-editor.default\">\n\t\t\t\t<div class=\"elementor-widget-container\">\n\t\t\t\t\t\t\t<p>El XI FIRMA 2022 online pretende analizar el estado de los recursos acu\u00e1ticos vivos, su grado de explotaci\u00f3n, sostenibilidad, conocimiento y perspectivas de su utilizaci\u00f3n en Iberoam\u00e9rica, interactuando en un escenario en funci\u00f3n de proponer pol\u00edticas de conservaci\u00f3n y sostenibilidad de los recursos, desarrollo de la acuicultura, gesti\u00f3n pesquera y seguridad alimentaria.<\/p><p>Este objetivo debe ser inclusivo, donde todos los sectores puedan participar; por ello, el XI FIRMA 2022 online ha creado un acceso para recibir donativos que ser\u00e1n utilizados, principalmente, para becas de participaci\u00f3n en el evento de estudiantes e investigadores de instituciones de pa\u00edses con problemas econ\u00f3micos extremos o cualquier demanda de inclusi\u00f3n en el mismo.<\/p>\t\t\t\t\t\t<\/div>\n\t\t\t\t<\/div>\n\t\t\t\t\t<\/div>\n\t\t<\/div>\n\t\t\t\t\t\t\t<\/div>\n\t\t<\/section>\n\t\t\t\t<section data-particle_enable=\"false\" data-particle-mobile-disabled=\"false\" class=\"elementor-section elementor-top-section elementor-element elementor-element-7f90f7e elementor-section-boxed elementor-section-height-default elementor-section-height-default\" data-id=\"7f90f7e\" data-element_type=\"section\">\n\t\t\t\t\t\t<div class=\"elementor-container elementor-column-gap-default\">\n\t\t\t\t\t<div class=\"elementor-column elementor-col-100 elementor-top-column elementor-element elementor-element-9b09c01\" data-id=\"9b09c01\" data-element_type=\"column\">\n\t\t\t<div class=\"elementor-widget-wrap elementor-element-populated\">\n\t\t\t\t\t\t\t\t<div class=\"elementor-element elementor-element-ecc4b03 elementor-widget elementor-widget-heading\" data-id=\"ecc4b03\" data-element_type=\"widget\" data-widget_type=\"heading.default\">\n\t\t\t\t<div class=\"elementor-widget-container\">\n\t\t\t<h6 class=\"elementor-heading-title elementor-size-default\">\u00a1\u00daNETE A LOS PATROCINADORES Y CONTRIBUYENTES PARA LA INCLUSI\u00d3N DE TODOS EN EL XI FIRMA 2022!<\/h6>\t\t<\/div>\n\t\t\t\t<\/div>\n\t\t\t\t\t<\/div>\n\t\t<\/div>\n\t\t\t\t\t\t\t<\/div>\n\t\t<\/section>\n\t\t\t\t<section data-particle_enable=\"false\" data-particle-mobile-disabled=\"false\" class=\"elementor-section elementor-top-section elementor-element elementor-element-02b98b4 elementor-section-boxed elementor-section-height-default elementor-section-height-default\" data-id=\"02b98b4\" data-element_type=\"section\">\n\t\t\t\t\t\t<div class=\"elementor-container elementor-column-gap-default\">\n\t\t\t\t\t<div class=\"elementor-column elementor-col-100 elementor-top-column elementor-element elementor-element-75fa7d3\" data-id=\"75fa7d3\" data-element_type=\"column\">\n\t\t\t<div class=\"elementor-widget-wrap elementor-element-populated\">\n\t\t\t\t\t\t\t\t<div class=\"elementor-element elementor-element-191b194 elementor-hidden-desktop elementor-hidden-tablet elementor-hidden-mobile elementor-widget elementor-widget-text-editor\" data-id=\"191b194\" data-element_type=\"widget\" data-widget_type=\"text-editor.default\">\n\t\t\t\t<div class=\"elementor-widget-container\">\n\t\t\t\t\t\t\t&nbsp;\n\n<form action=\"https:\/\/www.paypal.com\/donate\" method=\"post\" target=\"_blanK\"><input name=\"hosted_button_id\" type=\"hidden\" value=\"RH6EM5CBPWCL4\" \/>\n<input title=\"PayPal - The safer, easier way to pay online!\" alt=\"Donate with PayPal button\" name=\"submit\" src=\"https:\/\/www.paypalobjects.com\/es_ES\/ES\/i\/btn\/btn_donateCC_LG.gif\" type=\"image\" \/>\n<img loading=\"lazy\" decoding=\"async\" src=\"https:\/\/www.paypal.com\/es_ES\/i\/scr\/pixel.gif\" alt=\"\" width=\"1\" height=\"1\" border=\"0\" \/><\/form>\t\t\t\t\t\t<\/div>\n\t\t\t\t<\/div>\n\t\t\t\t<div class=\"elementor-element elementor-element-7bdef3f elementor-widget elementor-widget-text-editor\" data-id=\"7bdef3f\" data-element_type=\"widget\" data-widget_type=\"text-editor.default\">\n\t\t\t\t<div class=\"elementor-widget-container\">\n\t\t\t\t\t\t\t<form action=\"https:\/\/www.paypal.com\/donate\" method=\"post\" target=\"_top\"><input name=\"hosted_button_id\" type=\"hidden\" value=\"2TQPCDJU3Y7NL\" \/>\n<input title=\"PayPal - La manera m\u00e1s segura y r\u00e1pida para pagar online\" alt=\"Bot\u00f3n Donar con PayPal\" name=\"submit\" src=\"https:\/\/www.paypalobjects.com\/es_ES\/ES\/i\/btn\/btn_donateCC_LG.gif\" type=\"image\" \/>\n<img loading=\"lazy\" decoding=\"async\" src=\"https:\/\/www.paypal.com\/es_ES\/i\/scr\/pixel.gif\" alt=\"\" width=\"1\" height=\"1\" border=\"0\" \/><\/form>\t\t\t\t\t\t<\/div>\n\t\t\t\t<\/div>\n\t\t\t\t\t<\/div>\n\t\t<\/div>\n\t\t\t\t\t\t\t<\/div>\n\t\t<\/section>\n\t\t\t\t\t\t\t<\/div>\n\t\t","protected":false},"excerpt":{"rendered":"<p>Informaci\u00f3n para empresas e instituciones Fortaleciendo los objetivos de desarrollo sostenible para la pesca y acuicultura El FIRMA: Foro Iberoamericano de Recursos Marinos y la Acuicultura, es un escenario que analiza el estado de los recursos acu\u00e1ticos vivos, su grado de explotaci\u00f3n, cultivo, sostenibilidad, estado del conocimiento y perspectivas futuras para Iberoam\u00e9rica, generando discusi\u00f3n sobre &#8230; <a title=\"Empresas e instituciones\" class=\"read-more\" href=\"https:\/\/firmaonline.org\/xifirma\/empresas-instituciones\/\" aria-label=\"M\u00e1s en Empresas e instituciones\">Leer m\u00e1s<\/a><\/p>\n","protected":false},"author":1,"featured_media":0,"parent":0,"menu_order":0,"comment_status":"closed","ping_status":"closed","template":"elementor_header_footer","meta":{"footnotes":""},"class_list":["post-2003","page","type-page","status-publish"],"acf":[],"_links":{"self":[{"href":"https:\/\/firmaonline.org\/xifirma\/wp-json\/wp\/v2\/pages\/2003","targetHints":{"allow":["GET"]}}],"collection":[{"href":"https:\/\/firmaonline.org\/xifirma\/wp-json\/wp\/v2\/pages"}],"about":[{"href":"https:\/\/firmaonline.org\/xifirma\/wp-json\/wp\/v2\/types\/page"}],"author":[{"embeddable":true,"href":"https:\/\/firmaonline.org\/xifirma\/wp-json\/wp\/v2\/users\/1"}],"replies":[{"embeddable":true,"href":"https:\/\/firmaonline.org\/xifirma\/wp-json\/wp\/v2\/comments?post=2003"}],"version-history":[{"count":38,"href":"https:\/\/firmaonline.org\/xifirma\/wp-json\/wp\/v2\/pages\/2003\/revisions"}],"predecessor-version":[{"id":4347,"href":"https:\/\/firmaonline.org\/xifirma\/wp-json\/wp\/v2\/pages\/2003\/revisions\/4347"}],"wp:attachment":[{"href":"https:\/\/firmaonline.org\/xifirma\/wp-json\/wp\/v2\/media?parent=2003"}],"curies":[{"name":"wp","href":"https:\/\/api.w.org\/{rel}","templated":true}]}}