{"id":3529,"date":"2022-10-09T14:35:52","date_gmt":"2022-10-09T14:35:52","guid":{"rendered":"https:\/\/firmaonline.org\/xifirma\/?page_id=3529"},"modified":"2022-11-21T13:31:56","modified_gmt":"2022-11-21T13:31:56","slug":"curso-10","status":"publish","type":"page","link":"https:\/\/firmaonline.org\/xifirma\/curso-10\/","title":{"rendered":"Curso-10"},"content":{"rendered":"\t\t<div data-elementor-type=\"wp-page\" data-elementor-id=\"3529\" class=\"elementor elementor-3529\">\n\t\t\t\t\t\t\t\t\t<section data-particle_enable=\"false\" data-particle-mobile-disabled=\"false\" class=\"elementor-section elementor-top-section elementor-element elementor-element-8034bb8 elementor-section-boxed elementor-section-height-default elementor-section-height-default\" data-id=\"8034bb8\" data-element_type=\"section\">\n\t\t\t\t\t\t<div class=\"elementor-container elementor-column-gap-default\">\n\t\t\t\t\t<div class=\"elementor-column elementor-col-50 elementor-top-column elementor-element elementor-element-775876f\" data-id=\"775876f\" data-element_type=\"column\">\n\t\t\t<div class=\"elementor-widget-wrap elementor-element-populated\">\n\t\t\t\t\t\t\t\t<div class=\"elementor-element elementor-element-31951d1 elementor-widget elementor-widget-image\" data-id=\"31951d1\" data-element_type=\"widget\" data-widget_type=\"image.default\">\n\t\t\t\t<div class=\"elementor-widget-container\">\n\t\t\t<style>\/*! elementor - v3.6.6 - 08-06-2022 *\/\n.elementor-widget-image{text-align:center}.elementor-widget-image a{display:inline-block}.elementor-widget-image a img[src$=\".svg\"]{width:48px}.elementor-widget-image img{vertical-align:middle;display:inline-block}<\/style>\t\t\t\t\t\t\t\t\t\t\t\t<img loading=\"lazy\" decoding=\"async\" width=\"1024\" height=\"953\" src=\"https:\/\/firmaonline.org\/xifirma\/wp-content\/uploads\/2022\/10\/Curso-10-1-1024x953.jpg\" class=\"attachment-large size-large\" alt=\"Micropl\u00e1sticos en Ambientes y Organismos Marinos\" srcset=\"https:\/\/firmaonline.org\/xifirma\/wp-content\/uploads\/2022\/10\/Curso-10-1-1024x953.jpg 1024w, https:\/\/firmaonline.org\/xifirma\/wp-content\/uploads\/2022\/10\/Curso-10-1-300x279.jpg 300w, https:\/\/firmaonline.org\/xifirma\/wp-content\/uploads\/2022\/10\/Curso-10-1-768x715.jpg 768w, https:\/\/firmaonline.org\/xifirma\/wp-content\/uploads\/2022\/10\/Curso-10-1.jpg 1364w\" sizes=\"auto, (max-width: 1024px) 100vw, 1024px\" \/>\t\t\t\t\t\t\t\t\t\t\t\t\t\t\t<\/div>\n\t\t\t\t<\/div>\n\t\t\t\t\t<\/div>\n\t\t<\/div>\n\t\t\t\t<div class=\"elementor-column elementor-col-50 elementor-top-column elementor-element elementor-element-3b36f65\" data-id=\"3b36f65\" data-element_type=\"column\" data-settings=\"{&quot;background_background&quot;:&quot;classic&quot;}\">\n\t\t\t<div class=\"elementor-widget-wrap elementor-element-populated\">\n\t\t\t\t\t\t\t\t<div class=\"elementor-element elementor-element-8168e80 elementor-widget elementor-widget-heading\" data-id=\"8168e80\" data-element_type=\"widget\" data-widget_type=\"heading.default\">\n\t\t\t\t<div class=\"elementor-widget-container\">\n\t\t\t<style>\/*! elementor - v3.6.6 - 08-06-2022 *\/\n.elementor-heading-title{padding:0;margin:0;line-height:1}.elementor-widget-heading .elementor-heading-title[class*=elementor-size-]>a{color:inherit;font-size:inherit;line-height:inherit}.elementor-widget-heading .elementor-heading-title.elementor-size-small{font-size:15px}.elementor-widget-heading .elementor-heading-title.elementor-size-medium{font-size:19px}.elementor-widget-heading .elementor-heading-title.elementor-size-large{font-size:29px}.elementor-widget-heading .elementor-heading-title.elementor-size-xl{font-size:39px}.elementor-widget-heading .elementor-heading-title.elementor-size-xxl{font-size:59px}<\/style><h2 class=\"elementor-heading-title elementor-size-default\">Micropl\u00e1sticos en Ambientes y Organismos Marinos<\/h2>\t\t<\/div>\n\t\t\t\t<\/div>\n\t\t\t\t<div class=\"elementor-element elementor-element-1d951bc elementor-widget elementor-widget-heading\" data-id=\"1d951bc\" data-element_type=\"widget\" data-widget_type=\"heading.default\">\n\t\t\t\t<div class=\"elementor-widget-container\">\n\t\t\t<h2 class=\"elementor-heading-title elementor-size-default\"><strong>Instructores:<\/strong> Ivis Ferm\u00edn, Edgar Garc\u00eda y Juan L\u00f3pez-Marcano<\/h2>\t\t<\/div>\n\t\t\t\t<\/div>\n\t\t\t\t<div class=\"elementor-element elementor-element-9fb2f1d elementor-widget elementor-widget-heading\" data-id=\"9fb2f1d\" data-element_type=\"widget\" data-widget_type=\"heading.default\">\n\t\t\t\t<div class=\"elementor-widget-container\">\n\t\t\t<h2 class=\"elementor-heading-title elementor-size-default\"><strong>Duraci\u00f3n: <\/strong> 10 horas<br><strong>Modalidad: <\/strong> Online<\/h2>\t\t<\/div>\n\t\t\t\t<\/div>\n\t\t\t\t<div class=\"elementor-element elementor-element-61a95e7 elementor-widget elementor-widget-heading\" data-id=\"61a95e7\" data-element_type=\"widget\" data-widget_type=\"heading.default\">\n\t\t\t\t<div class=\"elementor-widget-container\">\n\t\t\t<h2 class=\"elementor-heading-title elementor-size-default\"><strong>Horario:<\/strong><\/h2>\t\t<\/div>\n\t\t\t\t<\/div>\n\t\t\t\t<div class=\"elementor-element elementor-element-cd90860 elementor-widget elementor-widget-text-editor\" data-id=\"cd90860\" data-element_type=\"widget\" data-widget_type=\"text-editor.default\">\n\t\t\t\t<div class=\"elementor-widget-container\">\n\t\t\t<style>\/*! elementor - v3.6.6 - 08-06-2022 *\/\n.elementor-widget-text-editor.elementor-drop-cap-view-stacked .elementor-drop-cap{background-color:#818a91;color:#fff}.elementor-widget-text-editor.elementor-drop-cap-view-framed .elementor-drop-cap{color:#818a91;border:3px solid;background-color:transparent}.elementor-widget-text-editor:not(.elementor-drop-cap-view-default) .elementor-drop-cap{margin-top:8px}.elementor-widget-text-editor:not(.elementor-drop-cap-view-default) .elementor-drop-cap-letter{width:1em;height:1em}.elementor-widget-text-editor .elementor-drop-cap{float:left;text-align:center;line-height:1;font-size:50px}.elementor-widget-text-editor .elementor-drop-cap-letter{display:inline-block}<\/style>\t\t\t\t<ul><li>18 Nov desde las 8h a 12h (Hora Ecuador)<\/li><li>19 Nov desde las 8h a 12h (Hora Ecuador)<\/li><li>20 Nov desde las 8h a 12h (Hora Ecuador)<\/li><\/ul>\t\t\t\t\t\t<\/div>\n\t\t\t\t<\/div>\n\t\t\t\t\t<\/div>\n\t\t<\/div>\n\t\t\t\t\t\t\t<\/div>\n\t\t<\/section>\n\t\t\t\t<section data-particle_enable=\"false\" data-particle-mobile-disabled=\"false\" class=\"elementor-section elementor-top-section elementor-element elementor-element-ab3e1a0 elementor-reverse-mobile elementor-section-boxed elementor-section-height-default elementor-section-height-default\" data-id=\"ab3e1a0\" data-element_type=\"section\">\n\t\t\t\t\t\t<div class=\"elementor-container elementor-column-gap-default\">\n\t\t\t\t\t<div class=\"elementor-column elementor-col-33 elementor-top-column elementor-element elementor-element-3ca63d8\" data-id=\"3ca63d8\" data-element_type=\"column\">\n\t\t\t<div class=\"elementor-widget-wrap elementor-element-populated\">\n\t\t\t\t\t\t\t\t<div class=\"elementor-element elementor-element-fcef9a6 elementor-widget elementor-widget-image\" data-id=\"fcef9a6\" data-element_type=\"widget\" data-widget_type=\"image.default\">\n\t\t\t\t<div class=\"elementor-widget-container\">\n\t\t\t\t\t\t\t\t\t\t\t\t\t\t\t<img loading=\"lazy\" decoding=\"async\" width=\"601\" height=\"601\" src=\"https:\/\/firmaonline.org\/xifirma\/wp-content\/uploads\/2022\/10\/Ivis-Fermin-600x600-1.jpg\" class=\"attachment-large size-large\" alt=\"Ivis Ferm\u00edn\" srcset=\"https:\/\/firmaonline.org\/xifirma\/wp-content\/uploads\/2022\/10\/Ivis-Fermin-600x600-1.jpg 601w, https:\/\/firmaonline.org\/xifirma\/wp-content\/uploads\/2022\/10\/Ivis-Fermin-600x600-1-300x300.jpg 300w, https:\/\/firmaonline.org\/xifirma\/wp-content\/uploads\/2022\/10\/Ivis-Fermin-600x600-1-150x150.jpg 150w\" sizes=\"auto, (max-width: 601px) 100vw, 601px\" \/>\t\t\t\t\t\t\t\t\t\t\t\t\t\t\t<\/div>\n\t\t\t\t<\/div>\n\t\t\t\t<div class=\"elementor-element elementor-element-382e18b elementor-widget elementor-widget-heading\" data-id=\"382e18b\" data-element_type=\"widget\" data-widget_type=\"heading.default\">\n\t\t\t\t<div class=\"elementor-widget-container\">\n\t\t\t<h4 class=\"elementor-heading-title elementor-size-default\">Ivis Ferm\u00edn<\/h4>\t\t<\/div>\n\t\t\t\t<\/div>\n\t\t\t\t\t<\/div>\n\t\t<\/div>\n\t\t\t\t<div class=\"elementor-column elementor-col-33 elementor-top-column elementor-element elementor-element-5700633\" data-id=\"5700633\" data-element_type=\"column\">\n\t\t\t<div class=\"elementor-widget-wrap elementor-element-populated\">\n\t\t\t\t\t\t\t\t<div class=\"elementor-element elementor-element-1061c62 elementor-widget elementor-widget-image\" data-id=\"1061c62\" data-element_type=\"widget\" data-widget_type=\"image.default\">\n\t\t\t\t<div class=\"elementor-widget-container\">\n\t\t\t\t\t\t\t\t\t\t\t\t\t\t\t<img loading=\"lazy\" decoding=\"async\" width=\"601\" height=\"601\" src=\"https:\/\/firmaonline.org\/xifirma\/wp-content\/uploads\/2022\/10\/Edgar-Garcia-600x600-1.jpg\" class=\"attachment-large size-large\" alt=\"Edgar Garc\u00eda\" srcset=\"https:\/\/firmaonline.org\/xifirma\/wp-content\/uploads\/2022\/10\/Edgar-Garcia-600x600-1.jpg 601w, https:\/\/firmaonline.org\/xifirma\/wp-content\/uploads\/2022\/10\/Edgar-Garcia-600x600-1-300x300.jpg 300w, https:\/\/firmaonline.org\/xifirma\/wp-content\/uploads\/2022\/10\/Edgar-Garcia-600x600-1-150x150.jpg 150w\" sizes=\"auto, (max-width: 601px) 100vw, 601px\" \/>\t\t\t\t\t\t\t\t\t\t\t\t\t\t\t<\/div>\n\t\t\t\t<\/div>\n\t\t\t\t<div class=\"elementor-element elementor-element-fd363fc elementor-widget elementor-widget-heading\" data-id=\"fd363fc\" data-element_type=\"widget\" data-widget_type=\"heading.default\">\n\t\t\t\t<div class=\"elementor-widget-container\">\n\t\t\t<h4 class=\"elementor-heading-title elementor-size-default\">Edgar Garc\u00eda<\/h4>\t\t<\/div>\n\t\t\t\t<\/div>\n\t\t\t\t\t<\/div>\n\t\t<\/div>\n\t\t\t\t<div class=\"elementor-column elementor-col-33 elementor-top-column elementor-element elementor-element-789545b\" data-id=\"789545b\" data-element_type=\"column\">\n\t\t\t<div class=\"elementor-widget-wrap elementor-element-populated\">\n\t\t\t\t\t\t\t\t<div class=\"elementor-element elementor-element-9577a49 elementor-widget elementor-widget-image\" data-id=\"9577a49\" data-element_type=\"widget\" data-widget_type=\"image.default\">\n\t\t\t\t<div class=\"elementor-widget-container\">\n\t\t\t\t\t\t\t\t\t\t\t\t\t\t\t<img loading=\"lazy\" decoding=\"async\" width=\"601\" height=\"601\" src=\"https:\/\/firmaonline.org\/xifirma\/wp-content\/uploads\/2022\/10\/Juan-Lopez-600x600-1.jpg\" class=\"attachment-large size-large\" alt=\"Juan L\u00f3pez\" srcset=\"https:\/\/firmaonline.org\/xifirma\/wp-content\/uploads\/2022\/10\/Juan-Lopez-600x600-1.jpg 601w, https:\/\/firmaonline.org\/xifirma\/wp-content\/uploads\/2022\/10\/Juan-Lopez-600x600-1-300x300.jpg 300w, https:\/\/firmaonline.org\/xifirma\/wp-content\/uploads\/2022\/10\/Juan-Lopez-600x600-1-150x150.jpg 150w\" sizes=\"auto, (max-width: 601px) 100vw, 601px\" \/>\t\t\t\t\t\t\t\t\t\t\t\t\t\t\t<\/div>\n\t\t\t\t<\/div>\n\t\t\t\t<div class=\"elementor-element elementor-element-ff59de7 elementor-widget elementor-widget-heading\" data-id=\"ff59de7\" data-element_type=\"widget\" data-widget_type=\"heading.default\">\n\t\t\t\t<div class=\"elementor-widget-container\">\n\t\t\t<h4 class=\"elementor-heading-title elementor-size-default\">Juan L\u00f3pez-Marcano<\/h4>\t\t<\/div>\n\t\t\t\t<\/div>\n\t\t\t\t\t<\/div>\n\t\t<\/div>\n\t\t\t\t\t\t\t<\/div>\n\t\t<\/section>\n\t\t\t\t<section data-particle_enable=\"false\" data-particle-mobile-disabled=\"false\" class=\"elementor-section elementor-top-section elementor-element elementor-element-cd7d3ff elementor-section-boxed elementor-section-height-default elementor-section-height-default\" data-id=\"cd7d3ff\" data-element_type=\"section\">\n\t\t\t\t\t\t<div class=\"elementor-container elementor-column-gap-default\">\n\t\t\t\t\t<div class=\"elementor-column elementor-col-100 elementor-top-column elementor-element elementor-element-303e329\" data-id=\"303e329\" data-element_type=\"column\">\n\t\t\t<div class=\"elementor-widget-wrap elementor-element-populated\">\n\t\t\t\t\t\t\t\t<div class=\"elementor-element elementor-element-65ab415 elementor-widget elementor-widget-text-editor\" data-id=\"65ab415\" data-element_type=\"widget\" data-widget_type=\"text-editor.default\">\n\t\t\t\t<div class=\"elementor-widget-container\">\n\t\t\t\t\t\t\t<p>El pl\u00e1stico es barato, duradero y vers\u00e1til\u2026y hoy es indispensable para la vida moderna. Su producci\u00f3n ha aumentado de 5 M toneladas (1950s) a\u00a0 valores desconocidos en la actualidad, generando una cantidad inmensurable de desechos que causan graves da\u00f1os en suelos, agua dulce y finalmente en el oc\u00e9ano, afectando principalmente a la biota, causando enormes p\u00e9rdidas, ecol\u00f3gicas y econ\u00f3micas, por lo que se hace necesario un diagn\u00f3stico exacto de su presencia en nuestras zonas costeras, con la finalidad de establecer estrategias que permitan disminuir su ingreso y los graves da\u00f1os que causa.<br \/><br \/>Este curso brindar\u00e1 a los participantes herramientas para iniciar estudios sobre la presencia\u00a0 e interacci\u00f3n de Micropl\u00e1sticos en Ambientes y Organismos Marinos.<\/p><p><strong>Contenido<\/strong>:<\/p><p>Secci\u00f3n 1: Contexto Global.<br \/>Secci\u00f3n 2: Qu\u00edmica de los Micropl\u00e1sticos. <br \/>Secci\u00f3n 3: Micropl\u00e1sticos en arena, sedimentos sumergidos y agua de mar.<br \/>Secci\u00f3n 4: Micropl\u00e1sticos en organismos marinos.<br \/>Secci\u00f3n 5: Caracterizaci\u00f3n f\u00edsica y qu\u00edmica de los Micropl\u00e1sticos.<\/p>\t\t\t\t\t\t<\/div>\n\t\t\t\t<\/div>\n\t\t\t\t\t<\/div>\n\t\t<\/div>\n\t\t\t\t\t\t\t<\/div>\n\t\t<\/section>\n\t\t\t\t<section data-particle_enable=\"false\" data-particle-mobile-disabled=\"false\" class=\"elementor-section elementor-top-section elementor-element elementor-element-9361f4a elementor-hidden-desktop elementor-hidden-tablet elementor-hidden-mobile elementor-section-boxed elementor-section-height-default elementor-section-height-default\" data-id=\"9361f4a\" data-element_type=\"section\">\n\t\t\t\t\t\t<div class=\"elementor-container elementor-column-gap-default\">\n\t\t\t\t\t<div class=\"elementor-column elementor-col-33 elementor-top-column elementor-element elementor-element-f730f82\" data-id=\"f730f82\" data-element_type=\"column\">\n\t\t\t<div class=\"elementor-widget-wrap elementor-element-populated\">\n\t\t\t\t\t\t\t\t<div class=\"elementor-element elementor-element-1de9d43 elementor-widget elementor-widget-heading\" data-id=\"1de9d43\" data-element_type=\"widget\" data-widget_type=\"heading.default\">\n\t\t\t\t<div class=\"elementor-widget-container\">\n\t\t\t<h2 class=\"elementor-heading-title elementor-size-default\">Precio: 20 EUR<\/h2>\t\t<\/div>\n\t\t\t\t<\/div>\n\t\t\t\t\t<\/div>\n\t\t<\/div>\n\t\t\t\t<div class=\"elementor-column elementor-col-33 elementor-top-column elementor-element elementor-element-14e8be3\" data-id=\"14e8be3\" data-element_type=\"column\">\n\t\t\t<div class=\"elementor-widget-wrap elementor-element-populated\">\n\t\t\t\t\t\t\t\t<div class=\"elementor-element elementor-element-104d90a elementor-align-center elementor-widget elementor-widget-button\" data-id=\"104d90a\" data-element_type=\"widget\" data-widget_type=\"button.default\">\n\t\t\t\t<div class=\"elementor-widget-container\">\n\t\t\t\t\t<div class=\"elementor-button-wrapper\">\n\t\t\t<a href=\"https:\/\/firmaonline.org\/xifirma-inscripcion-curso\/inscripcion-curso.php?codigo_curso=CU10\" target=\"_blank\" class=\"elementor-button-link elementor-button elementor-size-sm\" role=\"button\">\n\t\t\t\t\t\t<span class=\"elementor-button-content-wrapper\">\n\t\t\t\t\t\t<span class=\"elementor-button-text\">Inscr\u00edbete<\/span>\n\t\t<\/span>\n\t\t\t\t\t<\/a>\n\t\t<\/div>\n\t\t\t\t<\/div>\n\t\t\t\t<\/div>\n\t\t\t\t\t<\/div>\n\t\t<\/div>\n\t\t\t\t<div class=\"elementor-column elementor-col-33 elementor-top-column elementor-element elementor-element-252fe44\" data-id=\"252fe44\" data-element_type=\"column\">\n\t\t\t<div class=\"elementor-widget-wrap elementor-element-populated\">\n\t\t\t\t\t\t\t\t<div class=\"elementor-element elementor-element-ec2350b elementor-widget elementor-widget-heading\" data-id=\"ec2350b\" data-element_type=\"widget\" data-widget_type=\"heading.default\">\n\t\t\t\t<div class=\"elementor-widget-container\">\n\t\t\t<h2 class=\"elementor-heading-title elementor-size-default\">Pago seguro<\/h2>\t\t<\/div>\n\t\t\t\t<\/div>\n\t\t\t\t<div class=\"elementor-element elementor-element-fb8798e elementor-widget elementor-widget-image\" data-id=\"fb8798e\" data-element_type=\"widget\" data-widget_type=\"image.default\">\n\t\t\t\t<div class=\"elementor-widget-container\">\n\t\t\t\t\t\t\t\t\t\t\t\t\t\t\t<img loading=\"lazy\" decoding=\"async\" width=\"1024\" height=\"292\" src=\"https:\/\/firmaonline.org\/xifirma\/wp-content\/uploads\/2022\/07\/logo_pypal-1024x292.png\" class=\"attachment-large size-large\" alt=\"Logo Paypal\" srcset=\"https:\/\/firmaonline.org\/xifirma\/wp-content\/uploads\/2022\/07\/logo_pypal-1024x292.png 1024w, https:\/\/firmaonline.org\/xifirma\/wp-content\/uploads\/2022\/07\/logo_pypal-300x86.png 300w, https:\/\/firmaonline.org\/xifirma\/wp-content\/uploads\/2022\/07\/logo_pypal-768x219.png 768w, https:\/\/firmaonline.org\/xifirma\/wp-content\/uploads\/2022\/07\/logo_pypal-1536x438.png 1536w, https:\/\/firmaonline.org\/xifirma\/wp-content\/uploads\/2022\/07\/logo_pypal.png 1600w\" sizes=\"auto, (max-width: 1024px) 100vw, 1024px\" \/>\t\t\t\t\t\t\t\t\t\t\t\t\t\t\t<\/div>\n\t\t\t\t<\/div>\n\t\t\t\t\t<\/div>\n\t\t<\/div>\n\t\t\t\t\t\t\t<\/div>\n\t\t<\/section>\n\t\t\t\t\t\t\t<\/div>\n\t\t","protected":false},"excerpt":{"rendered":"<p>Micropl\u00e1sticos en Ambientes y Organismos Marinos Instructores: Ivis Ferm\u00edn, Edgar Garc\u00eda y Juan L\u00f3pez-Marcano Duraci\u00f3n: 10 horasModalidad: Online Horario: 18 Nov desde las 8h a 12h (Hora Ecuador) 19 Nov desde las 8h a 12h (Hora Ecuador) 20 Nov desde las 8h a 12h (Hora Ecuador) Ivis Ferm\u00edn Edgar Garc\u00eda Juan L\u00f3pez-Marcano El pl\u00e1stico es &#8230; <a title=\"Curso-10\" class=\"read-more\" href=\"https:\/\/firmaonline.org\/xifirma\/curso-10\/\" aria-label=\"M\u00e1s en Curso-10\">Leer m\u00e1s<\/a><\/p>\n","protected":false},"author":1,"featured_media":0,"parent":0,"menu_order":0,"comment_status":"closed","ping_status":"closed","template":"elementor_header_footer","meta":{"footnotes":""},"class_list":["post-3529","page","type-page","status-publish"],"acf":[],"_links":{"self":[{"href":"https:\/\/firmaonline.org\/xifirma\/wp-json\/wp\/v2\/pages\/3529","targetHints":{"allow":["GET"]}}],"collection":[{"href":"https:\/\/firmaonline.org\/xifirma\/wp-json\/wp\/v2\/pages"}],"about":[{"href":"https:\/\/firmaonline.org\/xifirma\/wp-json\/wp\/v2\/types\/page"}],"author":[{"embeddable":true,"href":"https:\/\/firmaonline.org\/xifirma\/wp-json\/wp\/v2\/users\/1"}],"replies":[{"embeddable":true,"href":"https:\/\/firmaonline.org\/xifirma\/wp-json\/wp\/v2\/comments?post=3529"}],"version-history":[{"count":10,"href":"https:\/\/firmaonline.org\/xifirma\/wp-json\/wp\/v2\/pages\/3529\/revisions"}],"predecessor-version":[{"id":4293,"href":"https:\/\/firmaonline.org\/xifirma\/wp-json\/wp\/v2\/pages\/3529\/revisions\/4293"}],"wp:attachment":[{"href":"https:\/\/firmaonline.org\/xifirma\/wp-json\/wp\/v2\/media?parent=3529"}],"curies":[{"name":"wp","href":"https:\/\/api.w.org\/{rel}","templated":true}]}}