{"id":367,"date":"2022-01-25T10:37:03","date_gmt":"2022-01-25T10:37:03","guid":{"rendered":"https:\/\/firmaonline.org\/xifirma\/?page_id=367"},"modified":"2022-11-22T13:19:47","modified_gmt":"2022-11-22T13:19:47","slug":"martes-22","status":"publish","type":"page","link":"https:\/\/firmaonline.org\/xifirma\/martes-22\/","title":{"rendered":"Martes 22"},"content":{"rendered":"\t\t<div data-elementor-type=\"wp-page\" data-elementor-id=\"367\" class=\"elementor elementor-367\">\n\t\t\t\t\t\t\t\t\t<section data-particle_enable=\"false\" data-particle-mobile-disabled=\"false\" class=\"elementor-section elementor-top-section elementor-element elementor-element-907d071 elementor-section-full_width elementor-section-height-min-height elementor-section-content-middle elementor-section-stretched elementor-section-height-default elementor-section-items-middle\" data-id=\"907d071\" data-element_type=\"section\" data-settings=\"{&quot;stretch_section&quot;:&quot;section-stretched&quot;,&quot;background_background&quot;:&quot;classic&quot;}\">\n\t\t\t\t\t\t<div class=\"elementor-container elementor-column-gap-default\">\n\t\t\t\t\t<div class=\"elementor-column elementor-col-100 elementor-top-column elementor-element elementor-element-d7777dd\" data-id=\"d7777dd\" data-element_type=\"column\">\n\t\t\t<div class=\"elementor-widget-wrap elementor-element-populated\">\n\t\t\t\t\t\t\t\t<div class=\"elementor-element elementor-element-b675585 elementor-widget elementor-widget-heading\" data-id=\"b675585\" data-element_type=\"widget\" data-widget_type=\"heading.default\">\n\t\t\t\t<div class=\"elementor-widget-container\">\n\t\t\t<style>\/*! elementor - v3.6.6 - 08-06-2022 *\/\n.elementor-heading-title{padding:0;margin:0;line-height:1}.elementor-widget-heading .elementor-heading-title[class*=elementor-size-]>a{color:inherit;font-size:inherit;line-height:inherit}.elementor-widget-heading .elementor-heading-title.elementor-size-small{font-size:15px}.elementor-widget-heading .elementor-heading-title.elementor-size-medium{font-size:19px}.elementor-widget-heading .elementor-heading-title.elementor-size-large{font-size:29px}.elementor-widget-heading .elementor-heading-title.elementor-size-xl{font-size:39px}.elementor-widget-heading .elementor-heading-title.elementor-size-xxl{font-size:59px}<\/style><h1 class=\"elementor-heading-title elementor-size-default\">Martes 22 de noviembre<\/h1>\t\t<\/div>\n\t\t\t\t<\/div>\n\t\t\t\t\t<\/div>\n\t\t<\/div>\n\t\t\t\t\t\t\t<\/div>\n\t\t<\/section>\n\t\t\t\t<section data-particle_enable=\"false\" data-particle-mobile-disabled=\"false\" class=\"elementor-section elementor-top-section elementor-element elementor-element-deeb3d3 elementor-section-boxed elementor-section-height-default elementor-section-height-default\" data-id=\"deeb3d3\" data-element_type=\"section\">\n\t\t\t\t\t\t<div class=\"elementor-container elementor-column-gap-default\">\n\t\t\t\t\t<div class=\"elementor-column elementor-col-100 elementor-top-column elementor-element elementor-element-dcc8159\" data-id=\"dcc8159\" data-element_type=\"column\">\n\t\t\t<div class=\"elementor-widget-wrap elementor-element-populated\">\n\t\t\t\t\t\t\t\t<div class=\"elementor-element elementor-element-1a82bc7 elementor-widget elementor-widget-heading\" data-id=\"1a82bc7\" data-element_type=\"widget\" data-widget_type=\"heading.default\">\n\t\t\t\t<div class=\"elementor-widget-container\">\n\t\t\t<h2 class=\"elementor-heading-title elementor-size-default\"><span style=\"color:#271A72\">&bull;<\/span> Sesi\u00f3n 5: Restauraci\u00f3n ecol\u00f3gica<\/h2>\t\t<\/div>\n\t\t\t\t<\/div>\n\t\t\t\t<div class=\"elementor-element elementor-element-5e421a1 eael-tooltip-align-left eael-tooltip-text-align-left elementor-widget elementor-widget-eael-tooltip\" data-id=\"5e421a1\" data-element_type=\"widget\" data-widget_type=\"eael-tooltip.default\">\n\t\t\t\t<div class=\"elementor-widget-container\">\n\t\t\t\t<div class=\"eael-tooltip\">\n\t\t\t\t\t<span class=\"eael-tooltip-content\"><p><a title=\"\" data-toggle=\"tooltip\" data-placement=\"bottom\" data-html=\"true\" data-original-title=\"7:00 (GMT-8) Baja California - Ensenada&lt;br&gt;            9:00 (GMT-6) M\u00e9xico y Centroam\u00e9rica&lt;br&gt;            10:00 (GMT-5) Ecuador, Colombia, Panam\u00e1, Per\u00fa&lt;br&gt;            11:00 (GMT-4) Venezuela, Bolivia, Cuba, Rep. Dominicana&lt;br&gt;            12:00 (GMT-3) Uruguay, Argentina, Chile, Brasil-Sao Paulo&lt;br&gt;            16:00 (GMT+1) Espa\u00f1a\">9:00 Pan\/Col\/Ecu\/Per\u00fa (Ver otros horarios)<\/a><\/p><\/span>\n  \t\t\t<span class=\"eael-tooltip-text eael-tooltip-bottom\"><p>6:00 (GMT-8) Baja California - Ensenada<br \/>8:00 (GMT-6) M\u00e9xico y Centroam\u00e9rica<\/p><p>9:00 (GMT-5) Ecuador, Colombia, Panam\u00e1 y Per\u00fa<\/p><p>10:00 (GMT-4) Venezuela, Bolivia, Cuba, Rep. Dominicana<\/p><p>11:00 (GMT-3) Uruguay, Argentina, Chile, Brasil-Sao Paulo<\/p><p>15:00 (GMT+1) Espa\u00f1a<\/p><\/span>\n  \t\t\t<\/div>\n\t\t\t<\/div>\n\t\t\t\t<\/div>\n\t\t\t\t<div class=\"elementor-element elementor-element-69f8aab elementor-widget elementor-widget-text-editor\" data-id=\"69f8aab\" data-element_type=\"widget\" data-widget_type=\"text-editor.default\">\n\t\t\t\t<div class=\"elementor-widget-container\">\n\t\t\t<style>\/*! elementor - v3.6.6 - 08-06-2022 *\/\n.elementor-widget-text-editor.elementor-drop-cap-view-stacked .elementor-drop-cap{background-color:#818a91;color:#fff}.elementor-widget-text-editor.elementor-drop-cap-view-framed .elementor-drop-cap{color:#818a91;border:3px solid;background-color:transparent}.elementor-widget-text-editor:not(.elementor-drop-cap-view-default) .elementor-drop-cap{margin-top:8px}.elementor-widget-text-editor:not(.elementor-drop-cap-view-default) .elementor-drop-cap-letter{width:1em;height:1em}.elementor-widget-text-editor .elementor-drop-cap{float:left;text-align:center;line-height:1;font-size:50px}.elementor-widget-text-editor .elementor-drop-cap-letter{display:inline-block}<\/style>\t\t\t\t<p>Coordinador: <span style=\"color: #333333;\"><strong><a style=\"color: #333333;\" href=\"https:\/\/firmaonline.org\/xifirma\/ponente\/cesar-lodeiros\/\" target=\"_blank\" rel=\"noopener\"><span style=\"color: #54595f;\">C\u00e9sar Lodeiros<\/span><\/a> <\/strong><\/span>(UTM, Ecuador)<\/p><ul><li><span style=\"color: #54595f;\"><a style=\"color: #54595f;\" href=\"https:\/\/firmaonline.org\/xifirma\/ponente\/patricia-prado\/\" target=\"_blank\" rel=\"noopener\"><strong>Patricia Prado <\/strong><\/a><\/span>(IRTA, Espa\u00f1a) &#8211; <span style=\"color: #271a72;\">En el filo de la navaja: la nacra, <em>Pinna nobilis<\/em>, m\u00e1s amenazada que nunca<\/span><\/li><li><span style=\"color: #54595f;\"><a style=\"color: #54595f;\" href=\"https:\/\/firmaonline.org\/xifirma\/ponente\/adrian-jose-marquez-montiel\/\" target=\"_blank\" rel=\"noopener\"><strong>Adri\u00e1n M\u00e1rquez<\/strong><\/a><\/span> (CEANIM-ESPOL, Ecuador) &#8211; <span style=\"color: #271a72;\">Restauraci\u00f3n de <em>Spondylus<\/em> en las costas de Santa Elena, Ecuador<\/span><\/li><li><span style=\"color: #54595f;\"><a style=\"color: #54595f;\" href=\"https:\/\/firmaonline.org\/xifirma\/ponente\/alma-paola-rodriguez-troncoso\/\" target=\"_blank\" rel=\"noopener\"><strong>Alma Paola Rodr\u00edguez<\/strong><\/a><\/span> (Universidad de Guadalajara, M\u00e9xico) &#8211; <span style=\"color: #271a72;\">Implementaci\u00f3n de programas de restauraci\u00f3n coralina en el Pac\u00edfico Oriental Tropical: acciones y retos futuros<\/span><\/li><li><span style=\"color: #54595f;\"><a style=\"color: #54595f;\" href=\"https:\/\/firmaonline.org\/xifirma\/ponente\/maria-araceli-aviles-quevedo\/\" target=\"_blank\" rel=\"noopener\"><strong>Mar\u00eda Araceli Avil\u00e9s Quevedo<\/strong><\/a><\/span> (Instituto Nacional de Pesca, M\u00e9xico) &#8211; <span style=\"color: #271a72;\">Aportaci\u00f3n de la acuacultura a la repoblaci\u00f3n y diversificaci\u00f3n ecol\u00f3gica de especies marinas<\/span><\/li><li><span style=\"color: #54595f;\"><a style=\"color: #54595f;\" href=\"https:\/\/firmaonline.org\/xifirma\/ponente\/boris-bohorquez-ruiz\/\" target=\"_blank\" rel=\"noopener\"><strong>Boris Bohorquez Ruiz<\/strong><\/a><\/span> (Fundacion CALISUR, Ecuador) &#8211; <span style=\"color: #271a72;\">Forestaci\u00f3n con mangle rojo en el Golfo de Guayaquil<\/span><\/li><\/ul>\t\t\t\t\t\t<\/div>\n\t\t\t\t<\/div>\n\t\t\t\t\t<\/div>\n\t\t<\/div>\n\t\t\t\t\t\t\t<\/div>\n\t\t<\/section>\n\t\t\t\t<section data-particle_enable=\"false\" data-particle-mobile-disabled=\"false\" class=\"elementor-section elementor-top-section elementor-element elementor-element-a130281 elementor-section-boxed elementor-section-height-default elementor-section-height-default\" data-id=\"a130281\" data-element_type=\"section\">\n\t\t\t\t\t\t<div class=\"elementor-container elementor-column-gap-default\">\n\t\t\t\t\t<div class=\"elementor-column elementor-col-100 elementor-top-column elementor-element elementor-element-ca39354\" data-id=\"ca39354\" data-element_type=\"column\">\n\t\t\t<div class=\"elementor-widget-wrap elementor-element-populated\">\n\t\t\t\t\t\t\t\t<div class=\"elementor-element elementor-element-16890cc elementor-widget elementor-widget-heading\" data-id=\"16890cc\" data-element_type=\"widget\" data-widget_type=\"heading.default\">\n\t\t\t\t<div class=\"elementor-widget-container\">\n\t\t\t<h2 class=\"elementor-heading-title elementor-size-default\"><span style=\"color:#271A72\">&bull;<\/span> Conferencia Magistral<\/h2>\t\t<\/div>\n\t\t\t\t<\/div>\n\t\t\t\t<div class=\"elementor-element elementor-element-ed6e0d7 eael-tooltip-align-left eael-tooltip-text-align-left elementor-widget elementor-widget-eael-tooltip\" data-id=\"ed6e0d7\" data-element_type=\"widget\" data-widget_type=\"eael-tooltip.default\">\n\t\t\t\t<div class=\"elementor-widget-container\">\n\t\t\t\t<div class=\"eael-tooltip\">\n\t\t\t\t\t<span class=\"eael-tooltip-content\"><p><a title=\"\" data-toggle=\"tooltip\" data-placement=\"bottom\" data-html=\"true\" data-original-title=\"7:00 (GMT-8) Baja California - Ensenada&lt;br&gt;            9:00 (GMT-6) M\u00e9xico y Centroam\u00e9rica&lt;br&gt;            10:00 (GMT-5) Ecuador, Colombia, Panam\u00e1, Per\u00fa&lt;br&gt;            11:00 (GMT-4) Venezuela, Bolivia, Cuba, Rep. Dominicana&lt;br&gt;            12:00 (GMT-3) Uruguay, Argentina, Chile, Brasil-Sao Paulo&lt;br&gt;            16:00 (GMT+1) Espa\u00f1a\">12:00 Pan\/Col\/Ecu\/Per\u00fa (Ver otros horarios)<\/a><\/p><\/span>\n  \t\t\t<span class=\"eael-tooltip-text eael-tooltip-bottom\"><p>9:00 (GMT-8) Baja California - Ensenada<br \/>11:00 (GMT-6) M\u00e9xico y Centroam\u00e9rica<\/p><p>12:00 (GMT-5) Ecuador, Colombia, Panam\u00e1 y Per\u00fa<\/p><p>13:00 (GMT-4) Venezuela, Bolivia, Cuba, Rep. Dominicana<\/p><p>14:00 (GMT-3) Uruguay, Argentina, Chile, Brasil-Sao Paulo<\/p><p>18:00 (GMT+1) Espa\u00f1a<\/p><\/span>\n  \t\t\t<\/div>\n\t\t\t<\/div>\n\t\t\t\t<\/div>\n\t\t\t\t<div class=\"elementor-element elementor-element-77f3f3b elementor-widget elementor-widget-text-editor\" data-id=\"77f3f3b\" data-element_type=\"widget\" data-widget_type=\"text-editor.default\">\n\t\t\t\t<div class=\"elementor-widget-container\">\n\t\t\t\t\t\t\t<ul><li><p><span style=\"color: #54595f;\"><a style=\"color: #54595f;\" href=\"https:\/\/firmaonline.org\/xifirma\/ponente\/gustavo-darrigran\/\" target=\"_blank\" rel=\"noopener\"><strong>Gustavo Darrigran<\/strong><\/a> <\/span>(Universidad Nacional de La Plata; FaHCE y Museo de La Plata. CONICET, Argentina)<br \/><span style=\"color: #271a72;\">Moluscos y Bioinvasiones \u00bfPresagios de un futuro con ecosistemas homog\u00e9neos?<\/span><\/p><\/li><\/ul>\t\t\t\t\t\t<\/div>\n\t\t\t\t<\/div>\n\t\t\t\t\t<\/div>\n\t\t<\/div>\n\t\t\t\t\t\t\t<\/div>\n\t\t<\/section>\n\t\t\t\t<section data-particle_enable=\"false\" data-particle-mobile-disabled=\"false\" class=\"elementor-section elementor-top-section elementor-element elementor-element-336eccf elementor-section-boxed elementor-section-height-default elementor-section-height-default\" data-id=\"336eccf\" data-element_type=\"section\">\n\t\t\t\t\t\t<div class=\"elementor-container elementor-column-gap-default\">\n\t\t\t\t\t<div class=\"elementor-column elementor-col-100 elementor-top-column elementor-element elementor-element-27ebc76\" data-id=\"27ebc76\" data-element_type=\"column\">\n\t\t\t<div class=\"elementor-widget-wrap elementor-element-populated\">\n\t\t\t\t\t\t\t\t<div class=\"elementor-element elementor-element-8976c9e elementor-widget elementor-widget-heading\" data-id=\"8976c9e\" data-element_type=\"widget\" data-widget_type=\"heading.default\">\n\t\t\t\t<div class=\"elementor-widget-container\">\n\t\t\t<h2 class=\"elementor-heading-title elementor-size-default\"><span style=\"color:#271A72\">&bull;<\/span> Descanso<\/h2>\t\t<\/div>\n\t\t\t\t<\/div>\n\t\t\t\t<div class=\"elementor-element elementor-element-ae06c8b eael-tooltip-align-left eael-tooltip-text-align-left elementor-widget elementor-widget-eael-tooltip\" data-id=\"ae06c8b\" data-element_type=\"widget\" data-widget_type=\"eael-tooltip.default\">\n\t\t\t\t<div class=\"elementor-widget-container\">\n\t\t\t\t<div class=\"eael-tooltip\">\n\t\t\t\t\t<span class=\"eael-tooltip-content\"><p><a title=\"\" data-toggle=\"tooltip\" data-placement=\"bottom\" data-html=\"true\" data-original-title=\"7:00 (GMT-8) Baja California - Ensenada&lt;br&gt;            9:00 (GMT-6) M\u00e9xico y Centroam\u00e9rica&lt;br&gt;            10:00 (GMT-5) Ecuador, Colombia, Panam\u00e1, Per\u00fa&lt;br&gt;            11:00 (GMT-4) Venezuela, Bolivia, Cuba, Rep. Dominicana&lt;br&gt;            12:00 (GMT-3) Uruguay, Argentina, Chile, Brasil-Sao Paulo&lt;br&gt;            16:00 (GMT+1) Espa\u00f1a\">13:00 Pan\/Col\/Ecu\/Per\u00fa (Ver otros horarios)<\/a><\/p><\/span>\n  \t\t\t<span class=\"eael-tooltip-text eael-tooltip-bottom\"><p>10:00 (GMT-8) Baja California - Ensenada<br \/>12:00 (GMT-6) M\u00e9xico y Centroam\u00e9rica<\/p><p>13:00 (GMT-5) Ecuador, Colombia, Panam\u00e1 y Per\u00fa<\/p><p>14:00 (GMT-4) Venezuela, Bolivia, Cuba, Rep. Dominicana<\/p><p>15:00 (GMT-3) Uruguay, Argentina, Chile, Brasil-Sao Paulo<\/p><p>19:00 (GMT+1) Espa\u00f1a<\/p><\/span>\n  \t\t\t<\/div>\n\t\t\t<\/div>\n\t\t\t\t<\/div>\n\t\t\t\t\t<\/div>\n\t\t<\/div>\n\t\t\t\t\t\t\t<\/div>\n\t\t<\/section>\n\t\t\t\t<section data-particle_enable=\"false\" data-particle-mobile-disabled=\"false\" class=\"elementor-section elementor-top-section elementor-element elementor-element-0ffbd35 elementor-section-boxed elementor-section-height-default elementor-section-height-default\" data-id=\"0ffbd35\" data-element_type=\"section\">\n\t\t\t\t\t\t<div class=\"elementor-container elementor-column-gap-default\">\n\t\t\t\t\t<div class=\"elementor-column elementor-col-100 elementor-top-column elementor-element elementor-element-51a9614\" data-id=\"51a9614\" data-element_type=\"column\">\n\t\t\t<div class=\"elementor-widget-wrap elementor-element-populated\">\n\t\t\t\t\t\t\t\t<div class=\"elementor-element elementor-element-3335d70 elementor-widget elementor-widget-heading\" data-id=\"3335d70\" data-element_type=\"widget\" data-widget_type=\"heading.default\">\n\t\t\t\t<div class=\"elementor-widget-container\">\n\t\t\t<h2 class=\"elementor-heading-title elementor-size-default\"><span style=\"color:#271A72\">&bull;<\/span> Sesi\u00f3n 6: Especies acu\u00e1ticas invasoras<\/h2>\t\t<\/div>\n\t\t\t\t<\/div>\n\t\t\t\t<div class=\"elementor-element elementor-element-f8ed727 eael-tooltip-align-left eael-tooltip-text-align-left elementor-widget elementor-widget-eael-tooltip\" data-id=\"f8ed727\" data-element_type=\"widget\" data-widget_type=\"eael-tooltip.default\">\n\t\t\t\t<div class=\"elementor-widget-container\">\n\t\t\t\t<div class=\"eael-tooltip\">\n\t\t\t\t\t<span class=\"eael-tooltip-content\"><p><a title=\"\" data-toggle=\"tooltip\" data-placement=\"bottom\" data-html=\"true\" data-original-title=\"7:00 (GMT-8) Baja California - Ensenada&lt;br&gt;            9:00 (GMT-6) M\u00e9xico y Centroam\u00e9rica&lt;br&gt;            10:00 (GMT-5) Ecuador, Colombia, Panam\u00e1, Per\u00fa&lt;br&gt;            11:00 (GMT-4) Venezuela, Bolivia, Cuba, Rep. Dominicana&lt;br&gt;            12:00 (GMT-3) Uruguay, Argentina, Chile, Brasil-Sao Paulo&lt;br&gt;            16:00 (GMT+1) Espa\u00f1a\">15:00 Pan\/Col\/Ecu\/Per\u00fa (Ver otros horarios)<\/a><\/p><\/span>\n  \t\t\t<span class=\"eael-tooltip-text eael-tooltip-bottom\"><p>12:00 (GMT-8) Baja California - Ensenada<br \/>14:00 (GMT-6) M\u00e9xico y Centroam\u00e9rica<\/p><p>15:00 (GMT-5) Ecuador, Colombia, Panam\u00e1 y Per\u00fa<\/p><p>16:00 (GMT-4) Venezuela, Bolivia, Cuba, Rep. Dominicana<\/p><p>17:00 (GMT-3) Uruguay, Argentina, Chile, Brasil-Sao Paulo<\/p><p>21:00 (GMT+1) Espa\u00f1a<\/p><\/span>\n  \t\t\t<\/div>\n\t\t\t<\/div>\n\t\t\t\t<\/div>\n\t\t\t\t<div class=\"elementor-element elementor-element-4eb15ea elementor-widget elementor-widget-text-editor\" data-id=\"4eb15ea\" data-element_type=\"widget\" data-widget_type=\"text-editor.default\">\n\t\t\t\t<div class=\"elementor-widget-container\">\n\t\t\t\t\t\t\t<p>Coordinador:\u00a0<a href=\"https:\/\/firmaonline.org\/xifirma\/ponente\/gustavo-darrigran\/\" target=\"_blank\" rel=\"noopener\"><span style=\"color: #54595f;\"><strong>Gustavo Darrigran <\/strong><\/span><\/a>(Universidad Nacional de La Plata; FaHCE y Museo de La Plata. CONICET, Argentina)<\/p><ul><li><span style=\"color: #54595f;\"><a style=\"color: #54595f;\" href=\"https:\/\/firmaonline.org\/xifirma\/ponente\/oscar-miguel-lasso-alcala\/\" target=\"_blank\" rel=\"noopener\"><strong>Oscar M. Lasso-Alcal\u00e1<\/strong><\/a><\/span> (Fundaci\u00f3n La Salle de Ciencias Naturales, Venezuela) &#8211; <span style=\"color: #271a72;\">Amenaza en el Gran Caribe: La invasi\u00f3n del coral <em>Unomia stolonifera<\/em>. Acciones del proyecto UNOMIA<br \/><\/span><\/li><li><span style=\"color: #54595f;\"><a style=\"color: #54595f;\" href=\"https:\/\/firmaonline.org\/xifirma\/ponente\/cristobal-villasenor-parada\/\" target=\"_blank\" rel=\"noopener\"><strong>Cristobal Villase\u00f1or-Parada<\/strong><\/a><\/span> (Universidad Cat\u00f3lica de la Sant\u00edsima Concepci\u00f3n, Chile) &#8211; <span style=\"color: #271a72;\">Macroalgas invasoras en la costa chilena: Tendencias, impactos y desaf\u00edos<br \/><\/span><\/li><li><span style=\"color: #54595f;\"><a style=\"color: #54595f;\" href=\"https:\/\/firmaonline.org\/xifirma\/ponente\/silvia-falco\/\" target=\"_blank\" rel=\"noopener\"><strong>Silvia Falco<\/strong><\/a><\/span> (Universitat Polit\u00e8cnica de Val\u00e8ncia, Espa\u00f1a) &#8211; <span style=\"color: #271a72;\">Distribuci\u00f3n, impactos y estrategias de gesti\u00f3n del cangrejo atl\u00e1ntico azul <em>Callinetes sapidus<\/em> en las aguas mediterr\u00e1neas<\/span><\/li><li><span style=\"color: #54595f;\"><a style=\"color: #54595f;\" href=\"https:\/\/firmaonline.org\/xifirma\/ponente\/tomas-maiztegui\/\" target=\"_blank\" rel=\"noopener\"><strong>Tom\u00e1s Maiztegui<\/strong> <\/a><\/span>(Universidad Nacional de La Plata, Argentina) &#8211; <span style=\"color: #271a72;\">Invasi\u00f3n de carpa com\u00fan (<em>Cyprinus carpio<\/em>) en Argentina<\/span><\/li><li><span style=\"color: #54595f;\"><a style=\"color: #54595f;\" href=\"https:\/\/firmaonline.org\/xifirma\/ponente\/cristina-damborenea\/\" target=\"_blank\" rel=\"noopener\"><strong>Cristina Damborenea<\/strong><\/a><\/span> (Universidad Nacional de La Plata, Argentina) &#8211; <span style=\"color: #271a72;\">An\u00e1lisis de conectividad y patrones de invasi\u00f3n en Bivalvos de Am\u00e9rica del Sur<\/span><\/li><\/ul>\t\t\t\t\t\t<\/div>\n\t\t\t\t<\/div>\n\t\t\t\t\t<\/div>\n\t\t<\/div>\n\t\t\t\t\t\t\t<\/div>\n\t\t<\/section>\n\t\t\t\t<section data-particle_enable=\"false\" data-particle-mobile-disabled=\"false\" class=\"elementor-section elementor-top-section elementor-element elementor-element-3dae4c7 elementor-hidden-desktop elementor-hidden-tablet elementor-hidden-mobile elementor-section-boxed elementor-section-height-default elementor-section-height-default\" data-id=\"3dae4c7\" data-element_type=\"section\">\n\t\t\t\t\t\t<div class=\"elementor-container elementor-column-gap-default\">\n\t\t\t\t\t<div class=\"elementor-column elementor-col-100 elementor-top-column elementor-element elementor-element-29430d2\" data-id=\"29430d2\" data-element_type=\"column\">\n\t\t\t<div class=\"elementor-widget-wrap elementor-element-populated\">\n\t\t\t\t\t\t\t\t<div class=\"elementor-element elementor-element-2ace27b elementor-widget elementor-widget-heading\" data-id=\"2ace27b\" data-element_type=\"widget\" data-widget_type=\"heading.default\">\n\t\t\t\t<div class=\"elementor-widget-container\">\n\t\t\t<h2 class=\"elementor-heading-title elementor-size-default\"><span style=\"color:#271A72\">&bull;<\/span> Sobremesa pregunt\u00e1ndole al experto<\/h2>\t\t<\/div>\n\t\t\t\t<\/div>\n\t\t\t\t<div class=\"elementor-element elementor-element-97c9f0d eael-tooltip-align-left eael-tooltip-text-align-left elementor-widget elementor-widget-eael-tooltip\" data-id=\"97c9f0d\" data-element_type=\"widget\" data-widget_type=\"eael-tooltip.default\">\n\t\t\t\t<div class=\"elementor-widget-container\">\n\t\t\t\t<div class=\"eael-tooltip\">\n\t\t\t\t\t<span class=\"eael-tooltip-content\"><p><a title=\"\" data-toggle=\"tooltip\" data-placement=\"bottom\" data-html=\"true\" data-original-title=\"7:00 (GMT-8) Baja California - Ensenada&lt;br&gt;            9:00 (GMT-6) M\u00e9xico y Centroam\u00e9rica&lt;br&gt;            10:00 (GMT-5) Ecuador, Colombia, Panam\u00e1, Per\u00fa&lt;br&gt;            11:00 (GMT-4) Venezuela, Bolivia, Cuba, Rep. Dominicana&lt;br&gt;            12:00 (GMT-3) Uruguay, Argentina, Chile, Brasil-Sao Paulo&lt;br&gt;            16:00 (GMT+1) Espa\u00f1a\">18:00 Pan\/Col\/Ecu\/Per\u00fa (Ver otros horarios)<\/a><\/p><\/span>\n  \t\t\t<span class=\"eael-tooltip-text eael-tooltip-bottom\"><p>15:00 (GMT-8) Baja California - Ensenada<br \/>17:00 (GMT-6) M\u00e9xico y Centroam\u00e9rica<\/p><p>18:00 (GMT-5) Ecuador, Colombia, Panam\u00e1 y Per\u00fa<\/p><p>19:00 (GMT-4) Venezuela, Bolivia, Cuba, Rep. Dominicana<\/p><p>20:00 (GMT-3) Uruguay, Argentina, Chile, Brasil-Sao Paulo<\/p><p>00:00 (+1 d\u00eda) (GMT+1) Espa\u00f1a<\/p><\/span>\n  \t\t\t<\/div>\n\t\t\t<\/div>\n\t\t\t\t<\/div>\n\t\t\t\t<div class=\"elementor-element elementor-element-61340c8 elementor-widget elementor-widget-text-editor\" data-id=\"61340c8\" data-element_type=\"widget\" data-widget_type=\"text-editor.default\">\n\t\t\t\t<div class=\"elementor-widget-container\">\n\t\t\t\t\t\t\t<ul><li><p><strong>Experto<\/strong> (Filiaci\u00f3n del experto)<br \/>Espacio dedicado a la promoci\u00f3n de innovaciones empresariales<\/p><\/li><\/ul>\t\t\t\t\t\t<\/div>\n\t\t\t\t<\/div>\n\t\t\t\t\t<\/div>\n\t\t<\/div>\n\t\t\t\t\t\t\t<\/div>\n\t\t<\/section>\n\t\t\t\t<section data-particle_enable=\"false\" data-particle-mobile-disabled=\"false\" class=\"elementor-section elementor-top-section elementor-element elementor-element-80b5cb2 elementor-section-boxed elementor-section-height-default elementor-section-height-default\" data-id=\"80b5cb2\" data-element_type=\"section\">\n\t\t\t\t\t\t<div class=\"elementor-container elementor-column-gap-default\">\n\t\t\t\t\t<div class=\"elementor-column elementor-col-100 elementor-top-column elementor-element elementor-element-e3009f8\" data-id=\"e3009f8\" data-element_type=\"column\">\n\t\t\t<div class=\"elementor-widget-wrap elementor-element-populated\">\n\t\t\t\t\t\t\t\t<div class=\"elementor-element elementor-element-f85a175 elementor-widget elementor-widget-heading\" data-id=\"f85a175\" data-element_type=\"widget\" data-widget_type=\"heading.default\">\n\t\t\t\t<div class=\"elementor-widget-container\">\n\t\t\t<h2 class=\"elementor-heading-title elementor-size-default\"><span style=\"color:#271A72\">&bull;<\/span> P\u00f3steres <span style=\"color:#54595F; font-size:0.5em;\">(Todo el d\u00eda)<\/span> <\/h2>\t\t<\/div>\n\t\t\t\t<\/div>\n\t\t\t\t\t<\/div>\n\t\t<\/div>\n\t\t\t\t\t\t\t<\/div>\n\t\t<\/section>\n\t\t\t\t\t\t\t<\/div>\n\t\t","protected":false},"excerpt":{"rendered":"<p>Martes 22 de noviembre &bull; Sesi\u00f3n 5: Restauraci\u00f3n ecol\u00f3gica 9:00 Pan\/Col\/Ecu\/Per\u00fa (Ver otros horarios) 6:00 (GMT-8) Baja California &#8211; Ensenada8:00 (GMT-6) M\u00e9xico y Centroam\u00e9rica 9:00 (GMT-5) Ecuador, Colombia, Panam\u00e1 y Per\u00fa 10:00 (GMT-4) Venezuela, Bolivia, Cuba, Rep. Dominicana 11:00 (GMT-3) Uruguay, Argentina, Chile, Brasil-Sao Paulo 15:00 (GMT+1) Espa\u00f1a Coordinador: C\u00e9sar Lodeiros (UTM, Ecuador) Patricia Prado &#8230; <a title=\"Martes 22\" class=\"read-more\" href=\"https:\/\/firmaonline.org\/xifirma\/martes-22\/\" aria-label=\"M\u00e1s en Martes 22\">Leer m\u00e1s<\/a><\/p>\n","protected":false},"author":1,"featured_media":0,"parent":0,"menu_order":0,"comment_status":"closed","ping_status":"closed","template":"elementor_header_footer","meta":{"footnotes":""},"class_list":["post-367","page","type-page","status-publish"],"acf":[],"_links":{"self":[{"href":"https:\/\/firmaonline.org\/xifirma\/wp-json\/wp\/v2\/pages\/367","targetHints":{"allow":["GET"]}}],"collection":[{"href":"https:\/\/firmaonline.org\/xifirma\/wp-json\/wp\/v2\/pages"}],"about":[{"href":"https:\/\/firmaonline.org\/xifirma\/wp-json\/wp\/v2\/types\/page"}],"author":[{"embeddable":true,"href":"https:\/\/firmaonline.org\/xifirma\/wp-json\/wp\/v2\/users\/1"}],"replies":[{"embeddable":true,"href":"https:\/\/firmaonline.org\/xifirma\/wp-json\/wp\/v2\/comments?post=367"}],"version-history":[{"count":145,"href":"https:\/\/firmaonline.org\/xifirma\/wp-json\/wp\/v2\/pages\/367\/revisions"}],"predecessor-version":[{"id":4327,"href":"https:\/\/firmaonline.org\/xifirma\/wp-json\/wp\/v2\/pages\/367\/revisions\/4327"}],"wp:attachment":[{"href":"https:\/\/firmaonline.org\/xifirma\/wp-json\/wp\/v2\/media?parent=367"}],"curies":[{"name":"wp","href":"https:\/\/api.w.org\/{rel}","templated":true}]}}