{"id":369,"date":"2022-01-25T10:38:08","date_gmt":"2022-01-25T10:38:08","guid":{"rendered":"https:\/\/firmaonline.org\/xifirma\/?page_id=369"},"modified":"2022-11-24T20:37:09","modified_gmt":"2022-11-24T20:37:09","slug":"jueves-24","status":"publish","type":"page","link":"https:\/\/firmaonline.org\/xifirma\/jueves-24\/","title":{"rendered":"Jueves 24"},"content":{"rendered":"\t\t<div data-elementor-type=\"wp-page\" data-elementor-id=\"369\" class=\"elementor elementor-369\">\n\t\t\t\t\t\t\t\t\t<section data-particle_enable=\"false\" data-particle-mobile-disabled=\"false\" class=\"elementor-section elementor-top-section elementor-element elementor-element-1278253 elementor-section-full_width elementor-section-height-min-height elementor-section-content-middle elementor-section-stretched elementor-section-height-default elementor-section-items-middle\" data-id=\"1278253\" data-element_type=\"section\" data-settings=\"{&quot;stretch_section&quot;:&quot;section-stretched&quot;,&quot;background_background&quot;:&quot;classic&quot;}\">\n\t\t\t\t\t\t<div class=\"elementor-container elementor-column-gap-default\">\n\t\t\t\t\t<div class=\"elementor-column elementor-col-100 elementor-top-column elementor-element elementor-element-be2842e\" data-id=\"be2842e\" data-element_type=\"column\">\n\t\t\t<div class=\"elementor-widget-wrap elementor-element-populated\">\n\t\t\t\t\t\t\t\t<div class=\"elementor-element elementor-element-910a95a elementor-widget elementor-widget-heading\" data-id=\"910a95a\" data-element_type=\"widget\" data-widget_type=\"heading.default\">\n\t\t\t\t<div class=\"elementor-widget-container\">\n\t\t\t<style>\/*! elementor - v3.6.6 - 08-06-2022 *\/\n.elementor-heading-title{padding:0;margin:0;line-height:1}.elementor-widget-heading .elementor-heading-title[class*=elementor-size-]>a{color:inherit;font-size:inherit;line-height:inherit}.elementor-widget-heading .elementor-heading-title.elementor-size-small{font-size:15px}.elementor-widget-heading .elementor-heading-title.elementor-size-medium{font-size:19px}.elementor-widget-heading .elementor-heading-title.elementor-size-large{font-size:29px}.elementor-widget-heading .elementor-heading-title.elementor-size-xl{font-size:39px}.elementor-widget-heading .elementor-heading-title.elementor-size-xxl{font-size:59px}<\/style><h1 class=\"elementor-heading-title elementor-size-default\">Jueves 24 de noviembre<\/h1>\t\t<\/div>\n\t\t\t\t<\/div>\n\t\t\t\t\t<\/div>\n\t\t<\/div>\n\t\t\t\t\t\t\t<\/div>\n\t\t<\/section>\n\t\t\t\t<section data-particle_enable=\"false\" data-particle-mobile-disabled=\"false\" class=\"elementor-section elementor-top-section elementor-element elementor-element-c7c556e elementor-section-boxed elementor-section-height-default elementor-section-height-default\" data-id=\"c7c556e\" data-element_type=\"section\">\n\t\t\t\t\t\t<div class=\"elementor-container elementor-column-gap-default\">\n\t\t\t\t\t<div class=\"elementor-column elementor-col-100 elementor-top-column elementor-element elementor-element-2d3ba9b\" data-id=\"2d3ba9b\" data-element_type=\"column\">\n\t\t\t<div class=\"elementor-widget-wrap elementor-element-populated\">\n\t\t\t\t\t\t\t\t<div class=\"elementor-element elementor-element-d3e19fc elementor-widget elementor-widget-heading\" data-id=\"d3e19fc\" data-element_type=\"widget\" data-widget_type=\"heading.default\">\n\t\t\t\t<div class=\"elementor-widget-container\">\n\t\t\t<h2 class=\"elementor-heading-title elementor-size-default\"><span style=\"color:#271A72\">&bull;<\/span> Sesi\u00f3n 9: Salud, bioseguridad y bienestar de organismos acu\u00e1ticos<\/h2>\t\t<\/div>\n\t\t\t\t<\/div>\n\t\t\t\t<div class=\"elementor-element elementor-element-41f9e0d eael-tooltip-align-left eael-tooltip-text-align-left elementor-widget elementor-widget-eael-tooltip\" data-id=\"41f9e0d\" data-element_type=\"widget\" data-widget_type=\"eael-tooltip.default\">\n\t\t\t\t<div class=\"elementor-widget-container\">\n\t\t\t\t<div class=\"eael-tooltip\">\n\t\t\t\t\t<span class=\"eael-tooltip-content\"><p><a title=\"\" data-toggle=\"tooltip\" data-placement=\"bottom\" data-html=\"true\" data-original-title=\"7:00 (GMT-8) Baja California - Ensenada&lt;br&gt;            9:00 (GMT-6) M\u00e9xico y Centroam\u00e9rica&lt;br&gt;            10:00 (GMT-5) Ecuador, Colombia, Panam\u00e1, Per\u00fa&lt;br&gt;            11:00 (GMT-4) Venezuela, Bolivia, Cuba, Rep. Dominicana&lt;br&gt;            12:00 (GMT-3) Uruguay, Argentina, Chile, Brasil-Sao Paulo&lt;br&gt;            16:00 (GMT+1) Espa\u00f1a\">9:00 Pan\/Col\/Ecu\/Per\u00fa (Ver otros horarios)<\/a><\/p><\/span>\n  \t\t\t<span class=\"eael-tooltip-text eael-tooltip-bottom\"><p>6:00 (GMT-8) Baja California - Ensenada<br \/>8:00 (GMT-6) M\u00e9xico y Centroam\u00e9rica<\/p><p>9:00 (GMT-5) Ecuador, Colombia, Panam\u00e1 y Per\u00fa<\/p><p>10:00 (GMT-4) Venezuela, Bolivia, Cuba, Rep. Dominicana<\/p><p>11:00 (GMT-3) Uruguay, Argentina, Chile, Brasil-Sao Paulo<\/p><p>15:00 (GMT+1) Espa\u00f1a<\/p><\/span>\n  \t\t\t<\/div>\n\t\t\t<\/div>\n\t\t\t\t<\/div>\n\t\t\t\t<div class=\"elementor-element elementor-element-1855600 elementor-widget elementor-widget-text-editor\" data-id=\"1855600\" data-element_type=\"widget\" data-widget_type=\"text-editor.default\">\n\t\t\t\t<div class=\"elementor-widget-container\">\n\t\t\t<style>\/*! elementor - v3.6.6 - 08-06-2022 *\/\n.elementor-widget-text-editor.elementor-drop-cap-view-stacked .elementor-drop-cap{background-color:#818a91;color:#fff}.elementor-widget-text-editor.elementor-drop-cap-view-framed .elementor-drop-cap{color:#818a91;border:3px solid;background-color:transparent}.elementor-widget-text-editor:not(.elementor-drop-cap-view-default) .elementor-drop-cap{margin-top:8px}.elementor-widget-text-editor:not(.elementor-drop-cap-view-default) .elementor-drop-cap-letter{width:1em;height:1em}.elementor-widget-text-editor .elementor-drop-cap{float:left;text-align:center;line-height:1;font-size:50px}.elementor-widget-text-editor .elementor-drop-cap-letter{display:inline-block}<\/style>\t\t\t\tCoordinadora: <span style=\"color: #333333;\"><strong><a style=\"color: #333333;\" href=\"https:\/\/firmaonline.org\/xifirma\/ponente\/paola-barato\/\" target=\"_blank\" rel=\"noopener\"><span style=\"color: #54595f;\">Paola Barato<\/span><\/a><\/strong><\/span> (Corporaci\u00f3n Patolog\u00eda Veterinaria, Colombia)\n<ul>\n \t<li><span style=\"color: #54595f;\"><strong><a style=\"color: #54595f;\" href=\"https:\/\/firmaonline.org\/xifirma\/ponente\/luis-fernando-aranguren\/\" target=\"_blank\" rel=\"noopener\">Luis Fernando Aranguren<\/a> <\/strong><\/span>(Universidad de Arizona, USA) &#8211; <span style=\"color: #271a72;\">Bioseguridad aplicada al cultivo de camar\u00f3n en Latinoam\u00e9rica<\/span><\/li>\n \t<li><span style=\"color: #54595f;\"><a style=\"color: #54595f;\" href=\"https:\/\/firmaonline.org\/xifirma\/ponente\/jorge-caceres-martinez\/\" target=\"_blank\" rel=\"noopener\"><strong>Jorge C\u00e1ceres Mart\u00ednez<\/strong><\/a><\/span> (CICESE, M\u00e9xico) &#8211; <span style=\"color: #271a72;\">Enfermedades de moluscos y medidas de bioseguridad en Am\u00e9rica Latina<\/span><\/li>\n \t<li><span style=\"color: #54595f;\"><a style=\"color: #54595f;\" href=\"https:\/\/firmaonline.org\/xifirma\/ponente\/gina-armas-de-conroy\/\" target=\"_blank\" rel=\"noopener\"><strong>Gina Conroy<\/strong><\/a><\/span> (Conroy Consulting SRL, Per\u00fa) &#8211; <span style=\"color: #271a72;\">Avances para la prevenci\u00f3n y control de las enfermedades de m\u00e1s impacto en el cultivo de tilapia<\/span><\/li>\n \t<li><span style=\"color: #54595f;\"><a style=\"color: #54595f;\" href=\"https:\/\/firmaonline.org\/xifirma\/ponente\/paola-barato\/\" target=\"_blank\" rel=\"noopener\"><strong>Paola Barato<\/strong><\/a><\/span> (Corporaci\u00f3n Patolog\u00eda Veterinaria, Colombia) &#8211; <span style=\"color: #271a72;\">Bioseguridad y bienestar animal en producci\u00f3n de peces agua dulce<\/span><\/li>\n \t<li><span style=\"color: #54595f;\"><a style=\"color: #54595f;\" href=\"https:\/\/firmaonline.org\/xifirma\/ponente\/maria-isabel-bandin-matos\/\" target=\"_blank\" rel=\"noopener\"><strong>Isabel Band\u00edn<\/strong><\/a><\/span> (Universidad de Santiago de Compostela, Espa\u00f1a) &#8211; <span style=\"color: #271a72;\">Vacunas virales en acuicultura: nuevas tecnolog\u00edas<\/span><\/li>\n \t<li><span style=\"color: #54595f;\"><a style=\"color: #54595f;\" href=\"https:\/\/firmaonline.org\/xifirma\/ponente\/beatriz-magarinos\/\" target=\"_blank\" rel=\"noopener\"><strong>Beatriz Magari\u00f1os<\/strong><\/a><\/span> (Universidad de Santiago de Compostela, Espa\u00f1a) &#8211; <span style=\"color: #271a72;\">Vacunas bacterianas en acuicultura: nuevas tecnolog\u00edas<\/span><\/li>\n<\/ul>\t\t\t\t\t\t<\/div>\n\t\t\t\t<\/div>\n\t\t\t\t\t<\/div>\n\t\t<\/div>\n\t\t\t\t\t\t\t<\/div>\n\t\t<\/section>\n\t\t\t\t<section data-particle_enable=\"false\" data-particle-mobile-disabled=\"false\" class=\"elementor-section elementor-top-section elementor-element elementor-element-1678d96 elementor-section-boxed elementor-section-height-default elementor-section-height-default\" data-id=\"1678d96\" data-element_type=\"section\">\n\t\t\t\t\t\t<div class=\"elementor-container elementor-column-gap-default\">\n\t\t\t\t\t<div class=\"elementor-column elementor-col-100 elementor-top-column elementor-element elementor-element-f2e6897\" data-id=\"f2e6897\" data-element_type=\"column\">\n\t\t\t<div class=\"elementor-widget-wrap elementor-element-populated\">\n\t\t\t\t\t\t\t\t<div class=\"elementor-element elementor-element-8ee66df elementor-widget elementor-widget-heading\" data-id=\"8ee66df\" data-element_type=\"widget\" data-widget_type=\"heading.default\">\n\t\t\t\t<div class=\"elementor-widget-container\">\n\t\t\t<h2 class=\"elementor-heading-title elementor-size-default\"><span style=\"color:#271A72\">&bull;<\/span> Conferencia Magistral<\/h2>\t\t<\/div>\n\t\t\t\t<\/div>\n\t\t\t\t<div class=\"elementor-element elementor-element-dfd4ae8 eael-tooltip-align-left eael-tooltip-text-align-left elementor-widget elementor-widget-eael-tooltip\" data-id=\"dfd4ae8\" data-element_type=\"widget\" data-widget_type=\"eael-tooltip.default\">\n\t\t\t\t<div class=\"elementor-widget-container\">\n\t\t\t\t<div class=\"eael-tooltip\">\n\t\t\t\t\t<span class=\"eael-tooltip-content\"><p><a title=\"\" data-toggle=\"tooltip\" data-placement=\"bottom\" data-html=\"true\" data-original-title=\"7:00 (GMT-8) Baja California - Ensenada&lt;br&gt;            9:00 (GMT-6) M\u00e9xico y Centroam\u00e9rica&lt;br&gt;            10:00 (GMT-5) Ecuador, Colombia, Panam\u00e1, Per\u00fa&lt;br&gt;            11:00 (GMT-4) Venezuela, Bolivia, Cuba, Rep. Dominicana&lt;br&gt;            12:00 (GMT-3) Uruguay, Argentina, Chile, Brasil-Sao Paulo&lt;br&gt;            16:00 (GMT+1) Espa\u00f1a\">12:00 Pan\/Col\/Ecu\/Per\u00fa (Ver otros horarios)<\/a><\/p><\/span>\n  \t\t\t<span class=\"eael-tooltip-text eael-tooltip-bottom\"><p>9:00 (GMT-8) Baja California - Ensenada<br \/>11:00 (GMT-6) M\u00e9xico y Centroam\u00e9rica<\/p><p>12:00 (GMT-5) Ecuador, Colombia, Panam\u00e1 y Per\u00fa<\/p><p>13:00 (GMT-4) Venezuela, Bolivia, Cuba, Rep. Dominicana<\/p><p>14:00 (GMT-3) Uruguay, Argentina, Chile, Brasil-Sao Paulo<\/p><p>18:00 (GMT+1) Espa\u00f1a<\/p><\/span>\n  \t\t\t<\/div>\n\t\t\t<\/div>\n\t\t\t\t<\/div>\n\t\t\t\t<div class=\"elementor-element elementor-element-5329d76 elementor-widget elementor-widget-text-editor\" data-id=\"5329d76\" data-element_type=\"widget\" data-widget_type=\"text-editor.default\">\n\t\t\t\t<div class=\"elementor-widget-container\">\n\t\t\t\t\t\t\t<ul><li><p><span style=\"color: #54595f;\"><a style=\"color: #54595f;\" href=\"https:\/\/firmaonline.org\/xifirma\/ponente\/enric-gisbert\/\" target=\"_blank\" rel=\"noopener\"><strong>Enric Gisbert<\/strong><\/a> <\/span>(IRTA, Espa\u00f1a)<br \/><span style=\"color: #271a72;\">La acuicultura y el cambio clim\u00e1tico: desaf\u00edos y oportunidades para una industria m\u00e1s resiliente<\/span><\/p><\/li><\/ul>\t\t\t\t\t\t<\/div>\n\t\t\t\t<\/div>\n\t\t\t\t\t<\/div>\n\t\t<\/div>\n\t\t\t\t\t\t\t<\/div>\n\t\t<\/section>\n\t\t\t\t<section data-particle_enable=\"false\" data-particle-mobile-disabled=\"false\" class=\"elementor-section elementor-top-section elementor-element elementor-element-e0aa646 elementor-section-boxed elementor-section-height-default elementor-section-height-default\" data-id=\"e0aa646\" data-element_type=\"section\">\n\t\t\t\t\t\t<div class=\"elementor-container elementor-column-gap-default\">\n\t\t\t\t\t<div class=\"elementor-column elementor-col-100 elementor-top-column elementor-element elementor-element-6e6ac45\" data-id=\"6e6ac45\" data-element_type=\"column\">\n\t\t\t<div class=\"elementor-widget-wrap elementor-element-populated\">\n\t\t\t\t\t\t\t\t<div class=\"elementor-element elementor-element-7d7df6d elementor-widget elementor-widget-heading\" data-id=\"7d7df6d\" data-element_type=\"widget\" data-widget_type=\"heading.default\">\n\t\t\t\t<div class=\"elementor-widget-container\">\n\t\t\t<h2 class=\"elementor-heading-title elementor-size-default\"><span style=\"color:#271A72\">\u2022<\/span> Sesi\u00f3n 10: Jornada de Larva-Plus-CYTED<\/h2>\t\t<\/div>\n\t\t\t\t<\/div>\n\t\t\t\t<div class=\"elementor-element elementor-element-c4f1729 eael-tooltip-align-left eael-tooltip-text-align-left elementor-widget elementor-widget-eael-tooltip\" data-id=\"c4f1729\" data-element_type=\"widget\" data-widget_type=\"eael-tooltip.default\">\n\t\t\t\t<div class=\"elementor-widget-container\">\n\t\t\t\t<div class=\"eael-tooltip\">\n\t\t\t\t\t<span class=\"eael-tooltip-content\"><p><a title=\"\" data-toggle=\"tooltip\" data-placement=\"bottom\" data-html=\"true\" data-original-title=\"7:00 (GMT-8) Baja California - Ensenada&lt;br&gt;            9:00 (GMT-6) M\u00e9xico y Centroam\u00e9rica&lt;br&gt;            10:00 (GMT-5) Ecuador, Colombia, Panam\u00e1, Per\u00fa&lt;br&gt;            11:00 (GMT-4) Venezuela, Bolivia, Cuba, Rep. Dominicana&lt;br&gt;            12:00 (GMT-3) Uruguay, Argentina, Chile, Brasil-Sao Paulo&lt;br&gt;            16:00 (GMT+1) Espa\u00f1a\">13:00 Pan\/Col\/Ecu\/Per\u00fa (Ver otros horarios)<\/a><\/p><\/span>\n  \t\t\t<span class=\"eael-tooltip-text eael-tooltip-bottom\"><p>10:00 (GMT-8) Baja California - Ensenada<br \/>12:00 (GMT-6) M\u00e9xico y Centroam\u00e9rica<\/p><p>13:00 (GMT-5) Ecuador, Colombia, Panam\u00e1 y Per\u00fa<\/p><p>14:00 (GMT-4) Venezuela, Bolivia, Cuba, Rep. Dominicana<\/p><p>15:00 (GMT-3) Uruguay, Argentina, Chile, Brasil-Sao Paulo<\/p><p>19:00 (GMT+1) Espa\u00f1a<\/p><\/span>\n  \t\t\t<\/div>\n\t\t\t<\/div>\n\t\t\t\t<\/div>\n\t\t\t\t<div class=\"elementor-element elementor-element-29c8716 elementor-widget elementor-widget-text-editor\" data-id=\"29c8716\" data-element_type=\"widget\" data-widget_type=\"text-editor.default\">\n\t\t\t\t<div class=\"elementor-widget-container\">\n\t\t\t\t\t\t\t<p>Coordinador: <a href=\"https:\/\/firmaonline.org\/xifirma\/ponente\/carlos-alfonso-alvarez-gonzalez\/\" target=\"_blank\" rel=\"noopener\"><span style=\"color: #54595f;\"><strong>Carlos Alfonso \u00c1lvarez-Gonz\u00e1lez <\/strong><\/span><\/a>(UJAT, M\u00e9xico)<\/p><ul><li><strong>Marcia Oliva y H\u00e9ctor Flores<\/strong> (Universidad Cat\u00f3lica del Norte, Chile) &#8211; <span style=\"color: #271a72;\">Reproducci\u00f3n y larvicultura de <em>Seriola lalandi<\/em> y <em>Seriolella violacea<\/em><\/span><strong><br \/><\/strong><\/li><li><span style=\"color: #54595f;\"><a style=\"color: #54595f;\" href=\"https:\/\/firmaonline.org\/xifirma\/ponente\/carlos-alfonso-alvarez-gonzalez\/\" target=\"_blank\" rel=\"noopener\"><strong>Carlos Alfonso \u00c1lvarez-Gonz\u00e1lez<\/strong><\/a> <\/span>(UJAT, M\u00e9xico) &#8211; <span style=\"color: #271a72;\">Uso de pre- y probi\u00f3ticos en el cultivo de larvas y juveniles de pejelagarto<\/span><\/li><li><a href=\"https:\/\/firmaonline.org\/xifirma\/ponente\/diana-castro-ruiz\/\" target=\"_blank\" rel=\"noopener\"><strong><strong><span style=\"color: #54595f;\">Diana Castro<\/span><\/strong><\/strong><\/a> (IIAP, Per\u00fa) &#8211; <span style=\"color: #271a72;\">Avances en la nutrici\u00f3n de larvas de doncella (<em>Pseudoplatystoma punctifer<\/em>)<\/span><\/li><li><a href=\"https:\/\/firmaonline.org\/xifirma\/ponente\/mario-alberto-galaviz-espinoza\/\" target=\"_blank\" rel=\"noopener\"><strong><span style=\"color: #54595f;\">Mario Galaviz<\/span><\/strong><\/a> (Universidad Aut\u00f3noma de Baja California, M\u00e9xico) &#8211; <span style=\"color: #271a72;\">Avances en el cultivo larvario de totoaba (<em>Totoaba macdonaldi<\/em>)<\/span><\/li><li><span style=\"color: #54595f;\"><strong><a style=\"color: #54595f;\" href=\"https:\/\/firmaonline.org\/xifirma\/ponente\/maximo-coronado-gatica\/\" target=\"_blank\" rel=\"noopener\">M\u00e1ximo Coronado Gatica<\/a> <\/strong><\/span>(Universidad de Chile, Chile) &#8211; <span style=\"color: #271a72;\">An\u00e1lisis del desarrollo esquel\u00e9tico en peces<\/span><\/li><\/ul>\t\t\t\t\t\t<\/div>\n\t\t\t\t<\/div>\n\t\t\t\t\t<\/div>\n\t\t<\/div>\n\t\t\t\t\t\t\t<\/div>\n\t\t<\/section>\n\t\t\t\t<section data-particle_enable=\"false\" data-particle-mobile-disabled=\"false\" class=\"elementor-section elementor-top-section elementor-element elementor-element-f669937 elementor-section-boxed elementor-section-height-default elementor-section-height-default\" data-id=\"f669937\" data-element_type=\"section\">\n\t\t\t\t\t\t<div class=\"elementor-container elementor-column-gap-default\">\n\t\t\t\t\t<div class=\"elementor-column elementor-col-100 elementor-top-column elementor-element elementor-element-24ff9cd\" data-id=\"24ff9cd\" data-element_type=\"column\">\n\t\t\t<div class=\"elementor-widget-wrap elementor-element-populated\">\n\t\t\t\t\t\t\t\t<div class=\"elementor-element elementor-element-e1c004b elementor-widget elementor-widget-heading\" data-id=\"e1c004b\" data-element_type=\"widget\" data-widget_type=\"heading.default\">\n\t\t\t\t<div class=\"elementor-widget-container\">\n\t\t\t<h2 class=\"elementor-heading-title elementor-size-default\"><span style=\"color:#271A72\">&bull;<\/span> Sobremesa pregunt\u00e1ndole al experto<\/h2>\t\t<\/div>\n\t\t\t\t<\/div>\n\t\t\t\t<div class=\"elementor-element elementor-element-268a1f7 eael-tooltip-align-left eael-tooltip-text-align-left elementor-widget elementor-widget-eael-tooltip\" data-id=\"268a1f7\" data-element_type=\"widget\" data-widget_type=\"eael-tooltip.default\">\n\t\t\t\t<div class=\"elementor-widget-container\">\n\t\t\t\t<div class=\"eael-tooltip\">\n\t\t\t\t\t<span class=\"eael-tooltip-content\"><p><a title=\"\" data-toggle=\"tooltip\" data-placement=\"bottom\" data-html=\"true\" data-original-title=\"7:00 (GMT-8) Baja California - Ensenada&lt;br&gt;            9:00 (GMT-6) M\u00e9xico y Centroam\u00e9rica&lt;br&gt;            10:00 (GMT-5) Ecuador, Colombia, Panam\u00e1, Per\u00fa&lt;br&gt;            11:00 (GMT-4) Venezuela, Bolivia, Cuba, Rep. Dominicana&lt;br&gt;            12:00 (GMT-3) Uruguay, Argentina, Chile, Brasil-Sao Paulo&lt;br&gt;            16:00 (GMT+1) Espa\u00f1a\">18:00 Pan\/Col\/Ecu\/Per\u00fa (Ver otros horarios)<\/a><\/p><\/span>\n  \t\t\t<span class=\"eael-tooltip-text eael-tooltip-bottom\"><p>15:00 (GMT-8) Baja California - Ensenada<br \/>17:00 (GMT-6) M\u00e9xico y Centroam\u00e9rica<\/p><p>18:00 (GMT-5) Ecuador, Colombia, Panam\u00e1 y Per\u00fa<\/p><p>19:00 (GMT-4) Venezuela, Bolivia, Cuba, Rep. Dominicana<\/p><p>20:00 (GMT-3) Uruguay, Argentina, Chile, Brasil-Sao Paulo<\/p><p>00:00 (+1 d\u00eda) (GMT+1) Espa\u00f1a<\/p><\/span>\n  \t\t\t<\/div>\n\t\t\t<\/div>\n\t\t\t\t<\/div>\n\t\t\t\t<div class=\"elementor-element elementor-element-581e1de elementor-widget elementor-widget-text-editor\" data-id=\"581e1de\" data-element_type=\"widget\" data-widget_type=\"text-editor.default\">\n\t\t\t\t<div class=\"elementor-widget-container\">\n\t\t\t\t\t\t\t<ul><li><p><a href=\"https:\/\/firmaonline.org\/xifirma\/ponente\/pedro-seixas\/\" target=\"_blank\" rel=\"noopener\"><strong><span style=\"color: #54595f;\">Pedro Seixas<\/span> <\/strong><\/a>(Fundador\/Gerente AQUALGAE SL)<br \/>Automatizaci\u00f3n de la producci\u00f3n de microalgas de calidad premium en microf\u00e1bricas modulares<\/p><\/li><\/ul>\t\t\t\t\t\t<\/div>\n\t\t\t\t<\/div>\n\t\t\t\t\t<\/div>\n\t\t<\/div>\n\t\t\t\t\t\t\t<\/div>\n\t\t<\/section>\n\t\t\t\t<section data-particle_enable=\"false\" data-particle-mobile-disabled=\"false\" class=\"elementor-section elementor-top-section elementor-element elementor-element-523d59f elementor-section-boxed elementor-section-height-default elementor-section-height-default\" data-id=\"523d59f\" data-element_type=\"section\">\n\t\t\t\t\t\t<div class=\"elementor-container elementor-column-gap-default\">\n\t\t\t\t\t<div class=\"elementor-column elementor-col-100 elementor-top-column elementor-element elementor-element-9114789\" data-id=\"9114789\" data-element_type=\"column\">\n\t\t\t<div class=\"elementor-widget-wrap elementor-element-populated\">\n\t\t\t\t\t\t\t\t<div class=\"elementor-element elementor-element-695cb01 elementor-widget elementor-widget-heading\" data-id=\"695cb01\" data-element_type=\"widget\" data-widget_type=\"heading.default\">\n\t\t\t\t<div class=\"elementor-widget-container\">\n\t\t\t<h2 class=\"elementor-heading-title elementor-size-default\"><span style=\"color:#271A72\">&bull;<\/span> P\u00f3steres <span style=\"color:#54595F; font-size:0.5em;\">(Todo el d\u00eda)<\/span> <\/h2>\t\t<\/div>\n\t\t\t\t<\/div>\n\t\t\t\t\t<\/div>\n\t\t<\/div>\n\t\t\t\t\t\t\t<\/div>\n\t\t<\/section>\n\t\t\t\t\t\t\t<\/div>\n\t\t","protected":false},"excerpt":{"rendered":"<p>Jueves 24 de noviembre &bull; Sesi\u00f3n 9: Salud, bioseguridad y bienestar de organismos acu\u00e1ticos 9:00 Pan\/Col\/Ecu\/Per\u00fa (Ver otros horarios) 6:00 (GMT-8) Baja California &#8211; Ensenada8:00 (GMT-6) M\u00e9xico y Centroam\u00e9rica 9:00 (GMT-5) Ecuador, Colombia, Panam\u00e1 y Per\u00fa 10:00 (GMT-4) Venezuela, Bolivia, Cuba, Rep. Dominicana 11:00 (GMT-3) Uruguay, Argentina, Chile, Brasil-Sao Paulo 15:00 (GMT+1) Espa\u00f1a Coordinadora: Paola &#8230; <a title=\"Jueves 24\" class=\"read-more\" href=\"https:\/\/firmaonline.org\/xifirma\/jueves-24\/\" aria-label=\"M\u00e1s en Jueves 24\">Leer m\u00e1s<\/a><\/p>\n","protected":false},"author":1,"featured_media":0,"parent":0,"menu_order":0,"comment_status":"closed","ping_status":"closed","template":"elementor_header_footer","meta":{"footnotes":""},"class_list":["post-369","page","type-page","status-publish"],"acf":[],"_links":{"self":[{"href":"https:\/\/firmaonline.org\/xifirma\/wp-json\/wp\/v2\/pages\/369","targetHints":{"allow":["GET"]}}],"collection":[{"href":"https:\/\/firmaonline.org\/xifirma\/wp-json\/wp\/v2\/pages"}],"about":[{"href":"https:\/\/firmaonline.org\/xifirma\/wp-json\/wp\/v2\/types\/page"}],"author":[{"embeddable":true,"href":"https:\/\/firmaonline.org\/xifirma\/wp-json\/wp\/v2\/users\/1"}],"replies":[{"embeddable":true,"href":"https:\/\/firmaonline.org\/xifirma\/wp-json\/wp\/v2\/comments?post=369"}],"version-history":[{"count":77,"href":"https:\/\/firmaonline.org\/xifirma\/wp-json\/wp\/v2\/pages\/369\/revisions"}],"predecessor-version":[{"id":4358,"href":"https:\/\/firmaonline.org\/xifirma\/wp-json\/wp\/v2\/pages\/369\/revisions\/4358"}],"wp:attachment":[{"href":"https:\/\/firmaonline.org\/xifirma\/wp-json\/wp\/v2\/media?parent=369"}],"curies":[{"name":"wp","href":"https:\/\/api.w.org\/{rel}","templated":true}]}}