{"id":371,"date":"2022-01-25T10:38:44","date_gmt":"2022-01-25T10:38:44","guid":{"rendered":"https:\/\/firmaonline.org\/xifirma\/?page_id=371"},"modified":"2022-11-12T15:12:32","modified_gmt":"2022-11-12T15:12:32","slug":"viernes-25","status":"publish","type":"page","link":"https:\/\/firmaonline.org\/xifirma\/viernes-25\/","title":{"rendered":"Viernes 25"},"content":{"rendered":"\t\t<div data-elementor-type=\"wp-page\" data-elementor-id=\"371\" class=\"elementor elementor-371\">\n\t\t\t\t\t\t\t\t\t<section data-particle_enable=\"false\" data-particle-mobile-disabled=\"false\" class=\"elementor-section elementor-top-section elementor-element elementor-element-a32db4d elementor-section-full_width elementor-section-height-min-height elementor-section-content-middle elementor-section-stretched elementor-section-height-default elementor-section-items-middle\" data-id=\"a32db4d\" data-element_type=\"section\" data-settings=\"{&quot;stretch_section&quot;:&quot;section-stretched&quot;,&quot;background_background&quot;:&quot;classic&quot;}\">\n\t\t\t\t\t\t<div class=\"elementor-container elementor-column-gap-default\">\n\t\t\t\t\t<div class=\"elementor-column elementor-col-100 elementor-top-column elementor-element elementor-element-15a072c\" data-id=\"15a072c\" data-element_type=\"column\">\n\t\t\t<div class=\"elementor-widget-wrap elementor-element-populated\">\n\t\t\t\t\t\t\t\t<div class=\"elementor-element elementor-element-5aa1b02 elementor-widget elementor-widget-heading\" data-id=\"5aa1b02\" data-element_type=\"widget\" data-widget_type=\"heading.default\">\n\t\t\t\t<div class=\"elementor-widget-container\">\n\t\t\t<style>\/*! elementor - v3.6.6 - 08-06-2022 *\/\n.elementor-heading-title{padding:0;margin:0;line-height:1}.elementor-widget-heading .elementor-heading-title[class*=elementor-size-]>a{color:inherit;font-size:inherit;line-height:inherit}.elementor-widget-heading .elementor-heading-title.elementor-size-small{font-size:15px}.elementor-widget-heading .elementor-heading-title.elementor-size-medium{font-size:19px}.elementor-widget-heading .elementor-heading-title.elementor-size-large{font-size:29px}.elementor-widget-heading .elementor-heading-title.elementor-size-xl{font-size:39px}.elementor-widget-heading .elementor-heading-title.elementor-size-xxl{font-size:59px}<\/style><h1 class=\"elementor-heading-title elementor-size-default\">Viernes 25 de noviembre<\/h1>\t\t<\/div>\n\t\t\t\t<\/div>\n\t\t\t\t\t<\/div>\n\t\t<\/div>\n\t\t\t\t\t\t\t<\/div>\n\t\t<\/section>\n\t\t\t\t<section data-particle_enable=\"false\" data-particle-mobile-disabled=\"false\" class=\"elementor-section elementor-top-section elementor-element elementor-element-e1244dc elementor-section-boxed elementor-section-height-default elementor-section-height-default\" data-id=\"e1244dc\" data-element_type=\"section\">\n\t\t\t\t\t\t<div class=\"elementor-container elementor-column-gap-default\">\n\t\t\t\t\t<div class=\"elementor-column elementor-col-100 elementor-top-column elementor-element elementor-element-8b5b320\" data-id=\"8b5b320\" data-element_type=\"column\">\n\t\t\t<div class=\"elementor-widget-wrap elementor-element-populated\">\n\t\t\t\t\t\t\t\t<div class=\"elementor-element elementor-element-d6eec37 elementor-widget elementor-widget-heading\" data-id=\"d6eec37\" data-element_type=\"widget\" data-widget_type=\"heading.default\">\n\t\t\t\t<div class=\"elementor-widget-container\">\n\t\t\t<h2 class=\"elementor-heading-title elementor-size-default\"><span style=\"color:#271A72\">&bull;<\/span> Sesi\u00f3n 11: Sostenibilidad en acuicultura<\/h2>\t\t<\/div>\n\t\t\t\t<\/div>\n\t\t\t\t<div class=\"elementor-element elementor-element-414f06c eael-tooltip-align-left eael-tooltip-text-align-left elementor-widget elementor-widget-eael-tooltip\" data-id=\"414f06c\" data-element_type=\"widget\" data-widget_type=\"eael-tooltip.default\">\n\t\t\t\t<div class=\"elementor-widget-container\">\n\t\t\t\t<div class=\"eael-tooltip\">\n\t\t\t\t\t<span class=\"eael-tooltip-content\"><p><a title=\"\" data-toggle=\"tooltip\" data-placement=\"bottom\" data-html=\"true\" data-original-title=\"7:00 (GMT-8) Baja California - Ensenada&lt;br&gt;            9:00 (GMT-6) M\u00e9xico y Centroam\u00e9rica&lt;br&gt;            10:00 (GMT-5) Ecuador, Colombia, Panam\u00e1, Per\u00fa&lt;br&gt;            11:00 (GMT-4) Venezuela, Bolivia, Cuba, Rep. Dominicana&lt;br&gt;            12:00 (GMT-3) Uruguay, Argentina, Chile, Brasil-Sao Paulo&lt;br&gt;            16:00 (GMT+1) Espa\u00f1a\">9:00 Pan\/Col\/Ecu\/Per\u00fa (Ver otros horarios)<\/a><\/p><\/span>\n  \t\t\t<span class=\"eael-tooltip-text eael-tooltip-bottom\"><p>6:00 (GMT-8) Baja California - Ensenada<br \/>8:00 (GMT-6) M\u00e9xico y Centroam\u00e9rica<\/p><p>9:00 (GMT-5) Ecuador, Colombia, Panam\u00e1 y Per\u00fa<\/p><p>10:00 (GMT-4) Venezuela, Bolivia, Cuba, Rep. Dominicana<\/p><p>11:00 (GMT-3) Uruguay, Argentina, Chile, Brasil-Sao Paulo<\/p><p>15:00 (GMT+1) Espa\u00f1a<\/p><\/span>\n  \t\t\t<\/div>\n\t\t\t<\/div>\n\t\t\t\t<\/div>\n\t\t\t\t<div class=\"elementor-element elementor-element-2f4fe0c elementor-widget elementor-widget-text-editor\" data-id=\"2f4fe0c\" data-element_type=\"widget\" data-widget_type=\"text-editor.default\">\n\t\t\t\t<div class=\"elementor-widget-container\">\n\t\t\t<style>\/*! elementor - v3.6.6 - 08-06-2022 *\/\n.elementor-widget-text-editor.elementor-drop-cap-view-stacked .elementor-drop-cap{background-color:#818a91;color:#fff}.elementor-widget-text-editor.elementor-drop-cap-view-framed .elementor-drop-cap{color:#818a91;border:3px solid;background-color:transparent}.elementor-widget-text-editor:not(.elementor-drop-cap-view-default) .elementor-drop-cap{margin-top:8px}.elementor-widget-text-editor:not(.elementor-drop-cap-view-default) .elementor-drop-cap-letter{width:1em;height:1em}.elementor-widget-text-editor .elementor-drop-cap{float:left;text-align:center;line-height:1;font-size:50px}.elementor-widget-text-editor .elementor-drop-cap-letter{display:inline-block}<\/style>\t\t\t\t<p>Coordinador: <a href=\"https:\/\/firmaonline.org\/xifirma\/ponente\/sergio-zimmermann\/\" target=\"_blank\" rel=\"noopener\"><span style=\"color: #333333;\"><strong><span style=\"color: #54595f;\">Sergio Zimmermann<\/span><\/strong><\/span><\/a> (Zimmermann Aqua Solutions, Brasil)<\/p><ul><li><span style=\"color: #54595f;\"><strong><a href=\"https:\/\/firmaonline.org\/xifirma\/ponente\/luis-poersch\/\" target=\"_blank\" rel=\"noopener\"><span style=\"color: #54595f;\">Luis Poerch<\/span><\/a> <\/strong><\/span>(Universidad Federal de Rio Grande, Brasil) &#8211; <span style=\"color: #271a72;\">Cultivo integrado de camarones marinos, tilapias y algas<\/span><\/li><li><span style=\"color: #54595f;\"><a style=\"color: #54595f;\" href=\"https:\/\/firmaonline.org\/xifirma\/ponente\/wagner-cotroni-valenti\/\" target=\"_blank\" rel=\"noopener\"><strong>Wagner Valenti<\/strong><\/a><\/span> (Universidad Estatal de S\u00e3o Paulo &#8211; UNESP, Brasil) &#8211; <span style=\"color: #271a72;\">Conceptualizaci\u00f3n y medici\u00f3n de la sostenibilidad de la acuicultura<\/span><\/li><li><span style=\"color: #54595f;\"><a style=\"color: #54595f;\" href=\"https:\/\/firmaonline.org\/xifirma\/ponente\/mauricio-emerenciano\/\" target=\"_blank\" rel=\"noopener\"><strong>Mauricio Emerenciano<\/strong><\/a><\/span> (CSIRO Livestock &amp; Aquaculture, Australia) &#8211; <span style=\"color: #271a72;\">Aumentando a circularidade nos cultivos intensivos de camaroes marinhos na Asia: estudo de caso dos lodos residuais<\/span><\/li><li><span style=\"color: #54595f;\"><a style=\"color: #54595f;\" href=\"https:\/\/firmaonline.org\/xifirma\/ponente\/sergio-zimmermann\/\" target=\"_blank\" rel=\"noopener\"><strong>Sergio Zimmermann<\/strong><\/a><\/span> (Zimmermann Aqua Solutions, Brasil) &#8211; <span style=\"color: #271a72;\">Alimentos fermentados\/predigeridos en bioeconomia circular<\/span><\/li><\/ul>\t\t\t\t\t\t<\/div>\n\t\t\t\t<\/div>\n\t\t\t\t\t<\/div>\n\t\t<\/div>\n\t\t\t\t\t\t\t<\/div>\n\t\t<\/section>\n\t\t\t\t<section data-particle_enable=\"false\" data-particle-mobile-disabled=\"false\" class=\"elementor-section elementor-top-section elementor-element elementor-element-6492c3c elementor-section-boxed elementor-section-height-default elementor-section-height-default\" data-id=\"6492c3c\" data-element_type=\"section\">\n\t\t\t\t\t\t<div class=\"elementor-container elementor-column-gap-default\">\n\t\t\t\t\t<div class=\"elementor-column elementor-col-100 elementor-top-column elementor-element elementor-element-adb2b2b\" data-id=\"adb2b2b\" data-element_type=\"column\">\n\t\t\t<div class=\"elementor-widget-wrap elementor-element-populated\">\n\t\t\t\t\t\t\t\t<div class=\"elementor-element elementor-element-40550f5 elementor-widget elementor-widget-heading\" data-id=\"40550f5\" data-element_type=\"widget\" data-widget_type=\"heading.default\">\n\t\t\t\t<div class=\"elementor-widget-container\">\n\t\t\t<h2 class=\"elementor-heading-title elementor-size-default\"><span style=\"color:#271A72\">&bull;<\/span> Conferencia Magistral<\/h2>\t\t<\/div>\n\t\t\t\t<\/div>\n\t\t\t\t<div class=\"elementor-element elementor-element-b1bb198 eael-tooltip-align-left eael-tooltip-text-align-left elementor-widget elementor-widget-eael-tooltip\" data-id=\"b1bb198\" data-element_type=\"widget\" data-widget_type=\"eael-tooltip.default\">\n\t\t\t\t<div class=\"elementor-widget-container\">\n\t\t\t\t<div class=\"eael-tooltip\">\n\t\t\t\t\t<span class=\"eael-tooltip-content\"><p><a title=\"\" data-toggle=\"tooltip\" data-placement=\"bottom\" data-html=\"true\" data-original-title=\"7:00 (GMT-8) Baja California - Ensenada&lt;br&gt;            9:00 (GMT-6) M\u00e9xico y Centroam\u00e9rica&lt;br&gt;            10:00 (GMT-5) Ecuador, Colombia, Panam\u00e1, Per\u00fa&lt;br&gt;            11:00 (GMT-4) Venezuela, Bolivia, Cuba, Rep. Dominicana&lt;br&gt;            12:00 (GMT-3) Uruguay, Argentina, Chile, Brasil-Sao Paulo&lt;br&gt;            16:00 (GMT+1) Espa\u00f1a\">12:00 Pan\/Col\/Ecu\/Per\u00fa (Ver otros horarios)<\/a><\/p><\/span>\n  \t\t\t<span class=\"eael-tooltip-text eael-tooltip-bottom\"><p>9:00 (GMT-8) Baja California - Ensenada<br \/>11:00 (GMT-6) M\u00e9xico y Centroam\u00e9rica<\/p><p>12:00 (GMT-5) Ecuador, Colombia, Panam\u00e1 y Per\u00fa<\/p><p>13:00 (GMT-4) Venezuela, Bolivia, Cuba, Rep. Dominicana<\/p><p>14:00 (GMT-3) Uruguay, Argentina, Chile, Brasil-Sao Paulo<\/p><p>18:00 (GMT+1) Espa\u00f1a<\/p><\/span>\n  \t\t\t<\/div>\n\t\t\t<\/div>\n\t\t\t\t<\/div>\n\t\t\t\t<div class=\"elementor-element elementor-element-e4f93e0 elementor-widget elementor-widget-text-editor\" data-id=\"e4f93e0\" data-element_type=\"widget\" data-widget_type=\"text-editor.default\">\n\t\t\t\t<div class=\"elementor-widget-container\">\n\t\t\t\t\t\t\t<ul><li><p><span style=\"color: #54595f;\"><a style=\"color: #54595f;\" href=\"https:\/\/firmaonline.org\/xifirma\/ponente\/sebastian-villasante\/\" target=\"_blank\" rel=\"noopener\"><strong>Sebasti\u00e1n Villasante<\/strong><\/a> <\/span>(Universidad de Santiago de Compostela, Espa\u00f1a)<br \/><span style=\"color: #271a72;\">La contribuci\u00f3n econ\u00f3mica de la acuicultura al bienestar humano: situaci\u00f3n actual y perspectivas de futuro para Iberoam\u00e9rica<\/span><\/p><\/li><\/ul>\t\t\t\t\t\t<\/div>\n\t\t\t\t<\/div>\n\t\t\t\t\t<\/div>\n\t\t<\/div>\n\t\t\t\t\t\t\t<\/div>\n\t\t<\/section>\n\t\t\t\t<section data-particle_enable=\"false\" data-particle-mobile-disabled=\"false\" class=\"elementor-section elementor-top-section elementor-element elementor-element-f7d94ef elementor-section-boxed elementor-section-height-default elementor-section-height-default\" data-id=\"f7d94ef\" data-element_type=\"section\">\n\t\t\t\t\t\t<div class=\"elementor-container elementor-column-gap-default\">\n\t\t\t\t\t<div class=\"elementor-column elementor-col-100 elementor-top-column elementor-element elementor-element-4a29159\" data-id=\"4a29159\" data-element_type=\"column\">\n\t\t\t<div class=\"elementor-widget-wrap elementor-element-populated\">\n\t\t\t\t\t\t\t\t<div class=\"elementor-element elementor-element-cad836e elementor-widget elementor-widget-heading\" data-id=\"cad836e\" data-element_type=\"widget\" data-widget_type=\"heading.default\">\n\t\t\t\t<div class=\"elementor-widget-container\">\n\t\t\t<h2 class=\"elementor-heading-title elementor-size-default\"><span style=\"color:#271A72\">&bull;<\/span> Descanso<\/h2>\t\t<\/div>\n\t\t\t\t<\/div>\n\t\t\t\t<div class=\"elementor-element elementor-element-47906c0 eael-tooltip-align-left eael-tooltip-text-align-left elementor-widget elementor-widget-eael-tooltip\" data-id=\"47906c0\" data-element_type=\"widget\" data-widget_type=\"eael-tooltip.default\">\n\t\t\t\t<div class=\"elementor-widget-container\">\n\t\t\t\t<div class=\"eael-tooltip\">\n\t\t\t\t\t<span class=\"eael-tooltip-content\"><p><a title=\"\" data-toggle=\"tooltip\" data-placement=\"bottom\" data-html=\"true\" data-original-title=\"7:00 (GMT-8) Baja California - Ensenada&lt;br&gt;            9:00 (GMT-6) M\u00e9xico y Centroam\u00e9rica&lt;br&gt;            10:00 (GMT-5) Ecuador, Colombia, Panam\u00e1, Per\u00fa&lt;br&gt;            11:00 (GMT-4) Venezuela, Bolivia, Cuba, Rep. Dominicana&lt;br&gt;            12:00 (GMT-3) Uruguay, Argentina, Chile, Brasil-Sao Paulo&lt;br&gt;            16:00 (GMT+1) Espa\u00f1a\">13:00 Pan\/Col\/Ecu\/Per\u00fa (Ver otros horarios)<\/a><\/p><\/span>\n  \t\t\t<span class=\"eael-tooltip-text eael-tooltip-bottom\"><p>10:00 (GMT-8) Baja California - Ensenada<br \/>12:00 (GMT-6) M\u00e9xico y Centroam\u00e9rica<\/p><p>13:00 (GMT-5) Ecuador, Colombia, Panam\u00e1 y Per\u00fa<\/p><p>14:00 (GMT-4) Venezuela, Bolivia, Cuba, Rep. Dominicana<\/p><p>15:00 (GMT-3) Uruguay, Argentina, Chile, Brasil-Sao Paulo<\/p><p>19:00 (GMT+1) Espa\u00f1a<\/p><\/span>\n  \t\t\t<\/div>\n\t\t\t<\/div>\n\t\t\t\t<\/div>\n\t\t\t\t\t<\/div>\n\t\t<\/div>\n\t\t\t\t\t\t\t<\/div>\n\t\t<\/section>\n\t\t\t\t<section data-particle_enable=\"false\" data-particle-mobile-disabled=\"false\" class=\"elementor-section elementor-top-section elementor-element elementor-element-dd2386d elementor-section-boxed elementor-section-height-default elementor-section-height-default\" data-id=\"dd2386d\" data-element_type=\"section\">\n\t\t\t\t\t\t<div class=\"elementor-container elementor-column-gap-default\">\n\t\t\t\t\t<div class=\"elementor-column elementor-col-100 elementor-top-column elementor-element elementor-element-ccee3fd\" data-id=\"ccee3fd\" data-element_type=\"column\">\n\t\t\t<div class=\"elementor-widget-wrap elementor-element-populated\">\n\t\t\t\t\t\t\t\t<div class=\"elementor-element elementor-element-ff36062 elementor-widget elementor-widget-heading\" data-id=\"ff36062\" data-element_type=\"widget\" data-widget_type=\"heading.default\">\n\t\t\t\t<div class=\"elementor-widget-container\">\n\t\t\t<h2 class=\"elementor-heading-title elementor-size-default\"><span style=\"color:#271A72\">&bull;<\/span> Sesi\u00f3n 12: Gobernanza en acuicultura<\/h2>\t\t<\/div>\n\t\t\t\t<\/div>\n\t\t\t\t<div class=\"elementor-element elementor-element-458e7c6 eael-tooltip-align-left eael-tooltip-text-align-left elementor-widget elementor-widget-eael-tooltip\" data-id=\"458e7c6\" data-element_type=\"widget\" data-widget_type=\"eael-tooltip.default\">\n\t\t\t\t<div class=\"elementor-widget-container\">\n\t\t\t\t<div class=\"eael-tooltip\">\n\t\t\t\t\t<span class=\"eael-tooltip-content\"><p><a title=\"\" data-toggle=\"tooltip\" data-placement=\"bottom\" data-html=\"true\" data-original-title=\"7:00 (GMT-8) Baja California - Ensenada&lt;br&gt;            9:00 (GMT-6) M\u00e9xico y Centroam\u00e9rica&lt;br&gt;            10:00 (GMT-5) Ecuador, Colombia, Panam\u00e1, Per\u00fa&lt;br&gt;            11:00 (GMT-4) Venezuela, Bolivia, Cuba, Rep. Dominicana&lt;br&gt;            12:00 (GMT-3) Uruguay, Argentina, Chile, Brasil-Sao Paulo&lt;br&gt;            16:00 (GMT+1) Espa\u00f1a\">15:00 Pan\/Col\/Ecu\/Per\u00fa (Ver otros horarios)<\/a><\/p><\/span>\n  \t\t\t<span class=\"eael-tooltip-text eael-tooltip-bottom\"><p>12:00 (GMT-8) Baja California - Ensenada<br \/>14:00 (GMT-6) M\u00e9xico y Centroam\u00e9rica<\/p><p>15:00 (GMT-5) Ecuador, Colombia, Panam\u00e1 y Per\u00fa<\/p><p>16:00 (GMT-4) Venezuela, Bolivia, Cuba, Rep. Dominicana<\/p><p>17:00 (GMT-3) Uruguay, Argentina, Chile, Brasil-Sao Paulo<\/p><p>21:00 (GMT+1) Espa\u00f1a<\/p><\/span>\n  \t\t\t<\/div>\n\t\t\t<\/div>\n\t\t\t\t<\/div>\n\t\t\t\t<div class=\"elementor-element elementor-element-620e137 elementor-hidden-desktop elementor-hidden-tablet elementor-hidden-mobile elementor-widget elementor-widget-text-editor\" data-id=\"620e137\" data-element_type=\"widget\" data-widget_type=\"text-editor.default\">\n\t\t\t\t<div class=\"elementor-widget-container\">\n\t\t\t\t\t\t\t<p>Coordinador: <a href=\"https:\/\/firmaonline.org\/xifirma\/ponente\/carlos-wurmann\/\" target=\"_blank\" rel=\"noopener\"><span style=\"color: #54595f;\"><strong>Carlos Wurmann <\/strong><\/span><\/a>(Centro Internacional de Estudios Estrat\u00e9gicos para la Acuicultura, Chile)<\/p><ul><li><span style=\"color: #54595f;\"><a style=\"color: #54595f;\" href=\"https:\/\/firmaonline.org\/xifirma\/ponente\/hans-gomez\/\" target=\"_blank\" rel=\"noopener\"><strong>Hans G\u00f3mez<\/strong><\/a><\/span> (Programa Nacional de Innovaci\u00f3n en Pesca y Acuicultura, Per\u00fa) &#8211; <span style=\"color: #271a72;\">Avances y desaf\u00edos en el fomento de la gobernanza para la innovaci\u00f3n en el sector acu\u00edcola en el Per\u00fa<\/span><\/li><li><span style=\"color: #54595f;\"><a style=\"color: #54595f;\" href=\"https:\/\/firmaonline.org\/xifirma\/ponente\/trond-bjorndal\/\" target=\"_blank\" rel=\"noopener\"><strong>Trond Bjorndal<\/strong><\/a><\/span> (SNF Centre for Applied Research, Noruega) &#8211; <span style=\"color: #271a72;\">Aquaculture governance in Norway<\/span><\/li><li><a href=\"https:\/\/firmaonline.org\/xifirma\/ponente\/felipe-matias\/\" target=\"_blank\" rel=\"noopener\"><strong><span style=\"color: #54595f;\">Felipe Matias<\/span><\/strong><\/a> (RAQUA \/ Consultores Associados LTDA, Brasil) &#8211; <span style=\"color: #271a72;\">Gobernanza de la Acuicultura en Brasil: Realidades y Desaf\u00edos para un Desarrollo Sostenible<\/span><\/li><li><a href=\"https:\/\/firmaonline.org\/xifirma\/ponente\/antonio-garza-de-yta\/\" target=\"_blank\" rel=\"noopener\"><strong><span style=\"color: #54595f;\">Antonio Garza de Yta<\/span><\/strong><\/a> (Acuicultura sin Fronteras, M\u00e9xico) &#8211;<span style=\"color: #271a72;\"> Gobernanza de la acuacultura en M\u00e9xico: Realidades, retos y oportunidades<\/span><\/li><\/ul>\t\t\t\t\t\t<\/div>\n\t\t\t\t<\/div>\n\t\t\t\t<div class=\"elementor-element elementor-element-3705a24 elementor-widget elementor-widget-text-editor\" data-id=\"3705a24\" data-element_type=\"widget\" data-widget_type=\"text-editor.default\">\n\t\t\t\t<div class=\"elementor-widget-container\">\n\t\t\t\t\t\t\t<p>Coordinador: <a href=\"https:\/\/firmaonline.org\/xifirma\/ponente\/carlos-wurmann\/\" target=\"_blank\" rel=\"noopener\"><span style=\"color: #54595f;\"><strong>Carlos Wurmann <\/strong><\/span><\/a>(Centro Internacional de Estudios Estrat\u00e9gicos para la Acuicultura, Chile)<\/p><ul><li><span style=\"color: #54595f;\"><a style=\"color: #54595f;\" href=\"https:\/\/firmaonline.org\/xifirma\/ponente\/hans-gomez\/\" target=\"_blank\" rel=\"noopener\"><strong>Hans G\u00f3mez<\/strong><\/a><\/span> (Programa Nacional de Innovaci\u00f3n en Pesca y Acuicultura, Per\u00fa) &#8211; <span style=\"color: #271a72;\">Avances y desaf\u00edos en el fomento de la gobernanza para la innovaci\u00f3n en el sector acu\u00edcola en el Per\u00fa<\/span><\/li><li><span style=\"color: #54595f;\"><a style=\"color: #54595f;\" href=\"https:\/\/firmaonline.org\/xifirma\/ponente\/trond-bjorndal\/\" target=\"_blank\" rel=\"noopener\"><strong>Trond Bjorndal<\/strong><\/a><\/span> (SNF Centre for Applied Research, Noruega) &#8211; <span style=\"color: #271a72;\">Aquaculture governance in Norway<\/span><\/li><li><a href=\"https:\/\/firmaonline.org\/xifirma\/ponente\/felipe-matias\/\" target=\"_blank\" rel=\"noopener\"><strong><span style=\"color: #54595f;\">Felipe Matias<\/span><\/strong><\/a> (RAQUA \/ Consultores Associados LTDA, Brasil) &#8211; <span style=\"color: #271a72;\">Gobernanza de la Acuicultura en Brasil: Realidades y Desaf\u00edos para un Desarrollo Sostenible<\/span><\/li><li><a href=\"https:\/\/firmaonline.org\/xifirma\/ponente\/humberto-villarreal\/\" target=\"_blank\" rel=\"noopener\"><strong><span style=\"color: #54595f;\">Humberto Villarreal<\/span><\/strong><\/a> (Centro de Investigaciones Biol\u00f3gicas del Noroeste &#8211; CIBNOR, M\u00e9xico) &#8211; <span style=\"color: #271a72;\">Situaci\u00f3n actual y perspectivas de la acuicultura en el mundo y su impacto en M\u00e9xico<\/span><\/li><\/ul>\t\t\t\t\t\t<\/div>\n\t\t\t\t<\/div>\n\t\t\t\t\t<\/div>\n\t\t<\/div>\n\t\t\t\t\t\t\t<\/div>\n\t\t<\/section>\n\t\t\t\t<section data-particle_enable=\"false\" data-particle-mobile-disabled=\"false\" class=\"elementor-section elementor-top-section elementor-element elementor-element-52e1608 elementor-section-boxed elementor-section-height-default elementor-section-height-default\" data-id=\"52e1608\" data-element_type=\"section\">\n\t\t\t\t\t\t<div class=\"elementor-container elementor-column-gap-default\">\n\t\t\t\t\t<div class=\"elementor-column elementor-col-100 elementor-top-column elementor-element elementor-element-956527e\" data-id=\"956527e\" data-element_type=\"column\">\n\t\t\t<div class=\"elementor-widget-wrap elementor-element-populated\">\n\t\t\t\t\t\t\t\t<div class=\"elementor-element elementor-element-801dda2 elementor-widget elementor-widget-heading\" data-id=\"801dda2\" data-element_type=\"widget\" data-widget_type=\"heading.default\">\n\t\t\t\t<div class=\"elementor-widget-container\">\n\t\t\t<h2 class=\"elementor-heading-title elementor-size-default\"><span style=\"color:#271A72\">&bull;<\/span> Clausura<\/h2>\t\t<\/div>\n\t\t\t\t<\/div>\n\t\t\t\t<div class=\"elementor-element elementor-element-f4ecae0 eael-tooltip-align-left eael-tooltip-text-align-left elementor-widget elementor-widget-eael-tooltip\" data-id=\"f4ecae0\" data-element_type=\"widget\" data-widget_type=\"eael-tooltip.default\">\n\t\t\t\t<div class=\"elementor-widget-container\">\n\t\t\t\t<div class=\"eael-tooltip\">\n\t\t\t\t\t<span class=\"eael-tooltip-content\"><p><a title=\"\" data-toggle=\"tooltip\" data-placement=\"bottom\" data-html=\"true\" data-original-title=\"7:00 (GMT-8) Baja California - Ensenada&lt;br&gt;            9:00 (GMT-6) M\u00e9xico y Centroam\u00e9rica&lt;br&gt;            10:00 (GMT-5) Ecuador, Colombia, Panam\u00e1, Per\u00fa&lt;br&gt;            11:00 (GMT-4) Venezuela, Bolivia, Cuba, Rep. Dominicana&lt;br&gt;            12:00 (GMT-3) Uruguay, Argentina, Chile, Brasil-Sao Paulo&lt;br&gt;            16:00 (GMT+1) Espa\u00f1a\">17:30 Pan\/Col\/Ecu\/Per\u00fa (Ver otros horarios)<\/a><\/p><\/span>\n  \t\t\t<span class=\"eael-tooltip-text eael-tooltip-bottom\"><p>14:30 (GMT-8) Baja California - Ensenada<br \/>16:30 (GMT-6) M\u00e9xico y Centroam\u00e9rica<\/p><p>17:30 (GMT-5) Ecuador, Colombia, Panam\u00e1 y Per\u00fa<\/p><p>18:30 (GMT-4) Venezuela, Bolivia, Cuba, Rep. Dominicana<\/p><p>19:30 (GMT-3) Uruguay, Argentina, Chile, Brasil-Sao Paulo<\/p><p>23:30 (GMT+1) Espa\u00f1a<\/p><\/span>\n  \t\t\t<\/div>\n\t\t\t<\/div>\n\t\t\t\t<\/div>\n\t\t\t\t<div class=\"elementor-element elementor-element-7407e66 elementor-widget elementor-widget-text-editor\" data-id=\"7407e66\" data-element_type=\"widget\" data-widget_type=\"text-editor.default\">\n\t\t\t\t<div class=\"elementor-widget-container\">\n\t\t\t\t\t\t\t<ul><li>Premiaci\u00f3n a los mejores trabajos cient\u00edficos<\/li><li>Premiaci\u00f3n del concurso II PhotoFirma<\/li><li>Conclusiones<\/li><\/ul>\t\t\t\t\t\t<\/div>\n\t\t\t\t<\/div>\n\t\t\t\t\t<\/div>\n\t\t<\/div>\n\t\t\t\t\t\t\t<\/div>\n\t\t<\/section>\n\t\t\t\t\t\t\t<\/div>\n\t\t","protected":false},"excerpt":{"rendered":"<p>Viernes 25 de noviembre &bull; Sesi\u00f3n 11: Sostenibilidad en acuicultura 9:00 Pan\/Col\/Ecu\/Per\u00fa (Ver otros horarios) 6:00 (GMT-8) Baja California &#8211; Ensenada8:00 (GMT-6) M\u00e9xico y Centroam\u00e9rica 9:00 (GMT-5) Ecuador, Colombia, Panam\u00e1 y Per\u00fa 10:00 (GMT-4) Venezuela, Bolivia, Cuba, Rep. Dominicana 11:00 (GMT-3) Uruguay, Argentina, Chile, Brasil-Sao Paulo 15:00 (GMT+1) Espa\u00f1a Coordinador: Sergio Zimmermann (Zimmermann Aqua Solutions, &#8230; <a title=\"Viernes 25\" class=\"read-more\" href=\"https:\/\/firmaonline.org\/xifirma\/viernes-25\/\" aria-label=\"M\u00e1s en Viernes 25\">Leer m\u00e1s<\/a><\/p>\n","protected":false},"author":1,"featured_media":0,"parent":0,"menu_order":0,"comment_status":"closed","ping_status":"closed","template":"elementor_header_footer","meta":{"footnotes":""},"class_list":["post-371","page","type-page","status-publish"],"acf":[],"_links":{"self":[{"href":"https:\/\/firmaonline.org\/xifirma\/wp-json\/wp\/v2\/pages\/371","targetHints":{"allow":["GET"]}}],"collection":[{"href":"https:\/\/firmaonline.org\/xifirma\/wp-json\/wp\/v2\/pages"}],"about":[{"href":"https:\/\/firmaonline.org\/xifirma\/wp-json\/wp\/v2\/types\/page"}],"author":[{"embeddable":true,"href":"https:\/\/firmaonline.org\/xifirma\/wp-json\/wp\/v2\/users\/1"}],"replies":[{"embeddable":true,"href":"https:\/\/firmaonline.org\/xifirma\/wp-json\/wp\/v2\/comments?post=371"}],"version-history":[{"count":83,"href":"https:\/\/firmaonline.org\/xifirma\/wp-json\/wp\/v2\/pages\/371\/revisions"}],"predecessor-version":[{"id":4359,"href":"https:\/\/firmaonline.org\/xifirma\/wp-json\/wp\/v2\/pages\/371\/revisions\/4359"}],"wp:attachment":[{"href":"https:\/\/firmaonline.org\/xifirma\/wp-json\/wp\/v2\/media?parent=371"}],"curies":[{"name":"wp","href":"https:\/\/api.w.org\/{rel}","templated":true}]}}