{"id":373,"date":"2022-01-25T10:39:24","date_gmt":"2022-01-25T10:39:24","guid":{"rendered":"https:\/\/firmaonline.org\/xifirma\/?page_id=373"},"modified":"2022-11-09T22:30:26","modified_gmt":"2022-11-09T22:30:26","slug":"miercoles-23","status":"publish","type":"page","link":"https:\/\/firmaonline.org\/xifirma\/miercoles-23\/","title":{"rendered":"Mi\u00e9rcoles 23"},"content":{"rendered":"\t\t<div data-elementor-type=\"wp-page\" data-elementor-id=\"373\" class=\"elementor elementor-373\">\n\t\t\t\t\t\t\t\t\t<section data-particle_enable=\"false\" data-particle-mobile-disabled=\"false\" class=\"elementor-section elementor-top-section elementor-element elementor-element-5aee693 elementor-section-full_width elementor-section-height-min-height elementor-section-content-middle elementor-section-stretched elementor-section-height-default elementor-section-items-middle\" data-id=\"5aee693\" data-element_type=\"section\" data-settings=\"{&quot;stretch_section&quot;:&quot;section-stretched&quot;,&quot;background_background&quot;:&quot;classic&quot;}\">\n\t\t\t\t\t\t<div class=\"elementor-container elementor-column-gap-default\">\n\t\t\t\t\t<div class=\"elementor-column elementor-col-100 elementor-top-column elementor-element elementor-element-ccba5c1\" data-id=\"ccba5c1\" data-element_type=\"column\">\n\t\t\t<div class=\"elementor-widget-wrap elementor-element-populated\">\n\t\t\t\t\t\t\t\t<div class=\"elementor-element elementor-element-8fac9aa elementor-widget elementor-widget-heading\" data-id=\"8fac9aa\" data-element_type=\"widget\" data-widget_type=\"heading.default\">\n\t\t\t\t<div class=\"elementor-widget-container\">\n\t\t\t<style>\/*! elementor - v3.6.6 - 08-06-2022 *\/\n.elementor-heading-title{padding:0;margin:0;line-height:1}.elementor-widget-heading .elementor-heading-title[class*=elementor-size-]>a{color:inherit;font-size:inherit;line-height:inherit}.elementor-widget-heading .elementor-heading-title.elementor-size-small{font-size:15px}.elementor-widget-heading .elementor-heading-title.elementor-size-medium{font-size:19px}.elementor-widget-heading .elementor-heading-title.elementor-size-large{font-size:29px}.elementor-widget-heading .elementor-heading-title.elementor-size-xl{font-size:39px}.elementor-widget-heading .elementor-heading-title.elementor-size-xxl{font-size:59px}<\/style><h1 class=\"elementor-heading-title elementor-size-default\">Mi\u00e9rcoles 23 de noviembre<\/h1>\t\t<\/div>\n\t\t\t\t<\/div>\n\t\t\t\t\t<\/div>\n\t\t<\/div>\n\t\t\t\t\t\t\t<\/div>\n\t\t<\/section>\n\t\t\t\t<section data-particle_enable=\"false\" data-particle-mobile-disabled=\"false\" class=\"elementor-section elementor-top-section elementor-element elementor-element-5fc61fb elementor-section-boxed elementor-section-height-default elementor-section-height-default\" data-id=\"5fc61fb\" data-element_type=\"section\">\n\t\t\t\t\t\t<div class=\"elementor-container elementor-column-gap-default\">\n\t\t\t\t\t<div class=\"elementor-column elementor-col-100 elementor-top-column elementor-element elementor-element-0137a35\" data-id=\"0137a35\" data-element_type=\"column\">\n\t\t\t<div class=\"elementor-widget-wrap elementor-element-populated\">\n\t\t\t\t\t\t\t\t<div class=\"elementor-element elementor-element-ca19474 elementor-widget elementor-widget-heading\" data-id=\"ca19474\" data-element_type=\"widget\" data-widget_type=\"heading.default\">\n\t\t\t\t<div class=\"elementor-widget-container\">\n\t\t\t<h2 class=\"elementor-heading-title elementor-size-default\"><span style=\"color:#271A72\">&bull;<\/span> Sesi\u00f3n 7: Innovaciones disruptivas en acuicultura<\/h2>\t\t<\/div>\n\t\t\t\t<\/div>\n\t\t\t\t<div class=\"elementor-element elementor-element-2c752d9 eael-tooltip-align-left eael-tooltip-text-align-left elementor-widget elementor-widget-eael-tooltip\" data-id=\"2c752d9\" data-element_type=\"widget\" data-widget_type=\"eael-tooltip.default\">\n\t\t\t\t<div class=\"elementor-widget-container\">\n\t\t\t\t<div class=\"eael-tooltip\">\n\t\t\t\t\t<span class=\"eael-tooltip-content\"><p><a title=\"\" data-toggle=\"tooltip\" data-placement=\"bottom\" data-html=\"true\" data-original-title=\"7:00 (GMT-8) Baja California - Ensenada&lt;br&gt;            9:00 (GMT-6) M\u00e9xico y Centroam\u00e9rica&lt;br&gt;            10:00 (GMT-5) Ecuador, Colombia, Panam\u00e1, Per\u00fa&lt;br&gt;            11:00 (GMT-4) Venezuela, Bolivia, Cuba, Rep. Dominicana&lt;br&gt;            12:00 (GMT-3) Uruguay, Argentina, Chile, Brasil-Sao Paulo&lt;br&gt;            16:00 (GMT+1) Espa\u00f1a\">9:00 Pan\/Col\/Ecu\/Per\u00fa (Ver otros horarios)<\/a><\/p><\/span>\n  \t\t\t<span class=\"eael-tooltip-text eael-tooltip-bottom\"><p>6:00 (GMT-8) Baja California - Ensenada<br \/>8:00 (GMT-6) M\u00e9xico y Centroam\u00e9rica<\/p><p>9:00 (GMT-5) Ecuador, Colombia, Panam\u00e1 y Per\u00fa<\/p><p>10:00 (GMT-4) Venezuela, Bolivia, Cuba, Rep. Dominicana<\/p><p>11:00 (GMT-3) Uruguay, Argentina, Chile, Brasil-Sao Paulo<\/p><p>15:00 (GMT+1) Espa\u00f1a<\/p><\/span>\n  \t\t\t<\/div>\n\t\t\t<\/div>\n\t\t\t\t<\/div>\n\t\t\t\t<div class=\"elementor-element elementor-element-03f4610 elementor-widget elementor-widget-text-editor\" data-id=\"03f4610\" data-element_type=\"widget\" data-widget_type=\"text-editor.default\">\n\t\t\t\t<div class=\"elementor-widget-container\">\n\t\t\t<style>\/*! elementor - v3.6.6 - 08-06-2022 *\/\n.elementor-widget-text-editor.elementor-drop-cap-view-stacked .elementor-drop-cap{background-color:#818a91;color:#fff}.elementor-widget-text-editor.elementor-drop-cap-view-framed .elementor-drop-cap{color:#818a91;border:3px solid;background-color:transparent}.elementor-widget-text-editor:not(.elementor-drop-cap-view-default) .elementor-drop-cap{margin-top:8px}.elementor-widget-text-editor:not(.elementor-drop-cap-view-default) .elementor-drop-cap-letter{width:1em;height:1em}.elementor-widget-text-editor .elementor-drop-cap{float:left;text-align:center;line-height:1;font-size:50px}.elementor-widget-text-editor .elementor-drop-cap-letter{display:inline-block}<\/style>\t\t\t\t<p>Coordinador:\u00a0<a href=\"https:\/\/firmaonline.org\/xifirma\/ponente\/marcos-de-donato\/\" target=\"_blank\" rel=\"noopener\"><strong><span style=\"color: #54595f;\">Marcos De Donato<\/span><\/strong><\/a> (The Center for Aquaculture Technologies, M\u00e9xico)<\/p><ul><li><span style=\"color: #54595f;\"><a style=\"color: #54595f;\" href=\"https:\/\/firmaonline.org\/xifirma\/ponente\/adriana-artiles\/\" target=\"_blank\" rel=\"noopener\"><strong>Adriana Artiles <\/strong><\/a><\/span>(The Center for Aquaculture Technologies, USA) &#8211; <span style=\"color: #271a72;\">Tecnolog\u00edas disruptivas en acuicultura<\/span><\/li><li><a href=\"https:\/\/firmaonline.org\/xifirma\/ponente\/ivan-ramirez\/\"><span style=\"color: #54595f;\"><strong>Iv\u00e1n Ram\u00edrez<\/strong><\/span><\/a> (Larvia, Ecuador) &#8211; <span style=\"color: #271a72;\">Uso de inteligencia artificial para maximizar resultados en cultivo de camar\u00f3n<\/span><\/li><li><span style=\"color: #54595f;\"><a style=\"color: #54595f;\" href=\"https:\/\/firmaonline.org\/xifirma\/ponente\/marcos-de-donato\/\" target=\"_blank\" rel=\"noopener\"><strong>Marcos De Donato<\/strong><\/a><\/span> (The Center for Aquaculture Technologies, M\u00e9xico) &#8211; <span style=\"color: #271a72;\">Nuevas tecnolog\u00edas para el diagn\u00f3stico de pat\u00f3genos en acuicultura<\/span><\/li><li><a href=\"https:\/\/firmaonline.org\/xifirma\/ponente\/manuel-vial-comber\/\" target=\"_blank\" rel=\"noopener\"><span style=\"color: #54595f;\"><strong>Manuel Vial Comber<\/strong><\/span><\/a> (Kran, Chile) &#8211; <span style=\"color: #271a72;\">Sanidad, Vida \u00datil y medioambiente: Nanoburbujas y su aplicabilidad en la industria Acu\u00edcola<\/span><\/li><li><span style=\"color: #54595f;\"><a style=\"color: #54595f;\" href=\"https:\/\/firmaonline.org\/xifirma\/ponente\/mara-thomas\/\" target=\"_blank\" rel=\"noopener\"><strong>Mara Thomas<\/strong><\/a><\/span> (Proteon Pharmaceuticals, Polonia) &#8211; <span style=\"color: #271a72;\">Los bacteri\u00f3fagos como herramienta innovadora para hacer frente a la resistencia a los antimicrobianos en la acuicultura<\/span><\/li><li><span style=\"color: #54595f;\"><a style=\"color: #54595f;\" href=\"https:\/\/firmaonline.org\/xifirma\/ponente\/raul-ramirez\/\" target=\"_blank\" rel=\"noopener\"><strong>Ra\u00fal Ram\u00edrez<\/strong><\/a><\/span> (ADM-Aquaculture, Ecuador) &#8211; <span style=\"color: #271a72;\">Herramientas moleculares y su potencial utilizaci\u00f3n para la formulaci\u00f3n de dietas<\/span><\/li><\/ul>\t\t\t\t\t\t<\/div>\n\t\t\t\t<\/div>\n\t\t\t\t\t<\/div>\n\t\t<\/div>\n\t\t\t\t\t\t\t<\/div>\n\t\t<\/section>\n\t\t\t\t<section data-particle_enable=\"false\" data-particle-mobile-disabled=\"false\" class=\"elementor-section elementor-top-section elementor-element elementor-element-152334d elementor-section-boxed elementor-section-height-default elementor-section-height-default\" data-id=\"152334d\" data-element_type=\"section\">\n\t\t\t\t\t\t<div class=\"elementor-container elementor-column-gap-default\">\n\t\t\t\t\t<div class=\"elementor-column elementor-col-100 elementor-top-column elementor-element elementor-element-7abd8d4\" data-id=\"7abd8d4\" data-element_type=\"column\">\n\t\t\t<div class=\"elementor-widget-wrap elementor-element-populated\">\n\t\t\t\t\t\t\t\t<div class=\"elementor-element elementor-element-f1d17a4 elementor-widget elementor-widget-heading\" data-id=\"f1d17a4\" data-element_type=\"widget\" data-widget_type=\"heading.default\">\n\t\t\t\t<div class=\"elementor-widget-container\">\n\t\t\t<h2 class=\"elementor-heading-title elementor-size-default\"><span style=\"color:#271A72\">&bull;<\/span> Conferencia Magistral<\/h2>\t\t<\/div>\n\t\t\t\t<\/div>\n\t\t\t\t<div class=\"elementor-element elementor-element-df969a2 eael-tooltip-align-left eael-tooltip-text-align-left elementor-widget elementor-widget-eael-tooltip\" data-id=\"df969a2\" data-element_type=\"widget\" data-widget_type=\"eael-tooltip.default\">\n\t\t\t\t<div class=\"elementor-widget-container\">\n\t\t\t\t<div class=\"eael-tooltip\">\n\t\t\t\t\t<span class=\"eael-tooltip-content\"><p><a title=\"\" data-toggle=\"tooltip\" data-placement=\"bottom\" data-html=\"true\" data-original-title=\"7:00 (GMT-8) Baja California - Ensenada&lt;br&gt;            9:00 (GMT-6) M\u00e9xico y Centroam\u00e9rica&lt;br&gt;            10:00 (GMT-5) Ecuador, Colombia, Panam\u00e1, Per\u00fa&lt;br&gt;            11:00 (GMT-4) Venezuela, Bolivia, Cuba, Rep. Dominicana&lt;br&gt;            12:00 (GMT-3) Uruguay, Argentina, Chile, Brasil-Sao Paulo&lt;br&gt;            16:00 (GMT+1) Espa\u00f1a\">12:00 Pan\/Col\/Ecu\/Per\u00fa (Ver otros horarios)<\/a><\/p><\/span>\n  \t\t\t<span class=\"eael-tooltip-text eael-tooltip-bottom\"><p>9:00 (GMT-8) Baja California - Ensenada<br \/>11:00 (GMT-6) M\u00e9xico y Centroam\u00e9rica<\/p><p>12:00 (GMT-5) Ecuador, Colombia, Panam\u00e1 y Per\u00fa<\/p><p>13:00 (GMT-4) Venezuela, Bolivia, Cuba, Rep. Dominicana<\/p><p>14:00 (GMT-3) Uruguay, Argentina, Chile, Brasil-Sao Paulo<\/p><p>18:00 (GMT+1) Espa\u00f1a<\/p><\/span>\n  \t\t\t<\/div>\n\t\t\t<\/div>\n\t\t\t\t<\/div>\n\t\t\t\t<div class=\"elementor-element elementor-element-0682f46 elementor-widget elementor-widget-text-editor\" data-id=\"0682f46\" data-element_type=\"widget\" data-widget_type=\"text-editor.default\">\n\t\t\t\t<div class=\"elementor-widget-container\">\n\t\t\t\t\t\t\t<ul><li><p><span style=\"color: #54595f;\"><a style=\"color: #54595f;\" href=\"https:\/\/firmaonline.org\/xifirma\/ponente\/dana-johnson-downing\/\" target=\"_blank\" rel=\"noopener\"><strong>Dana Johnson Downing<\/strong><\/a> <\/span>(VP International Programs, North American Renders Association, USA)<br \/><span style=\"color: #271a72;\">Fuentes de prote\u00edna sostenible. La funci\u00f3n de rendimiento<\/span><\/p><\/li><\/ul>\t\t\t\t\t\t<\/div>\n\t\t\t\t<\/div>\n\t\t\t\t\t<\/div>\n\t\t<\/div>\n\t\t\t\t\t\t\t<\/div>\n\t\t<\/section>\n\t\t\t\t<section data-particle_enable=\"false\" data-particle-mobile-disabled=\"false\" class=\"elementor-section elementor-top-section elementor-element elementor-element-7ac0943 elementor-section-boxed elementor-section-height-default elementor-section-height-default\" data-id=\"7ac0943\" data-element_type=\"section\">\n\t\t\t\t\t\t<div class=\"elementor-container elementor-column-gap-default\">\n\t\t\t\t\t<div class=\"elementor-column elementor-col-100 elementor-top-column elementor-element elementor-element-50acd77\" data-id=\"50acd77\" data-element_type=\"column\">\n\t\t\t<div class=\"elementor-widget-wrap elementor-element-populated\">\n\t\t\t\t\t\t\t\t<div class=\"elementor-element elementor-element-fbd769c elementor-widget elementor-widget-heading\" data-id=\"fbd769c\" data-element_type=\"widget\" data-widget_type=\"heading.default\">\n\t\t\t\t<div class=\"elementor-widget-container\">\n\t\t\t<h2 class=\"elementor-heading-title elementor-size-default\"><span style=\"color:#271A72\">&bull;<\/span> Descanso<\/h2>\t\t<\/div>\n\t\t\t\t<\/div>\n\t\t\t\t<div class=\"elementor-element elementor-element-e8d29bb eael-tooltip-align-left eael-tooltip-text-align-left elementor-widget elementor-widget-eael-tooltip\" data-id=\"e8d29bb\" data-element_type=\"widget\" data-widget_type=\"eael-tooltip.default\">\n\t\t\t\t<div class=\"elementor-widget-container\">\n\t\t\t\t<div class=\"eael-tooltip\">\n\t\t\t\t\t<span class=\"eael-tooltip-content\"><p><a title=\"\" data-toggle=\"tooltip\" data-placement=\"bottom\" data-html=\"true\" data-original-title=\"7:00 (GMT-8) Baja California - Ensenada&lt;br&gt;            9:00 (GMT-6) M\u00e9xico y Centroam\u00e9rica&lt;br&gt;            10:00 (GMT-5) Ecuador, Colombia, Panam\u00e1, Per\u00fa&lt;br&gt;            11:00 (GMT-4) Venezuela, Bolivia, Cuba, Rep. Dominicana&lt;br&gt;            12:00 (GMT-3) Uruguay, Argentina, Chile, Brasil-Sao Paulo&lt;br&gt;            16:00 (GMT+1) Espa\u00f1a\">13:00 Pan\/Col\/Ecu\/Per\u00fa (Ver otros horarios)<\/a><\/p><\/span>\n  \t\t\t<span class=\"eael-tooltip-text eael-tooltip-bottom\"><p>10:00 (GMT-8) Baja California - Ensenada<br \/>12:00 (GMT-6) M\u00e9xico y Centroam\u00e9rica<\/p><p>13:00 (GMT-5) Ecuador, Colombia, Panam\u00e1 y Per\u00fa<\/p><p>14:00 (GMT-4) Venezuela, Bolivia, Cuba, Rep. Dominicana<\/p><p>15:00 (GMT-3) Uruguay, Argentina, Chile, Brasil-Sao Paulo<\/p><p>19:00 (GMT+1) Espa\u00f1a<\/p><\/span>\n  \t\t\t<\/div>\n\t\t\t<\/div>\n\t\t\t\t<\/div>\n\t\t\t\t\t<\/div>\n\t\t<\/div>\n\t\t\t\t\t\t\t<\/div>\n\t\t<\/section>\n\t\t\t\t<section data-particle_enable=\"false\" data-particle-mobile-disabled=\"false\" class=\"elementor-section elementor-top-section elementor-element elementor-element-63f9149 elementor-section-boxed elementor-section-height-default elementor-section-height-default\" data-id=\"63f9149\" data-element_type=\"section\">\n\t\t\t\t\t\t<div class=\"elementor-container elementor-column-gap-default\">\n\t\t\t\t\t<div class=\"elementor-column elementor-col-100 elementor-top-column elementor-element elementor-element-24b3f2d\" data-id=\"24b3f2d\" data-element_type=\"column\">\n\t\t\t<div class=\"elementor-widget-wrap elementor-element-populated\">\n\t\t\t\t\t\t\t\t<div class=\"elementor-element elementor-element-71ab906 elementor-widget elementor-widget-heading\" data-id=\"71ab906\" data-element_type=\"widget\" data-widget_type=\"heading.default\">\n\t\t\t\t<div class=\"elementor-widget-container\">\n\t\t\t<h2 class=\"elementor-heading-title elementor-size-default\"><span style=\"color:#271A72\">&bull;<\/span> Sesi\u00f3n 8: Simposio sobre actualidades de nutrici\u00f3n <\/h2>\t\t<\/div>\n\t\t\t\t<\/div>\n\t\t\t\t<div class=\"elementor-element elementor-element-00c8792 eael-tooltip-align-left eael-tooltip-text-align-left elementor-widget elementor-widget-eael-tooltip\" data-id=\"00c8792\" data-element_type=\"widget\" data-widget_type=\"eael-tooltip.default\">\n\t\t\t\t<div class=\"elementor-widget-container\">\n\t\t\t\t<div class=\"eael-tooltip\">\n\t\t\t\t\t<span class=\"eael-tooltip-content\"><p><a title=\"\" data-toggle=\"tooltip\" data-placement=\"bottom\" data-html=\"true\" data-original-title=\"7:00 (GMT-8) Baja California - Ensenada&lt;br&gt;            9:00 (GMT-6) M\u00e9xico y Centroam\u00e9rica&lt;br&gt;            10:00 (GMT-5) Ecuador, Colombia, Panam\u00e1, Per\u00fa&lt;br&gt;            11:00 (GMT-4) Venezuela, Bolivia, Cuba, Rep. Dominicana&lt;br&gt;            12:00 (GMT-3) Uruguay, Argentina, Chile, Brasil-Sao Paulo&lt;br&gt;            16:00 (GMT+1) Espa\u00f1a\">15:00 Pan\/Col\/Ecu\/Per\u00fa (Ver otros horarios)<\/a><\/p><\/span>\n  \t\t\t<span class=\"eael-tooltip-text eael-tooltip-bottom\"><p>12:00 (GMT-8) Baja California - Ensenada<br \/>14:00 (GMT-6) M\u00e9xico y Centroam\u00e9rica<\/p><p>15:00 (GMT-5) Ecuador, Colombia, Panam\u00e1 y Per\u00fa<\/p><p>16:00 (GMT-4) Venezuela, Bolivia, Cuba, Rep. Dominicana<\/p><p>17:00 (GMT-3) Uruguay, Argentina, Chile, Brasil-Sao Paulo<\/p><p>21:00 (GMT+1) Espa\u00f1a<\/p><\/span>\n  \t\t\t<\/div>\n\t\t\t<\/div>\n\t\t\t\t<\/div>\n\t\t\t\t<div class=\"elementor-element elementor-element-5552620 elementor-widget elementor-widget-text-editor\" data-id=\"5552620\" data-element_type=\"widget\" data-widget_type=\"text-editor.default\">\n\t\t\t\t<div class=\"elementor-widget-container\">\n\t\t\t\t\t\t\t<p>Coordinadora: <a href=\"https:\/\/firmaonline.org\/xifirma\/ponente\/maria-teresa-viana-castrillon\/\" target=\"_blank\" rel=\"noopener\"><span style=\"color: #54595f;\"><strong>Mar\u00eda Teresa Viana <\/strong><\/span><\/a>(Universidad Aut\u00f3noma de Baja California, M\u00e9xico)<\/p><ul><li><span style=\"color: #54595f;\"><strong><span style=\"color: #54595f;\"><a style=\"color: #54595f;\" href=\"https:\/\/firmaonline.org\/xifirma\/ponente\/bruno-araujo\/\" target=\"_blank\" rel=\"noopener\">Bruno Araujo<\/a><\/span><\/strong> (Cawthron Institute, Nueva Zelanda) &#8211; <span style=\"color: #271a72;\">Dietas para camar\u00f3n sin aceite de pescado<\/span><\/span><\/li><li><span style=\"color: #54595f;\"><a style=\"color: #54595f;\" href=\"https:\/\/firmaonline.org\/xifirma\/ponente\/maria-teresa-viana-castrillon\/\" target=\"_blank\" rel=\"noopener\"><strong>Mar\u00eda Teresa Viana<\/strong><\/a><\/span> (Universidad Aut\u00f3noma de Baja California, M\u00e9xico) &#8211;<span style=\"color: #271a72;\"> Dietas sin harina de pescado, estrategia en los ingredientes disponibles<\/span><\/li><li><span style=\"color: #54595f;\"><a style=\"color: #54595f;\" href=\"https:\/\/firmaonline.org\/xifirma\/ponente\/martha-gabriela-gaxiola-cortes\/\" target=\"_blank\" rel=\"noopener\"><strong>Gabriela Gaxiola<\/strong><\/a><\/span> (UNAM, M\u00e9xico) &#8211; <span style=\"color: #271a72;\">Efecto de vitaminas hidrosolubles sobre el estado de salud y la calidad espermatica de machos de Camar\u00f3n<\/span><\/li><li><span style=\"color: #54595f;\"><strong>Mesa Redonda<\/strong><\/span> &#8211; <span style=\"color: #271a72;\">Usos de las harinas de rendimiento<\/span><\/li><\/ul>\t\t\t\t\t\t<\/div>\n\t\t\t\t<\/div>\n\t\t\t\t\t<\/div>\n\t\t<\/div>\n\t\t\t\t\t\t\t<\/div>\n\t\t<\/section>\n\t\t\t\t<section data-particle_enable=\"false\" data-particle-mobile-disabled=\"false\" class=\"elementor-section elementor-top-section elementor-element elementor-element-0b45b3a elementor-section-boxed elementor-section-height-default elementor-section-height-default\" data-id=\"0b45b3a\" data-element_type=\"section\">\n\t\t\t\t\t\t<div class=\"elementor-container elementor-column-gap-default\">\n\t\t\t\t\t<div class=\"elementor-column elementor-col-100 elementor-top-column elementor-element elementor-element-d3718c5\" data-id=\"d3718c5\" data-element_type=\"column\">\n\t\t\t<div class=\"elementor-widget-wrap elementor-element-populated\">\n\t\t\t\t\t\t\t\t<div class=\"elementor-element elementor-element-3e5b832 elementor-widget elementor-widget-heading\" data-id=\"3e5b832\" data-element_type=\"widget\" data-widget_type=\"heading.default\">\n\t\t\t\t<div class=\"elementor-widget-container\">\n\t\t\t<h2 class=\"elementor-heading-title elementor-size-default\"><span style=\"color:#271A72\">&bull;<\/span> P\u00f3steres <span style=\"color:#54595F; font-size:0.5em;\">(Todo el d\u00eda)<\/span> <\/h2>\t\t<\/div>\n\t\t\t\t<\/div>\n\t\t\t\t\t<\/div>\n\t\t<\/div>\n\t\t\t\t\t\t\t<\/div>\n\t\t<\/section>\n\t\t\t\t\t\t\t<\/div>\n\t\t","protected":false},"excerpt":{"rendered":"<p>Mi\u00e9rcoles 23 de noviembre &bull; Sesi\u00f3n 7: Innovaciones disruptivas en acuicultura 9:00 Pan\/Col\/Ecu\/Per\u00fa (Ver otros horarios) 6:00 (GMT-8) Baja California &#8211; Ensenada8:00 (GMT-6) M\u00e9xico y Centroam\u00e9rica 9:00 (GMT-5) Ecuador, Colombia, Panam\u00e1 y Per\u00fa 10:00 (GMT-4) Venezuela, Bolivia, Cuba, Rep. Dominicana 11:00 (GMT-3) Uruguay, Argentina, Chile, Brasil-Sao Paulo 15:00 (GMT+1) Espa\u00f1a Coordinador:\u00a0Marcos De Donato (The Center &#8230; <a title=\"Mi\u00e9rcoles 23\" class=\"read-more\" href=\"https:\/\/firmaonline.org\/xifirma\/miercoles-23\/\" aria-label=\"M\u00e1s en Mi\u00e9rcoles 23\">Leer m\u00e1s<\/a><\/p>\n","protected":false},"author":1,"featured_media":0,"parent":0,"menu_order":0,"comment_status":"closed","ping_status":"closed","template":"elementor_header_footer","meta":{"footnotes":""},"class_list":["post-373","page","type-page","status-publish"],"acf":[],"_links":{"self":[{"href":"https:\/\/firmaonline.org\/xifirma\/wp-json\/wp\/v2\/pages\/373","targetHints":{"allow":["GET"]}}],"collection":[{"href":"https:\/\/firmaonline.org\/xifirma\/wp-json\/wp\/v2\/pages"}],"about":[{"href":"https:\/\/firmaonline.org\/xifirma\/wp-json\/wp\/v2\/types\/page"}],"author":[{"embeddable":true,"href":"https:\/\/firmaonline.org\/xifirma\/wp-json\/wp\/v2\/users\/1"}],"replies":[{"embeddable":true,"href":"https:\/\/firmaonline.org\/xifirma\/wp-json\/wp\/v2\/comments?post=373"}],"version-history":[{"count":100,"href":"https:\/\/firmaonline.org\/xifirma\/wp-json\/wp\/v2\/pages\/373\/revisions"}],"predecessor-version":[{"id":4177,"href":"https:\/\/firmaonline.org\/xifirma\/wp-json\/wp\/v2\/pages\/373\/revisions\/4177"}],"wp:attachment":[{"href":"https:\/\/firmaonline.org\/xifirma\/wp-json\/wp\/v2\/media?parent=373"}],"curies":[{"name":"wp","href":"https:\/\/api.w.org\/{rel}","templated":true}]}}