{"id":3818,"date":"2022-10-13T22:18:13","date_gmt":"2022-10-13T22:18:13","guid":{"rendered":"https:\/\/firmaonline.org\/xifirma\/?page_id=3818"},"modified":"2022-11-21T13:37:49","modified_gmt":"2022-11-21T13:37:49","slug":"curso-22","status":"publish","type":"page","link":"https:\/\/firmaonline.org\/xifirma\/curso-22\/","title":{"rendered":"Curso-22"},"content":{"rendered":"\t\t<div data-elementor-type=\"wp-page\" data-elementor-id=\"3818\" class=\"elementor elementor-3818\">\n\t\t\t\t\t\t\t\t\t<section data-particle_enable=\"false\" data-particle-mobile-disabled=\"false\" class=\"elementor-section elementor-top-section elementor-element elementor-element-662e8a8 elementor-section-boxed elementor-section-height-default elementor-section-height-default\" data-id=\"662e8a8\" data-element_type=\"section\">\n\t\t\t\t\t\t<div class=\"elementor-container elementor-column-gap-default\">\n\t\t\t\t\t<div class=\"elementor-column elementor-col-50 elementor-top-column elementor-element elementor-element-8a7bf72\" data-id=\"8a7bf72\" data-element_type=\"column\">\n\t\t\t<div class=\"elementor-widget-wrap elementor-element-populated\">\n\t\t\t\t\t\t\t\t<div class=\"elementor-element elementor-element-d182fe8 elementor-widget elementor-widget-image\" data-id=\"d182fe8\" data-element_type=\"widget\" data-widget_type=\"image.default\">\n\t\t\t\t<div class=\"elementor-widget-container\">\n\t\t\t<style>\/*! elementor - v3.6.6 - 08-06-2022 *\/\n.elementor-widget-image{text-align:center}.elementor-widget-image a{display:inline-block}.elementor-widget-image a img[src$=\".svg\"]{width:48px}.elementor-widget-image img{vertical-align:middle;display:inline-block}<\/style>\t\t\t\t\t\t\t\t\t\t\t\t<img loading=\"lazy\" decoding=\"async\" width=\"1024\" height=\"953\" src=\"https:\/\/firmaonline.org\/xifirma\/wp-content\/uploads\/2022\/10\/Curso-22-1-1024x953.jpg\" class=\"attachment-large size-large\" alt=\"Histolog\u00eda digital cuantitativa: Aplicaciones en organismos marinos\" srcset=\"https:\/\/firmaonline.org\/xifirma\/wp-content\/uploads\/2022\/10\/Curso-22-1-1024x953.jpg 1024w, https:\/\/firmaonline.org\/xifirma\/wp-content\/uploads\/2022\/10\/Curso-22-1-300x279.jpg 300w, https:\/\/firmaonline.org\/xifirma\/wp-content\/uploads\/2022\/10\/Curso-22-1-768x715.jpg 768w, https:\/\/firmaonline.org\/xifirma\/wp-content\/uploads\/2022\/10\/Curso-22-1.jpg 1363w\" sizes=\"auto, (max-width: 1024px) 100vw, 1024px\" \/>\t\t\t\t\t\t\t\t\t\t\t\t\t\t\t<\/div>\n\t\t\t\t<\/div>\n\t\t\t\t\t<\/div>\n\t\t<\/div>\n\t\t\t\t<div class=\"elementor-column elementor-col-50 elementor-top-column elementor-element elementor-element-1925800\" data-id=\"1925800\" data-element_type=\"column\" data-settings=\"{&quot;background_background&quot;:&quot;classic&quot;}\">\n\t\t\t<div class=\"elementor-widget-wrap elementor-element-populated\">\n\t\t\t\t\t\t\t\t<div class=\"elementor-element elementor-element-06e023a elementor-widget elementor-widget-heading\" data-id=\"06e023a\" data-element_type=\"widget\" data-widget_type=\"heading.default\">\n\t\t\t\t<div class=\"elementor-widget-container\">\n\t\t\t<style>\/*! elementor - v3.6.6 - 08-06-2022 *\/\n.elementor-heading-title{padding:0;margin:0;line-height:1}.elementor-widget-heading .elementor-heading-title[class*=elementor-size-]>a{color:inherit;font-size:inherit;line-height:inherit}.elementor-widget-heading .elementor-heading-title.elementor-size-small{font-size:15px}.elementor-widget-heading .elementor-heading-title.elementor-size-medium{font-size:19px}.elementor-widget-heading .elementor-heading-title.elementor-size-large{font-size:29px}.elementor-widget-heading .elementor-heading-title.elementor-size-xl{font-size:39px}.elementor-widget-heading .elementor-heading-title.elementor-size-xxl{font-size:59px}<\/style><h2 class=\"elementor-heading-title elementor-size-default\">Histolog\u00eda digital cuantitativa: Aplicaciones en organismos marinos<\/h2>\t\t<\/div>\n\t\t\t\t<\/div>\n\t\t\t\t<div class=\"elementor-element elementor-element-ef13f5d elementor-widget elementor-widget-heading\" data-id=\"ef13f5d\" data-element_type=\"widget\" data-widget_type=\"heading.default\">\n\t\t\t\t<div class=\"elementor-widget-container\">\n\t\t\t<h2 class=\"elementor-heading-title elementor-size-default\"><strong>Instructores:<\/strong> Jes\u00fas Antonio L\u00f3pez Carvallo y Mar\u00eda Del Carmen Rodr\u00edguez Jaramillo<\/h2>\t\t<\/div>\n\t\t\t\t<\/div>\n\t\t\t\t<div class=\"elementor-element elementor-element-f68241a elementor-widget elementor-widget-heading\" data-id=\"f68241a\" data-element_type=\"widget\" data-widget_type=\"heading.default\">\n\t\t\t\t<div class=\"elementor-widget-container\">\n\t\t\t<h2 class=\"elementor-heading-title elementor-size-default\"><strong>Duraci\u00f3n: <\/strong> 4 horas<br><strong>Modalidad: <\/strong> Online<\/h2>\t\t<\/div>\n\t\t\t\t<\/div>\n\t\t\t\t<div class=\"elementor-element elementor-element-f0f9483 elementor-widget elementor-widget-heading\" data-id=\"f0f9483\" data-element_type=\"widget\" data-widget_type=\"heading.default\">\n\t\t\t\t<div class=\"elementor-widget-container\">\n\t\t\t<h2 class=\"elementor-heading-title elementor-size-default\"><strong>Horario:<\/strong><\/h2>\t\t<\/div>\n\t\t\t\t<\/div>\n\t\t\t\t<div class=\"elementor-element elementor-element-0c61795 elementor-widget elementor-widget-text-editor\" data-id=\"0c61795\" data-element_type=\"widget\" data-widget_type=\"text-editor.default\">\n\t\t\t\t<div class=\"elementor-widget-container\">\n\t\t\t<style>\/*! elementor - v3.6.6 - 08-06-2022 *\/\n.elementor-widget-text-editor.elementor-drop-cap-view-stacked .elementor-drop-cap{background-color:#818a91;color:#fff}.elementor-widget-text-editor.elementor-drop-cap-view-framed .elementor-drop-cap{color:#818a91;border:3px solid;background-color:transparent}.elementor-widget-text-editor:not(.elementor-drop-cap-view-default) .elementor-drop-cap{margin-top:8px}.elementor-widget-text-editor:not(.elementor-drop-cap-view-default) .elementor-drop-cap-letter{width:1em;height:1em}.elementor-widget-text-editor .elementor-drop-cap{float:left;text-align:center;line-height:1;font-size:50px}.elementor-widget-text-editor .elementor-drop-cap-letter{display:inline-block}<\/style>\t\t\t\t<ul><li>18 Nov desde las 8h a 12h (Hora Ecuador)<\/li><\/ul>\t\t\t\t\t\t<\/div>\n\t\t\t\t<\/div>\n\t\t\t\t\t<\/div>\n\t\t<\/div>\n\t\t\t\t\t\t\t<\/div>\n\t\t<\/section>\n\t\t\t\t<section data-particle_enable=\"false\" data-particle-mobile-disabled=\"false\" class=\"elementor-section elementor-top-section elementor-element elementor-element-f575742 elementor-reverse-mobile elementor-section-boxed elementor-section-height-default elementor-section-height-default\" data-id=\"f575742\" data-element_type=\"section\">\n\t\t\t\t\t\t<div class=\"elementor-container elementor-column-gap-default\">\n\t\t\t\t\t<div class=\"elementor-column elementor-col-50 elementor-top-column elementor-element elementor-element-aa6a831\" data-id=\"aa6a831\" data-element_type=\"column\">\n\t\t\t<div class=\"elementor-widget-wrap elementor-element-populated\">\n\t\t\t\t\t\t\t\t<div class=\"elementor-element elementor-element-a00cce3 elementor-widget elementor-widget-text-editor\" data-id=\"a00cce3\" data-element_type=\"widget\" data-widget_type=\"text-editor.default\">\n\t\t\t\t<div class=\"elementor-widget-container\">\n\t\t\t\t\t\t\t<p><strong>Dr. Antonio L\u00f3pez<\/strong>. Ocean\u00f3logo acuicultor por la Universidad Aut\u00f3noma de Baja California (Ensenada, M\u00e9xico) con estudios de Maestr\u00eda y Doctorado en Acuicultura de moluscos bivalvos en el Centro de investigaciones Biol\u00f3gicas del Noroeste, La Paz, M\u00e9xico. Durante los estudios de Maestr\u00eda se especializ\u00f3 en uso de \u00edndices histol\u00f3gicos para evaluar calidad de gametos y din\u00e1mica de reservas energ\u00e9ticas en procesos de maduraci\u00f3n sexual de moluscos bivalvos acondicionados en laboratorio. Adicionalmente tiene experiencia dando seguimiento al ciclo reproductivo de moluscos bivalvos en campo utilizando t\u00e9cnicas histol\u00f3gicas cuantitativas. Durante su doctorado trabajo gen\u00f3mica funcional integrando \u00edndices histol\u00f3gicos para evaluar la condici\u00f3n general de moluscos bivalvos tratados con compuestos bioactivos altamente diluidos. Actualmente es posdoctorante en el Centro de Investigaci\u00f3n Cient\u00edfica y de Educaci\u00f3n Superior de Ensenada, Baja California, M\u00e9xico en colaboraci\u00f3n con la Universidad de Arizona, Estados Unidos donde desarroll\u00f3 y propuso un \u00edndice histol\u00f3gico para evaluar intensidad de infecci\u00f3n del Microsporidio <em>Enterocytozoon hepatopenaei<\/em> en Peneidos.<\/p>\t\t\t\t\t\t<\/div>\n\t\t\t\t<\/div>\n\t\t\t\t\t<\/div>\n\t\t<\/div>\n\t\t\t\t<div class=\"elementor-column elementor-col-50 elementor-top-column elementor-element elementor-element-6c5ce9d\" data-id=\"6c5ce9d\" data-element_type=\"column\">\n\t\t\t<div class=\"elementor-widget-wrap elementor-element-populated\">\n\t\t\t\t\t\t\t\t<div class=\"elementor-element elementor-element-ace8493 elementor-widget elementor-widget-image\" data-id=\"ace8493\" data-element_type=\"widget\" data-widget_type=\"image.default\">\n\t\t\t\t<div class=\"elementor-widget-container\">\n\t\t\t\t\t\t\t\t\t\t\t\t\t\t\t<img loading=\"lazy\" decoding=\"async\" width=\"601\" height=\"601\" src=\"https:\/\/firmaonline.org\/xifirma\/wp-content\/uploads\/2022\/10\/Jesus-Antonio-Lopez-Carvallo-600x600-1.jpg\" class=\"attachment-large size-large\" alt=\"Jes\u00fas Antonio L\u00f3pez Carvallo\" srcset=\"https:\/\/firmaonline.org\/xifirma\/wp-content\/uploads\/2022\/10\/Jesus-Antonio-Lopez-Carvallo-600x600-1.jpg 601w, https:\/\/firmaonline.org\/xifirma\/wp-content\/uploads\/2022\/10\/Jesus-Antonio-Lopez-Carvallo-600x600-1-300x300.jpg 300w, https:\/\/firmaonline.org\/xifirma\/wp-content\/uploads\/2022\/10\/Jesus-Antonio-Lopez-Carvallo-600x600-1-150x150.jpg 150w\" sizes=\"auto, (max-width: 601px) 100vw, 601px\" \/>\t\t\t\t\t\t\t\t\t\t\t\t\t\t\t<\/div>\n\t\t\t\t<\/div>\n\t\t\t\t\t<\/div>\n\t\t<\/div>\n\t\t\t\t\t\t\t<\/div>\n\t\t<\/section>\n\t\t\t\t<section data-particle_enable=\"false\" data-particle-mobile-disabled=\"false\" class=\"elementor-section elementor-top-section elementor-element elementor-element-b5b162a elementor-reverse-mobile elementor-section-boxed elementor-section-height-default elementor-section-height-default\" data-id=\"b5b162a\" data-element_type=\"section\">\n\t\t\t\t\t\t<div class=\"elementor-container elementor-column-gap-default\">\n\t\t\t\t\t<div class=\"elementor-column elementor-col-50 elementor-top-column elementor-element elementor-element-1e28c4d\" data-id=\"1e28c4d\" data-element_type=\"column\">\n\t\t\t<div class=\"elementor-widget-wrap elementor-element-populated\">\n\t\t\t\t\t\t\t\t<div class=\"elementor-element elementor-element-5863bfe elementor-widget elementor-widget-text-editor\" data-id=\"5863bfe\" data-element_type=\"widget\" data-widget_type=\"text-editor.default\">\n\t\t\t\t<div class=\"elementor-widget-container\">\n\t\t\t\t\t\t\t<p><strong>Dra. Mar\u00eda Del Carmen Rodr\u00edguez Jaramillo<\/strong>. Egresada de la carrera de Biolog\u00eda Marina con Doctorado en Ciencias Marinas y Costeras con orientaci\u00f3n en Acuicultura por la Universidad Aut\u00f3noma de Baja California Sur, La Paz, M\u00e9xico. Se incorpor\u00f3 al CIBNOR desde 1988, participando en diferentes proyectos de investigaci\u00f3n sobre ecolog\u00eda, pesquer\u00edas y acuacultura de recursos marinos. Consolid\u00f3 el laboratorio de histolog\u00eda en 1994 con el apoyo de varios proyectos institucionales. Colabora en proyectos de investigaci\u00f3n que contribuyen a la conservaci\u00f3n y manejo sostenible de nuevas especies para diversificar la acuicultura y apoyan la pesca de fomento de recursos con potencial pesquero, que promueve la conservaci\u00f3n de la biodiversidad marina y el m\u00ednimo efecto en los ecosistemas marinos. Tiene experiencia en la evaluaci\u00f3n del desarrollo gon\u00e1dico, ciclos reproductivos, almacenamiento de reservas energ\u00e9ticas, estr\u00e9s oxidativo, respuesta inmune e histopatolog\u00eda de moluscos, crust\u00e1ceos, corales y peces marinos. Actualmente es responsable del laboratorio de Histolog\u00eda del CIBNOR.<\/p>\t\t\t\t\t\t<\/div>\n\t\t\t\t<\/div>\n\t\t\t\t\t<\/div>\n\t\t<\/div>\n\t\t\t\t<div class=\"elementor-column elementor-col-50 elementor-top-column elementor-element elementor-element-9fc6fdd\" data-id=\"9fc6fdd\" data-element_type=\"column\">\n\t\t\t<div class=\"elementor-widget-wrap elementor-element-populated\">\n\t\t\t\t\t\t\t\t<div class=\"elementor-element elementor-element-9419e13 elementor-widget elementor-widget-image\" data-id=\"9419e13\" data-element_type=\"widget\" data-widget_type=\"image.default\">\n\t\t\t\t<div class=\"elementor-widget-container\">\n\t\t\t\t\t\t\t\t\t\t\t\t\t\t\t<img loading=\"lazy\" decoding=\"async\" width=\"601\" height=\"601\" src=\"https:\/\/firmaonline.org\/xifirma\/wp-content\/uploads\/2022\/10\/Maria-Del-Carmen-Rodriguez-Jaramillo-600x600-1.jpg\" class=\"attachment-large size-large\" alt=\"Mar\u00eda Del Carmen Rodr\u00edguez Jaramillo\" srcset=\"https:\/\/firmaonline.org\/xifirma\/wp-content\/uploads\/2022\/10\/Maria-Del-Carmen-Rodriguez-Jaramillo-600x600-1.jpg 601w, https:\/\/firmaonline.org\/xifirma\/wp-content\/uploads\/2022\/10\/Maria-Del-Carmen-Rodriguez-Jaramillo-600x600-1-300x300.jpg 300w, https:\/\/firmaonline.org\/xifirma\/wp-content\/uploads\/2022\/10\/Maria-Del-Carmen-Rodriguez-Jaramillo-600x600-1-150x150.jpg 150w\" sizes=\"auto, (max-width: 601px) 100vw, 601px\" \/>\t\t\t\t\t\t\t\t\t\t\t\t\t\t\t<\/div>\n\t\t\t\t<\/div>\n\t\t\t\t\t<\/div>\n\t\t<\/div>\n\t\t\t\t\t\t\t<\/div>\n\t\t<\/section>\n\t\t\t\t<section data-particle_enable=\"false\" data-particle-mobile-disabled=\"false\" class=\"elementor-section elementor-top-section elementor-element elementor-element-e5f091b elementor-section-boxed elementor-section-height-default elementor-section-height-default\" data-id=\"e5f091b\" data-element_type=\"section\">\n\t\t\t\t\t\t<div class=\"elementor-container elementor-column-gap-default\">\n\t\t\t\t\t<div class=\"elementor-column elementor-col-100 elementor-top-column elementor-element elementor-element-0650dfc\" data-id=\"0650dfc\" data-element_type=\"column\">\n\t\t\t<div class=\"elementor-widget-wrap elementor-element-populated\">\n\t\t\t\t\t\t\t\t<div class=\"elementor-element elementor-element-3ae0bf6 elementor-widget elementor-widget-text-editor\" data-id=\"3ae0bf6\" data-element_type=\"widget\" data-widget_type=\"text-editor.default\">\n\t\t\t\t<div class=\"elementor-widget-container\">\n\t\t\t\t\t\t\t<p>La histolog\u00eda nos ayuda a observar los cambios morfo-fisiol\u00f3gicos (relaci\u00f3n estructura-funci\u00f3n) a nivel de tejidos y c\u00e9lulas, y en combinaci\u00f3n con otras t\u00e9cnicas permite incrementar la capacidad de an\u00e1lisis de determinados compuestos in situ (histoqu\u00edmica) y detecci\u00f3n de material gen\u00e9tico (hibridaci\u00f3n in situ). El uso de las t\u00e9cnicas de esta ciencia nos permite entender y evaluar un gran n\u00famero de procesos biol\u00f3gicos y fisiol\u00f3gicos entre ellos la condici\u00f3n general de salud de los organismos, la din\u00e1mica de reservas energ\u00e9ticas, condici\u00f3n nutricional, estr\u00e9s oxidativo, da\u00f1o tisular, desarrollo de gametos, entre otros. Adicionalmente con ayuda de t\u00e9cnicas moleculares podemos detectar determinados pat\u00f3genos y evaluar su grado de intensidad en tejidos espec\u00edficos. No obstante, la histolog\u00eda tradicional generalmente se maneja desde un enfoque cualitativo. Esto genera un sesgo en la interpretaci\u00f3n de los datos por parte del observador y se limita el uso de la estad\u00edstica para el an\u00e1lisis de datos. <br \/><br \/>Como una nueva forma de abordar la histolog\u00eda, en la \u00faltima d\u00e9cada se ha propuesto el uso de \u00edndices histol\u00f3gicos utilizando histolog\u00eda cuantitativa digital. Esta t\u00e9cnica consiste en digitalizar cortes histol\u00f3gicos con el fin de cuantificar pixeles o medir aspectos morfol\u00f3gicos de tejidos o c\u00e9lulas que permiten evaluar diversos aspectos a nivel tisular y celular en organismos marinos.<br \/><br \/>Este minicurso tiene el objetivo de familiarizar a los alumnos con el procesamiento de muestras histol\u00f3gicas, el c\u00e1lculo de \u00edndices histol\u00f3gicos cualitativos y cuantitativos, y sus aplicaciones para evaluar la condici\u00f3n general, desarrollo y estado de salud de organismos marinos.<\/p>\t\t\t\t\t\t<\/div>\n\t\t\t\t<\/div>\n\t\t\t\t\t<\/div>\n\t\t<\/div>\n\t\t\t\t\t\t\t<\/div>\n\t\t<\/section>\n\t\t\t\t<section data-particle_enable=\"false\" data-particle-mobile-disabled=\"false\" class=\"elementor-section elementor-top-section elementor-element elementor-element-85acfb9 elementor-section-boxed elementor-section-height-default elementor-section-height-default\" data-id=\"85acfb9\" data-element_type=\"section\">\n\t\t\t\t\t\t<div class=\"elementor-container elementor-column-gap-default\">\n\t\t\t\t\t<div class=\"elementor-column elementor-col-100 elementor-top-column elementor-element elementor-element-414c5d9\" data-id=\"414c5d9\" data-element_type=\"column\">\n\t\t\t<div class=\"elementor-widget-wrap elementor-element-populated\">\n\t\t\t\t\t\t\t\t<div class=\"elementor-element elementor-element-675f7a3 elementor-widget elementor-widget-image\" data-id=\"675f7a3\" data-element_type=\"widget\" data-widget_type=\"image.default\">\n\t\t\t\t<div class=\"elementor-widget-container\">\n\t\t\t\t\t\t\t\t\t\t\t\t\t\t\t<img loading=\"lazy\" decoding=\"async\" width=\"1024\" height=\"558\" src=\"https:\/\/firmaonline.org\/xifirma\/wp-content\/uploads\/2022\/10\/Curso-22-2-1024x558.jpg\" class=\"attachment-large size-large\" alt=\"Histolog\u00eda digital cuantitativa: Aplicaciones en organismos marinos\" srcset=\"https:\/\/firmaonline.org\/xifirma\/wp-content\/uploads\/2022\/10\/Curso-22-2-1024x558.jpg 1024w, https:\/\/firmaonline.org\/xifirma\/wp-content\/uploads\/2022\/10\/Curso-22-2-300x164.jpg 300w, https:\/\/firmaonline.org\/xifirma\/wp-content\/uploads\/2022\/10\/Curso-22-2-768x419.jpg 768w, https:\/\/firmaonline.org\/xifirma\/wp-content\/uploads\/2022\/10\/Curso-22-2-1536x838.jpg 1536w, https:\/\/firmaonline.org\/xifirma\/wp-content\/uploads\/2022\/10\/Curso-22-2-2048x1117.jpg 2048w\" sizes=\"auto, (max-width: 1024px) 100vw, 1024px\" \/>\t\t\t\t\t\t\t\t\t\t\t\t\t\t\t<\/div>\n\t\t\t\t<\/div>\n\t\t\t\t\t<\/div>\n\t\t<\/div>\n\t\t\t\t\t\t\t<\/div>\n\t\t<\/section>\n\t\t\t\t<section data-particle_enable=\"false\" data-particle-mobile-disabled=\"false\" class=\"elementor-section elementor-top-section elementor-element elementor-element-94b5e19 elementor-section-boxed elementor-section-height-default elementor-section-height-default\" data-id=\"94b5e19\" data-element_type=\"section\">\n\t\t\t\t\t\t<div class=\"elementor-container elementor-column-gap-default\">\n\t\t\t\t\t<div class=\"elementor-column elementor-col-100 elementor-top-column elementor-element elementor-element-1d9e7ce\" data-id=\"1d9e7ce\" data-element_type=\"column\">\n\t\t\t<div class=\"elementor-widget-wrap elementor-element-populated\">\n\t\t\t\t\t\t\t\t<div class=\"elementor-element elementor-element-d622529 elementor-widget elementor-widget-text-editor\" data-id=\"d622529\" data-element_type=\"widget\" data-widget_type=\"text-editor.default\">\n\t\t\t\t<div class=\"elementor-widget-container\">\n\t\t\t\t\t\t\t<p><strong>Contenido<\/strong>:<\/p><p>(2 horas, Dr. Jes\u00fas Antonio L\u00f3pez Carvallo)<br \/>Secci\u00f3n 1: Introducci\u00f3n a la histolog\u00eda digital cuantitativa.<br \/>Secci\u00f3n 2: Desarrollo de \u00edndices histol\u00f3gicos utilizando histolog\u00eda e histopatolog\u00eda digital cuantitativa: aplicaciones en organismos acu\u00e1ticos.<br \/><br \/>(2 horas, Dra. Mar\u00eda Del Carmen Rodr\u00edguez Jaramillo)<br \/>Secci\u00f3n 3: Aplicaci\u00f3n de \u00edndices histol\u00f3gicos cualitativos y cuantitativos para la evaluaci\u00f3n de desarrollo gon\u00e1dico y ciclos reproductivos moluscos, crust\u00e1ceos, corales y peces marinos.<br \/>Secci\u00f3n 4: Evaluaci\u00f3n de reservas energ\u00e9ticas, estr\u00e9s oxidativo, respuesta inmune y da\u00f1o tisular en organismos marinos por an\u00e1lisis digital de im\u00e1genes.<\/p>\t\t\t\t\t\t<\/div>\n\t\t\t\t<\/div>\n\t\t\t\t\t<\/div>\n\t\t<\/div>\n\t\t\t\t\t\t\t<\/div>\n\t\t<\/section>\n\t\t\t\t<section data-particle_enable=\"false\" data-particle-mobile-disabled=\"false\" class=\"elementor-section elementor-top-section elementor-element elementor-element-bca7e81 elementor-hidden-desktop elementor-hidden-tablet elementor-hidden-mobile elementor-section-boxed elementor-section-height-default elementor-section-height-default\" data-id=\"bca7e81\" data-element_type=\"section\">\n\t\t\t\t\t\t<div class=\"elementor-container elementor-column-gap-default\">\n\t\t\t\t\t<div class=\"elementor-column elementor-col-33 elementor-top-column elementor-element elementor-element-80dd468\" data-id=\"80dd468\" data-element_type=\"column\">\n\t\t\t<div class=\"elementor-widget-wrap elementor-element-populated\">\n\t\t\t\t\t\t\t\t<div class=\"elementor-element elementor-element-b411e0c elementor-widget elementor-widget-heading\" data-id=\"b411e0c\" data-element_type=\"widget\" data-widget_type=\"heading.default\">\n\t\t\t\t<div class=\"elementor-widget-container\">\n\t\t\t<h2 class=\"elementor-heading-title elementor-size-default\">Precio: 20 EUR<\/h2>\t\t<\/div>\n\t\t\t\t<\/div>\n\t\t\t\t\t<\/div>\n\t\t<\/div>\n\t\t\t\t<div class=\"elementor-column elementor-col-33 elementor-top-column elementor-element elementor-element-69b61c7\" data-id=\"69b61c7\" data-element_type=\"column\">\n\t\t\t<div class=\"elementor-widget-wrap elementor-element-populated\">\n\t\t\t\t\t\t\t\t<div class=\"elementor-element elementor-element-5a09fbe elementor-align-center elementor-widget elementor-widget-button\" data-id=\"5a09fbe\" data-element_type=\"widget\" data-widget_type=\"button.default\">\n\t\t\t\t<div class=\"elementor-widget-container\">\n\t\t\t\t\t<div class=\"elementor-button-wrapper\">\n\t\t\t<a href=\"https:\/\/firmaonline.org\/xifirma-inscripcion-curso\/inscripcion-curso.php?codigo_curso=CU22\" target=\"_blank\" class=\"elementor-button-link elementor-button elementor-size-sm\" role=\"button\">\n\t\t\t\t\t\t<span class=\"elementor-button-content-wrapper\">\n\t\t\t\t\t\t<span class=\"elementor-button-text\">Inscr\u00edbete<\/span>\n\t\t<\/span>\n\t\t\t\t\t<\/a>\n\t\t<\/div>\n\t\t\t\t<\/div>\n\t\t\t\t<\/div>\n\t\t\t\t\t<\/div>\n\t\t<\/div>\n\t\t\t\t<div class=\"elementor-column elementor-col-33 elementor-top-column elementor-element elementor-element-a79f980\" data-id=\"a79f980\" data-element_type=\"column\">\n\t\t\t<div class=\"elementor-widget-wrap elementor-element-populated\">\n\t\t\t\t\t\t\t\t<div class=\"elementor-element elementor-element-48b20bd elementor-widget elementor-widget-heading\" data-id=\"48b20bd\" data-element_type=\"widget\" data-widget_type=\"heading.default\">\n\t\t\t\t<div class=\"elementor-widget-container\">\n\t\t\t<h2 class=\"elementor-heading-title elementor-size-default\">Pago seguro<\/h2>\t\t<\/div>\n\t\t\t\t<\/div>\n\t\t\t\t<div class=\"elementor-element elementor-element-a75a955 elementor-widget elementor-widget-image\" data-id=\"a75a955\" data-element_type=\"widget\" data-widget_type=\"image.default\">\n\t\t\t\t<div class=\"elementor-widget-container\">\n\t\t\t\t\t\t\t\t\t\t\t\t\t\t\t<img loading=\"lazy\" decoding=\"async\" width=\"1024\" height=\"292\" src=\"https:\/\/firmaonline.org\/xifirma\/wp-content\/uploads\/2022\/07\/logo_pypal-1024x292.png\" class=\"attachment-large size-large\" alt=\"Logo Paypal\" srcset=\"https:\/\/firmaonline.org\/xifirma\/wp-content\/uploads\/2022\/07\/logo_pypal-1024x292.png 1024w, https:\/\/firmaonline.org\/xifirma\/wp-content\/uploads\/2022\/07\/logo_pypal-300x86.png 300w, https:\/\/firmaonline.org\/xifirma\/wp-content\/uploads\/2022\/07\/logo_pypal-768x219.png 768w, https:\/\/firmaonline.org\/xifirma\/wp-content\/uploads\/2022\/07\/logo_pypal-1536x438.png 1536w, https:\/\/firmaonline.org\/xifirma\/wp-content\/uploads\/2022\/07\/logo_pypal.png 1600w\" sizes=\"auto, (max-width: 1024px) 100vw, 1024px\" \/>\t\t\t\t\t\t\t\t\t\t\t\t\t\t\t<\/div>\n\t\t\t\t<\/div>\n\t\t\t\t\t<\/div>\n\t\t<\/div>\n\t\t\t\t\t\t\t<\/div>\n\t\t<\/section>\n\t\t\t\t\t\t\t<\/div>\n\t\t","protected":false},"excerpt":{"rendered":"<p>Histolog\u00eda digital cuantitativa: Aplicaciones en organismos marinos Instructores: Jes\u00fas Antonio L\u00f3pez Carvallo y Mar\u00eda Del Carmen Rodr\u00edguez Jaramillo Duraci\u00f3n: 4 horasModalidad: Online Horario: 18 Nov desde las 8h a 12h (Hora Ecuador) Dr. Antonio L\u00f3pez. Ocean\u00f3logo acuicultor por la Universidad Aut\u00f3noma de Baja California (Ensenada, M\u00e9xico) con estudios de Maestr\u00eda y Doctorado en Acuicultura de &#8230; <a title=\"Curso-22\" class=\"read-more\" href=\"https:\/\/firmaonline.org\/xifirma\/curso-22\/\" aria-label=\"M\u00e1s en Curso-22\">Leer m\u00e1s<\/a><\/p>\n","protected":false},"author":1,"featured_media":0,"parent":0,"menu_order":0,"comment_status":"closed","ping_status":"closed","template":"elementor_header_footer","meta":{"footnotes":""},"class_list":["post-3818","page","type-page","status-publish"],"acf":[],"_links":{"self":[{"href":"https:\/\/firmaonline.org\/xifirma\/wp-json\/wp\/v2\/pages\/3818","targetHints":{"allow":["GET"]}}],"collection":[{"href":"https:\/\/firmaonline.org\/xifirma\/wp-json\/wp\/v2\/pages"}],"about":[{"href":"https:\/\/firmaonline.org\/xifirma\/wp-json\/wp\/v2\/types\/page"}],"author":[{"embeddable":true,"href":"https:\/\/firmaonline.org\/xifirma\/wp-json\/wp\/v2\/users\/1"}],"replies":[{"embeddable":true,"href":"https:\/\/firmaonline.org\/xifirma\/wp-json\/wp\/v2\/comments?post=3818"}],"version-history":[{"count":16,"href":"https:\/\/firmaonline.org\/xifirma\/wp-json\/wp\/v2\/pages\/3818\/revisions"}],"predecessor-version":[{"id":4311,"href":"https:\/\/firmaonline.org\/xifirma\/wp-json\/wp\/v2\/pages\/3818\/revisions\/4311"}],"wp:attachment":[{"href":"https:\/\/firmaonline.org\/xifirma\/wp-json\/wp\/v2\/media?parent=3818"}],"curies":[{"name":"wp","href":"https:\/\/api.w.org\/{rel}","templated":true}]}}