{"id":3850,"date":"2022-10-16T10:48:23","date_gmt":"2022-10-16T10:48:23","guid":{"rendered":"https:\/\/firmaonline.org\/xifirma\/?page_id=3850"},"modified":"2022-11-21T13:38:52","modified_gmt":"2022-11-21T13:38:52","slug":"curso-23","status":"publish","type":"page","link":"https:\/\/firmaonline.org\/xifirma\/curso-23\/","title":{"rendered":"Curso-23"},"content":{"rendered":"\t\t<div data-elementor-type=\"wp-page\" data-elementor-id=\"3850\" class=\"elementor elementor-3850\">\n\t\t\t\t\t\t\t\t\t<section data-particle_enable=\"false\" data-particle-mobile-disabled=\"false\" class=\"elementor-section elementor-top-section elementor-element elementor-element-8f324ad elementor-section-boxed elementor-section-height-default elementor-section-height-default\" data-id=\"8f324ad\" data-element_type=\"section\">\n\t\t\t\t\t\t<div class=\"elementor-container elementor-column-gap-default\">\n\t\t\t\t\t<div class=\"elementor-column elementor-col-50 elementor-top-column elementor-element elementor-element-b91db7e\" data-id=\"b91db7e\" data-element_type=\"column\">\n\t\t\t<div class=\"elementor-widget-wrap elementor-element-populated\">\n\t\t\t\t\t\t\t\t<div class=\"elementor-element elementor-element-3bb05f9 elementor-widget elementor-widget-image\" data-id=\"3bb05f9\" data-element_type=\"widget\" data-widget_type=\"image.default\">\n\t\t\t\t<div class=\"elementor-widget-container\">\n\t\t\t<style>\/*! elementor - v3.6.6 - 08-06-2022 *\/\n.elementor-widget-image{text-align:center}.elementor-widget-image a{display:inline-block}.elementor-widget-image a img[src$=\".svg\"]{width:48px}.elementor-widget-image img{vertical-align:middle;display:inline-block}<\/style>\t\t\t\t\t\t\t\t\t\t\t\t<img loading=\"lazy\" decoding=\"async\" width=\"1024\" height=\"953\" src=\"https:\/\/firmaonline.org\/xifirma\/wp-content\/uploads\/2022\/10\/Curso-23-1-1024x953.jpg\" class=\"attachment-large size-large\" alt=\"El meta-an\u00e1lisis en las ciencias pesqueras y acu\u00edcolas: c\u00f3mo tomar decisiones a trav\u00e9s de datos locales, regionales y globales\" srcset=\"https:\/\/firmaonline.org\/xifirma\/wp-content\/uploads\/2022\/10\/Curso-23-1-1024x953.jpg 1024w, https:\/\/firmaonline.org\/xifirma\/wp-content\/uploads\/2022\/10\/Curso-23-1-300x279.jpg 300w, https:\/\/firmaonline.org\/xifirma\/wp-content\/uploads\/2022\/10\/Curso-23-1-768x715.jpg 768w, https:\/\/firmaonline.org\/xifirma\/wp-content\/uploads\/2022\/10\/Curso-23-1.jpg 1364w\" sizes=\"auto, (max-width: 1024px) 100vw, 1024px\" \/>\t\t\t\t\t\t\t\t\t\t\t\t\t\t\t<\/div>\n\t\t\t\t<\/div>\n\t\t\t\t\t<\/div>\n\t\t<\/div>\n\t\t\t\t<div class=\"elementor-column elementor-col-50 elementor-top-column elementor-element elementor-element-05ebae8\" data-id=\"05ebae8\" data-element_type=\"column\" data-settings=\"{&quot;background_background&quot;:&quot;classic&quot;}\">\n\t\t\t<div class=\"elementor-widget-wrap elementor-element-populated\">\n\t\t\t\t\t\t\t\t<div class=\"elementor-element elementor-element-9a80d64 elementor-widget elementor-widget-heading\" data-id=\"9a80d64\" data-element_type=\"widget\" data-widget_type=\"heading.default\">\n\t\t\t\t<div class=\"elementor-widget-container\">\n\t\t\t<style>\/*! elementor - v3.6.6 - 08-06-2022 *\/\n.elementor-heading-title{padding:0;margin:0;line-height:1}.elementor-widget-heading .elementor-heading-title[class*=elementor-size-]>a{color:inherit;font-size:inherit;line-height:inherit}.elementor-widget-heading .elementor-heading-title.elementor-size-small{font-size:15px}.elementor-widget-heading .elementor-heading-title.elementor-size-medium{font-size:19px}.elementor-widget-heading .elementor-heading-title.elementor-size-large{font-size:29px}.elementor-widget-heading .elementor-heading-title.elementor-size-xl{font-size:39px}.elementor-widget-heading .elementor-heading-title.elementor-size-xxl{font-size:59px}<\/style><h2 class=\"elementor-heading-title elementor-size-default\">El meta-an\u00e1lisis en las ciencias pesqueras y acu\u00edcolas: c\u00f3mo tomar decisiones a trav\u00e9s de datos locales, regionales y globales<\/h2>\t\t<\/div>\n\t\t\t\t<\/div>\n\t\t\t\t<div class=\"elementor-element elementor-element-bc877d2 elementor-widget elementor-widget-heading\" data-id=\"bc877d2\" data-element_type=\"widget\" data-widget_type=\"heading.default\">\n\t\t\t\t<div class=\"elementor-widget-container\">\n\t\t\t<h2 class=\"elementor-heading-title elementor-size-default\"><strong>Instructora:<\/strong> Ana Teresa Herrera-Reveles<\/h2>\t\t<\/div>\n\t\t\t\t<\/div>\n\t\t\t\t<div class=\"elementor-element elementor-element-e50f1e5 elementor-widget elementor-widget-heading\" data-id=\"e50f1e5\" data-element_type=\"widget\" data-widget_type=\"heading.default\">\n\t\t\t\t<div class=\"elementor-widget-container\">\n\t\t\t<h2 class=\"elementor-heading-title elementor-size-default\"><strong>Duraci\u00f3n: <\/strong> 4 horas<br><strong>Modalidad: <\/strong> Online<\/h2>\t\t<\/div>\n\t\t\t\t<\/div>\n\t\t\t\t<div class=\"elementor-element elementor-element-857eb97 elementor-widget elementor-widget-heading\" data-id=\"857eb97\" data-element_type=\"widget\" data-widget_type=\"heading.default\">\n\t\t\t\t<div class=\"elementor-widget-container\">\n\t\t\t<h2 class=\"elementor-heading-title elementor-size-default\"><strong>Horario:<\/strong><\/h2>\t\t<\/div>\n\t\t\t\t<\/div>\n\t\t\t\t<div class=\"elementor-element elementor-element-d23ebd3 elementor-widget elementor-widget-text-editor\" data-id=\"d23ebd3\" data-element_type=\"widget\" data-widget_type=\"text-editor.default\">\n\t\t\t\t<div class=\"elementor-widget-container\">\n\t\t\t<style>\/*! elementor - v3.6.6 - 08-06-2022 *\/\n.elementor-widget-text-editor.elementor-drop-cap-view-stacked .elementor-drop-cap{background-color:#818a91;color:#fff}.elementor-widget-text-editor.elementor-drop-cap-view-framed .elementor-drop-cap{color:#818a91;border:3px solid;background-color:transparent}.elementor-widget-text-editor:not(.elementor-drop-cap-view-default) .elementor-drop-cap{margin-top:8px}.elementor-widget-text-editor:not(.elementor-drop-cap-view-default) .elementor-drop-cap-letter{width:1em;height:1em}.elementor-widget-text-editor .elementor-drop-cap{float:left;text-align:center;line-height:1;font-size:50px}.elementor-widget-text-editor .elementor-drop-cap-letter{display:inline-block}<\/style>\t\t\t\t<ul><li>20 Nov desde las 8h a 12h (Hora Ecuador)<\/li><\/ul>\t\t\t\t\t\t<\/div>\n\t\t\t\t<\/div>\n\t\t\t\t\t<\/div>\n\t\t<\/div>\n\t\t\t\t\t\t\t<\/div>\n\t\t<\/section>\n\t\t\t\t<section data-particle_enable=\"false\" data-particle-mobile-disabled=\"false\" class=\"elementor-section elementor-top-section elementor-element elementor-element-7942665 elementor-reverse-mobile elementor-section-boxed elementor-section-height-default elementor-section-height-default\" data-id=\"7942665\" data-element_type=\"section\">\n\t\t\t\t\t\t<div class=\"elementor-container elementor-column-gap-default\">\n\t\t\t\t\t<div class=\"elementor-column elementor-col-50 elementor-top-column elementor-element elementor-element-6a1d9bb\" data-id=\"6a1d9bb\" data-element_type=\"column\">\n\t\t\t<div class=\"elementor-widget-wrap elementor-element-populated\">\n\t\t\t\t\t\t\t\t<div class=\"elementor-element elementor-element-95d968a elementor-widget elementor-widget-text-editor\" data-id=\"95d968a\" data-element_type=\"widget\" data-widget_type=\"text-editor.default\">\n\t\t\t\t<div class=\"elementor-widget-container\">\n\t\t\t\t\t\t\t<p><strong>Ana Teresa Herrera-Reveles<\/strong>. Licenciada en Biolog\u00eda (2004) con Doctorado en Ciencias (Menci\u00f3n Ecolog\u00eda, 2016) de la Universidad Central de Venezuela (UCV) con diferentes cursos de perfeccionamiento profesional y actualizaci\u00f3n en diferentes instituciones como el Instituto Oceanogr\u00e1fico de Venezuela, Instituto Venezolano de Investigaciones Cient\u00edficas, Universidad Sim\u00f3n Bol\u00edvar,\u00a0 Centro Internacional de F\u00edsica Te\u00f3rica (estudios de Biomatem\u00e1tica en Italia y Brasil), Universidad de Nueva Inglaterra (USA), Centro Ambiental del Mar Rojo (Egipto) y el Centro Nacional de Acuicultura e Investigaciones Marinas (CENAIM-ESPOL, Ecuador). <br \/>Profesora Escalaf\u00f3n Agregado de la Facultad de Ciencias, UCV. Investigadora en Sistemas Socio-Ecol\u00f3gicos Marinos (Laboratorio de Ecolog\u00eda Humana, Instituto de Zoolog\u00eda y Ecolog\u00eda Tropical &#8211; UCV), enfocada en evaluar c\u00f3mo los procesos socio-econ\u00f3micos y el cambio global influyen sobre la din\u00e1mica de recursos marinos pesqueros y su ambiente. Direcci\u00f3n y participaci\u00f3n en proyectos de investigaci\u00f3n de la relacionados con la evaluaci\u00f3n de la biodiversidad y procesos ecol\u00f3gicos en sistemas marino-costeros de Venezuela, as\u00ed como tambi\u00e9n en diferentes eco-regiones del Caribe, el Pac\u00edfico y el Indo-Pac\u00edfico participando en el proyecto The Catlin Seaview Survey (Universidad de Queensland. Australia).<\/p>\t\t\t\t\t\t<\/div>\n\t\t\t\t<\/div>\n\t\t\t\t\t<\/div>\n\t\t<\/div>\n\t\t\t\t<div class=\"elementor-column elementor-col-50 elementor-top-column elementor-element elementor-element-005d2ee\" data-id=\"005d2ee\" data-element_type=\"column\">\n\t\t\t<div class=\"elementor-widget-wrap elementor-element-populated\">\n\t\t\t\t\t\t\t\t<div class=\"elementor-element elementor-element-1ef6f16 elementor-widget elementor-widget-image\" data-id=\"1ef6f16\" data-element_type=\"widget\" data-widget_type=\"image.default\">\n\t\t\t\t<div class=\"elementor-widget-container\">\n\t\t\t\t\t\t\t\t\t\t\t\t\t\t\t<img loading=\"lazy\" decoding=\"async\" width=\"601\" height=\"601\" src=\"https:\/\/firmaonline.org\/xifirma\/wp-content\/uploads\/2022\/10\/Ana-Teresa-Herrera-Reveles-600x600-1.jpg\" class=\"attachment-large size-large\" alt=\"Ana Teresa Herrera-Reveles\" srcset=\"https:\/\/firmaonline.org\/xifirma\/wp-content\/uploads\/2022\/10\/Ana-Teresa-Herrera-Reveles-600x600-1.jpg 601w, https:\/\/firmaonline.org\/xifirma\/wp-content\/uploads\/2022\/10\/Ana-Teresa-Herrera-Reveles-600x600-1-300x300.jpg 300w, https:\/\/firmaonline.org\/xifirma\/wp-content\/uploads\/2022\/10\/Ana-Teresa-Herrera-Reveles-600x600-1-150x150.jpg 150w\" sizes=\"auto, (max-width: 601px) 100vw, 601px\" \/>\t\t\t\t\t\t\t\t\t\t\t\t\t\t\t<\/div>\n\t\t\t\t<\/div>\n\t\t\t\t\t<\/div>\n\t\t<\/div>\n\t\t\t\t\t\t\t<\/div>\n\t\t<\/section>\n\t\t\t\t<section data-particle_enable=\"false\" data-particle-mobile-disabled=\"false\" class=\"elementor-section elementor-top-section elementor-element elementor-element-c8bcb5f elementor-section-boxed elementor-section-height-default elementor-section-height-default\" data-id=\"c8bcb5f\" data-element_type=\"section\">\n\t\t\t\t\t\t<div class=\"elementor-container elementor-column-gap-default\">\n\t\t\t\t\t<div class=\"elementor-column elementor-col-50 elementor-top-column elementor-element elementor-element-2ba37e2\" data-id=\"2ba37e2\" data-element_type=\"column\">\n\t\t\t<div class=\"elementor-widget-wrap elementor-element-populated\">\n\t\t\t\t\t\t\t\t<div class=\"elementor-element elementor-element-99def32 elementor-widget elementor-widget-image\" data-id=\"99def32\" data-element_type=\"widget\" data-widget_type=\"image.default\">\n\t\t\t\t<div class=\"elementor-widget-container\">\n\t\t\t\t\t\t\t\t\t\t\t\t\t\t\t<img loading=\"lazy\" decoding=\"async\" width=\"1024\" height=\"953\" src=\"https:\/\/firmaonline.org\/xifirma\/wp-content\/uploads\/2022\/10\/Curso-23-2-1024x953.jpg\" class=\"attachment-large size-large\" alt=\"El meta-an\u00e1lisis en las ciencias pesqueras y acu\u00edcolas: c\u00f3mo tomar decisiones a trav\u00e9s de datos locales, regionales y globales\" srcset=\"https:\/\/firmaonline.org\/xifirma\/wp-content\/uploads\/2022\/10\/Curso-23-2-1024x953.jpg 1024w, https:\/\/firmaonline.org\/xifirma\/wp-content\/uploads\/2022\/10\/Curso-23-2-300x279.jpg 300w, https:\/\/firmaonline.org\/xifirma\/wp-content\/uploads\/2022\/10\/Curso-23-2-768x715.jpg 768w, https:\/\/firmaonline.org\/xifirma\/wp-content\/uploads\/2022\/10\/Curso-23-2.jpg 1363w\" sizes=\"auto, (max-width: 1024px) 100vw, 1024px\" \/>\t\t\t\t\t\t\t\t\t\t\t\t\t\t\t<\/div>\n\t\t\t\t<\/div>\n\t\t\t\t\t<\/div>\n\t\t<\/div>\n\t\t\t\t<div class=\"elementor-column elementor-col-50 elementor-top-column elementor-element elementor-element-5f98c03\" data-id=\"5f98c03\" data-element_type=\"column\">\n\t\t\t<div class=\"elementor-widget-wrap elementor-element-populated\">\n\t\t\t\t\t\t\t\t<div class=\"elementor-element elementor-element-d07512d elementor-widget elementor-widget-text-editor\" data-id=\"d07512d\" data-element_type=\"widget\" data-widget_type=\"text-editor.default\">\n\t\t\t\t<div class=\"elementor-widget-container\">\n\t\t\t\t\t\t\t<p>Actualmente, la disponibilidad de datos ha pasado de ser escasa a ser abrumadora y se requiere manejar las herramientas cuantitativas adecuadas que nos permitan canalizar la informaci\u00f3n eficientemente. El meta-an\u00e1lisis nos permite extraer y analizar datos provenientes de m\u00faltiples investigaciones independientes realizadas a diferentes escalas espaciales y temporales. De esta forma, podemos suministrar evidencias obtenidas bajo un m\u00e9todo cient\u00edfico que nos guiaran en la toma de decisiones en la administraci\u00f3n de recursos pesqueros y acu\u00edcolas, as\u00ed como tambi\u00e9n en el establecimiento de la direcci\u00f3n de nuevas investigaciones que se requieren urgentemente para solventar problemas cr\u00edticos a nivel local y regional.<\/p><p>El objetivo de este curso es mostrar los aspectos b\u00e1sicos de los protocolos establecidos para realizar meta-an\u00e1lisis y guiar decisiones objetivas de inter\u00e9s pesquero y acu\u00edcola.<\/p>\t\t\t\t\t\t<\/div>\n\t\t\t\t<\/div>\n\t\t\t\t\t<\/div>\n\t\t<\/div>\n\t\t\t\t\t\t\t<\/div>\n\t\t<\/section>\n\t\t\t\t<section data-particle_enable=\"false\" data-particle-mobile-disabled=\"false\" class=\"elementor-section elementor-top-section elementor-element elementor-element-d76c508 elementor-section-boxed elementor-section-height-default elementor-section-height-default\" data-id=\"d76c508\" data-element_type=\"section\">\n\t\t\t\t\t\t<div class=\"elementor-container elementor-column-gap-default\">\n\t\t\t\t\t<div class=\"elementor-column elementor-col-100 elementor-top-column elementor-element elementor-element-dd2e4d9\" data-id=\"dd2e4d9\" data-element_type=\"column\">\n\t\t\t<div class=\"elementor-widget-wrap elementor-element-populated\">\n\t\t\t\t\t\t\t\t<div class=\"elementor-element elementor-element-c780953 elementor-widget elementor-widget-text-editor\" data-id=\"c780953\" data-element_type=\"widget\" data-widget_type=\"text-editor.default\">\n\t\t\t\t<div class=\"elementor-widget-container\">\n\t\t\t\t\t\t\t<p><strong>Contenido<\/strong>:<br \/>1. Conceptos, objetivos y fundamentos del meta-an\u00e1lisis. <br \/>2. Casos de tomas de decisiones en pesquer\u00eda y acuicultura abordadas con un meta-an\u00e1lisis: desde el estudio local hacia la inferencia global. <br \/>3. Ruta de trabajo: desde el dise\u00f1o experimental hasta presentaci\u00f3n e interpretaci\u00f3n de resultados en un meta-an\u00e1lisis. <br \/>4. Sesi\u00f3n pr\u00e1ctica: elaboraci\u00f3n de matriz de datos como piedra angular de un meta-an\u00e1lisis.<br \/>5. Discusi\u00f3n abierta: \u00bfc\u00f3mo fortalecer la investigaci\u00f3n de los participantes con t\u00e9cnicas cuantitativas como el meta-an\u00e1lisis?<\/p>\t\t\t\t\t\t<\/div>\n\t\t\t\t<\/div>\n\t\t\t\t\t<\/div>\n\t\t<\/div>\n\t\t\t\t\t\t\t<\/div>\n\t\t<\/section>\n\t\t\t\t<section data-particle_enable=\"false\" data-particle-mobile-disabled=\"false\" class=\"elementor-section elementor-top-section elementor-element elementor-element-d0ffe99 elementor-hidden-desktop elementor-hidden-tablet elementor-hidden-mobile elementor-section-boxed elementor-section-height-default elementor-section-height-default\" data-id=\"d0ffe99\" data-element_type=\"section\">\n\t\t\t\t\t\t<div class=\"elementor-container elementor-column-gap-default\">\n\t\t\t\t\t<div class=\"elementor-column elementor-col-33 elementor-top-column elementor-element elementor-element-d9058d7\" data-id=\"d9058d7\" data-element_type=\"column\">\n\t\t\t<div class=\"elementor-widget-wrap elementor-element-populated\">\n\t\t\t\t\t\t\t\t<div class=\"elementor-element elementor-element-3bcd735 elementor-widget elementor-widget-heading\" data-id=\"3bcd735\" data-element_type=\"widget\" data-widget_type=\"heading.default\">\n\t\t\t\t<div class=\"elementor-widget-container\">\n\t\t\t<h2 class=\"elementor-heading-title elementor-size-default\">Precio: 20 EUR<\/h2>\t\t<\/div>\n\t\t\t\t<\/div>\n\t\t\t\t\t<\/div>\n\t\t<\/div>\n\t\t\t\t<div class=\"elementor-column elementor-col-33 elementor-top-column elementor-element elementor-element-1d808ed\" data-id=\"1d808ed\" data-element_type=\"column\">\n\t\t\t<div class=\"elementor-widget-wrap elementor-element-populated\">\n\t\t\t\t\t\t\t\t<div class=\"elementor-element elementor-element-37d4bad elementor-align-center elementor-widget elementor-widget-button\" data-id=\"37d4bad\" data-element_type=\"widget\" data-widget_type=\"button.default\">\n\t\t\t\t<div class=\"elementor-widget-container\">\n\t\t\t\t\t<div class=\"elementor-button-wrapper\">\n\t\t\t<a href=\"https:\/\/firmaonline.org\/xifirma-inscripcion-curso\/inscripcion-curso.php?codigo_curso=CU23\" target=\"_blank\" class=\"elementor-button-link elementor-button elementor-size-sm\" role=\"button\">\n\t\t\t\t\t\t<span class=\"elementor-button-content-wrapper\">\n\t\t\t\t\t\t<span class=\"elementor-button-text\">Inscr\u00edbete<\/span>\n\t\t<\/span>\n\t\t\t\t\t<\/a>\n\t\t<\/div>\n\t\t\t\t<\/div>\n\t\t\t\t<\/div>\n\t\t\t\t\t<\/div>\n\t\t<\/div>\n\t\t\t\t<div class=\"elementor-column elementor-col-33 elementor-top-column elementor-element elementor-element-8d142d0\" data-id=\"8d142d0\" data-element_type=\"column\">\n\t\t\t<div class=\"elementor-widget-wrap elementor-element-populated\">\n\t\t\t\t\t\t\t\t<div class=\"elementor-element elementor-element-fcbd88e elementor-widget elementor-widget-heading\" data-id=\"fcbd88e\" data-element_type=\"widget\" data-widget_type=\"heading.default\">\n\t\t\t\t<div class=\"elementor-widget-container\">\n\t\t\t<h2 class=\"elementor-heading-title elementor-size-default\">Pago seguro<\/h2>\t\t<\/div>\n\t\t\t\t<\/div>\n\t\t\t\t<div class=\"elementor-element elementor-element-f659b03 elementor-widget elementor-widget-image\" data-id=\"f659b03\" data-element_type=\"widget\" data-widget_type=\"image.default\">\n\t\t\t\t<div class=\"elementor-widget-container\">\n\t\t\t\t\t\t\t\t\t\t\t\t\t\t\t<img loading=\"lazy\" decoding=\"async\" width=\"1024\" height=\"292\" src=\"https:\/\/firmaonline.org\/xifirma\/wp-content\/uploads\/2022\/07\/logo_pypal-1024x292.png\" class=\"attachment-large size-large\" alt=\"Logo Paypal\" srcset=\"https:\/\/firmaonline.org\/xifirma\/wp-content\/uploads\/2022\/07\/logo_pypal-1024x292.png 1024w, https:\/\/firmaonline.org\/xifirma\/wp-content\/uploads\/2022\/07\/logo_pypal-300x86.png 300w, https:\/\/firmaonline.org\/xifirma\/wp-content\/uploads\/2022\/07\/logo_pypal-768x219.png 768w, https:\/\/firmaonline.org\/xifirma\/wp-content\/uploads\/2022\/07\/logo_pypal-1536x438.png 1536w, https:\/\/firmaonline.org\/xifirma\/wp-content\/uploads\/2022\/07\/logo_pypal.png 1600w\" sizes=\"auto, (max-width: 1024px) 100vw, 1024px\" \/>\t\t\t\t\t\t\t\t\t\t\t\t\t\t\t<\/div>\n\t\t\t\t<\/div>\n\t\t\t\t\t<\/div>\n\t\t<\/div>\n\t\t\t\t\t\t\t<\/div>\n\t\t<\/section>\n\t\t\t\t\t\t\t<\/div>\n\t\t","protected":false},"excerpt":{"rendered":"<p>El meta-an\u00e1lisis en las ciencias pesqueras y acu\u00edcolas: c\u00f3mo tomar decisiones a trav\u00e9s de datos locales, regionales y globales Instructora: Ana Teresa Herrera-Reveles Duraci\u00f3n: 4 horasModalidad: Online Horario: 20 Nov desde las 8h a 12h (Hora Ecuador) Ana Teresa Herrera-Reveles. Licenciada en Biolog\u00eda (2004) con Doctorado en Ciencias (Menci\u00f3n Ecolog\u00eda, 2016) de la Universidad Central &#8230; <a title=\"Curso-23\" class=\"read-more\" href=\"https:\/\/firmaonline.org\/xifirma\/curso-23\/\" aria-label=\"M\u00e1s en Curso-23\">Leer m\u00e1s<\/a><\/p>\n","protected":false},"author":1,"featured_media":0,"parent":0,"menu_order":0,"comment_status":"closed","ping_status":"closed","template":"elementor_header_footer","meta":{"footnotes":""},"class_list":["post-3850","page","type-page","status-publish"],"acf":[],"_links":{"self":[{"href":"https:\/\/firmaonline.org\/xifirma\/wp-json\/wp\/v2\/pages\/3850","targetHints":{"allow":["GET"]}}],"collection":[{"href":"https:\/\/firmaonline.org\/xifirma\/wp-json\/wp\/v2\/pages"}],"about":[{"href":"https:\/\/firmaonline.org\/xifirma\/wp-json\/wp\/v2\/types\/page"}],"author":[{"embeddable":true,"href":"https:\/\/firmaonline.org\/xifirma\/wp-json\/wp\/v2\/users\/1"}],"replies":[{"embeddable":true,"href":"https:\/\/firmaonline.org\/xifirma\/wp-json\/wp\/v2\/comments?post=3850"}],"version-history":[{"count":13,"href":"https:\/\/firmaonline.org\/xifirma\/wp-json\/wp\/v2\/pages\/3850\/revisions"}],"predecessor-version":[{"id":4314,"href":"https:\/\/firmaonline.org\/xifirma\/wp-json\/wp\/v2\/pages\/3850\/revisions\/4314"}],"wp:attachment":[{"href":"https:\/\/firmaonline.org\/xifirma\/wp-json\/wp\/v2\/media?parent=3850"}],"curies":[{"name":"wp","href":"https:\/\/api.w.org\/{rel}","templated":true}]}}