{"id":3898,"date":"2022-10-16T18:26:07","date_gmt":"2022-10-16T18:26:07","guid":{"rendered":"https:\/\/firmaonline.org\/xifirma\/?page_id=3898"},"modified":"2022-11-21T13:45:52","modified_gmt":"2022-11-21T13:45:52","slug":"curso-26","status":"publish","type":"page","link":"https:\/\/firmaonline.org\/xifirma\/curso-26\/","title":{"rendered":"Curso-26"},"content":{"rendered":"\t\t<div data-elementor-type=\"wp-page\" data-elementor-id=\"3898\" class=\"elementor elementor-3898\">\n\t\t\t\t\t\t\t\t\t<section data-particle_enable=\"false\" data-particle-mobile-disabled=\"false\" class=\"elementor-section elementor-top-section elementor-element elementor-element-425a304 elementor-section-boxed elementor-section-height-default elementor-section-height-default\" data-id=\"425a304\" data-element_type=\"section\">\n\t\t\t\t\t\t<div class=\"elementor-container elementor-column-gap-default\">\n\t\t\t\t\t<div class=\"elementor-column elementor-col-50 elementor-top-column elementor-element elementor-element-d3273d0\" data-id=\"d3273d0\" data-element_type=\"column\">\n\t\t\t<div class=\"elementor-widget-wrap elementor-element-populated\">\n\t\t\t\t\t\t\t\t<div class=\"elementor-element elementor-element-d560494 elementor-widget elementor-widget-image\" data-id=\"d560494\" data-element_type=\"widget\" data-widget_type=\"image.default\">\n\t\t\t\t<div class=\"elementor-widget-container\">\n\t\t\t<style>\/*! elementor - v3.6.6 - 08-06-2022 *\/\n.elementor-widget-image{text-align:center}.elementor-widget-image a{display:inline-block}.elementor-widget-image a img[src$=\".svg\"]{width:48px}.elementor-widget-image img{vertical-align:middle;display:inline-block}<\/style>\t\t\t\t\t\t\t\t\t\t\t\t<img loading=\"lazy\" decoding=\"async\" width=\"1024\" height=\"953\" src=\"https:\/\/firmaonline.org\/xifirma\/wp-content\/uploads\/2022\/10\/Curso-26-1-1024x953.jpg\" class=\"attachment-large size-large\" alt=\"Introducci\u00f3n al an\u00e1lisis de datos con R en Biolog\u00eda Pesquera y Acuicultura\" srcset=\"https:\/\/firmaonline.org\/xifirma\/wp-content\/uploads\/2022\/10\/Curso-26-1-1024x953.jpg 1024w, https:\/\/firmaonline.org\/xifirma\/wp-content\/uploads\/2022\/10\/Curso-26-1-300x279.jpg 300w, https:\/\/firmaonline.org\/xifirma\/wp-content\/uploads\/2022\/10\/Curso-26-1-768x715.jpg 768w, https:\/\/firmaonline.org\/xifirma\/wp-content\/uploads\/2022\/10\/Curso-26-1.jpg 1364w\" sizes=\"auto, (max-width: 1024px) 100vw, 1024px\" \/>\t\t\t\t\t\t\t\t\t\t\t\t\t\t\t<\/div>\n\t\t\t\t<\/div>\n\t\t\t\t\t<\/div>\n\t\t<\/div>\n\t\t\t\t<div class=\"elementor-column elementor-col-50 elementor-top-column elementor-element elementor-element-80e325b\" data-id=\"80e325b\" data-element_type=\"column\" data-settings=\"{&quot;background_background&quot;:&quot;classic&quot;}\">\n\t\t\t<div class=\"elementor-widget-wrap elementor-element-populated\">\n\t\t\t\t\t\t\t\t<div class=\"elementor-element elementor-element-04cbe77 elementor-widget elementor-widget-heading\" data-id=\"04cbe77\" data-element_type=\"widget\" data-widget_type=\"heading.default\">\n\t\t\t\t<div class=\"elementor-widget-container\">\n\t\t\t<style>\/*! elementor - v3.6.6 - 08-06-2022 *\/\n.elementor-heading-title{padding:0;margin:0;line-height:1}.elementor-widget-heading .elementor-heading-title[class*=elementor-size-]>a{color:inherit;font-size:inherit;line-height:inherit}.elementor-widget-heading .elementor-heading-title.elementor-size-small{font-size:15px}.elementor-widget-heading .elementor-heading-title.elementor-size-medium{font-size:19px}.elementor-widget-heading .elementor-heading-title.elementor-size-large{font-size:29px}.elementor-widget-heading .elementor-heading-title.elementor-size-xl{font-size:39px}.elementor-widget-heading .elementor-heading-title.elementor-size-xxl{font-size:59px}<\/style><h2 class=\"elementor-heading-title elementor-size-default\">Introducci\u00f3n al an\u00e1lisis de datos con R en Biolog\u00eda Pesquera y Acuicultura<\/h2>\t\t<\/div>\n\t\t\t\t<\/div>\n\t\t\t\t<div class=\"elementor-element elementor-element-a146c40 elementor-widget elementor-widget-heading\" data-id=\"a146c40\" data-element_type=\"widget\" data-widget_type=\"heading.default\">\n\t\t\t\t<div class=\"elementor-widget-container\">\n\t\t\t<h2 class=\"elementor-heading-title elementor-size-default\"><strong>Instructora:<\/strong> Mariela Narv\u00e1ez-Ruiz<\/h2>\t\t<\/div>\n\t\t\t\t<\/div>\n\t\t\t\t<div class=\"elementor-element elementor-element-de4f567 elementor-widget elementor-widget-heading\" data-id=\"de4f567\" data-element_type=\"widget\" data-widget_type=\"heading.default\">\n\t\t\t\t<div class=\"elementor-widget-container\">\n\t\t\t<h2 class=\"elementor-heading-title elementor-size-default\"><strong>Duraci\u00f3n: <\/strong> 4 horas<br><strong>Modalidad: <\/strong> Online<\/h2>\t\t<\/div>\n\t\t\t\t<\/div>\n\t\t\t\t<div class=\"elementor-element elementor-element-3559990 elementor-widget elementor-widget-heading\" data-id=\"3559990\" data-element_type=\"widget\" data-widget_type=\"heading.default\">\n\t\t\t\t<div class=\"elementor-widget-container\">\n\t\t\t<h2 class=\"elementor-heading-title elementor-size-default\"><strong>Horario:<\/strong><\/h2>\t\t<\/div>\n\t\t\t\t<\/div>\n\t\t\t\t<div class=\"elementor-element elementor-element-ab05634 elementor-widget elementor-widget-text-editor\" data-id=\"ab05634\" data-element_type=\"widget\" data-widget_type=\"text-editor.default\">\n\t\t\t\t<div class=\"elementor-widget-container\">\n\t\t\t<style>\/*! elementor - v3.6.6 - 08-06-2022 *\/\n.elementor-widget-text-editor.elementor-drop-cap-view-stacked .elementor-drop-cap{background-color:#818a91;color:#fff}.elementor-widget-text-editor.elementor-drop-cap-view-framed .elementor-drop-cap{color:#818a91;border:3px solid;background-color:transparent}.elementor-widget-text-editor:not(.elementor-drop-cap-view-default) .elementor-drop-cap{margin-top:8px}.elementor-widget-text-editor:not(.elementor-drop-cap-view-default) .elementor-drop-cap-letter{width:1em;height:1em}.elementor-widget-text-editor .elementor-drop-cap{float:left;text-align:center;line-height:1;font-size:50px}.elementor-widget-text-editor .elementor-drop-cap-letter{display:inline-block}<\/style>\t\t\t\t<ul><li>19 Nov desde las 14h a 16h (Hora Ecuador)<\/li><li>20 Nov desde las 14h a 16h (Hora Ecuador)<\/li><\/ul>\t\t\t\t\t\t<\/div>\n\t\t\t\t<\/div>\n\t\t\t\t\t<\/div>\n\t\t<\/div>\n\t\t\t\t\t\t\t<\/div>\n\t\t<\/section>\n\t\t\t\t<section data-particle_enable=\"false\" data-particle-mobile-disabled=\"false\" class=\"elementor-section elementor-top-section elementor-element elementor-element-bd28e6f elementor-reverse-mobile elementor-section-boxed elementor-section-height-default elementor-section-height-default\" data-id=\"bd28e6f\" data-element_type=\"section\">\n\t\t\t\t\t\t<div class=\"elementor-container elementor-column-gap-default\">\n\t\t\t\t\t<div class=\"elementor-column elementor-col-50 elementor-top-column elementor-element elementor-element-4e94f1b\" data-id=\"4e94f1b\" data-element_type=\"column\">\n\t\t\t<div class=\"elementor-widget-wrap elementor-element-populated\">\n\t\t\t\t\t\t\t\t<div class=\"elementor-element elementor-element-0b2a781 elementor-widget elementor-widget-text-editor\" data-id=\"0b2a781\" data-element_type=\"widget\" data-widget_type=\"text-editor.default\">\n\t\t\t\t<div class=\"elementor-widget-container\">\n\t\t\t\t\t\t\t<p><strong>Mariela Narv\u00e1ez-Ruiz, MSc.<\/strong> Licenciada en Biolog\u00eda y Magister en Ciencias Marinas (Menci\u00f3n Biolog\u00eda Pesquera) de la Universidad de Oriente (UDO). Investigadora y docente del Instituto Oceanogr\u00e1fico de Venezuela (IOV), Universidad de Oriente (UDO). Profesora de asignaturas de pregrado (Bioestad\u00edstica, Biolog\u00eda de Poblaciones) y postgrado (M\u00e9todos Estad\u00edsticos en Ciencias Marinas, Din\u00e1mica de Poblaciones). Jefa del Departamento de Biolog\u00eda Pesquera (IOV-UDO) y Coordinadora del Laboratorio de M\u00e9todos Cuantitativos y Modelos Matem\u00e1ticos de dicho departamento. Investigadora con experiencia en dise\u00f1o experimental, ciencia de datos y an\u00e1lisis geoespacial aplicados en ciencias marinas. Autora y coautora de publicaciones cient\u00edficas en pesquer\u00eda y ecolog\u00eda marina. Centrada en los \u00faltimos 5 a\u00f1os en la aplicaci\u00f3n y ense\u00f1anza de herramientas bioinform\u00e1ticas para la exploraci\u00f3n, an\u00e1lisis y modelaci\u00f3n de datos. Miembro del equipo de cient\u00edficos venezolanos con participaci\u00f3n activa en proyectos y reuniones de la Comisi\u00f3n Internacional para la Conservaci\u00f3n del At\u00fan Atl\u00e1ntico (CICAA\/ICCAT).<\/p>\t\t\t\t\t\t<\/div>\n\t\t\t\t<\/div>\n\t\t\t\t\t<\/div>\n\t\t<\/div>\n\t\t\t\t<div class=\"elementor-column elementor-col-50 elementor-top-column elementor-element elementor-element-1f86e76\" data-id=\"1f86e76\" data-element_type=\"column\">\n\t\t\t<div class=\"elementor-widget-wrap elementor-element-populated\">\n\t\t\t\t\t\t\t\t<div class=\"elementor-element elementor-element-038afb2 elementor-widget elementor-widget-image\" data-id=\"038afb2\" data-element_type=\"widget\" data-widget_type=\"image.default\">\n\t\t\t\t<div class=\"elementor-widget-container\">\n\t\t\t\t\t\t\t\t\t\t\t\t\t\t\t<img loading=\"lazy\" decoding=\"async\" width=\"601\" height=\"601\" src=\"https:\/\/firmaonline.org\/xifirma\/wp-content\/uploads\/2022\/10\/Mariela-Narvaez-600x600-1.jpg\" class=\"attachment-large size-large\" alt=\"Mariela Narv\u00e1ez-Ruiz\" srcset=\"https:\/\/firmaonline.org\/xifirma\/wp-content\/uploads\/2022\/10\/Mariela-Narvaez-600x600-1.jpg 601w, https:\/\/firmaonline.org\/xifirma\/wp-content\/uploads\/2022\/10\/Mariela-Narvaez-600x600-1-300x300.jpg 300w, https:\/\/firmaonline.org\/xifirma\/wp-content\/uploads\/2022\/10\/Mariela-Narvaez-600x600-1-150x150.jpg 150w\" sizes=\"auto, (max-width: 601px) 100vw, 601px\" \/>\t\t\t\t\t\t\t\t\t\t\t\t\t\t\t<\/div>\n\t\t\t\t<\/div>\n\t\t\t\t\t<\/div>\n\t\t<\/div>\n\t\t\t\t\t\t\t<\/div>\n\t\t<\/section>\n\t\t\t\t<section data-particle_enable=\"false\" data-particle-mobile-disabled=\"false\" class=\"elementor-section elementor-top-section elementor-element elementor-element-00e2d4f elementor-section-boxed elementor-section-height-default elementor-section-height-default\" data-id=\"00e2d4f\" data-element_type=\"section\">\n\t\t\t\t\t\t<div class=\"elementor-container elementor-column-gap-default\">\n\t\t\t\t\t<div class=\"elementor-column elementor-col-100 elementor-top-column elementor-element elementor-element-19bf6f2\" data-id=\"19bf6f2\" data-element_type=\"column\">\n\t\t\t<div class=\"elementor-widget-wrap elementor-element-populated\">\n\t\t\t\t\t\t\t\t<div class=\"elementor-element elementor-element-6c66b44 elementor-widget elementor-widget-text-editor\" data-id=\"6c66b44\" data-element_type=\"widget\" data-widget_type=\"text-editor.default\">\n\t\t\t\t<div class=\"elementor-widget-container\">\n\t\t\t\t\t\t\t<p>El entorno de programaci\u00f3n R, nos permite explorar, analizar y modelar datos. Su aplicaci\u00f3n para realizar an\u00e1lisis de estad\u00edstica descriptiva, inferencial y bayesiana, contin\u00faa creciendo dentro de la comunidad cient\u00edfica a nivel mundial. Lo anterior, se debe en parte a su gran versatilidad (nos permite generar an\u00e1lisis y gr\u00e1ficos que no se encuentran disponibles en otros paquetes estad\u00edsticos) y al hecho de que es un software libre (completamente gratuito) que fomenta el trabajo colaborativo. A pesar de las m\u00faltiples ventajas que presentan aquellas personas que utilizan esta valiosa herramienta, aprender a utilizar R puede resultar intimidante y en algunos casos frustrante. Es por ello, que este curso est\u00e1 dise\u00f1ado para introducir a los participantes de una forma sencilla y did\u00e1ctica en el universo de posibilidades que R ofrece. Lo anterior se realizar\u00e1 por medio de clases te\u00f3ricas y sesiones pr\u00e1cticas de laboratorio de datos con R, enfocados en ejemplos correspondientes a las \u00e1reas de biolog\u00eda pesquera y acuicultura. Si nunca has utilizado R o incluso si eres un usuario de nivel intermedio, que desea mejorar su flujo de trabajo con esta herramienta, este curso es para ti.<\/p>\t\t\t\t\t\t<\/div>\n\t\t\t\t<\/div>\n\t\t\t\t\t<\/div>\n\t\t<\/div>\n\t\t\t\t\t\t\t<\/div>\n\t\t<\/section>\n\t\t\t\t<section data-particle_enable=\"false\" data-particle-mobile-disabled=\"false\" class=\"elementor-section elementor-top-section elementor-element elementor-element-da59468 elementor-section-boxed elementor-section-height-default elementor-section-height-default\" data-id=\"da59468\" data-element_type=\"section\">\n\t\t\t\t\t\t<div class=\"elementor-container elementor-column-gap-default\">\n\t\t\t\t\t<div class=\"elementor-column elementor-col-100 elementor-top-column elementor-element elementor-element-890730a\" data-id=\"890730a\" data-element_type=\"column\">\n\t\t\t<div class=\"elementor-widget-wrap elementor-element-populated\">\n\t\t\t\t\t\t\t\t<div class=\"elementor-element elementor-element-4c61aaa elementor-widget elementor-widget-image\" data-id=\"4c61aaa\" data-element_type=\"widget\" data-widget_type=\"image.default\">\n\t\t\t\t<div class=\"elementor-widget-container\">\n\t\t\t\t\t\t\t\t\t\t\t\t\t\t\t<img loading=\"lazy\" decoding=\"async\" width=\"1024\" height=\"575\" src=\"https:\/\/firmaonline.org\/xifirma\/wp-content\/uploads\/2022\/10\/Curso-26-2-1024x575.jpg\" class=\"attachment-large size-large\" alt=\"Introducci\u00f3n al an\u00e1lisis de datos con R en Biolog\u00eda Pesquera y Acuicultura\" srcset=\"https:\/\/firmaonline.org\/xifirma\/wp-content\/uploads\/2022\/10\/Curso-26-2-1024x575.jpg 1024w, https:\/\/firmaonline.org\/xifirma\/wp-content\/uploads\/2022\/10\/Curso-26-2-300x168.jpg 300w, https:\/\/firmaonline.org\/xifirma\/wp-content\/uploads\/2022\/10\/Curso-26-2-768x431.jpg 768w, https:\/\/firmaonline.org\/xifirma\/wp-content\/uploads\/2022\/10\/Curso-26-2-1536x863.jpg 1536w, https:\/\/firmaonline.org\/xifirma\/wp-content\/uploads\/2022\/10\/Curso-26-2-2048x1150.jpg 2048w\" sizes=\"auto, (max-width: 1024px) 100vw, 1024px\" \/>\t\t\t\t\t\t\t\t\t\t\t\t\t\t\t<\/div>\n\t\t\t\t<\/div>\n\t\t\t\t\t<\/div>\n\t\t<\/div>\n\t\t\t\t\t\t\t<\/div>\n\t\t<\/section>\n\t\t\t\t<section data-particle_enable=\"false\" data-particle-mobile-disabled=\"false\" class=\"elementor-section elementor-top-section elementor-element elementor-element-bd0710f elementor-section-boxed elementor-section-height-default elementor-section-height-default\" data-id=\"bd0710f\" data-element_type=\"section\">\n\t\t\t\t\t\t<div class=\"elementor-container elementor-column-gap-default\">\n\t\t\t\t\t<div class=\"elementor-column elementor-col-100 elementor-top-column elementor-element elementor-element-a5baf25\" data-id=\"a5baf25\" data-element_type=\"column\">\n\t\t\t<div class=\"elementor-widget-wrap elementor-element-populated\">\n\t\t\t\t\t\t\t\t<div class=\"elementor-element elementor-element-65ad669 elementor-widget elementor-widget-text-editor\" data-id=\"65ad669\" data-element_type=\"widget\" data-widget_type=\"text-editor.default\">\n\t\t\t\t<div class=\"elementor-widget-container\">\n\t\t\t\t\t\t\t<p><strong>Contenido<\/strong>:<\/p><p><strong>Secci\u00f3n 1:<\/strong> Lo que necesitas conocer sobre R. \u00bfC\u00f3mo puedo mejorar mi flujo de trabajo dentro de R? Aprendiendo c\u00f3mo el tidyverso puede facilitar nuestro trabajo. Fundamentos sobre dise\u00f1o experimental y estad\u00edstica descriptiva. \u00bfC\u00f3mo puedo describir mis datos? Gr\u00e1ficos con paquete base de R vs. gr\u00e1ficos mejorados con el paquete ggplot2. Laboratorio de datos con R.<\/p><p><strong>Secci\u00f3n 2:<\/strong> Estad\u00edstica inferencial: supuestos principales de estad\u00edstica param\u00e9trica (normalidad y homocedasticidad), pruebas de estad\u00edstica param\u00e9trica (T-Student, ANOVA simple, pruebas a posteriori param\u00e9tricas). Correlaciones m\u00faltiples param\u00e9tricas y no param\u00e9tricas. Laboratorio de datos con R.<\/p><p><strong>Secci\u00f3n 3:<\/strong> Estad\u00edstica inferencial (continuaci\u00f3n): Pruebas de estad\u00edstica no param\u00e9trica (Prueba U de Mann-Whitney, Kruskal-Wallis, pruebas a posteriori no param\u00e9tricas). Otros m\u00e9todos y pruebas estad\u00edsticas que puedo seguir aprendiendo: Demos un vistazo introductorio al ACP, nMDS, CCA, ANOSIM y PERMANOVA. Laboratorio de datos con R.<\/p>\t\t\t\t\t\t<\/div>\n\t\t\t\t<\/div>\n\t\t\t\t\t<\/div>\n\t\t<\/div>\n\t\t\t\t\t\t\t<\/div>\n\t\t<\/section>\n\t\t\t\t<section data-particle_enable=\"false\" data-particle-mobile-disabled=\"false\" class=\"elementor-section elementor-top-section elementor-element elementor-element-c4db5a6 elementor-hidden-desktop elementor-hidden-tablet elementor-hidden-mobile elementor-section-boxed elementor-section-height-default elementor-section-height-default\" data-id=\"c4db5a6\" data-element_type=\"section\">\n\t\t\t\t\t\t<div class=\"elementor-container elementor-column-gap-default\">\n\t\t\t\t\t<div class=\"elementor-column elementor-col-33 elementor-top-column elementor-element elementor-element-95a895e\" data-id=\"95a895e\" data-element_type=\"column\">\n\t\t\t<div class=\"elementor-widget-wrap elementor-element-populated\">\n\t\t\t\t\t\t\t\t<div class=\"elementor-element elementor-element-7fa2f60 elementor-widget elementor-widget-heading\" data-id=\"7fa2f60\" data-element_type=\"widget\" data-widget_type=\"heading.default\">\n\t\t\t\t<div class=\"elementor-widget-container\">\n\t\t\t<h2 class=\"elementor-heading-title elementor-size-default\">Precio: 20 EUR<\/h2>\t\t<\/div>\n\t\t\t\t<\/div>\n\t\t\t\t\t<\/div>\n\t\t<\/div>\n\t\t\t\t<div class=\"elementor-column elementor-col-33 elementor-top-column elementor-element elementor-element-f3c6b57\" data-id=\"f3c6b57\" data-element_type=\"column\">\n\t\t\t<div class=\"elementor-widget-wrap elementor-element-populated\">\n\t\t\t\t\t\t\t\t<div class=\"elementor-element elementor-element-794d733 elementor-align-center elementor-widget elementor-widget-button\" data-id=\"794d733\" data-element_type=\"widget\" data-widget_type=\"button.default\">\n\t\t\t\t<div class=\"elementor-widget-container\">\n\t\t\t\t\t<div class=\"elementor-button-wrapper\">\n\t\t\t<a href=\"https:\/\/firmaonline.org\/xifirma-inscripcion-curso\/inscripcion-curso.php?codigo_curso=CU26\" target=\"_blank\" class=\"elementor-button-link elementor-button elementor-size-sm\" role=\"button\">\n\t\t\t\t\t\t<span class=\"elementor-button-content-wrapper\">\n\t\t\t\t\t\t<span class=\"elementor-button-text\">Inscr\u00edbete<\/span>\n\t\t<\/span>\n\t\t\t\t\t<\/a>\n\t\t<\/div>\n\t\t\t\t<\/div>\n\t\t\t\t<\/div>\n\t\t\t\t\t<\/div>\n\t\t<\/div>\n\t\t\t\t<div class=\"elementor-column elementor-col-33 elementor-top-column elementor-element elementor-element-baeca97\" data-id=\"baeca97\" data-element_type=\"column\">\n\t\t\t<div class=\"elementor-widget-wrap elementor-element-populated\">\n\t\t\t\t\t\t\t\t<div class=\"elementor-element elementor-element-960f525 elementor-widget elementor-widget-heading\" data-id=\"960f525\" data-element_type=\"widget\" data-widget_type=\"heading.default\">\n\t\t\t\t<div class=\"elementor-widget-container\">\n\t\t\t<h2 class=\"elementor-heading-title elementor-size-default\">Pago seguro<\/h2>\t\t<\/div>\n\t\t\t\t<\/div>\n\t\t\t\t<div class=\"elementor-element elementor-element-950fe93 elementor-widget elementor-widget-image\" data-id=\"950fe93\" data-element_type=\"widget\" data-widget_type=\"image.default\">\n\t\t\t\t<div class=\"elementor-widget-container\">\n\t\t\t\t\t\t\t\t\t\t\t\t\t\t\t<img loading=\"lazy\" decoding=\"async\" width=\"1024\" height=\"292\" src=\"https:\/\/firmaonline.org\/xifirma\/wp-content\/uploads\/2022\/07\/logo_pypal-1024x292.png\" class=\"attachment-large size-large\" alt=\"Logo Paypal\" srcset=\"https:\/\/firmaonline.org\/xifirma\/wp-content\/uploads\/2022\/07\/logo_pypal-1024x292.png 1024w, https:\/\/firmaonline.org\/xifirma\/wp-content\/uploads\/2022\/07\/logo_pypal-300x86.png 300w, https:\/\/firmaonline.org\/xifirma\/wp-content\/uploads\/2022\/07\/logo_pypal-768x219.png 768w, https:\/\/firmaonline.org\/xifirma\/wp-content\/uploads\/2022\/07\/logo_pypal-1536x438.png 1536w, https:\/\/firmaonline.org\/xifirma\/wp-content\/uploads\/2022\/07\/logo_pypal.png 1600w\" sizes=\"auto, (max-width: 1024px) 100vw, 1024px\" \/>\t\t\t\t\t\t\t\t\t\t\t\t\t\t\t<\/div>\n\t\t\t\t<\/div>\n\t\t\t\t\t<\/div>\n\t\t<\/div>\n\t\t\t\t\t\t\t<\/div>\n\t\t<\/section>\n\t\t\t\t\t\t\t<\/div>\n\t\t","protected":false},"excerpt":{"rendered":"<p>Introducci\u00f3n al an\u00e1lisis de datos con R en Biolog\u00eda Pesquera y Acuicultura Instructora: Mariela Narv\u00e1ez-Ruiz Duraci\u00f3n: 4 horasModalidad: Online Horario: 19 Nov desde las 14h a 16h (Hora Ecuador) 20 Nov desde las 14h a 16h (Hora Ecuador) Mariela Narv\u00e1ez-Ruiz, MSc. Licenciada en Biolog\u00eda y Magister en Ciencias Marinas (Menci\u00f3n Biolog\u00eda Pesquera) de la Universidad &#8230; <a title=\"Curso-26\" class=\"read-more\" href=\"https:\/\/firmaonline.org\/xifirma\/curso-26\/\" aria-label=\"M\u00e1s en Curso-26\">Leer m\u00e1s<\/a><\/p>\n","protected":false},"author":1,"featured_media":0,"parent":0,"menu_order":0,"comment_status":"closed","ping_status":"closed","template":"elementor_header_footer","meta":{"footnotes":""},"class_list":["post-3898","page","type-page","status-publish"],"acf":[],"_links":{"self":[{"href":"https:\/\/firmaonline.org\/xifirma\/wp-json\/wp\/v2\/pages\/3898","targetHints":{"allow":["GET"]}}],"collection":[{"href":"https:\/\/firmaonline.org\/xifirma\/wp-json\/wp\/v2\/pages"}],"about":[{"href":"https:\/\/firmaonline.org\/xifirma\/wp-json\/wp\/v2\/types\/page"}],"author":[{"embeddable":true,"href":"https:\/\/firmaonline.org\/xifirma\/wp-json\/wp\/v2\/users\/1"}],"replies":[{"embeddable":true,"href":"https:\/\/firmaonline.org\/xifirma\/wp-json\/wp\/v2\/comments?post=3898"}],"version-history":[{"count":13,"href":"https:\/\/firmaonline.org\/xifirma\/wp-json\/wp\/v2\/pages\/3898\/revisions"}],"predecessor-version":[{"id":4320,"href":"https:\/\/firmaonline.org\/xifirma\/wp-json\/wp\/v2\/pages\/3898\/revisions\/4320"}],"wp:attachment":[{"href":"https:\/\/firmaonline.org\/xifirma\/wp-json\/wp\/v2\/media?parent=3898"}],"curies":[{"name":"wp","href":"https:\/\/api.w.org\/{rel}","templated":true}]}}