{"id":3920,"date":"2022-10-19T14:12:36","date_gmt":"2022-10-19T14:12:36","guid":{"rendered":"https:\/\/firmaonline.org\/xifirma\/?page_id=3920"},"modified":"2022-11-21T13:35:48","modified_gmt":"2022-11-21T13:35:48","slug":"curso-20","status":"publish","type":"page","link":"https:\/\/firmaonline.org\/xifirma\/curso-20\/","title":{"rendered":"Curso-20"},"content":{"rendered":"\t\t<div data-elementor-type=\"wp-page\" data-elementor-id=\"3920\" class=\"elementor elementor-3920\">\n\t\t\t\t\t\t\t\t\t<section data-particle_enable=\"false\" data-particle-mobile-disabled=\"false\" class=\"elementor-section elementor-top-section elementor-element elementor-element-f7da900 elementor-section-boxed elementor-section-height-default elementor-section-height-default\" data-id=\"f7da900\" data-element_type=\"section\">\n\t\t\t\t\t\t<div class=\"elementor-container elementor-column-gap-default\">\n\t\t\t\t\t<div class=\"elementor-column elementor-col-50 elementor-top-column elementor-element elementor-element-9182403\" data-id=\"9182403\" data-element_type=\"column\">\n\t\t\t<div class=\"elementor-widget-wrap elementor-element-populated\">\n\t\t\t\t\t\t\t\t<div class=\"elementor-element elementor-element-9dc6d95 elementor-widget elementor-widget-image\" data-id=\"9dc6d95\" data-element_type=\"widget\" data-widget_type=\"image.default\">\n\t\t\t\t<div class=\"elementor-widget-container\">\n\t\t\t<style>\/*! elementor - v3.6.6 - 08-06-2022 *\/\n.elementor-widget-image{text-align:center}.elementor-widget-image a{display:inline-block}.elementor-widget-image a img[src$=\".svg\"]{width:48px}.elementor-widget-image img{vertical-align:middle;display:inline-block}<\/style>\t\t\t\t\t\t\t\t\t\t\t\t<img loading=\"lazy\" decoding=\"async\" width=\"1024\" height=\"953\" src=\"https:\/\/firmaonline.org\/xifirma\/wp-content\/uploads\/2022\/10\/Curso-20-1-1024x953.jpg\" class=\"attachment-large size-large\" alt=\"T\u00e9cnicas de identificaci\u00f3n y nuevas tecnolog\u00edas para la caracterizaci\u00f3n de pepinos de mar\" srcset=\"https:\/\/firmaonline.org\/xifirma\/wp-content\/uploads\/2022\/10\/Curso-20-1-1024x953.jpg 1024w, https:\/\/firmaonline.org\/xifirma\/wp-content\/uploads\/2022\/10\/Curso-20-1-300x279.jpg 300w, https:\/\/firmaonline.org\/xifirma\/wp-content\/uploads\/2022\/10\/Curso-20-1-768x715.jpg 768w, https:\/\/firmaonline.org\/xifirma\/wp-content\/uploads\/2022\/10\/Curso-20-1.jpg 1363w\" sizes=\"auto, (max-width: 1024px) 100vw, 1024px\" \/>\t\t\t\t\t\t\t\t\t\t\t\t\t\t\t<\/div>\n\t\t\t\t<\/div>\n\t\t\t\t\t<\/div>\n\t\t<\/div>\n\t\t\t\t<div class=\"elementor-column elementor-col-50 elementor-top-column elementor-element elementor-element-f055c78\" data-id=\"f055c78\" data-element_type=\"column\" data-settings=\"{&quot;background_background&quot;:&quot;classic&quot;}\">\n\t\t\t<div class=\"elementor-widget-wrap elementor-element-populated\">\n\t\t\t\t\t\t\t\t<div class=\"elementor-element elementor-element-a783327 elementor-widget elementor-widget-heading\" data-id=\"a783327\" data-element_type=\"widget\" data-widget_type=\"heading.default\">\n\t\t\t\t<div class=\"elementor-widget-container\">\n\t\t\t<style>\/*! elementor - v3.6.6 - 08-06-2022 *\/\n.elementor-heading-title{padding:0;margin:0;line-height:1}.elementor-widget-heading .elementor-heading-title[class*=elementor-size-]>a{color:inherit;font-size:inherit;line-height:inherit}.elementor-widget-heading .elementor-heading-title.elementor-size-small{font-size:15px}.elementor-widget-heading .elementor-heading-title.elementor-size-medium{font-size:19px}.elementor-widget-heading .elementor-heading-title.elementor-size-large{font-size:29px}.elementor-widget-heading .elementor-heading-title.elementor-size-xl{font-size:39px}.elementor-widget-heading .elementor-heading-title.elementor-size-xxl{font-size:59px}<\/style><h2 class=\"elementor-heading-title elementor-size-default\">T\u00e9cnicas de identificaci\u00f3n y nuevas tecnolog\u00edas para la caracterizaci\u00f3n de pepinos de mar<\/h2>\t\t<\/div>\n\t\t\t\t<\/div>\n\t\t\t\t<div class=\"elementor-element elementor-element-76c4841 elementor-widget elementor-widget-heading\" data-id=\"76c4841\" data-element_type=\"widget\" data-widget_type=\"heading.default\">\n\t\t\t\t<div class=\"elementor-widget-container\">\n\t\t\t<h2 class=\"elementor-heading-title elementor-size-default\"><strong>Instructor:<\/strong> Julio Adri\u00e1n Arriaga Ochoa<\/h2>\t\t<\/div>\n\t\t\t\t<\/div>\n\t\t\t\t<div class=\"elementor-element elementor-element-8ca2577 elementor-widget elementor-widget-heading\" data-id=\"8ca2577\" data-element_type=\"widget\" data-widget_type=\"heading.default\">\n\t\t\t\t<div class=\"elementor-widget-container\">\n\t\t\t<h2 class=\"elementor-heading-title elementor-size-default\"><strong>Duraci\u00f3n: <\/strong> 8 horas<br><strong>Modalidad: <\/strong> Online<\/h2>\t\t<\/div>\n\t\t\t\t<\/div>\n\t\t\t\t<div class=\"elementor-element elementor-element-e9607dd elementor-widget elementor-widget-heading\" data-id=\"e9607dd\" data-element_type=\"widget\" data-widget_type=\"heading.default\">\n\t\t\t\t<div class=\"elementor-widget-container\">\n\t\t\t<h2 class=\"elementor-heading-title elementor-size-default\"><strong>Horario:<\/strong><\/h2>\t\t<\/div>\n\t\t\t\t<\/div>\n\t\t\t\t<div class=\"elementor-element elementor-element-12f4234 elementor-widget elementor-widget-text-editor\" data-id=\"12f4234\" data-element_type=\"widget\" data-widget_type=\"text-editor.default\">\n\t\t\t\t<div class=\"elementor-widget-container\">\n\t\t\t<style>\/*! elementor - v3.6.6 - 08-06-2022 *\/\n.elementor-widget-text-editor.elementor-drop-cap-view-stacked .elementor-drop-cap{background-color:#818a91;color:#fff}.elementor-widget-text-editor.elementor-drop-cap-view-framed .elementor-drop-cap{color:#818a91;border:3px solid;background-color:transparent}.elementor-widget-text-editor:not(.elementor-drop-cap-view-default) .elementor-drop-cap{margin-top:8px}.elementor-widget-text-editor:not(.elementor-drop-cap-view-default) .elementor-drop-cap-letter{width:1em;height:1em}.elementor-widget-text-editor .elementor-drop-cap{float:left;text-align:center;line-height:1;font-size:50px}.elementor-widget-text-editor .elementor-drop-cap-letter{display:inline-block}<\/style>\t\t\t\t<ul><li>20 Nov desde las 8h a 12h (Hora Ecuador)<\/li><li>20 Nov desde las 14h a 18h (Hora Ecuador)<\/li><\/ul>\t\t\t\t\t\t<\/div>\n\t\t\t\t<\/div>\n\t\t\t\t\t<\/div>\n\t\t<\/div>\n\t\t\t\t\t\t\t<\/div>\n\t\t<\/section>\n\t\t\t\t<section data-particle_enable=\"false\" data-particle-mobile-disabled=\"false\" class=\"elementor-section elementor-top-section elementor-element elementor-element-f08eb08 elementor-reverse-mobile elementor-section-boxed elementor-section-height-default elementor-section-height-default\" data-id=\"f08eb08\" data-element_type=\"section\">\n\t\t\t\t\t\t<div class=\"elementor-container elementor-column-gap-default\">\n\t\t\t\t\t<div class=\"elementor-column elementor-col-50 elementor-top-column elementor-element elementor-element-35100bb\" data-id=\"35100bb\" data-element_type=\"column\">\n\t\t\t<div class=\"elementor-widget-wrap elementor-element-populated\">\n\t\t\t\t\t\t\t\t<div class=\"elementor-element elementor-element-062429b elementor-widget elementor-widget-text-editor\" data-id=\"062429b\" data-element_type=\"widget\" data-widget_type=\"text-editor.default\">\n\t\t\t\t<div class=\"elementor-widget-container\">\n\t\t\t\t\t\t\t<p><strong>Julio Adri\u00e1n Arriaga Ochoa<\/strong>. Es Candidato a Doctor por la Universidad Nacional Aut\u00f3noma de M\u00e9xico (UNAM) con estudios de Maestr\u00eda en Ciencias del Mar y Limnolog\u00eda en la UNAM (Ciudad de M\u00e9xico), con especialidad en Sistem\u00e1tica y Ecolog\u00eda de Equinodermos. Ha hecho investigaci\u00f3n sobre la sistem\u00e1tica de pepinos de mar de M\u00e9xico, y trabajado con aspectos filogen\u00e9ticos con una familia de la Clase Holothuroidea. Adem\u00e1s, es docente de bachillerato desde hace 7 a\u00f1os, en el \u00e1rea de Ciencias Naturales. En la UNAM, tuvo la oportunidad de coordinar el proyecto PAPIIT-IN207011 (Programa de Apoyo a Proyectos de Investigaci\u00f3n e Innovaci\u00f3n Tecnol\u00f3gica) acerca de la sistem\u00e1tica, filogenia y biogeograf\u00eda del g\u00e9nero Lissothuria Verril, 1867, llevando a cabo diversos m\u00e9todos de recolecta, proceso de material biol\u00f3gico, y uso de tecnolog\u00edas para la obtenci\u00f3n de cladogramas que apoyaran la resoluci\u00f3n y fortalecimiento en la clasificaci\u00f3n de este g\u00e9nero de pepinos de mar. En Ecuador hizo investigaci\u00f3n sobre cultivo del pepino de mar caf\u00e9 <em>Isostichopus fuscus<\/em> en el Centro Nacional de Acuicultura e Investigaciones Marinas de la Escuela Superior Polit\u00e9cnica del Litoral (CENAIM-ESPOL), con el objetivo de generar protocolos de manejo de este recurso pesquero en cautiverio y con fines de siembra y recuperaci\u00f3n de poblaciones en el sector costero de la Pen\u00ednsula de Santa Elena, Ecuador, a partir de diversas estrategias de planificaci\u00f3n, gesti\u00f3n y producci\u00f3n. Ha trabajado tanto en el sector p\u00fablico como privado formulando estrategias de manejo de pepinos de mar, como el caso de la integraci\u00f3n de la especie Holothuria innornata a la lista de especies amenazadas en la Norma Oficial Mexicana 059; productivas para la regeneraci\u00f3n de poblaciones del pepino de mar caf\u00e9, coordinando proyectos de investigaci\u00f3n sore la sistem\u00e1tica de pepinos de mar, y ofreciendo talleres acerca de la importancia del conocimiento de estos organismos.<\/p>\t\t\t\t\t\t<\/div>\n\t\t\t\t<\/div>\n\t\t\t\t\t<\/div>\n\t\t<\/div>\n\t\t\t\t<div class=\"elementor-column elementor-col-50 elementor-top-column elementor-element elementor-element-fd386f8\" data-id=\"fd386f8\" data-element_type=\"column\">\n\t\t\t<div class=\"elementor-widget-wrap elementor-element-populated\">\n\t\t\t\t\t\t\t\t<div class=\"elementor-element elementor-element-160341e elementor-widget elementor-widget-image\" data-id=\"160341e\" data-element_type=\"widget\" data-widget_type=\"image.default\">\n\t\t\t\t<div class=\"elementor-widget-container\">\n\t\t\t\t\t\t\t\t\t\t\t\t\t\t\t<img loading=\"lazy\" decoding=\"async\" width=\"601\" height=\"601\" src=\"https:\/\/firmaonline.org\/xifirma\/wp-content\/uploads\/2022\/10\/Julio-Arriaga-600x600-1.jpg\" class=\"attachment-large size-large\" alt=\"Julio Arriaga\" srcset=\"https:\/\/firmaonline.org\/xifirma\/wp-content\/uploads\/2022\/10\/Julio-Arriaga-600x600-1.jpg 601w, https:\/\/firmaonline.org\/xifirma\/wp-content\/uploads\/2022\/10\/Julio-Arriaga-600x600-1-300x300.jpg 300w, https:\/\/firmaonline.org\/xifirma\/wp-content\/uploads\/2022\/10\/Julio-Arriaga-600x600-1-150x150.jpg 150w\" sizes=\"auto, (max-width: 601px) 100vw, 601px\" \/>\t\t\t\t\t\t\t\t\t\t\t\t\t\t\t<\/div>\n\t\t\t\t<\/div>\n\t\t\t\t\t<\/div>\n\t\t<\/div>\n\t\t\t\t\t\t\t<\/div>\n\t\t<\/section>\n\t\t\t\t<section data-particle_enable=\"false\" data-particle-mobile-disabled=\"false\" class=\"elementor-section elementor-top-section elementor-element elementor-element-221836b elementor-section-boxed elementor-section-height-default elementor-section-height-default\" data-id=\"221836b\" data-element_type=\"section\">\n\t\t\t\t\t\t<div class=\"elementor-container elementor-column-gap-default\">\n\t\t\t\t\t<div class=\"elementor-column elementor-col-100 elementor-top-column elementor-element elementor-element-6d929dc\" data-id=\"6d929dc\" data-element_type=\"column\">\n\t\t\t<div class=\"elementor-widget-wrap elementor-element-populated\">\n\t\t\t\t\t\t\t\t<div class=\"elementor-element elementor-element-a5ae0d0 elementor-widget elementor-widget-text-editor\" data-id=\"a5ae0d0\" data-element_type=\"widget\" data-widget_type=\"text-editor.default\">\n\t\t\t\t<div class=\"elementor-widget-container\">\n\t\t\t\t\t\t\t<p>Los pepinos de mar son morfol\u00f3gicamente distintos a los dem\u00e1s equinodermos, debido principalmente a que carecen de un \u201cesqueleto\u201d visible, adem\u00e1s la piel suele ser suave y rugosa. Sin embargo, al observar con detalle su morfolog\u00eda, se pueden distinguir las caracter\u00edsticas que distinguen a los equinodermos. A nivel mundial, los pepinos de mar representan un recurso importante para las pesquer\u00edas y suelen ser un importante ingreso en la econom\u00eda de diversos pa\u00edses, sobre todo en Asia. Sin embargo, existen especies en Am\u00e9rica que forman parte de este recurso tan codiciado en la actualidad.<br \/><br \/>La identificaci\u00f3n adecuada de los pepinos de mar, es sumamente importante en la investigaci\u00f3n, ya que, a trav\u00e9s del uso de herramientas para su caracterizaci\u00f3n, se puede determinar cu\u00e1les especies son propicias para proyectos de impacto como reproducci\u00f3n, o recuperaci\u00f3n de poblaciones, as\u00ed como para el conocimiento del comportamiento o la estructura biol\u00f3gica-ecol\u00f3gica de las especies y manejo sostenible de especies comerciales.<br \/><br \/>En este minicurso se conocer\u00e1n los m\u00e9todos de manejo de material biol\u00f3gico e identificaci\u00f3n de pepinos de mar, en diversos niveles taxon\u00f3micos, como Orden, Familia, G\u00e9nero y especie. Adem\u00e1s de la aplicaci\u00f3n de tecnolog\u00edas actuales para su caracterizaci\u00f3n.<\/p>\t\t\t\t\t\t<\/div>\n\t\t\t\t<\/div>\n\t\t\t\t\t<\/div>\n\t\t<\/div>\n\t\t\t\t\t\t\t<\/div>\n\t\t<\/section>\n\t\t\t\t<section data-particle_enable=\"false\" data-particle-mobile-disabled=\"false\" class=\"elementor-section elementor-top-section elementor-element elementor-element-b8c384f elementor-section-boxed elementor-section-height-default elementor-section-height-default\" data-id=\"b8c384f\" data-element_type=\"section\">\n\t\t\t\t\t\t<div class=\"elementor-container elementor-column-gap-default\">\n\t\t\t\t\t<div class=\"elementor-column elementor-col-100 elementor-top-column elementor-element elementor-element-1e25ad3\" data-id=\"1e25ad3\" data-element_type=\"column\">\n\t\t\t<div class=\"elementor-widget-wrap elementor-element-populated\">\n\t\t\t\t\t\t\t\t<div class=\"elementor-element elementor-element-e8b81f4 elementor-widget elementor-widget-text-editor\" data-id=\"e8b81f4\" data-element_type=\"widget\" data-widget_type=\"text-editor.default\">\n\t\t\t\t<div class=\"elementor-widget-container\">\n\t\t\t\t\t\t\t<p><strong>Contenido<\/strong>:<br \/>Secci\u00f3n 1. Biolog\u00eda de la Clase Holothuroidea<br \/>Secci\u00f3n 2. Importancia Biol\u00f3gica y Ecol\u00f3gica de pepinos de mar<br \/>Secci\u00f3n 3. Clasificaci\u00f3n de la Clase Holothuroidea<br \/>Secci\u00f3n 4. Manejo de material biol\u00f3gico y muestras para identificaci\u00f3n<br \/>Secci\u00f3n 5. M\u00e9todos y herramientas de identificaci\u00f3n (taxionom\u00eda alfa), aplicaciones<br \/>Secci\u00f3n 6. Nuevas tecnolog\u00edas para la identificaci\u00f3n y caracterizaci\u00f3n de pepinos de mar<\/p>\t\t\t\t\t\t<\/div>\n\t\t\t\t<\/div>\n\t\t\t\t\t<\/div>\n\t\t<\/div>\n\t\t\t\t\t\t\t<\/div>\n\t\t<\/section>\n\t\t\t\t<section data-particle_enable=\"false\" data-particle-mobile-disabled=\"false\" class=\"elementor-section elementor-top-section elementor-element elementor-element-1425c3d elementor-hidden-desktop elementor-hidden-tablet elementor-hidden-mobile elementor-section-boxed elementor-section-height-default elementor-section-height-default\" data-id=\"1425c3d\" data-element_type=\"section\">\n\t\t\t\t\t\t<div class=\"elementor-container elementor-column-gap-default\">\n\t\t\t\t\t<div class=\"elementor-column elementor-col-33 elementor-top-column elementor-element elementor-element-fdea252\" data-id=\"fdea252\" data-element_type=\"column\">\n\t\t\t<div class=\"elementor-widget-wrap elementor-element-populated\">\n\t\t\t\t\t\t\t\t<div class=\"elementor-element elementor-element-f8e9dd5 elementor-widget elementor-widget-heading\" data-id=\"f8e9dd5\" data-element_type=\"widget\" data-widget_type=\"heading.default\">\n\t\t\t\t<div class=\"elementor-widget-container\">\n\t\t\t<h2 class=\"elementor-heading-title elementor-size-default\">Precio: 20 EUR<\/h2>\t\t<\/div>\n\t\t\t\t<\/div>\n\t\t\t\t\t<\/div>\n\t\t<\/div>\n\t\t\t\t<div class=\"elementor-column elementor-col-33 elementor-top-column elementor-element elementor-element-86d8454\" data-id=\"86d8454\" data-element_type=\"column\">\n\t\t\t<div class=\"elementor-widget-wrap elementor-element-populated\">\n\t\t\t\t\t\t\t\t<div class=\"elementor-element elementor-element-f71077e elementor-align-center elementor-widget elementor-widget-button\" data-id=\"f71077e\" data-element_type=\"widget\" data-widget_type=\"button.default\">\n\t\t\t\t<div class=\"elementor-widget-container\">\n\t\t\t\t\t<div class=\"elementor-button-wrapper\">\n\t\t\t<a href=\"https:\/\/firmaonline.org\/xifirma-inscripcion-curso\/inscripcion-curso.php?codigo_curso=CU20\" target=\"_blank\" class=\"elementor-button-link elementor-button elementor-size-sm\" role=\"button\">\n\t\t\t\t\t\t<span class=\"elementor-button-content-wrapper\">\n\t\t\t\t\t\t<span class=\"elementor-button-text\">Inscr\u00edbete<\/span>\n\t\t<\/span>\n\t\t\t\t\t<\/a>\n\t\t<\/div>\n\t\t\t\t<\/div>\n\t\t\t\t<\/div>\n\t\t\t\t\t<\/div>\n\t\t<\/div>\n\t\t\t\t<div class=\"elementor-column elementor-col-33 elementor-top-column elementor-element elementor-element-d10e928\" data-id=\"d10e928\" data-element_type=\"column\">\n\t\t\t<div class=\"elementor-widget-wrap elementor-element-populated\">\n\t\t\t\t\t\t\t\t<div class=\"elementor-element elementor-element-c96d4ab elementor-widget elementor-widget-heading\" data-id=\"c96d4ab\" data-element_type=\"widget\" data-widget_type=\"heading.default\">\n\t\t\t\t<div class=\"elementor-widget-container\">\n\t\t\t<h2 class=\"elementor-heading-title elementor-size-default\">Pago seguro<\/h2>\t\t<\/div>\n\t\t\t\t<\/div>\n\t\t\t\t<div class=\"elementor-element elementor-element-36be9ab elementor-widget elementor-widget-image\" data-id=\"36be9ab\" data-element_type=\"widget\" data-widget_type=\"image.default\">\n\t\t\t\t<div class=\"elementor-widget-container\">\n\t\t\t\t\t\t\t\t\t\t\t\t\t\t\t<img loading=\"lazy\" decoding=\"async\" width=\"1024\" height=\"292\" src=\"https:\/\/firmaonline.org\/xifirma\/wp-content\/uploads\/2022\/07\/logo_pypal-1024x292.png\" class=\"attachment-large size-large\" alt=\"Logo Paypal\" srcset=\"https:\/\/firmaonline.org\/xifirma\/wp-content\/uploads\/2022\/07\/logo_pypal-1024x292.png 1024w, https:\/\/firmaonline.org\/xifirma\/wp-content\/uploads\/2022\/07\/logo_pypal-300x86.png 300w, https:\/\/firmaonline.org\/xifirma\/wp-content\/uploads\/2022\/07\/logo_pypal-768x219.png 768w, https:\/\/firmaonline.org\/xifirma\/wp-content\/uploads\/2022\/07\/logo_pypal-1536x438.png 1536w, https:\/\/firmaonline.org\/xifirma\/wp-content\/uploads\/2022\/07\/logo_pypal.png 1600w\" sizes=\"auto, (max-width: 1024px) 100vw, 1024px\" \/>\t\t\t\t\t\t\t\t\t\t\t\t\t\t\t<\/div>\n\t\t\t\t<\/div>\n\t\t\t\t\t<\/div>\n\t\t<\/div>\n\t\t\t\t\t\t\t<\/div>\n\t\t<\/section>\n\t\t\t\t\t\t\t<\/div>\n\t\t","protected":false},"excerpt":{"rendered":"<p>T\u00e9cnicas de identificaci\u00f3n y nuevas tecnolog\u00edas para la caracterizaci\u00f3n de pepinos de mar Instructor: Julio Adri\u00e1n Arriaga Ochoa Duraci\u00f3n: 8 horasModalidad: Online Horario: 20 Nov desde las 8h a 12h (Hora Ecuador) 20 Nov desde las 14h a 18h (Hora Ecuador) Julio Adri\u00e1n Arriaga Ochoa. Es Candidato a Doctor por la Universidad Nacional Aut\u00f3noma de &#8230; <a title=\"Curso-20\" class=\"read-more\" href=\"https:\/\/firmaonline.org\/xifirma\/curso-20\/\" aria-label=\"M\u00e1s en Curso-20\">Leer m\u00e1s<\/a><\/p>\n","protected":false},"author":1,"featured_media":0,"parent":0,"menu_order":0,"comment_status":"closed","ping_status":"closed","template":"elementor_header_footer","meta":{"footnotes":""},"class_list":["post-3920","page","type-page","status-publish"],"acf":[],"_links":{"self":[{"href":"https:\/\/firmaonline.org\/xifirma\/wp-json\/wp\/v2\/pages\/3920","targetHints":{"allow":["GET"]}}],"collection":[{"href":"https:\/\/firmaonline.org\/xifirma\/wp-json\/wp\/v2\/pages"}],"about":[{"href":"https:\/\/firmaonline.org\/xifirma\/wp-json\/wp\/v2\/types\/page"}],"author":[{"embeddable":true,"href":"https:\/\/firmaonline.org\/xifirma\/wp-json\/wp\/v2\/users\/1"}],"replies":[{"embeddable":true,"href":"https:\/\/firmaonline.org\/xifirma\/wp-json\/wp\/v2\/comments?post=3920"}],"version-history":[{"count":16,"href":"https:\/\/firmaonline.org\/xifirma\/wp-json\/wp\/v2\/pages\/3920\/revisions"}],"predecessor-version":[{"id":4305,"href":"https:\/\/firmaonline.org\/xifirma\/wp-json\/wp\/v2\/pages\/3920\/revisions\/4305"}],"wp:attachment":[{"href":"https:\/\/firmaonline.org\/xifirma\/wp-json\/wp\/v2\/media?parent=3920"}],"curies":[{"name":"wp","href":"https:\/\/api.w.org\/{rel}","templated":true}]}}