{"id":497,"date":"2022-02-18T22:43:49","date_gmt":"2022-02-18T22:43:49","guid":{"rendered":"https:\/\/firmaonline.org\/xifirma\/?page_id=497"},"modified":"2022-08-16T00:29:16","modified_gmt":"2022-08-16T00:29:16","slug":"guia-autores","status":"publish","type":"page","link":"https:\/\/firmaonline.org\/xifirma\/guia-autores\/","title":{"rendered":"Gu\u00eda de Autores"},"content":{"rendered":"\t\t<div data-elementor-type=\"wp-page\" data-elementor-id=\"497\" class=\"elementor elementor-497\">\n\t\t\t\t\t\t\t\t\t<section data-particle_enable=\"false\" data-particle-mobile-disabled=\"false\" class=\"elementor-section elementor-top-section elementor-element elementor-element-0cf57e4 elementor-section-full_width elementor-section-height-min-height elementor-section-content-middle elementor-section-stretched elementor-section-height-default elementor-section-items-middle\" data-id=\"0cf57e4\" data-element_type=\"section\" data-settings=\"{&quot;stretch_section&quot;:&quot;section-stretched&quot;,&quot;background_background&quot;:&quot;classic&quot;}\">\n\t\t\t\t\t\t<div class=\"elementor-container elementor-column-gap-default\">\n\t\t\t\t\t<div class=\"elementor-column elementor-col-100 elementor-top-column elementor-element elementor-element-c3e7b20\" data-id=\"c3e7b20\" data-element_type=\"column\">\n\t\t\t<div class=\"elementor-widget-wrap elementor-element-populated\">\n\t\t\t\t\t\t\t\t<div class=\"elementor-element elementor-element-17153f0 elementor-widget elementor-widget-heading\" data-id=\"17153f0\" data-element_type=\"widget\" data-widget_type=\"heading.default\">\n\t\t\t\t<div class=\"elementor-widget-container\">\n\t\t\t<style>\/*! elementor - v3.6.6 - 08-06-2022 *\/\n.elementor-heading-title{padding:0;margin:0;line-height:1}.elementor-widget-heading .elementor-heading-title[class*=elementor-size-]>a{color:inherit;font-size:inherit;line-height:inherit}.elementor-widget-heading .elementor-heading-title.elementor-size-small{font-size:15px}.elementor-widget-heading .elementor-heading-title.elementor-size-medium{font-size:19px}.elementor-widget-heading .elementor-heading-title.elementor-size-large{font-size:29px}.elementor-widget-heading .elementor-heading-title.elementor-size-xl{font-size:39px}.elementor-widget-heading .elementor-heading-title.elementor-size-xxl{font-size:59px}<\/style><h1 class=\"elementor-heading-title elementor-size-default\">Gu\u00eda de autores<\/h1>\t\t<\/div>\n\t\t\t\t<\/div>\n\t\t\t\t\t<\/div>\n\t\t<\/div>\n\t\t\t\t\t\t\t<\/div>\n\t\t<\/section>\n\t\t\t\t<section data-particle_enable=\"false\" data-particle-mobile-disabled=\"false\" class=\"elementor-section elementor-top-section elementor-element elementor-element-b35f193 elementor-section-boxed elementor-section-height-default elementor-section-height-default\" data-id=\"b35f193\" data-element_type=\"section\">\n\t\t\t\t\t\t<div class=\"elementor-container elementor-column-gap-default\">\n\t\t\t\t\t<div class=\"elementor-column elementor-col-100 elementor-top-column elementor-element elementor-element-afcc1da\" data-id=\"afcc1da\" data-element_type=\"column\">\n\t\t\t<div class=\"elementor-widget-wrap elementor-element-populated\">\n\t\t\t\t\t\t\t\t<div class=\"elementor-element elementor-element-e671b78 elementor-widget elementor-widget-text-editor\" data-id=\"e671b78\" data-element_type=\"widget\" data-widget_type=\"text-editor.default\">\n\t\t\t\t<div class=\"elementor-widget-container\">\n\t\t\t<style>\/*! elementor - v3.6.6 - 08-06-2022 *\/\n.elementor-widget-text-editor.elementor-drop-cap-view-stacked .elementor-drop-cap{background-color:#818a91;color:#fff}.elementor-widget-text-editor.elementor-drop-cap-view-framed .elementor-drop-cap{color:#818a91;border:3px solid;background-color:transparent}.elementor-widget-text-editor:not(.elementor-drop-cap-view-default) .elementor-drop-cap{margin-top:8px}.elementor-widget-text-editor:not(.elementor-drop-cap-view-default) .elementor-drop-cap-letter{width:1em;height:1em}.elementor-widget-text-editor .elementor-drop-cap{float:left;text-align:center;line-height:1;font-size:50px}.elementor-widget-text-editor .elementor-drop-cap-letter{display:inline-block}<\/style>\t\t\t\t<p>Los interesados en que su trabajo sea publicado en el libro de Memorias \u201cproceedings\u201d del XI FIRMA 2022 online, deber\u00e1n enviar sus trabajos \u201cin extenso\u201d antes, durante o despu\u00e9s de haber concluido el evento, hasta el 15 de diciembre de 2022. Los archivos se podr\u00e1n enviar a trav\u00e9s de los enlaces respectivos que recibir\u00e1n en el correo que les enviaremos una vez hayan realizado la inscripci\u00f3n.\u00a0<\/p><p>Para el libro de Memorias \u201cproceedings\u201d del XI FIRMA 2022 online, el trabajo \u00abin extenso\u00bb se deber\u00e1 presentar con un m\u00ednimo de 4 y un m\u00e1ximo de 15 p\u00e1ginas. Para esto, hemos dise\u00f1ado una plantilla .doc que permitir\u00e1 enviar el trabajo en el formato adecuado <a href=\"https:\/\/firmaonline.org\/xifirma\/wp-content\/uploads\/2022\/05\/Guia_Plantilla_presentacion_trabajos_XI_FIRMA.docx\" target=\"_blank\" rel=\"noopener\">(bajar aqu\u00ed)<\/a>. S\u00f3lo se tiene que copiar y pegar cada secci\u00f3n, manteniendo el mismo formato.<\/p><p>Le agradecemos que simplemente siga esta gu\u00eda para la confecci\u00f3n de su manuscrito para el libro del FIRMA. Para escribir su trabajo sustituya el texto de la gu\u00eda manteniendo el estilo, tama\u00f1o de letra, sangr\u00eda y resto de formatos, siguiendo los pasos y se\u00f1alamientos en cada una de las secciones del manuscrito.\u00a0 La redacci\u00f3n debe ser en tercera persona y en pasado haciendo referencia a la investigaci\u00f3n realizada.<\/p>\t\t\t\t\t\t<\/div>\n\t\t\t\t<\/div>\n\t\t\t\t\t<\/div>\n\t\t<\/div>\n\t\t\t\t\t\t\t<\/div>\n\t\t<\/section>\n\t\t\t\t<section data-particle_enable=\"false\" data-particle-mobile-disabled=\"false\" class=\"elementor-section elementor-top-section elementor-element elementor-element-d296788 elementor-section-boxed elementor-section-height-default elementor-section-height-default\" data-id=\"d296788\" data-element_type=\"section\">\n\t\t\t\t\t\t<div class=\"elementor-container elementor-column-gap-default\">\n\t\t\t\t\t<div class=\"elementor-column elementor-col-50 elementor-top-column elementor-element elementor-element-41fd298\" data-id=\"41fd298\" data-element_type=\"column\">\n\t\t\t<div class=\"elementor-widget-wrap elementor-element-populated\">\n\t\t\t\t\t\t\t\t<div class=\"elementor-element elementor-element-ae89334 elementor-widget elementor-widget-image\" data-id=\"ae89334\" data-element_type=\"widget\" data-widget_type=\"image.default\">\n\t\t\t\t<div class=\"elementor-widget-container\">\n\t\t\t<style>\/*! elementor - v3.6.6 - 08-06-2022 *\/\n.elementor-widget-image{text-align:center}.elementor-widget-image a{display:inline-block}.elementor-widget-image a img[src$=\".svg\"]{width:48px}.elementor-widget-image img{vertical-align:middle;display:inline-block}<\/style>\t\t\t\t\t\t\t\t\t\t\t\t<img loading=\"lazy\" decoding=\"async\" width=\"697\" height=\"909\" src=\"https:\/\/firmaonline.org\/xifirma\/wp-content\/uploads\/2022\/05\/Libro_10.jpg\" class=\"attachment-large size-large\" alt=\"Libro X Firma\" srcset=\"https:\/\/firmaonline.org\/xifirma\/wp-content\/uploads\/2022\/05\/Libro_10.jpg 697w, https:\/\/firmaonline.org\/xifirma\/wp-content\/uploads\/2022\/05\/Libro_10-230x300.jpg 230w\" sizes=\"auto, (max-width: 697px) 100vw, 697px\" \/>\t\t\t\t\t\t\t\t\t\t\t\t\t\t\t<\/div>\n\t\t\t\t<\/div>\n\t\t\t\t\t<\/div>\n\t\t<\/div>\n\t\t\t\t<div class=\"elementor-column elementor-col-50 elementor-top-column elementor-element elementor-element-3252c2a\" data-id=\"3252c2a\" data-element_type=\"column\">\n\t\t\t<div class=\"elementor-widget-wrap elementor-element-populated\">\n\t\t\t\t\t\t\t\t<div class=\"elementor-element elementor-element-325ebe2 elementor-widget elementor-widget-text-editor\" data-id=\"325ebe2\" data-element_type=\"widget\" data-widget_type=\"text-editor.default\">\n\t\t\t\t<div class=\"elementor-widget-container\">\n\t\t\t\t\t\t\t<p>Incluya las tablas y gr\u00e1ficas a continuaci\u00f3n del p\u00e1rrafo donde se citan. Se sugiere una calidad de gr\u00e1ficos e im\u00e1genes de 300 dpi. Cuando termine borre los comentarios que est\u00e1n en el lado derecho, as\u00ed como todo tipo de texto y figuras del ejemplo.<\/p><p>Esta gu\u00eda ha sido dise\u00f1ada para trabajos experimentales de investigaci\u00f3n, si Ud. est\u00e1 presentado una revisi\u00f3n, ensayos, protocolos y procedimientos, innovaciones o proyectos, simplemente adapte la gu\u00eda al tipo de manuscrito presentado.<\/p><p>Los trabajos \u201cin extenso\u201d para el libro de Memorias \u201cproceedings\u201d del XI FIRMA 2022 online ser\u00e1n revisados por un comit\u00e9 de expertos que te ayudar\u00e1n a generar un trabajo con la m\u00e1xima calidad para ser publicado en el libro.\u00a0<\/p><p>Si desea ver los libros publicados de los anteriores eventos del FIRMA, puede acceder a ellos<a href=\"https:\/\/firmaonline.org\/xifirma\/libros-anteriores\/\"> aqu\u00ed<\/a>.<\/p>\t\t\t\t\t\t<\/div>\n\t\t\t\t<\/div>\n\t\t\t\t\t<\/div>\n\t\t<\/div>\n\t\t\t\t\t\t\t<\/div>\n\t\t<\/section>\n\t\t\t\t\t\t\t<\/div>\n\t\t","protected":false},"excerpt":{"rendered":"<p>Gu\u00eda de autores Los interesados en que su trabajo sea publicado en el libro de Memorias \u201cproceedings\u201d del XI FIRMA 2022 online, deber\u00e1n enviar sus trabajos \u201cin extenso\u201d antes, durante o despu\u00e9s de haber concluido el evento, hasta el 15 de diciembre de 2022. Los archivos se podr\u00e1n enviar a trav\u00e9s de los enlaces respectivos &#8230; <a title=\"Gu\u00eda de Autores\" class=\"read-more\" href=\"https:\/\/firmaonline.org\/xifirma\/guia-autores\/\" aria-label=\"M\u00e1s en Gu\u00eda de Autores\">Leer m\u00e1s<\/a><\/p>\n","protected":false},"author":1,"featured_media":0,"parent":0,"menu_order":0,"comment_status":"closed","ping_status":"closed","template":"elementor_header_footer","meta":{"footnotes":""},"class_list":["post-497","page","type-page","status-publish"],"acf":[],"_links":{"self":[{"href":"https:\/\/firmaonline.org\/xifirma\/wp-json\/wp\/v2\/pages\/497","targetHints":{"allow":["GET"]}}],"collection":[{"href":"https:\/\/firmaonline.org\/xifirma\/wp-json\/wp\/v2\/pages"}],"about":[{"href":"https:\/\/firmaonline.org\/xifirma\/wp-json\/wp\/v2\/types\/page"}],"author":[{"embeddable":true,"href":"https:\/\/firmaonline.org\/xifirma\/wp-json\/wp\/v2\/users\/1"}],"replies":[{"embeddable":true,"href":"https:\/\/firmaonline.org\/xifirma\/wp-json\/wp\/v2\/comments?post=497"}],"version-history":[{"count":37,"href":"https:\/\/firmaonline.org\/xifirma\/wp-json\/wp\/v2\/pages\/497\/revisions"}],"predecessor-version":[{"id":3059,"href":"https:\/\/firmaonline.org\/xifirma\/wp-json\/wp\/v2\/pages\/497\/revisions\/3059"}],"wp:attachment":[{"href":"https:\/\/firmaonline.org\/xifirma\/wp-json\/wp\/v2\/media?parent=497"}],"curies":[{"name":"wp","href":"https:\/\/api.w.org\/{rel}","templated":true}]}}