{"id":1396,"date":"2023-06-28T22:18:47","date_gmt":"2023-06-28T22:18:47","guid":{"rendered":"https:\/\/firmaonline.org\/xiifirma\/?page_id=1396"},"modified":"2023-11-16T10:13:23","modified_gmt":"2023-11-16T10:13:23","slug":"martes-28","status":"publish","type":"page","link":"https:\/\/firmaonline.org\/xiifirma\/martes-28\/","title":{"rendered":"Martes 28"},"content":{"rendered":"\t\t<div data-elementor-type=\"wp-page\" data-elementor-id=\"1396\" class=\"elementor elementor-1396\" data-elementor-post-type=\"page\">\n\t\t\t\t\t\t\t\t\t<section data-particle_enable=\"false\" data-particle-mobile-disabled=\"false\" class=\"elementor-section elementor-top-section elementor-element elementor-element-0e4f79e elementor-section-boxed elementor-section-height-default elementor-section-height-default\" data-id=\"0e4f79e\" data-element_type=\"section\" data-settings=\"{&quot;background_background&quot;:&quot;classic&quot;}\">\n\t\t\t\t\t\t<div class=\"elementor-container elementor-column-gap-default\">\n\t\t\t\t\t<div class=\"elementor-column elementor-col-100 elementor-top-column elementor-element elementor-element-2155e56\" data-id=\"2155e56\" data-element_type=\"column\">\n\t\t\t<div class=\"elementor-widget-wrap elementor-element-populated\">\n\t\t\t\t\t\t\t\t<div class=\"elementor-element elementor-element-9b56096 elementor-widget elementor-widget-heading\" data-id=\"9b56096\" data-element_type=\"widget\" data-widget_type=\"heading.default\">\n\t\t\t\t<div class=\"elementor-widget-container\">\n\t\t\t<style>\/*! elementor - v3.15.0 - 20-08-2023 *\/\n.elementor-heading-title{padding:0;margin:0;line-height:1}.elementor-widget-heading .elementor-heading-title[class*=elementor-size-]>a{color:inherit;font-size:inherit;line-height:inherit}.elementor-widget-heading .elementor-heading-title.elementor-size-small{font-size:15px}.elementor-widget-heading .elementor-heading-title.elementor-size-medium{font-size:19px}.elementor-widget-heading .elementor-heading-title.elementor-size-large{font-size:29px}.elementor-widget-heading .elementor-heading-title.elementor-size-xl{font-size:39px}.elementor-widget-heading .elementor-heading-title.elementor-size-xxl{font-size:59px}<\/style><h2 class=\"elementor-heading-title elementor-size-default\">Programa martes 28<\/h2>\t\t<\/div>\n\t\t\t\t<\/div>\n\t\t\t\t<div class=\"elementor-element elementor-element-f2296c9 elementor-widget elementor-widget-heading\" data-id=\"f2296c9\" data-element_type=\"widget\" data-widget_type=\"heading.default\">\n\t\t\t\t<div class=\"elementor-widget-container\">\n\t\t\t<h2 class=\"elementor-heading-title elementor-size-default\">de noviembre de 2023<\/h2>\t\t<\/div>\n\t\t\t\t<\/div>\n\t\t\t\t\t<\/div>\n\t\t<\/div>\n\t\t\t\t\t\t\t<\/div>\n\t\t<\/section>\n\t\t\t\t<section data-particle_enable=\"false\" data-particle-mobile-disabled=\"false\" class=\"elementor-section elementor-top-section elementor-element elementor-element-146c427 elementor-section-boxed elementor-section-height-default elementor-section-height-default\" data-id=\"146c427\" data-element_type=\"section\">\n\t\t\t\t\t\t<div class=\"elementor-container elementor-column-gap-default\">\n\t\t\t\t\t<div class=\"elementor-column elementor-col-100 elementor-top-column elementor-element elementor-element-0491437\" data-id=\"0491437\" data-element_type=\"column\">\n\t\t\t<div class=\"elementor-widget-wrap elementor-element-populated\">\n\t\t\t\t\t\t\t\t<div class=\"elementor-element elementor-element-133c340 elementor-widget elementor-widget-heading\" data-id=\"133c340\" data-element_type=\"widget\" data-widget_type=\"heading.default\">\n\t\t\t\t<div class=\"elementor-widget-container\">\n\t\t\t<h2 class=\"elementor-heading-title elementor-size-default\"><span style=\"color:#0066A1\">\u2022<\/span> Sesi\u00f3n 3: Biodiversidad y Acuicultura<\/h2>\t\t<\/div>\n\t\t\t\t<\/div>\n\t\t\t\t<div class=\"elementor-element elementor-element-9ae089b elementor-widget elementor-widget-heading\" data-id=\"9ae089b\" data-element_type=\"widget\" data-widget_type=\"heading.default\">\n\t\t\t\t<div class=\"elementor-widget-container\">\n\t\t\t<h2 class=\"elementor-heading-title elementor-size-default\"><a href=\"https:\/\/www.ulpgc.es\/institutos-universitarios\/455\" target=\"_blank\">Coorganizada con el Instituto ECOAQUA, ULPGC<\/a><\/h2>\t\t<\/div>\n\t\t\t\t<\/div>\n\t\t\t\t<div class=\"elementor-element elementor-element-65a784e eael-tooltip-align-left eael-tooltip-text-align-left elementor-widget elementor-widget-eael-tooltip\" data-id=\"65a784e\" data-element_type=\"widget\" data-widget_type=\"eael-tooltip.default\">\n\t\t\t\t<div class=\"elementor-widget-container\">\n\t\t\t\t<div class=\"eael-tooltip\">\n\t\t\t\t\t<span class=\"eael-tooltip-content\"><p><a title=\"\" data-toggle=\"tooltip\" data-placement=\"bottom\" data-html=\"true\" data-original-title=\"7:00 (GMT-8) Baja California - Ensenada&lt;br&gt; 9:00 (GMT-6) M\u00e9xico y Centroam\u00e9rica&lt;br&gt; 10:00 (GMT-5) Ecuador, Colombia, Panam\u00e1, Per\u00fa&lt;br&gt; 11:00 (GMT-4) Venezuela, Bolivia, Cuba, Rep. Dominicana&lt;br&gt; 12:00 (GMT-3) Uruguay, Argentina, Chile, Brasil-Sao Paulo&lt;br&gt; 16:00 (GMT+1) Espa\u00f1a\">9:00 Pan\/Col\/Ecu\/Per\u00fa (Ver otros horarios)<\/a><\/p><\/span>\n  \t\t\t<span class=\"eael-tooltip-text eael-tooltip-bottom\"><p>6:00 (GMT-8) Baja California - Ensenada<br \/>8:00 (GMT-6) M\u00e9xico y Centroam\u00e9rica<\/p><p>9:00 (GMT-5) Ecuador, Colombia, Panam\u00e1 y Per\u00fa<\/p><p>10:00 (GMT-4) Venezuela, Bolivia, Cuba, Rep. Dominicana<\/p><p>11:00 (GMT-3) Uruguay, Argentina, Chile, Brasil-Sao Paulo<\/p><p>15:00 (GMT+1) Espa\u00f1a<\/p><\/span>\n  \t\t\t<\/div>\n\t\t\t<\/div>\n\t\t\t\t<\/div>\n\t\t\t\t<div class=\"elementor-element elementor-element-9a7893d elementor-widget elementor-widget-text-editor\" data-id=\"9a7893d\" data-element_type=\"widget\" data-widget_type=\"text-editor.default\">\n\t\t\t\t<div class=\"elementor-widget-container\">\n\t\t\t<style>\/*! elementor - v3.15.0 - 20-08-2023 *\/\n.elementor-widget-text-editor.elementor-drop-cap-view-stacked .elementor-drop-cap{background-color:#69727d;color:#fff}.elementor-widget-text-editor.elementor-drop-cap-view-framed .elementor-drop-cap{color:#69727d;border:3px solid;background-color:transparent}.elementor-widget-text-editor:not(.elementor-drop-cap-view-default) .elementor-drop-cap{margin-top:8px}.elementor-widget-text-editor:not(.elementor-drop-cap-view-default) .elementor-drop-cap-letter{width:1em;height:1em}.elementor-widget-text-editor .elementor-drop-cap{float:left;text-align:center;line-height:1;font-size:50px}.elementor-widget-text-editor .elementor-drop-cap-letter{display:inline-block}<\/style>\t\t\t\t<p><span style=\"color: #54595f;\">Coordinador: <a href=\"https:\/\/firmaonline.org\/xiifirma\/ponente\/ricardo-j-haroun-tabraue\/\" target=\"_blank\" rel=\"noopener\"><strong><span style=\"color: #54595f;\">Ricardo Haroun Tabraue<\/span> <\/strong><\/a>\u00a0(ULPGC, Espa\u00f1a)<\/span><\/p><ul><li><a href=\"https:\/\/firmaonline.org\/xiifirma\/ponente\/jorge-sonnenholzner-varas\/\" target=\"_blank\" rel=\"noopener\"><span style=\"color: #54595f;\"><strong>Jorge Sonnenholzner Varas <\/strong><\/span><\/a>(UTM, Ecuador) &#8211; <span style=\"color: #0066a1;\">Aplicaci\u00f3n experimental de herramienta multitr\u00f3fica para restauraci\u00f3n de bancos de equinodermos<\/span><\/li><li><span style=\"color: #54595f;\"><b><a href=\"https:\/\/firmaonline.org\/xiifirma\/ponente\/domingo-rodriguez\/\" target=\"_blank\" rel=\"noopener\"><span style=\"color: #54595f;\">Domingo Rodr\u00edguez<\/span><\/a> \/ <\/b><\/span><b><a href=\"https:\/\/firmaonline.org\/xiifirma\/ponente\/rafael-franco-valle\/\" target=\"_blank\" rel=\"noopener\"><span style=\"color: #54595f;\">Rafael Franco<\/span> <\/a><\/b>(Acuario de Foz de Iguaz\u00fa \/ Acuario de R\u00edo de Janeiro, Brasil) &#8211; <span style=\"color: #0066a1;\">Papel de Acuarios p\u00fablicos en la sensibilizaci\u00f3n ciudadana en conservaci\u00f3n biodiversidad acu\u00e1tica<\/span><\/li><li><a href=\"https:\/\/firmaonline.org\/xiifirma\/ponente\/luis-felaco-duran\/\" target=\"_blank\" rel=\"noopener\"><span style=\"color: #54595f;\"><strong>Luis A. Felaco Dur\u00e1n <\/strong><\/span><\/a>(Aquatics Group, M\u00e9xico) &#8211; <span style=\"color: #0066a1;\">La diversificaci\u00f3n en el cultivo de holoturidos en Latinoam\u00e9rica: especies, tecnolog\u00edas, sistemas de cultivo y sociedad<\/span><\/li><li><a href=\"https:\/\/firmaonline.org\/xiifirma\/ponente\/sandra-navarro-mayoral\/\" target=\"_blank\" rel=\"noopener\"><span style=\"color: #54595f;\"><strong>Sandra Navarro Mayoral <\/strong><\/span><\/a>(ECOAQUA, Espa\u00f1a) &#8211; <span style=\"color: #0066a1;\">Din\u00e1mica y usos potenciales de la macrofauna asociada al biofouling de jaulas oce\u00e1nicas<\/span><\/li><\/ul>\t\t\t\t\t\t<\/div>\n\t\t\t\t<\/div>\n\t\t\t\t\t<\/div>\n\t\t<\/div>\n\t\t\t\t\t\t\t<\/div>\n\t\t<\/section>\n\t\t\t\t<section data-particle_enable=\"false\" data-particle-mobile-disabled=\"false\" class=\"elementor-section elementor-top-section elementor-element elementor-element-e38e733 elementor-section-boxed elementor-section-height-default elementor-section-height-default\" data-id=\"e38e733\" data-element_type=\"section\">\n\t\t\t\t\t\t<div class=\"elementor-container elementor-column-gap-default\">\n\t\t\t\t\t<div class=\"elementor-column elementor-col-100 elementor-top-column elementor-element elementor-element-fe75ba3\" data-id=\"fe75ba3\" data-element_type=\"column\">\n\t\t\t<div class=\"elementor-widget-wrap elementor-element-populated\">\n\t\t\t\t\t\t\t\t<div class=\"elementor-element elementor-element-6dedbee elementor-widget elementor-widget-heading\" data-id=\"6dedbee\" data-element_type=\"widget\" data-widget_type=\"heading.default\">\n\t\t\t\t<div class=\"elementor-widget-container\">\n\t\t\t<h2 class=\"elementor-heading-title elementor-size-default\"><span style=\"color:#0066A1\">&bull;<\/span> Conferencia Magistral<\/h2>\t\t<\/div>\n\t\t\t\t<\/div>\n\t\t\t\t<div class=\"elementor-element elementor-element-b1b9f44 eael-tooltip-align-left eael-tooltip-text-align-left elementor-widget elementor-widget-eael-tooltip\" data-id=\"b1b9f44\" data-element_type=\"widget\" data-widget_type=\"eael-tooltip.default\">\n\t\t\t\t<div class=\"elementor-widget-container\">\n\t\t\t\t<div class=\"eael-tooltip\">\n\t\t\t\t\t<span class=\"eael-tooltip-content\"><p><a title=\"\" data-toggle=\"tooltip\" data-placement=\"bottom\" data-html=\"true\" data-original-title=\"7:00 (GMT-8) Baja California - Ensenada&lt;br&gt; 9:00 (GMT-6) M\u00e9xico y Centroam\u00e9rica&lt;br&gt; 10:00 (GMT-5) Ecuador, Colombia, Panam\u00e1, Per\u00fa&lt;br&gt; 11:00 (GMT-4) Venezuela, Bolivia, Cuba, Rep. Dominicana&lt;br&gt; 12:00 (GMT-3) Uruguay, Argentina, Chile, Brasil-Sao Paulo&lt;br&gt; 16:00 (GMT+1) Espa\u00f1a\">12:00 Pan\/Col\/Ecu\/Per\u00fa (Ver otros horarios)<\/a><\/p><\/span>\n  \t\t\t<span class=\"eael-tooltip-text eael-tooltip-bottom\"><p>9:00 (GMT-8) Baja California - Ensenada<br \/>11:00 (GMT-6) M\u00e9xico y Centroam\u00e9rica<\/p><p>12:00 (GMT-5) Ecuador, Colombia, Panam\u00e1 y Per\u00fa<\/p><p>13:00 (GMT-4) Venezuela, Bolivia, Cuba, Rep. Dominicana<\/p><p>14:00 (GMT-3) Uruguay, Argentina, Chile, Brasil-Sao Paulo<\/p><p>18:00 (GMT+1) Espa\u00f1a<\/p><\/span>\n  \t\t\t<\/div>\n\t\t\t<\/div>\n\t\t\t\t<\/div>\n\t\t\t\t<div class=\"elementor-element elementor-element-bfe8f2c elementor-widget elementor-widget-text-editor\" data-id=\"bfe8f2c\" data-element_type=\"widget\" data-widget_type=\"text-editor.default\">\n\t\t\t\t<div class=\"elementor-widget-container\">\n\t\t\t\t\t\t\t<ul><li><span style=\"color: #54595f;\"><a href=\"https:\/\/firmaonline.org\/xiifirma\/ponente\/enrique-montes\/\" target=\"_blank\" rel=\"noopener\"><strong><span style=\"color: #54595f;\">Enrique Montes <\/span><\/strong><\/a>(Universidad de Miami CIMAS\/NOAA Atlantic Oceanographic and Meteorological Laboratory, USA)<br \/><\/span><span style=\"color: #0066a1;\">Biodiversidad Marina Polo a Polo de las Am\u00e9ricas<\/span><\/li><\/ul>\t\t\t\t\t\t<\/div>\n\t\t\t\t<\/div>\n\t\t\t\t\t<\/div>\n\t\t<\/div>\n\t\t\t\t\t\t\t<\/div>\n\t\t<\/section>\n\t\t\t\t<section data-particle_enable=\"false\" data-particle-mobile-disabled=\"false\" class=\"elementor-section elementor-top-section elementor-element elementor-element-1476c24 elementor-section-boxed elementor-section-height-default elementor-section-height-default\" data-id=\"1476c24\" data-element_type=\"section\">\n\t\t\t\t\t\t<div class=\"elementor-container elementor-column-gap-default\">\n\t\t\t\t\t<div class=\"elementor-column elementor-col-100 elementor-top-column elementor-element elementor-element-d96a486\" data-id=\"d96a486\" data-element_type=\"column\">\n\t\t\t<div class=\"elementor-widget-wrap elementor-element-populated\">\n\t\t\t\t\t\t\t\t<div class=\"elementor-element elementor-element-d8af102 elementor-widget elementor-widget-heading\" data-id=\"d8af102\" data-element_type=\"widget\" data-widget_type=\"heading.default\">\n\t\t\t\t<div class=\"elementor-widget-container\">\n\t\t\t<h2 class=\"elementor-heading-title elementor-size-default\"><span style=\"color:#0066A1\">&bull;<\/span> Descanso<\/h2>\t\t<\/div>\n\t\t\t\t<\/div>\n\t\t\t\t<div class=\"elementor-element elementor-element-3efbfa7 eael-tooltip-align-left eael-tooltip-text-align-left elementor-widget elementor-widget-eael-tooltip\" data-id=\"3efbfa7\" data-element_type=\"widget\" data-widget_type=\"eael-tooltip.default\">\n\t\t\t\t<div class=\"elementor-widget-container\">\n\t\t\t\t<div class=\"eael-tooltip\">\n\t\t\t\t\t<span class=\"eael-tooltip-content\"><p><a title=\"\" data-toggle=\"tooltip\" data-placement=\"bottom\" data-html=\"true\" data-original-title=\"7:00 (GMT-8) Baja California - Ensenada&lt;br&gt; 9:00 (GMT-6) M\u00e9xico y Centroam\u00e9rica&lt;br&gt; 10:00 (GMT-5) Ecuador, Colombia, Panam\u00e1, Per\u00fa&lt;br&gt; 11:00 (GMT-4) Venezuela, Bolivia, Cuba, Rep. Dominicana&lt;br&gt; 12:00 (GMT-3) Uruguay, Argentina, Chile, Brasil-Sao Paulo&lt;br&gt; 16:00 (GMT+1) Espa\u00f1a\">13:00 Pan\/Col\/Ecu\/Per\u00fa (Ver otros horarios)<\/a><\/p><\/span>\n  \t\t\t<span class=\"eael-tooltip-text eael-tooltip-bottom\"><p>10:00 (GMT-8) Baja California - Ensenada<br \/>12:00 (GMT-6) M\u00e9xico y Centroam\u00e9rica<\/p><p>13:00 (GMT-5) Ecuador, Colombia, Panam\u00e1 y Per\u00fa<\/p><p>14:00 (GMT-4) Venezuela, Bolivia, Cuba, Rep. Dominicana<\/p><p>15:00 (GMT-3) Uruguay, Argentina, Chile, Brasil-Sao Paulo<\/p><p>19:00 (GMT+1) Espa\u00f1a<\/p><\/span>\n  \t\t\t<\/div>\n\t\t\t<\/div>\n\t\t\t\t<\/div>\n\t\t\t\t\t<\/div>\n\t\t<\/div>\n\t\t\t\t\t\t\t<\/div>\n\t\t<\/section>\n\t\t\t\t<section data-particle_enable=\"false\" data-particle-mobile-disabled=\"false\" class=\"elementor-section elementor-top-section elementor-element elementor-element-4f197a4 elementor-section-boxed elementor-section-height-default elementor-section-height-default\" data-id=\"4f197a4\" data-element_type=\"section\">\n\t\t\t\t\t\t<div class=\"elementor-container elementor-column-gap-default\">\n\t\t\t\t\t<div class=\"elementor-column elementor-col-100 elementor-top-column elementor-element elementor-element-65b2ac6\" data-id=\"65b2ac6\" data-element_type=\"column\">\n\t\t\t<div class=\"elementor-widget-wrap elementor-element-populated\">\n\t\t\t\t\t\t\t\t<div class=\"elementor-element elementor-element-da129de elementor-widget elementor-widget-heading\" data-id=\"da129de\" data-element_type=\"widget\" data-widget_type=\"heading.default\">\n\t\t\t\t<div class=\"elementor-widget-container\">\n\t\t\t<h2 class=\"elementor-heading-title elementor-size-default\"><span style=\"color:#0066A1\">&bull;<\/span> Sesi\u00f3n 4: Bioinvasores: Efectos e impactos en\u00a0Am\u00e9rica\u00a0del\u00a0Sur<\/h2>\t\t<\/div>\n\t\t\t\t<\/div>\n\t\t\t\t<div class=\"elementor-element elementor-element-8e13001 elementor-widget elementor-widget-heading\" data-id=\"8e13001\" data-element_type=\"widget\" data-widget_type=\"heading.default\">\n\t\t\t\t<div class=\"elementor-widget-container\">\n\t\t\t<h2 class=\"elementor-heading-title elementor-size-default\"><a href=\"https:\/\/emiasgroup.wixsite.com\/emias?lang=es\" target=\"_blank\">Coorganizada con el Grupo eMIAS<\/a><\/h2>\t\t<\/div>\n\t\t\t\t<\/div>\n\t\t\t\t<div class=\"elementor-element elementor-element-3dcd5d0 eael-tooltip-align-left eael-tooltip-text-align-left elementor-widget elementor-widget-eael-tooltip\" data-id=\"3dcd5d0\" data-element_type=\"widget\" data-widget_type=\"eael-tooltip.default\">\n\t\t\t\t<div class=\"elementor-widget-container\">\n\t\t\t\t<div class=\"eael-tooltip\">\n\t\t\t\t\t<span class=\"eael-tooltip-content\"><p><a title=\"\" data-toggle=\"tooltip\" data-placement=\"bottom\" data-html=\"true\" data-original-title=\"7:00 (GMT-8) Baja California - Ensenada&lt;br&gt; 9:00 (GMT-6) M\u00e9xico y Centroam\u00e9rica&lt;br&gt; 10:00 (GMT-5) Ecuador, Colombia, Panam\u00e1, Per\u00fa&lt;br&gt; 11:00 (GMT-4) Venezuela, Bolivia, Cuba, Rep. Dominicana&lt;br&gt; 12:00 (GMT-3) Uruguay, Argentina, Chile, Brasil-Sao Paulo&lt;br&gt; 16:00 (GMT+1) Espa\u00f1a\">15:00 Pan\/Col\/Ecu\/Per\u00fa (Ver otros horarios)<\/a><\/p><\/span>\n  \t\t\t<span class=\"eael-tooltip-text eael-tooltip-bottom\"><p>12:00 (GMT-8) Baja California - Ensenada<br \/>14:00 (GMT-6) M\u00e9xico y Centroam\u00e9rica<\/p><p>15:00 (GMT-5) Ecuador, Colombia, Panam\u00e1 y Per\u00fa<\/p><p>16:00 (GMT-4) Venezuela, Bolivia, Cuba, Rep. Dominicana<\/p><p>17:00 (GMT-3) Uruguay, Argentina, Chile, Brasil-Sao Paulo<\/p><p>21:00 (GMT+1) Espa\u00f1a<\/p><\/span>\n  \t\t\t<\/div>\n\t\t\t<\/div>\n\t\t\t\t<\/div>\n\t\t\t\t<div class=\"elementor-element elementor-element-e367740 elementor-widget elementor-widget-text-editor\" data-id=\"e367740\" data-element_type=\"widget\" data-widget_type=\"text-editor.default\">\n\t\t\t\t<div class=\"elementor-widget-container\">\n\t\t\t\t\t\t\t<p><span style=\"color: #54595f;\">Coordinador: <a style=\"color: #54595f;\" href=\"https:\/\/firmaonline.org\/xiifirma\/ponente\/gustavo-darrigran\/\" target=\"_blank\" rel=\"noopener\"><strong>Gustavo Darrigran<\/strong><\/a> (Universidad Nacional de La Plata &#8211; CONICET, Argentina)<\/span><\/p><ul><li><a href=\"https:\/\/firmaonline.org\/xiifirma\/ponente\/gustavo-darrigran\/\" target=\"_blank\" rel=\"noopener\"><span style=\"color: #54595f;\"><strong>Gustavo Darrigran <\/strong><\/span><\/a>(<span style=\"color: #54595f;\">Universidad Nacional de La Plata &#8211; CONICET, Argentina<\/span>) &#8211; <span style=\"color: #0066a1;\">Breve introducci\u00f3n a las bioinvasiones<\/span><\/li><li><a href=\"https:\/\/firmaonline.org\/xiifirma\/ponente\/rodolfo-elias\/\" target=\"_blank\" rel=\"noopener\"><span style=\"color: #54595f;\"><strong>Rodolfo Elias <\/strong><\/span><\/a>(Universidad Nacional de Mar del Plata, Argentina) &#8211; <span style=\"color: #0066a1;\">Ingeniero ecosist\u00e9mico vs poliqueto invasor<\/span><\/li><li><a href=\"https:\/\/firmaonline.org\/xiifirma\/ponente\/ximena-maria-constanza-ovando\/\" target=\"_blank\" rel=\"noopener\"><span style=\"color: #54595f;\"><strong>Xim<span style=\"color: #54595f;\">ena Mar\u00eda<\/span> Constanza Ovando <\/strong><\/span><\/a>(Universidad Federal de Juiz de Fora, Brasil) &#8211; <span style=\"color: #0066a1;\">Dec\u00e1podos no nativos en Am\u00e9rica del Sur: evaluaci\u00f3n de riesgos e impactos potenciales<\/span><\/li><li><span style=\"color: #54595f;\"><strong><a href=\"https:\/\/firmaonline.org\/xiifirma\/ponente\/lucia-boccardi\/\" target=\"_blank\" rel=\"noopener\"><span style=\"color: #54595f;\">Lucia Boccardi<\/span><\/a> \/ <span style=\"color: #54595f;\"><a style=\"color: #54595f;\" href=\"https:\/\/firmaonline.org\/xiifirma\/ponente\/ernesto-brugnoli-olivera\/\" target=\"_blank\" rel=\"noopener\">Ernesto Brugnoli <\/a><\/span><\/strong><\/span>(Latitud-Fundaci\u00f3n LATU \/ Universidad de la Rep\u00fablica Uruguay, Uruguay) &#8211; <span style=\"color: #0066a1;\">Plantas acu\u00e1ticas invasoras en Am\u00e9rica Latina: origen, impactos y manejo<br \/><\/span><\/li><li><a href=\"https:\/\/firmaonline.org\/xiifirma\/ponente\/carlos-eduardo-belz\/\" target=\"_blank\" rel=\"noopener\"><span style=\"color: #54595f;\"><strong>Carlos Eduardo Belz <\/strong><\/span><\/a>(Universidad Federal de Paran\u00e1, Brasil) &#8211; <span style=\"color: #0066a1;\">Invas\u00f5es Biol\u00f3gicas e seus Impactos na Aquicultura<\/span><\/li><li><a href=\"https:\/\/firmaonline.org\/xiifirma\/ponente\/alfredo-vilches\/\" target=\"_blank\" rel=\"noopener\"><span style=\"color: #54595f;\"><strong>Alfredo Vilches <\/strong><\/span><\/a>(Universidad Nacional de La Plata, Argentina) &#8211; <span style=\"color: #0066a1;\">El rol de la educaci\u00f3n y su incidencia en la prevenci\u00f3n de la introducci\u00f3n de especies no nativas y las invasiones biol\u00f3gicas<\/span><\/li><\/ul>\t\t\t\t\t\t<\/div>\n\t\t\t\t<\/div>\n\t\t\t\t\t<\/div>\n\t\t<\/div>\n\t\t\t\t\t\t\t<\/div>\n\t\t<\/section>\n\t\t\t\t<section data-particle_enable=\"false\" data-particle-mobile-disabled=\"false\" class=\"elementor-section elementor-top-section elementor-element elementor-element-4cce427 elementor-hidden-desktop elementor-hidden-tablet elementor-hidden-mobile elementor-section-boxed elementor-section-height-default elementor-section-height-default\" data-id=\"4cce427\" data-element_type=\"section\">\n\t\t\t\t\t\t<div class=\"elementor-container elementor-column-gap-default\">\n\t\t\t\t\t<div class=\"elementor-column elementor-col-100 elementor-top-column elementor-element elementor-element-f9932d6\" data-id=\"f9932d6\" data-element_type=\"column\">\n\t\t\t<div class=\"elementor-widget-wrap elementor-element-populated\">\n\t\t\t\t\t\t\t\t<div class=\"elementor-element elementor-element-570d41c elementor-widget elementor-widget-heading\" data-id=\"570d41c\" data-element_type=\"widget\" data-widget_type=\"heading.default\">\n\t\t\t\t<div class=\"elementor-widget-container\">\n\t\t\t<h2 class=\"elementor-heading-title elementor-size-default\"><span style=\"color:#0066A1\">&bull;<\/span> Sobremesa pregunt\u00e1ndole al experto<\/h2>\t\t<\/div>\n\t\t\t\t<\/div>\n\t\t\t\t<div class=\"elementor-element elementor-element-a448941 eael-tooltip-align-left eael-tooltip-text-align-left elementor-widget elementor-widget-eael-tooltip\" data-id=\"a448941\" data-element_type=\"widget\" data-widget_type=\"eael-tooltip.default\">\n\t\t\t\t<div class=\"elementor-widget-container\">\n\t\t\t\t<div class=\"eael-tooltip\">\n\t\t\t\t\t<span class=\"eael-tooltip-content\"><p><a title=\"\" data-toggle=\"tooltip\" data-placement=\"bottom\" data-html=\"true\" data-original-title=\"7:00 (GMT-8) Baja California - Ensenada&lt;br&gt; 9:00 (GMT-6) M\u00e9xico y Centroam\u00e9rica&lt;br&gt; 10:00 (GMT-5) Ecuador, Colombia, Panam\u00e1, Per\u00fa&lt;br&gt; 11:00 (GMT-4) Venezuela, Bolivia, Cuba, Rep. Dominicana&lt;br&gt; 12:00 (GMT-3) Uruguay, Argentina, Chile, Brasil-Sao Paulo&lt;br&gt; 16:00 (GMT+1) Espa\u00f1a\">18:00 Pan\/Col\/Ecu\/Per\u00fa (Ver otros horarios)<\/a><\/p><\/span>\n  \t\t\t<span class=\"eael-tooltip-text eael-tooltip-bottom\"><p>15:00 (GMT-8) Baja California - Ensenada<br \/>17:00 (GMT-6) M\u00e9xico y Centroam\u00e9rica<\/p><p>18:00 (GMT-5) Ecuador, Colombia, Panam\u00e1 y Per\u00fa<\/p><p>19:00 (GMT-4) Venezuela, Bolivia, Cuba, Rep. Dominicana<\/p><p>20:00 (GMT-3) Uruguay, Argentina, Chile, Brasil-Sao Paulo<\/p><p>00:00 (+1 d\u00eda) (GMT+1) Espa\u00f1a<\/p><\/span>\n  \t\t\t<\/div>\n\t\t\t<\/div>\n\t\t\t\t<\/div>\n\t\t\t\t<div class=\"elementor-element elementor-element-1321b3c elementor-widget elementor-widget-text-editor\" data-id=\"1321b3c\" data-element_type=\"widget\" data-widget_type=\"text-editor.default\">\n\t\t\t\t<div class=\"elementor-widget-container\">\n\t\t\t\t\t\t\t<ul><li><span style=\"color: #54595f;\"><strong>Nombre experto <\/strong>(Filiaci\u00f3n, Pa\u00eds)<br \/><\/span><span style=\"color: #0066a1;\">T\u00edtulo de la charla<\/span><\/li><\/ul>\t\t\t\t\t\t<\/div>\n\t\t\t\t<\/div>\n\t\t\t\t\t<\/div>\n\t\t<\/div>\n\t\t\t\t\t\t\t<\/div>\n\t\t<\/section>\n\t\t\t\t<section data-particle_enable=\"false\" data-particle-mobile-disabled=\"false\" class=\"elementor-section elementor-top-section elementor-element elementor-element-757ca48 elementor-section-boxed elementor-section-height-default elementor-section-height-default\" data-id=\"757ca48\" data-element_type=\"section\">\n\t\t\t\t\t\t<div class=\"elementor-container elementor-column-gap-default\">\n\t\t\t\t\t<div class=\"elementor-column elementor-col-100 elementor-top-column elementor-element elementor-element-adc337f\" data-id=\"adc337f\" data-element_type=\"column\">\n\t\t\t<div class=\"elementor-widget-wrap elementor-element-populated\">\n\t\t\t\t\t\t\t\t<div class=\"elementor-element elementor-element-8890aca elementor-widget elementor-widget-heading\" data-id=\"8890aca\" data-element_type=\"widget\" data-widget_type=\"heading.default\">\n\t\t\t\t<div class=\"elementor-widget-container\">\n\t\t\t<h2 class=\"elementor-heading-title elementor-size-default\"><span style=\"color:#0066A1\">&bull;<\/span> P\u00f3steres <span style=\"color:#54595F; font-size:0.5em;\">(Todo el d\u00eda)<\/span> <\/h2>\t\t<\/div>\n\t\t\t\t<\/div>\n\t\t\t\t\t<\/div>\n\t\t<\/div>\n\t\t\t\t\t\t\t<\/div>\n\t\t<\/section>\n\t\t\t\t\t\t\t<\/div>\n\t\t","protected":false},"excerpt":{"rendered":"<p>Programa martes 28 de noviembre de 2023 \u2022 Sesi\u00f3n 3: Biodiversidad y Acuicultura Coorganizada con el Instituto ECOAQUA, ULPGC 9:00 Pan\/Col\/Ecu\/Per\u00fa (Ver otros horarios) 6:00 (GMT-8) Baja California &#8211; Ensenada8:00 (GMT-6) M\u00e9xico y Centroam\u00e9rica 9:00 (GMT-5) Ecuador, Colombia, Panam\u00e1 y Per\u00fa 10:00 (GMT-4) Venezuela, Bolivia, Cuba, Rep. Dominicana 11:00 (GMT-3) Uruguay, Argentina, Chile, Brasil-Sao Paulo [&hellip;]<\/p>\n","protected":false},"author":1,"featured_media":0,"parent":0,"menu_order":0,"comment_status":"closed","ping_status":"closed","template":"elementor_header_footer","meta":{"footnotes":""},"class_list":["post-1396","page","type-page","status-publish","hentry"],"acf":[],"_links":{"self":[{"href":"https:\/\/firmaonline.org\/xiifirma\/wp-json\/wp\/v2\/pages\/1396","targetHints":{"allow":["GET"]}}],"collection":[{"href":"https:\/\/firmaonline.org\/xiifirma\/wp-json\/wp\/v2\/pages"}],"about":[{"href":"https:\/\/firmaonline.org\/xiifirma\/wp-json\/wp\/v2\/types\/page"}],"author":[{"embeddable":true,"href":"https:\/\/firmaonline.org\/xiifirma\/wp-json\/wp\/v2\/users\/1"}],"replies":[{"embeddable":true,"href":"https:\/\/firmaonline.org\/xiifirma\/wp-json\/wp\/v2\/comments?post=1396"}],"version-history":[{"count":112,"href":"https:\/\/firmaonline.org\/xiifirma\/wp-json\/wp\/v2\/pages\/1396\/revisions"}],"predecessor-version":[{"id":3958,"href":"https:\/\/firmaonline.org\/xiifirma\/wp-json\/wp\/v2\/pages\/1396\/revisions\/3958"}],"wp:attachment":[{"href":"https:\/\/firmaonline.org\/xiifirma\/wp-json\/wp\/v2\/media?parent=1396"}],"curies":[{"name":"wp","href":"https:\/\/api.w.org\/{rel}","templated":true}]}}