{"id":542,"date":"2023-04-28T14:14:20","date_gmt":"2023-04-28T14:14:20","guid":{"rendered":"https:\/\/firmaonline.org\/xiifirma\/?page_id=542"},"modified":"2023-04-30T15:36:31","modified_gmt":"2023-04-30T15:36:31","slug":"politica-de-privacidad","status":"publish","type":"page","link":"https:\/\/firmaonline.org\/xiifirma\/politica-de-privacidad\/","title":{"rendered":"Pol\u00edtica de privacidad"},"content":{"rendered":"\t\t<div data-elementor-type=\"wp-page\" data-elementor-id=\"542\" class=\"elementor elementor-542\" data-elementor-post-type=\"page\">\n\t\t\t\t\t\t\t\t\t<section data-particle_enable=\"false\" data-particle-mobile-disabled=\"false\" class=\"elementor-section elementor-top-section elementor-element elementor-element-2e28d7f elementor-section-boxed elementor-section-height-default elementor-section-height-default\" data-id=\"2e28d7f\" data-element_type=\"section\" data-settings=\"{&quot;background_background&quot;:&quot;classic&quot;}\">\n\t\t\t\t\t\t<div class=\"elementor-container elementor-column-gap-default\">\n\t\t\t\t\t<div class=\"elementor-column elementor-col-100 elementor-top-column elementor-element elementor-element-622fb4c\" data-id=\"622fb4c\" data-element_type=\"column\">\n\t\t\t<div class=\"elementor-widget-wrap elementor-element-populated\">\n\t\t\t\t\t\t\t\t<div class=\"elementor-element elementor-element-b088d3f elementor-widget elementor-widget-heading\" data-id=\"b088d3f\" data-element_type=\"widget\" data-widget_type=\"heading.default\">\n\t\t\t\t<div class=\"elementor-widget-container\">\n\t\t\t<style>\/*! elementor - v3.15.0 - 20-08-2023 *\/\n.elementor-heading-title{padding:0;margin:0;line-height:1}.elementor-widget-heading .elementor-heading-title[class*=elementor-size-]>a{color:inherit;font-size:inherit;line-height:inherit}.elementor-widget-heading .elementor-heading-title.elementor-size-small{font-size:15px}.elementor-widget-heading .elementor-heading-title.elementor-size-medium{font-size:19px}.elementor-widget-heading .elementor-heading-title.elementor-size-large{font-size:29px}.elementor-widget-heading .elementor-heading-title.elementor-size-xl{font-size:39px}.elementor-widget-heading .elementor-heading-title.elementor-size-xxl{font-size:59px}<\/style><h2 class=\"elementor-heading-title elementor-size-default\">Pol\u00edtica de privacidad<\/h2>\t\t<\/div>\n\t\t\t\t<\/div>\n\t\t\t\t<div class=\"elementor-element elementor-element-1a7cad9 elementor-widget elementor-widget-heading\" data-id=\"1a7cad9\" data-element_type=\"widget\" data-widget_type=\"heading.default\">\n\t\t\t\t<div class=\"elementor-widget-container\">\n\t\t\t<h2 class=\"elementor-heading-title elementor-size-default\">de datos<\/h2>\t\t<\/div>\n\t\t\t\t<\/div>\n\t\t\t\t\t<\/div>\n\t\t<\/div>\n\t\t\t\t\t\t\t<\/div>\n\t\t<\/section>\n\t\t\t\t<section data-particle_enable=\"false\" data-particle-mobile-disabled=\"false\" class=\"elementor-section elementor-top-section elementor-element elementor-element-e4d22e1 elementor-section-boxed elementor-section-height-default elementor-section-height-default\" data-id=\"e4d22e1\" data-element_type=\"section\">\n\t\t\t\t\t\t<div class=\"elementor-container elementor-column-gap-default\">\n\t\t\t\t\t<div class=\"elementor-column elementor-col-100 elementor-top-column elementor-element elementor-element-21ab0ca\" data-id=\"21ab0ca\" data-element_type=\"column\">\n\t\t\t<div class=\"elementor-widget-wrap elementor-element-populated\">\n\t\t\t\t\t\t\t\t<div class=\"elementor-element elementor-element-d354de3 elementor-widget elementor-widget-image\" data-id=\"d354de3\" data-element_type=\"widget\" data-widget_type=\"image.default\">\n\t\t\t\t<div class=\"elementor-widget-container\">\n\t\t\t<style>\/*! elementor - v3.15.0 - 20-08-2023 *\/\n.elementor-widget-image{text-align:center}.elementor-widget-image a{display:inline-block}.elementor-widget-image a img[src$=\".svg\"]{width:48px}.elementor-widget-image img{vertical-align:middle;display:inline-block}<\/style>\t\t\t\t\t\t\t\t\t\t\t\t<img loading=\"lazy\" decoding=\"async\" width=\"670\" height=\"177\" src=\"https:\/\/firmaonline.org\/xiifirma\/wp-content\/uploads\/2023\/02\/cropped-Logo-firma-2023-3.png\" class=\"attachment-large size-large wp-image-202\" alt=\"Logo Firma 2023\" srcset=\"https:\/\/firmaonline.org\/xiifirma\/wp-content\/uploads\/2023\/02\/cropped-Logo-firma-2023-3.png 670w, https:\/\/firmaonline.org\/xiifirma\/wp-content\/uploads\/2023\/02\/cropped-Logo-firma-2023-3-300x79.png 300w\" sizes=\"auto, (max-width: 670px) 100vw, 670px\" \/>\t\t\t\t\t\t\t\t\t\t\t\t\t\t\t<\/div>\n\t\t\t\t<\/div>\n\t\t\t\t\t<\/div>\n\t\t<\/div>\n\t\t\t\t\t\t\t<\/div>\n\t\t<\/section>\n\t\t\t\t<section data-particle_enable=\"false\" data-particle-mobile-disabled=\"false\" class=\"elementor-section elementor-top-section elementor-element elementor-element-6cd484b elementor-section-boxed elementor-section-height-default elementor-section-height-default\" data-id=\"6cd484b\" data-element_type=\"section\">\n\t\t\t\t\t\t<div class=\"elementor-container elementor-column-gap-default\">\n\t\t\t\t\t<div class=\"elementor-column elementor-col-100 elementor-top-column elementor-element elementor-element-d07f58e\" data-id=\"d07f58e\" data-element_type=\"column\">\n\t\t\t<div class=\"elementor-widget-wrap elementor-element-populated\">\n\t\t\t\t\t\t\t\t<div class=\"elementor-element elementor-element-813fe19 elementor-widget elementor-widget-text-editor\" data-id=\"813fe19\" data-element_type=\"widget\" data-widget_type=\"text-editor.default\">\n\t\t\t\t<div class=\"elementor-widget-container\">\n\t\t\t<style>\/*! elementor - v3.15.0 - 20-08-2023 *\/\n.elementor-widget-text-editor.elementor-drop-cap-view-stacked .elementor-drop-cap{background-color:#69727d;color:#fff}.elementor-widget-text-editor.elementor-drop-cap-view-framed .elementor-drop-cap{color:#69727d;border:3px solid;background-color:transparent}.elementor-widget-text-editor:not(.elementor-drop-cap-view-default) .elementor-drop-cap{margin-top:8px}.elementor-widget-text-editor:not(.elementor-drop-cap-view-default) .elementor-drop-cap-letter{width:1em;height:1em}.elementor-widget-text-editor .elementor-drop-cap{float:left;text-align:center;line-height:1;font-size:50px}.elementor-widget-text-editor .elementor-drop-cap-letter{display:inline-block}<\/style>\t\t\t\t<div class=\"elementor-element elementor-element-08dccd3 elementor-widget elementor-widget-text-editor\" data-id=\"08dccd3\" data-element_type=\"widget\" data-widget_type=\"text-editor.default\"><div class=\"elementor-widget-container\"><p>La presente Pol\u00edtica de Privacidad de Datos establece los t\u00e9rminos en que XII FIRMA 2023 usa y protege la informaci\u00f3n que es proporcionada por sus usuarios al momento de utilizar su sitio web. Nuestra organizaci\u00f3n est\u00e1 comprometida con la seguridad de los datos de los visitantes de su sitio web. Cuando le pedimos llenar los campos de informaci\u00f3n personal con la cual usted pueda ser identificado, lo hacemos asegurando que s\u00f3lo se emplear\u00e1 de acuerdo con los t\u00e9rminos de uso establecidos en este documento. Sin embargo esta Pol\u00edtica de privacidad puede cambiar con el tiempo o ser actualizada por lo que le recomendamos y enfatizamos revisar continuamente esta p\u00e1gina para asegurarse que est\u00e1 de acuerdo con dichos cambios.<\/p><\/div><\/div><div class=\"elementor-element elementor-element-a58498c elementor-widget elementor-widget-text-editor\" data-id=\"a58498c\" data-element_type=\"widget\" data-widget_type=\"text-editor.default\"><div class=\"elementor-widget-container\"><p><strong>Informaci\u00f3n que puede ser recogida<br \/><\/strong>Nuestro sitio web podr\u00e1 solicitar y recoger (s\u00f3lo con su consentimiento) informaci\u00f3n personal como por ejemplo: Nombre, apellidos, direcci\u00f3n de correo electr\u00f3nico, tel\u00e9fono, organizaci\u00f3n, tipo de actividad, nivel de avance en los estudios e informaci\u00f3n demogr\u00e1fica. As\u00ed mismo cuando sea necesario podr\u00e1 ser requerida informaci\u00f3n espec\u00edfica para resolver alguna incidencia relacionada con su participaci\u00f3n en el XII FIRMA 2023.<\/p><\/div><\/div><div class=\"elementor-element elementor-element-f0a842e elementor-widget elementor-widget-text-editor\" data-id=\"f0a842e\" data-element_type=\"widget\" data-widget_type=\"text-editor.default\"><div class=\"elementor-widget-container\"><p><strong>Uso de la informaci\u00f3n recogida<br \/><\/strong>Nuestro sitio web podr\u00e1 emplear esta informaci\u00f3n con el fin de proporcionar el mejor servicio posible, particularmente para mantener un registro de usuarios con intereses en los temas relacionados con los recursos marinos y la acuicultura as\u00ed como mejorar la experiencia de nuestros visitantes.<br \/><br \/>Es posible que sean enviados correos electr\u00f3nicos a trav\u00e9s de nuestro sitio con informaci\u00f3n del XII FIRMA 2023, los mismos ser\u00e1n enviados a la direcci\u00f3n que usted proporcione y podr\u00e1n ser cancelados en cualquier momento mediante solicitud a la direcci\u00f3n: <span style=\"color: #0000ff;\"><a style=\"color: #0000ff;\" href=\"mailto:firma2023online@gmail.com\">firma2023online@gmail.com<\/a><\/span>.<br \/><br \/>El Comit\u00e9 Organizador del XII FIRMA 2023 est\u00e1 altamente comprometido para cumplir con el compromiso de mantener su informaci\u00f3n segura. Usamos los sistemas necesarios y los actualizamos constantemente para asegurarnos que no exista ning\u00fan acceso no autorizado.<\/p><\/div><\/div><div class=\"elementor-element elementor-element-edcbdbc elementor-widget elementor-widget-text-editor\" data-id=\"edcbdbc\" data-element_type=\"widget\" data-widget_type=\"text-editor.default\"><div class=\"elementor-widget-container\"><p><strong>Enlaces a terceros<br \/><\/strong>Este sitio web pudiera contener enlaces a otros sitios que pudieran ser de su inter\u00e9s. Una vez que usted de clic en estos enlaces y abandone nuestra p\u00e1gina, ya no tenemos control sobre al sitio al que es redirigido y por lo tanto no somos responsables de los t\u00e9rminos o privacidad ni de la protecci\u00f3n de sus datos en esos otros sitios terceros. Dichos sitios est\u00e1n sujetos a sus propias pol\u00edticas de privacidad por lo cual es recomendable que los consulte para confirmar que usted est\u00e1 de acuerdo con \u00e9stas.<\/p><\/div><\/div><div class=\"elementor-element elementor-element-6b5635c elementor-widget elementor-widget-text-editor\" data-id=\"6b5635c\" data-element_type=\"widget\" data-widget_type=\"text-editor.default\"><div class=\"elementor-widget-container\"><p><strong>Control de su informaci\u00f3n personal<br \/><\/strong>En cualquier momento usted puede solicitar la eliminaci\u00f3n de sus datos de nuestros servidores mediante solicitud a la direcci\u00f3n:<span style=\"color: #0000ff;\">\u00a0<a style=\"color: #0000ff;\" href=\"mailto:firma2023online@gmail.com\">firma2023online@gmail.com<\/a><\/span>, de inmediato su informaci\u00f3n ser\u00e1 eliminada. El XII FIRMA 2023 no vender\u00e1, ceder\u00e1 ni distribuir\u00e1 la informaci\u00f3n personal que es recopilada, salvo que sea requerido por un juez con un orden judicial. El XII FIRMA 2023 se reserva el derecho de cambiar los t\u00e9rminos de la presente Pol\u00edtica de privacidad en cualquier momento.<\/p><\/div><\/div>\t\t\t\t\t\t<\/div>\n\t\t\t\t<\/div>\n\t\t\t\t\t<\/div>\n\t\t<\/div>\n\t\t\t\t\t\t\t<\/div>\n\t\t<\/section>\n\t\t\t\t\t\t\t<\/div>\n\t\t","protected":false},"excerpt":{"rendered":"<p>Pol\u00edtica de privacidad de datos La presente Pol\u00edtica de Privacidad de Datos establece los t\u00e9rminos en que XII FIRMA 2023 usa y protege la informaci\u00f3n que es proporcionada por sus usuarios al momento de utilizar su sitio web. Nuestra organizaci\u00f3n est\u00e1 comprometida con la seguridad de los datos de los visitantes de su sitio web. [&hellip;]<\/p>\n","protected":false},"author":1,"featured_media":0,"parent":0,"menu_order":0,"comment_status":"closed","ping_status":"closed","template":"elementor_header_footer","meta":{"footnotes":""},"class_list":["post-542","page","type-page","status-publish","hentry"],"acf":[],"_links":{"self":[{"href":"https:\/\/firmaonline.org\/xiifirma\/wp-json\/wp\/v2\/pages\/542","targetHints":{"allow":["GET"]}}],"collection":[{"href":"https:\/\/firmaonline.org\/xiifirma\/wp-json\/wp\/v2\/pages"}],"about":[{"href":"https:\/\/firmaonline.org\/xiifirma\/wp-json\/wp\/v2\/types\/page"}],"author":[{"embeddable":true,"href":"https:\/\/firmaonline.org\/xiifirma\/wp-json\/wp\/v2\/users\/1"}],"replies":[{"embeddable":true,"href":"https:\/\/firmaonline.org\/xiifirma\/wp-json\/wp\/v2\/comments?post=542"}],"version-history":[{"count":7,"href":"https:\/\/firmaonline.org\/xiifirma\/wp-json\/wp\/v2\/pages\/542\/revisions"}],"predecessor-version":[{"id":621,"href":"https:\/\/firmaonline.org\/xiifirma\/wp-json\/wp\/v2\/pages\/542\/revisions\/621"}],"wp:attachment":[{"href":"https:\/\/firmaonline.org\/xiifirma\/wp-json\/wp\/v2\/media?parent=542"}],"curies":[{"name":"wp","href":"https:\/\/api.w.org\/{rel}","templated":true}]}}