{"id":62,"date":"2023-02-20T20:32:22","date_gmt":"2023-02-20T20:32:22","guid":{"rendered":"https:\/\/firmaonline.org\/xiifirma\/?page_id=62"},"modified":"2023-09-21T16:50:48","modified_gmt":"2023-09-21T16:50:48","slug":"normas-de-participacion","status":"publish","type":"page","link":"https:\/\/firmaonline.org\/xiifirma\/normas-de-participacion\/","title":{"rendered":"Normas de participaci\u00f3n"},"content":{"rendered":"\t\t<div data-elementor-type=\"wp-page\" data-elementor-id=\"62\" class=\"elementor elementor-62\" data-elementor-post-type=\"page\">\n\t\t\t\t\t\t\t\t\t<section data-particle_enable=\"false\" data-particle-mobile-disabled=\"false\" class=\"elementor-section elementor-top-section elementor-element elementor-element-e045b5e elementor-section-boxed elementor-section-height-default elementor-section-height-default\" data-id=\"e045b5e\" data-element_type=\"section\" data-settings=\"{&quot;background_background&quot;:&quot;classic&quot;}\">\n\t\t\t\t\t\t<div class=\"elementor-container elementor-column-gap-default\">\n\t\t\t\t\t<div class=\"elementor-column elementor-col-100 elementor-top-column elementor-element elementor-element-0da68b3\" data-id=\"0da68b3\" data-element_type=\"column\">\n\t\t\t<div class=\"elementor-widget-wrap elementor-element-populated\">\n\t\t\t\t\t\t\t\t<div class=\"elementor-element elementor-element-4df67b4 elementor-widget elementor-widget-heading\" data-id=\"4df67b4\" data-element_type=\"widget\" data-widget_type=\"heading.default\">\n\t\t\t\t<div class=\"elementor-widget-container\">\n\t\t\t<style>\/*! elementor - v3.15.0 - 20-08-2023 *\/\n.elementor-heading-title{padding:0;margin:0;line-height:1}.elementor-widget-heading .elementor-heading-title[class*=elementor-size-]>a{color:inherit;font-size:inherit;line-height:inherit}.elementor-widget-heading .elementor-heading-title.elementor-size-small{font-size:15px}.elementor-widget-heading .elementor-heading-title.elementor-size-medium{font-size:19px}.elementor-widget-heading .elementor-heading-title.elementor-size-large{font-size:29px}.elementor-widget-heading .elementor-heading-title.elementor-size-xl{font-size:39px}.elementor-widget-heading .elementor-heading-title.elementor-size-xxl{font-size:59px}<\/style><h2 class=\"elementor-heading-title elementor-size-default\">III PhotoFirma 2023<\/h2>\t\t<\/div>\n\t\t\t\t<\/div>\n\t\t\t\t<div class=\"elementor-element elementor-element-754f526 elementor-widget elementor-widget-heading\" data-id=\"754f526\" data-element_type=\"widget\" data-widget_type=\"heading.default\">\n\t\t\t\t<div class=\"elementor-widget-container\">\n\t\t\t<h2 class=\"elementor-heading-title elementor-size-default\">normas de participaci\u00f3n<\/h2>\t\t<\/div>\n\t\t\t\t<\/div>\n\t\t\t\t\t<\/div>\n\t\t<\/div>\n\t\t\t\t\t\t\t<\/div>\n\t\t<\/section>\n\t\t\t\t<section data-particle_enable=\"false\" data-particle-mobile-disabled=\"false\" class=\"elementor-section elementor-top-section elementor-element elementor-element-8053d63 elementor-section-boxed elementor-section-height-default elementor-section-height-default\" data-id=\"8053d63\" data-element_type=\"section\">\n\t\t\t\t\t\t<div class=\"elementor-container elementor-column-gap-default\">\n\t\t\t\t\t<div class=\"elementor-column elementor-col-100 elementor-top-column elementor-element elementor-element-8afcd03\" data-id=\"8afcd03\" data-element_type=\"column\">\n\t\t\t<div class=\"elementor-widget-wrap elementor-element-populated\">\n\t\t\t\t\t\t\t\t<div class=\"elementor-element elementor-element-6da06ac elementor-widget elementor-widget-text-editor\" data-id=\"6da06ac\" data-element_type=\"widget\" data-widget_type=\"text-editor.default\">\n\t\t\t\t<div class=\"elementor-widget-container\">\n\t\t\t<style>\/*! elementor - v3.15.0 - 20-08-2023 *\/\n.elementor-widget-text-editor.elementor-drop-cap-view-stacked .elementor-drop-cap{background-color:#69727d;color:#fff}.elementor-widget-text-editor.elementor-drop-cap-view-framed .elementor-drop-cap{color:#69727d;border:3px solid;background-color:transparent}.elementor-widget-text-editor:not(.elementor-drop-cap-view-default) .elementor-drop-cap{margin-top:8px}.elementor-widget-text-editor:not(.elementor-drop-cap-view-default) .elementor-drop-cap-letter{width:1em;height:1em}.elementor-widget-text-editor .elementor-drop-cap{float:left;text-align:center;line-height:1;font-size:50px}.elementor-widget-text-editor .elementor-drop-cap-letter{display:inline-block}<\/style>\t\t\t\t<p>Con el objetivo de captar en im\u00e1genes el maravilloso mundo de los recursos acu\u00e1ticos y la acuicultura, se organiza el II concurso fotogr\u00e1fico FIRMA, II PhotoFIRMA, incentivando a todos los interesados a concursar por diversos premios otorgados por organizaciones y empresas de la acuicultura y la pesca. Las fotos servir\u00e1n para nuestra galer\u00eda FIRMA y algunas, con conceptos de acuicultura, ser\u00e1n escogidas para las portadas de la revista cient\u00edfica\u00a0<em>AquaTechnica<\/em>, revista asociada al FIRMA.<\/p>\t\t\t\t\t\t<\/div>\n\t\t\t\t<\/div>\n\t\t\t\t\t<\/div>\n\t\t<\/div>\n\t\t\t\t\t\t\t<\/div>\n\t\t<\/section>\n\t\t\t\t<section data-particle_enable=\"false\" data-particle-mobile-disabled=\"false\" class=\"elementor-section elementor-top-section elementor-element elementor-element-ce9b1cc elementor-section-boxed elementor-section-height-default elementor-section-height-default\" data-id=\"ce9b1cc\" data-element_type=\"section\">\n\t\t\t\t\t\t<div class=\"elementor-container elementor-column-gap-default\">\n\t\t\t\t\t<div class=\"elementor-column elementor-col-100 elementor-top-column elementor-element elementor-element-769bd97\" data-id=\"769bd97\" data-element_type=\"column\">\n\t\t\t<div class=\"elementor-widget-wrap elementor-element-populated\">\n\t\t\t\t\t\t\t\t<div class=\"elementor-element elementor-element-13687d8 elementor-widget elementor-widget-heading\" data-id=\"13687d8\" data-element_type=\"widget\" data-widget_type=\"heading.default\">\n\t\t\t\t<div class=\"elementor-widget-container\">\n\t\t\t<h2 class=\"elementor-heading-title elementor-size-default\">Bases del concurso<\/h2>\t\t<\/div>\n\t\t\t\t<\/div>\n\t\t\t\t\t<\/div>\n\t\t<\/div>\n\t\t\t\t\t\t\t<\/div>\n\t\t<\/section>\n\t\t\t\t<section data-particle_enable=\"false\" data-particle-mobile-disabled=\"false\" class=\"elementor-section elementor-top-section elementor-element elementor-element-5ff6dfb elementor-section-boxed elementor-section-height-default elementor-section-height-default\" data-id=\"5ff6dfb\" data-element_type=\"section\">\n\t\t\t\t\t\t<div class=\"elementor-container elementor-column-gap-default\">\n\t\t\t\t\t<div class=\"elementor-column elementor-col-100 elementor-top-column elementor-element elementor-element-e774145\" data-id=\"e774145\" data-element_type=\"column\">\n\t\t\t<div class=\"elementor-widget-wrap elementor-element-populated\">\n\t\t\t\t\t\t\t\t<div class=\"elementor-element elementor-element-d6cd418 elementor-widget elementor-widget-text-editor\" data-id=\"d6cd418\" data-element_type=\"widget\" data-widget_type=\"text-editor.default\">\n\t\t\t\t<div class=\"elementor-widget-container\">\n\t\t\t\t\t\t\t<section class=\"elementor-section elementor-top-section elementor-element elementor-element-bf9673f elementor-section-boxed elementor-section-height-default elementor-section-height-default\" data-particle_enable=\"false\" data-particle-mobile-disabled=\"false\" data-id=\"bf9673f\" data-element_type=\"section\"><div class=\"elementor-container elementor-column-gap-default\"><div class=\"elementor-column elementor-col-100 elementor-top-column elementor-element elementor-element-7f0283a\" data-id=\"7f0283a\" data-element_type=\"column\"><div class=\"elementor-widget-wrap elementor-element-populated\"><div class=\"elementor-element elementor-element-2382ebc elementor-widget elementor-widget-text-editor\" data-id=\"2382ebc\" data-element_type=\"widget\" data-widget_type=\"text-editor.default\"><div class=\"elementor-widget-container\"><p><strong><span lang=\"es-419\">Participantes:\u00a0<\/span><\/strong><span lang=\"es-419\">Cualquier persona inscrita en el XII FIRMA puede participar.<\/span><\/p><p><strong><span lang=\"es-419\">Caracter\u00edsticas de las fotograf\u00edas:<\/span><\/strong><\/p><p><span lang=\"es-419\">\u2022 Las im\u00e1genes deber\u00e1n estar relacionadas con los recursos acu\u00e1ticos y la acuicultura, reflejando el objeto de estudio de la actividad productiva, los aspectos naturales, sociales, las personas que la realizan, su instrumentaci\u00f3n e instalaciones, o las tecnolog\u00edas que resultan de los avances cient\u00edficos y productivos en Iberoam\u00e9rica.<\/span><\/p><p><span lang=\"es-419\">\u2022 Las fotograf\u00edas deben ser enviadas en formato JPG en alta resoluci\u00f3n, con un tama\u00f1o de 2 a 10 MB.<\/span><\/p><p><span lang=\"es-419\">\u2022 Las fotograf\u00edas no deber\u00e1n estar modificadas, a no ser de estricta justificaci\u00f3n en relaci\u00f3n a su uso cient\u00edfico, no deben incluir firmas, marcas de agua, marcos, ni cualquier otro elemento que afecte su integridad y\/o calidad visual original.<\/span><\/p><p><span lang=\"es-419\">\u2022 Las fotos deber\u00e1n ser in\u00e9ditas y claramente relacionadas con el tema.<\/span><\/p><p><span lang=\"es-419\">\u2022 Se aceptan tanto macro como microfotograf\u00edas, pudiendo ser obtenidas mediante un instrumento de micrograf\u00eda \u00f3ptica o electr\u00f3nica, donde del objeto fotografiado ser\u00e1 menor de 1 mm.<\/span><\/p><p><span lang=\"es-419\">\u2022 En este segundo concurso no se limita la antig\u00fcedad de la fotograf\u00eda; sin embargo, los derechos de propiedad intelectual deben pertenecer \u00edntegramente y sin excepci\u00f3n al participante que las env\u00ede. Se podr\u00e1n aceptar fotograf\u00edas digitalizadas antiguas, siempre y cuando exista una justificaci\u00f3n, como la carencia de tecnolog\u00eda de fotograf\u00eda digital cuando se realiz\u00f3.<\/span><\/p><p><span lang=\"es-419\">\u2022 Todas las fotograf\u00edas deben venir acompa\u00f1adas con un escrito (un m\u00e1ximo de 150 palabras), donde se debe exponer el origen, importancia y naturaleza de la fotograf\u00eda y\/o vinculaci\u00f3n con alg\u00fan proyecto de investigaci\u00f3n si lo hubiese.<\/span><\/p><\/div><\/div><\/div><\/div><\/div><\/section><section class=\"elementor-section elementor-top-section elementor-element elementor-element-735c64b elementor-section-boxed elementor-section-height-default elementor-section-height-default\" data-particle_enable=\"false\" data-particle-mobile-disabled=\"false\" data-id=\"735c64b\" data-element_type=\"section\"><div class=\"elementor-container elementor-column-gap-default\"><div class=\"elementor-column elementor-col-100 elementor-top-column elementor-element elementor-element-0f0b02c\" data-id=\"0f0b02c\" data-element_type=\"column\"><div class=\"elementor-widget-wrap elementor-element-populated\"><div class=\"elementor-element elementor-element-aef4a5a elementor-widget elementor-widget-text-editor\" data-id=\"aef4a5a\" data-element_type=\"widget\" data-widget_type=\"text-editor.default\"><div class=\"elementor-widget-container\"><p><strong><span lang=\"es-419\">Per\u00edodo de recepci\u00f3n de fotograf\u00edas:\u00a0<\/span><\/strong><span lang=\"es-419\">Desde el <strong>01-09-2023<\/strong> al <strong>19-11-2023<\/strong>.<\/span><\/p><p><strong><span lang=\"es-419\">Per\u00edodo de evaluaci\u00f3n: <\/span><\/strong><span lang=\"es-419\">Desde el <strong>20-11-2023<\/strong> al <strong>30-11-2023<\/strong>.<\/span><\/p><p><strong><span lang=\"es-419\">Premiaci\u00f3n:\u00a0<\/span><\/strong><span lang=\"es-419\">El <strong>01-12-2023<\/strong>, durante el acto de clausura del XII FIRMA 2023 online.<\/span><\/p><p><span lang=\"es-419\"><br \/>Se otorgar\u00e1 un reconocimiento especial a las tres mejores fotograf\u00edas y tres menciones honor\u00edficas, valor\u00e1ndose la composici\u00f3n, calidad visual, y adecuaci\u00f3n en el tema.<\/span><\/p><p><em><span lang=\"es-419\">Primer Premio:\u00a0<\/span><\/em><span lang=\"es-419\">Reconocimiento y $ 300.<br \/><em>Segundo Premio:\u00a0<\/em>Reconocimiento y $ 200.<br \/><em>Tercer Premio:\u00a0<\/em>Reconocimiento y $ 100.<br \/><em>Tres Menciones Honor\u00edficas:\u00a0<\/em>Reconocimiento.<\/span><\/p><p><span lang=\"es-419\">La organizaci\u00f3n del FIRMA podr\u00e1 dividir el concurso en dos modalidades: Recursos Acu\u00e1ticos y Acuicultura.<\/span><\/p><\/div><\/div><\/div><\/div><\/div><\/section><section class=\"elementor-section elementor-top-section elementor-element elementor-element-c427a4c elementor-section-boxed elementor-section-height-default elementor-section-height-default\" data-particle_enable=\"false\" data-particle-mobile-disabled=\"false\" data-id=\"c427a4c\" data-element_type=\"section\"><div class=\"elementor-container elementor-column-gap-default\"><div class=\"elementor-column elementor-col-100 elementor-top-column elementor-element elementor-element-ea2ea44\" data-id=\"ea2ea44\" data-element_type=\"column\"><div class=\"elementor-widget-wrap elementor-element-populated\"><div class=\"elementor-element elementor-element-1cad1a6 elementor-widget elementor-widget-text-editor\" data-id=\"1cad1a6\" data-element_type=\"widget\" data-widget_type=\"text-editor.default\"><div class=\"elementor-widget-container\"><p><strong><span lang=\"es-419\">M\u00e9todo de env\u00edo:<\/span><\/strong><\/p><p><span lang=\"es-419\">Se admitir\u00e1n un m\u00e1ximo de 3 fotograf\u00edas por cada participante, enviadas a trav\u00e9s de un formulario que ser\u00e1 remitido por correo electr\u00f3nico, una vez realizada la inscripci\u00f3n en el XII FIRMA. Quienes deseen participar deber\u00e1n proveer informaci\u00f3n de la(s) imagen(es) enviadas, no mayor de 150 palabras, donde se debe exponer el origen, importancia y naturaleza de la fotograf\u00eda. Cada fotograf\u00eda deber\u00e1 poseer una denominaci\u00f3n con una frase\/nombre de hasta un m\u00e1ximo de 4 palabras.<\/span><\/p><p><strong><span lang=\"es-419\">Selecci\u00f3n:<\/span><\/strong><\/p><p><span lang=\"es-419\">\u2022 Todas las fotograf\u00edas recibidas ser\u00e1n renombradas con claves o d\u00edgitos que permitir\u00e1n una evaluaci\u00f3n de manera an\u00f3nima.<\/span><\/p><p><span lang=\"es-419\">\u2022 Al cierre del per\u00edodo de recepci\u00f3n, el proceso de selecci\u00f3n preliminar estar\u00e1 a cargo de un jurado conformado por profesionales de los recursos acu\u00e1ticos, de la acuicultura, y de la fotograf\u00eda.<\/span><\/p><p><span lang=\"es-419\">\u2022 El jurado elegir\u00e1, de entre todas las fotograf\u00edas recibidas, aquellas que cumplan con los requisitos indicados en estas bases y, por votaci\u00f3n, se seleccionar\u00e1n las fotograf\u00edas ganadoras. El jurado valorar\u00e1 la originalidad, calidad art\u00edstica y t\u00e9cnica de la imagen, su relaci\u00f3n con el tema, as\u00ed como el car\u00e1cter divulgativo expresado en el texto.<\/span><\/p><p><span lang=\"es-419\">\u2022 La organizaci\u00f3n del FIRMA informar\u00e1 del resultado del concurso en un acto de premiaci\u00f3n en la clausura del XII FIRMA 2023 online, pautada para el d\u00eda <strong>01 de diciembre de 2023<\/strong>.<\/span><\/p><p><strong><span lang=\"es-419\">Derechos:<\/span><\/strong><\/p><p><span lang=\"es-419\">\u2022 Cada participante tendr\u00e1 derecho a ser seleccionado con solo una de sus fotograf\u00edas para la concesi\u00f3n de un premio, aunque podr\u00eda recibir tambi\u00e9n una menci\u00f3n honor\u00edfica de otra de sus fotograf\u00edas.<\/span><\/p><p><span lang=\"es-419\">\u2022 Cada participante conservar\u00e1 los derechos de autor sobre las im\u00e1genes enviadas, pero aceptar\u00e1 su uso sin fines de lucro por parte del FIRMA y su revista asociada,\u00a0<em>Aquatechnica<\/em>, se\u00f1alandose la autor\u00eda de las fotos.<\/span><\/p><p><span lang=\"es-419\">\u2022 Cada participante aceptar\u00e1 asumir la total y exclusiva responsabilidad, directa e indirecta, frente a terceros o autoridades p\u00fablicas, as\u00ed como todos los costos por da\u00f1os y perjuicios, que pudieran generarse por cualquier imputaci\u00f3n, acusaci\u00f3n, reclamo o denuncia que se pudiese presentar como consecuencia de la violaci\u00f3n de los derechos de autor o utilizaci\u00f3n de im\u00e1genes sin autorizaci\u00f3n de terceros, as\u00ed como otros aspectos que vayan en contra, o no respeten, las leyes pertinentes.<\/span><\/p><p><strong><span lang=\"es-419\">Condiciones de participaci\u00f3n:<\/span><\/strong><\/p><p><span lang=\"es-419\">\u2022 Las fotograf\u00edas que no cumplan con los requisitos mencionados en estas bases o que pudieran resultar inadecuadas por su contenido ser\u00e1n autom\u00e1ticamente descartadas.<\/span><\/p><p><span lang=\"es-419\">\u2022 La participaci\u00f3n en el concurso supone la total aceptaci\u00f3n de las bases del mismo.<\/span><\/p><\/div><\/div><\/div><\/div><\/div><\/section>\t\t\t\t\t\t<\/div>\n\t\t\t\t<\/div>\n\t\t\t\t\t<\/div>\n\t\t<\/div>\n\t\t\t\t\t\t\t<\/div>\n\t\t<\/section>\n\t\t\t\t\t\t\t<\/div>\n\t\t","protected":false},"excerpt":{"rendered":"<p>III PhotoFirma 2023 normas de participaci\u00f3n Con el objetivo de captar en im\u00e1genes el maravilloso mundo de los recursos acu\u00e1ticos y la acuicultura, se organiza el II concurso fotogr\u00e1fico FIRMA, II PhotoFIRMA, incentivando a todos los interesados a concursar por diversos premios otorgados por organizaciones y empresas de la acuicultura y la pesca. Las fotos [&hellip;]<\/p>\n","protected":false},"author":1,"featured_media":0,"parent":0,"menu_order":0,"comment_status":"closed","ping_status":"closed","template":"elementor_header_footer","meta":{"footnotes":""},"class_list":["post-62","page","type-page","status-publish","hentry"],"acf":[],"_links":{"self":[{"href":"https:\/\/firmaonline.org\/xiifirma\/wp-json\/wp\/v2\/pages\/62","targetHints":{"allow":["GET"]}}],"collection":[{"href":"https:\/\/firmaonline.org\/xiifirma\/wp-json\/wp\/v2\/pages"}],"about":[{"href":"https:\/\/firmaonline.org\/xiifirma\/wp-json\/wp\/v2\/types\/page"}],"author":[{"embeddable":true,"href":"https:\/\/firmaonline.org\/xiifirma\/wp-json\/wp\/v2\/users\/1"}],"replies":[{"embeddable":true,"href":"https:\/\/firmaonline.org\/xiifirma\/wp-json\/wp\/v2\/comments?post=62"}],"version-history":[{"count":23,"href":"https:\/\/firmaonline.org\/xiifirma\/wp-json\/wp\/v2\/pages\/62\/revisions"}],"predecessor-version":[{"id":4210,"href":"https:\/\/firmaonline.org\/xiifirma\/wp-json\/wp\/v2\/pages\/62\/revisions\/4210"}],"wp:attachment":[{"href":"https:\/\/firmaonline.org\/xiifirma\/wp-json\/wp\/v2\/media?parent=62"}],"curies":[{"name":"wp","href":"https:\/\/api.w.org\/{rel}","templated":true}]}}