{"id":72,"date":"2023-02-20T20:35:13","date_gmt":"2023-02-20T20:35:13","guid":{"rendered":"https:\/\/firmaonline.org\/xiifirma\/?page_id=72"},"modified":"2023-10-26T09:17:40","modified_gmt":"2023-10-26T09:17:40","slug":"empresas-e-instituciones","status":"publish","type":"page","link":"https:\/\/firmaonline.org\/xiifirma\/empresas-e-instituciones\/","title":{"rendered":"Empresas e instituciones"},"content":{"rendered":"\t\t<div data-elementor-type=\"wp-page\" data-elementor-id=\"72\" class=\"elementor elementor-72\" data-elementor-post-type=\"page\">\n\t\t\t\t\t\t\t\t\t<section data-particle_enable=\"false\" data-particle-mobile-disabled=\"false\" class=\"elementor-section elementor-top-section elementor-element elementor-element-7f86b39 elementor-section-boxed elementor-section-height-default elementor-section-height-default\" data-id=\"7f86b39\" data-element_type=\"section\" data-settings=\"{&quot;background_background&quot;:&quot;classic&quot;}\">\n\t\t\t\t\t\t<div class=\"elementor-container elementor-column-gap-default\">\n\t\t\t\t\t<div class=\"elementor-column elementor-col-100 elementor-top-column elementor-element elementor-element-44ef5ad\" data-id=\"44ef5ad\" data-element_type=\"column\">\n\t\t\t<div class=\"elementor-widget-wrap elementor-element-populated\">\n\t\t\t\t\t\t\t\t<div class=\"elementor-element elementor-element-83545b7 elementor-widget elementor-widget-heading\" data-id=\"83545b7\" data-element_type=\"widget\" data-widget_type=\"heading.default\">\n\t\t\t\t<div class=\"elementor-widget-container\">\n\t\t\t<style>\/*! elementor - v3.15.0 - 20-08-2023 *\/\n.elementor-heading-title{padding:0;margin:0;line-height:1}.elementor-widget-heading .elementor-heading-title[class*=elementor-size-]>a{color:inherit;font-size:inherit;line-height:inherit}.elementor-widget-heading .elementor-heading-title.elementor-size-small{font-size:15px}.elementor-widget-heading .elementor-heading-title.elementor-size-medium{font-size:19px}.elementor-widget-heading .elementor-heading-title.elementor-size-large{font-size:29px}.elementor-widget-heading .elementor-heading-title.elementor-size-xl{font-size:39px}.elementor-widget-heading .elementor-heading-title.elementor-size-xxl{font-size:59px}<\/style><h2 class=\"elementor-heading-title elementor-size-default\">Empresas e instituciones<\/h2>\t\t<\/div>\n\t\t\t\t<\/div>\n\t\t\t\t<div class=\"elementor-element elementor-element-7708776 elementor-widget elementor-widget-heading\" data-id=\"7708776\" data-element_type=\"widget\" data-widget_type=\"heading.default\">\n\t\t\t\t<div class=\"elementor-widget-container\">\n\t\t\t<h2 class=\"elementor-heading-title elementor-size-default\">programas de patrocinio<\/h2>\t\t<\/div>\n\t\t\t\t<\/div>\n\t\t\t\t\t<\/div>\n\t\t<\/div>\n\t\t\t\t\t\t\t<\/div>\n\t\t<\/section>\n\t\t\t\t<section data-particle_enable=\"false\" data-particle-mobile-disabled=\"false\" class=\"elementor-section elementor-top-section elementor-element elementor-element-d29c7ec elementor-section-boxed elementor-section-height-default elementor-section-height-default\" data-id=\"d29c7ec\" data-element_type=\"section\">\n\t\t\t\t\t\t<div class=\"elementor-container elementor-column-gap-default\">\n\t\t\t\t\t<div class=\"elementor-column elementor-col-100 elementor-top-column elementor-element elementor-element-6d10c78\" data-id=\"6d10c78\" data-element_type=\"column\">\n\t\t\t<div class=\"elementor-widget-wrap elementor-element-populated\">\n\t\t\t\t\t\t\t\t<div class=\"elementor-element elementor-element-c346cdd elementor-widget elementor-widget-text-editor\" data-id=\"c346cdd\" data-element_type=\"widget\" data-widget_type=\"text-editor.default\">\n\t\t\t\t<div class=\"elementor-widget-container\">\n\t\t\t<style>\/*! elementor - v3.15.0 - 20-08-2023 *\/\n.elementor-widget-text-editor.elementor-drop-cap-view-stacked .elementor-drop-cap{background-color:#69727d;color:#fff}.elementor-widget-text-editor.elementor-drop-cap-view-framed .elementor-drop-cap{color:#69727d;border:3px solid;background-color:transparent}.elementor-widget-text-editor:not(.elementor-drop-cap-view-default) .elementor-drop-cap{margin-top:8px}.elementor-widget-text-editor:not(.elementor-drop-cap-view-default) .elementor-drop-cap-letter{width:1em;height:1em}.elementor-widget-text-editor .elementor-drop-cap{float:left;text-align:center;line-height:1;font-size:50px}.elementor-widget-text-editor .elementor-drop-cap-letter{display:inline-block}<\/style>\t\t\t\t<p>El FIRMA: Foro Iberoamericano de Recursos Marinos y la Acuicultura, es un escenario que analiza el estado de los recursos acu\u00e1ticos vivos, su grado de explotaci\u00f3n, cultivo, sostenibilidad, estado del conocimiento y perspectivas futuras para Iberoam\u00e9rica, generando discusi\u00f3n sobre pol\u00edticas de conservaci\u00f3n de los recursos, investigaci\u00f3n y desarrollo de la acuicultura, todo esto enfocado en la seguridad alimentaria y sostenibilidad a futuro.<\/p><p>Para este XII FIRMA, estamos proyectando unos 8 000 o m\u00e1s participantes de diferentes pa\u00edses de Iberoam\u00e9rica, con 6 conferencias magistrales, 11 sesiones de discusi\u00f3n de t\u00f3picos actualmente relevantes relacionados a la acuicultura y los recursos marinos y cursos precongreso. Nuestro comit\u00e9 cuenta con m\u00e1s de 50 personalidades representantes en los pa\u00edses iberoamericanos y regiones del mundo que nos est\u00e1n apoyando con la organizaci\u00f3n y la promoci\u00f3n, lo que nos garantizar\u00e1 el \u00e9xito del evento.<\/p><p>En las sesiones de discusi\u00f3n ya tenemos confirmada la intervenci\u00f3n de la mayor\u00eda de los expertos de diferentes pa\u00edses, lo que aportar\u00e1 una extraordinaria experiencia para los asistentes, enriquecida con la discusi\u00f3n de las ideas presentadas por el panel de expertos y la intervenci\u00f3n del p\u00fablico.<\/p><p>En este sentido,\u00a0el FIRMA forma una plataforma de visualizaci\u00f3n adecuada y pertinente para todos los actores relacionados con el aprovechamiento de los recursos marinos y la acuicultura, sirviendo de escenario a las empresas, instituciones acad\u00e9micas o gubernamentales, ONGs, consultores o cualquier otro ente, para ofrecer sus productos o servicios.<\/p><p>Las empresas o instituciones interesadas en formar parte de esta actividad, de modo que el FIRMA les sirva de v\u00ednculo con nuestra extensa red, pueden optar a los siguientes programas:<\/p><p><strong>Patrocinante Bronce (\u20ac 300 EUR)<\/strong>: Tendr\u00e1n un espacio en la p\u00e1gina web con su logotipo y\/o nombre, un enlace a su p\u00e1gina web, videos y\/o redes sociales. Adem\u00e1s, su logotipo y\/o nombre aparecer\u00e1 en correos, redes sociales (Facebook, Instagram, Twitter, LinkedIn) y flyers digitales.<\/p><p><strong>Patrocinante Plata (\u20ac 600 EUR)<\/strong>: Todo lo incluido en el nivel bronce. Adicionalmente, se ofrece un Banner principal con un enlace a una p\u00e1gina web, videos y\/o redes sociales en la p\u00e1gina web para uno de los d\u00edas del evento (d\u00eda adicional del banner, \u20ac 300 EUR) y se dar\u00e1 promoci\u00f3n en las mesas de discusi\u00f3n y la conferencia magistral de ese d\u00eda.\u00a0<\/p><p><strong>Patrocinante Oro (\u20ac 1 000 EUR)<\/strong>: Todo lo incluido en el nivel plata. Adicionalmente, se dar\u00e1 un espacio de sobremesa: hablando con el experto, disponiendo la organizaci\u00f3n de 60 min para promocionar sus productos o servicios a trav\u00e9s de una presentaci\u00f3n t\u00e9cnica y una sesi\u00f3n de preguntas y respuestas del p\u00fablico.<\/p><p><strong>Patrocinante Platino (\u20ac 1 500 EUR)<\/strong>: Todo lo incluido en el nivel oro, pero el Banner principal correr\u00e1 todos los d\u00edas del evento.<\/p><p>Las empresas o instituciones interesadas nos pueden contactar a trav\u00e9s de la direcci\u00f3n de correo electr\u00f3nico:\u00a0<span style=\"color: #0000ff;\"><u><a style=\"color: #0000ff;\" href=\"mailto:empresas.firmaonline@gmail.com\">empresas.firmaonline@gmail.com<\/a><\/u><\/span>\u00a0en la que con todo gusto los atenderemos y, con seguridad, podremos establecer un v\u00ednculo que los apoye en sus prop\u00f3sitos empresariales o institucionales.<\/p>\t\t\t\t\t\t<\/div>\n\t\t\t\t<\/div>\n\t\t\t\t\t<\/div>\n\t\t<\/div>\n\t\t\t\t\t\t\t<\/div>\n\t\t<\/section>\n\t\t\t\t<section data-particle_enable=\"false\" data-particle-mobile-disabled=\"false\" class=\"elementor-section elementor-top-section elementor-element elementor-element-522b4df elementor-section-boxed elementor-section-height-default elementor-section-height-default\" data-id=\"522b4df\" data-element_type=\"section\">\n\t\t\t\t\t\t<div class=\"elementor-container elementor-column-gap-default\">\n\t\t\t\t\t<div class=\"elementor-column elementor-col-100 elementor-top-column elementor-element elementor-element-a634d6e\" data-id=\"a634d6e\" data-element_type=\"column\">\n\t\t\t<div class=\"elementor-widget-wrap elementor-element-populated\">\n\t\t\t\t\t\t\t\t<div class=\"elementor-element elementor-element-7044b30 elementor-widget elementor-widget-heading\" data-id=\"7044b30\" data-element_type=\"widget\" data-widget_type=\"heading.default\">\n\t\t\t\t<div class=\"elementor-widget-container\">\n\t\t\t<h2 class=\"elementor-heading-title elementor-size-default\">Un apoyo solidario para no dejar a nadie atr\u00e1s<\/h2>\t\t<\/div>\n\t\t\t\t<\/div>\n\t\t\t\t\t<\/div>\n\t\t<\/div>\n\t\t\t\t\t\t\t<\/div>\n\t\t<\/section>\n\t\t\t\t<section data-particle_enable=\"false\" data-particle-mobile-disabled=\"false\" class=\"elementor-section elementor-top-section elementor-element elementor-element-28e89a5 elementor-section-boxed elementor-section-height-default elementor-section-height-default\" data-id=\"28e89a5\" data-element_type=\"section\">\n\t\t\t\t\t\t<div class=\"elementor-container elementor-column-gap-default\">\n\t\t\t\t\t<div class=\"elementor-column elementor-col-100 elementor-top-column elementor-element elementor-element-a6eabff\" data-id=\"a6eabff\" data-element_type=\"column\">\n\t\t\t<div class=\"elementor-widget-wrap elementor-element-populated\">\n\t\t\t\t\t\t\t\t<div class=\"elementor-element elementor-element-d4cd74b elementor-widget-divider--view-line elementor-widget elementor-widget-divider\" data-id=\"d4cd74b\" data-element_type=\"widget\" data-widget_type=\"divider.default\">\n\t\t\t\t<div class=\"elementor-widget-container\">\n\t\t\t<style>\/*! elementor - v3.15.0 - 20-08-2023 *\/\n.elementor-widget-divider{--divider-border-style:none;--divider-border-width:1px;--divider-color:#0c0d0e;--divider-icon-size:20px;--divider-element-spacing:10px;--divider-pattern-height:24px;--divider-pattern-size:20px;--divider-pattern-url:none;--divider-pattern-repeat:repeat-x}.elementor-widget-divider .elementor-divider{display:flex}.elementor-widget-divider .elementor-divider__text{font-size:15px;line-height:1;max-width:95%}.elementor-widget-divider .elementor-divider__element{margin:0 var(--divider-element-spacing);flex-shrink:0}.elementor-widget-divider .elementor-icon{font-size:var(--divider-icon-size)}.elementor-widget-divider .elementor-divider-separator{display:flex;margin:0;direction:ltr}.elementor-widget-divider--view-line_icon .elementor-divider-separator,.elementor-widget-divider--view-line_text .elementor-divider-separator{align-items:center}.elementor-widget-divider--view-line_icon .elementor-divider-separator:after,.elementor-widget-divider--view-line_icon .elementor-divider-separator:before,.elementor-widget-divider--view-line_text .elementor-divider-separator:after,.elementor-widget-divider--view-line_text .elementor-divider-separator:before{display:block;content:\"\";border-bottom:0;flex-grow:1;border-top:var(--divider-border-width) var(--divider-border-style) var(--divider-color)}.elementor-widget-divider--element-align-left .elementor-divider .elementor-divider-separator>.elementor-divider__svg:first-of-type{flex-grow:0;flex-shrink:100}.elementor-widget-divider--element-align-left .elementor-divider-separator:before{content:none}.elementor-widget-divider--element-align-left .elementor-divider__element{margin-left:0}.elementor-widget-divider--element-align-right .elementor-divider .elementor-divider-separator>.elementor-divider__svg:last-of-type{flex-grow:0;flex-shrink:100}.elementor-widget-divider--element-align-right .elementor-divider-separator:after{content:none}.elementor-widget-divider--element-align-right .elementor-divider__element{margin-right:0}.elementor-widget-divider:not(.elementor-widget-divider--view-line_text):not(.elementor-widget-divider--view-line_icon) .elementor-divider-separator{border-top:var(--divider-border-width) var(--divider-border-style) var(--divider-color)}.elementor-widget-divider--separator-type-pattern{--divider-border-style:none}.elementor-widget-divider--separator-type-pattern.elementor-widget-divider--view-line .elementor-divider-separator,.elementor-widget-divider--separator-type-pattern:not(.elementor-widget-divider--view-line) .elementor-divider-separator:after,.elementor-widget-divider--separator-type-pattern:not(.elementor-widget-divider--view-line) .elementor-divider-separator:before,.elementor-widget-divider--separator-type-pattern:not([class*=elementor-widget-divider--view]) .elementor-divider-separator{width:100%;min-height:var(--divider-pattern-height);-webkit-mask-size:var(--divider-pattern-size) 100%;mask-size:var(--divider-pattern-size) 100%;-webkit-mask-repeat:var(--divider-pattern-repeat);mask-repeat:var(--divider-pattern-repeat);background-color:var(--divider-color);-webkit-mask-image:var(--divider-pattern-url);mask-image:var(--divider-pattern-url)}.elementor-widget-divider--no-spacing{--divider-pattern-size:auto}.elementor-widget-divider--bg-round{--divider-pattern-repeat:round}.rtl .elementor-widget-divider .elementor-divider__text{direction:rtl}.e-con-inner>.elementor-widget-divider,.e-con>.elementor-widget-divider{width:var(--container-widget-width,100%);--flex-grow:var(--container-widget-flex-grow)}<\/style>\t\t<div class=\"elementor-divider\">\n\t\t\t<span class=\"elementor-divider-separator\">\n\t\t\t\t\t\t<\/span>\n\t\t<\/div>\n\t\t\t\t<\/div>\n\t\t\t\t<\/div>\n\t\t\t\t\t<\/div>\n\t\t<\/div>\n\t\t\t\t\t\t\t<\/div>\n\t\t<\/section>\n\t\t\t\t<section data-particle_enable=\"false\" data-particle-mobile-disabled=\"false\" class=\"elementor-section elementor-top-section elementor-element elementor-element-5f5f5c7 elementor-section-boxed elementor-section-height-default elementor-section-height-default\" data-id=\"5f5f5c7\" data-element_type=\"section\">\n\t\t\t\t\t\t<div class=\"elementor-container elementor-column-gap-default\">\n\t\t\t\t\t<div class=\"elementor-column elementor-col-100 elementor-top-column elementor-element elementor-element-7d158f2\" data-id=\"7d158f2\" data-element_type=\"column\">\n\t\t\t<div class=\"elementor-widget-wrap elementor-element-populated\">\n\t\t\t\t\t\t\t\t<div class=\"elementor-element elementor-element-24dbcf7 elementor-widget elementor-widget-text-editor\" data-id=\"24dbcf7\" data-element_type=\"widget\" data-widget_type=\"text-editor.default\">\n\t\t\t\t<div class=\"elementor-widget-container\">\n\t\t\t\t\t\t\t<p>El XII FIRMA 2023 online pretende analizar el estado de los recursos acu\u00e1ticos vivos, su grado de explotaci\u00f3n, sostenibilidad, conocimiento y perspectivas de su utilizaci\u00f3n en Iberoam\u00e9rica, interactuando en un escenario en funci\u00f3n de proponer pol\u00edticas de conservaci\u00f3n y sostenibilidad de los recursos, desarrollo de la acuicultura, gesti\u00f3n pesquera y seguridad alimentaria.<\/p><p>Este objetivo debe ser inclusivo, donde todos los sectores puedan participar; por ello, el FIRMA ha creado un acceso para recibir donativos que ser\u00e1n utilizados, principalmente, para becas de estudiantes e investigadores de instituciones de pa\u00edses con problemas econ\u00f3micos extremos o cualquier demanda de progreso en la sostenibilidad de los recursos marinos para el desarrollo particularmente de pa\u00edses subdesarrollados de Iberoam\u00e9rica. \u00a1Ay\u00fadanos a ayudar!<\/p>\t\t\t\t\t\t<\/div>\n\t\t\t\t<\/div>\n\t\t\t\t\t<\/div>\n\t\t<\/div>\n\t\t\t\t\t\t\t<\/div>\n\t\t<\/section>\n\t\t\t\t<section data-particle_enable=\"false\" data-particle-mobile-disabled=\"false\" class=\"elementor-section elementor-top-section elementor-element elementor-element-fabe34d elementor-section-boxed elementor-section-height-default elementor-section-height-default\" data-id=\"fabe34d\" data-element_type=\"section\">\n\t\t\t\t\t\t<div class=\"elementor-container elementor-column-gap-default\">\n\t\t\t\t\t<div class=\"elementor-column elementor-col-100 elementor-top-column elementor-element elementor-element-6f58584\" data-id=\"6f58584\" data-element_type=\"column\">\n\t\t\t<div class=\"elementor-widget-wrap elementor-element-populated\">\n\t\t\t\t\t\t\t\t<div class=\"elementor-element elementor-element-d92b0a9 elementor-widget elementor-widget-heading\" data-id=\"d92b0a9\" data-element_type=\"widget\" data-widget_type=\"heading.default\">\n\t\t\t\t<div class=\"elementor-widget-container\">\n\t\t\t<h2 class=\"elementor-heading-title elementor-size-default\">\u00a1\u00daNETE A LOS PATROCINADORES Y CONTRIBUYENTES PARA LA INCLUSI\u00d3N DE TODOS EN EL XII FIRMA 2023!<\/h2>\t\t<\/div>\n\t\t\t\t<\/div>\n\t\t\t\t\t<\/div>\n\t\t<\/div>\n\t\t\t\t\t\t\t<\/div>\n\t\t<\/section>\n\t\t\t\t<section data-particle_enable=\"false\" data-particle-mobile-disabled=\"false\" class=\"elementor-section elementor-top-section elementor-element elementor-element-cfac4c7 elementor-section-boxed elementor-section-height-default elementor-section-height-default\" data-id=\"cfac4c7\" data-element_type=\"section\">\n\t\t\t\t\t\t<div class=\"elementor-container elementor-column-gap-default\">\n\t\t\t\t\t<div class=\"elementor-column elementor-col-100 elementor-top-column elementor-element elementor-element-97ad244\" data-id=\"97ad244\" data-element_type=\"column\">\n\t\t\t<div class=\"elementor-widget-wrap elementor-element-populated\">\n\t\t\t\t\t\t\t\t<div class=\"elementor-element elementor-element-5c8f53c elementor-widget elementor-widget-text-editor\" data-id=\"5c8f53c\" data-element_type=\"widget\" data-widget_type=\"text-editor.default\">\n\t\t\t\t<div class=\"elementor-widget-container\">\n\t\t\t\t\t\t\t<form action=\"https:\/\/www.paypal.com\/donate\" method=\"post\" target=\"_top\"><input name=\"hosted_button_id\" type=\"hidden\" value=\"2TQPCDJU3Y7NL\" \/><br \/><input title=\"PayPal - La manera m\u00e1s segura y r\u00e1pida para pagar online\" alt=\"Bot\u00f3n Donar con PayPal\" name=\"submit\" src=\"https:\/\/www.paypalobjects.com\/es_ES\/ES\/i\/btn\/btn_donateCC_LG.gif\" type=\"image\" \/><br \/><img loading=\"lazy\" decoding=\"async\" src=\"https:\/\/www.paypal.com\/es_ES\/i\/scr\/pixel.gif\" alt=\"\" width=\"1\" height=\"1\" border=\"0\" \/><\/form>\t\t\t\t\t\t<\/div>\n\t\t\t\t<\/div>\n\t\t\t\t\t<\/div>\n\t\t<\/div>\n\t\t\t\t\t\t\t<\/div>\n\t\t<\/section>\n\t\t\t\t\t\t\t<\/div>\n\t\t","protected":false},"excerpt":{"rendered":"<p>Empresas e instituciones programas de patrocinio El FIRMA: Foro Iberoamericano de Recursos Marinos y la Acuicultura, es un escenario que analiza el estado de los recursos acu\u00e1ticos vivos, su grado de explotaci\u00f3n, cultivo, sostenibilidad, estado del conocimiento y perspectivas futuras para Iberoam\u00e9rica, generando discusi\u00f3n sobre pol\u00edticas de conservaci\u00f3n de los recursos, investigaci\u00f3n y desarrollo de [&hellip;]<\/p>\n","protected":false},"author":1,"featured_media":0,"parent":0,"menu_order":0,"comment_status":"closed","ping_status":"closed","template":"elementor_header_footer","meta":{"footnotes":""},"class_list":["post-72","page","type-page","status-publish","hentry"],"acf":[],"_links":{"self":[{"href":"https:\/\/firmaonline.org\/xiifirma\/wp-json\/wp\/v2\/pages\/72","targetHints":{"allow":["GET"]}}],"collection":[{"href":"https:\/\/firmaonline.org\/xiifirma\/wp-json\/wp\/v2\/pages"}],"about":[{"href":"https:\/\/firmaonline.org\/xiifirma\/wp-json\/wp\/v2\/types\/page"}],"author":[{"embeddable":true,"href":"https:\/\/firmaonline.org\/xiifirma\/wp-json\/wp\/v2\/users\/1"}],"replies":[{"embeddable":true,"href":"https:\/\/firmaonline.org\/xiifirma\/wp-json\/wp\/v2\/comments?post=72"}],"version-history":[{"count":28,"href":"https:\/\/firmaonline.org\/xiifirma\/wp-json\/wp\/v2\/pages\/72\/revisions"}],"predecessor-version":[{"id":3548,"href":"https:\/\/firmaonline.org\/xiifirma\/wp-json\/wp\/v2\/pages\/72\/revisions\/3548"}],"wp:attachment":[{"href":"https:\/\/firmaonline.org\/xiifirma\/wp-json\/wp\/v2\/media?parent=72"}],"curies":[{"name":"wp","href":"https:\/\/api.w.org\/{rel}","templated":true}]}}