{"id":84,"date":"2023-02-20T20:38:23","date_gmt":"2023-02-20T20:38:23","guid":{"rendered":"https:\/\/firmaonline.org\/xiifirma\/?page_id=84"},"modified":"2023-07-11T11:54:59","modified_gmt":"2023-07-11T11:54:59","slug":"guia-de-autores","status":"publish","type":"page","link":"https:\/\/firmaonline.org\/xiifirma\/guia-de-autores\/","title":{"rendered":"Gu\u00eda de autores"},"content":{"rendered":"\t\t<div data-elementor-type=\"wp-page\" data-elementor-id=\"84\" class=\"elementor elementor-84\" data-elementor-post-type=\"page\">\n\t\t\t\t\t\t\t\t\t<section data-particle_enable=\"false\" data-particle-mobile-disabled=\"false\" class=\"elementor-section elementor-top-section elementor-element elementor-element-7105df9 elementor-section-boxed elementor-section-height-default elementor-section-height-default\" data-id=\"7105df9\" data-element_type=\"section\" data-settings=\"{&quot;background_background&quot;:&quot;classic&quot;}\">\n\t\t\t\t\t\t<div class=\"elementor-container elementor-column-gap-default\">\n\t\t\t\t\t<div class=\"elementor-column elementor-col-100 elementor-top-column elementor-element elementor-element-e086bb5\" data-id=\"e086bb5\" data-element_type=\"column\">\n\t\t\t<div class=\"elementor-widget-wrap elementor-element-populated\">\n\t\t\t\t\t\t\t\t<div class=\"elementor-element elementor-element-691941f elementor-widget elementor-widget-heading\" data-id=\"691941f\" data-element_type=\"widget\" data-widget_type=\"heading.default\">\n\t\t\t\t<div class=\"elementor-widget-container\">\n\t\t\t<style>\/*! elementor - v3.15.0 - 20-08-2023 *\/\n.elementor-heading-title{padding:0;margin:0;line-height:1}.elementor-widget-heading .elementor-heading-title[class*=elementor-size-]>a{color:inherit;font-size:inherit;line-height:inherit}.elementor-widget-heading .elementor-heading-title.elementor-size-small{font-size:15px}.elementor-widget-heading .elementor-heading-title.elementor-size-medium{font-size:19px}.elementor-widget-heading .elementor-heading-title.elementor-size-large{font-size:29px}.elementor-widget-heading .elementor-heading-title.elementor-size-xl{font-size:39px}.elementor-widget-heading .elementor-heading-title.elementor-size-xxl{font-size:59px}<\/style><h2 class=\"elementor-heading-title elementor-size-default\">Gu\u00eda de autores<\/h2>\t\t<\/div>\n\t\t\t\t<\/div>\n\t\t\t\t<div class=\"elementor-element elementor-element-9d3d022 elementor-widget elementor-widget-heading\" data-id=\"9d3d022\" data-element_type=\"widget\" data-widget_type=\"heading.default\">\n\t\t\t\t<div class=\"elementor-widget-container\">\n\t\t\t<h2 class=\"elementor-heading-title elementor-size-default\">libro de Memorias \u201cproceedings\u201d<\/h2>\t\t<\/div>\n\t\t\t\t<\/div>\n\t\t\t\t\t<\/div>\n\t\t<\/div>\n\t\t\t\t\t\t\t<\/div>\n\t\t<\/section>\n\t\t\t\t<section data-particle_enable=\"false\" data-particle-mobile-disabled=\"false\" class=\"elementor-section elementor-top-section elementor-element elementor-element-435ae0d elementor-section-boxed elementor-section-height-default elementor-section-height-default\" data-id=\"435ae0d\" data-element_type=\"section\">\n\t\t\t\t\t\t<div class=\"elementor-container elementor-column-gap-default\">\n\t\t\t\t\t<div class=\"elementor-column elementor-col-100 elementor-top-column elementor-element elementor-element-a71f537\" data-id=\"a71f537\" data-element_type=\"column\">\n\t\t\t<div class=\"elementor-widget-wrap elementor-element-populated\">\n\t\t\t\t\t\t\t\t<div class=\"elementor-element elementor-element-ddfa4c2 elementor-widget elementor-widget-text-editor\" data-id=\"ddfa4c2\" data-element_type=\"widget\" data-widget_type=\"text-editor.default\">\n\t\t\t\t<div class=\"elementor-widget-container\">\n\t\t\t<style>\/*! elementor - v3.15.0 - 20-08-2023 *\/\n.elementor-widget-text-editor.elementor-drop-cap-view-stacked .elementor-drop-cap{background-color:#69727d;color:#fff}.elementor-widget-text-editor.elementor-drop-cap-view-framed .elementor-drop-cap{color:#69727d;border:3px solid;background-color:transparent}.elementor-widget-text-editor:not(.elementor-drop-cap-view-default) .elementor-drop-cap{margin-top:8px}.elementor-widget-text-editor:not(.elementor-drop-cap-view-default) .elementor-drop-cap-letter{width:1em;height:1em}.elementor-widget-text-editor .elementor-drop-cap{float:left;text-align:center;line-height:1;font-size:50px}.elementor-widget-text-editor .elementor-drop-cap-letter{display:inline-block}<\/style>\t\t\t\t<p>Los interesados en que su trabajo sea publicado en el libro de Memorias \u201cproceedings\u201d del XII FIRMA 2023 online, deber\u00e1n enviar sus trabajos \u201cin extenso\u201d antes, durante o despu\u00e9s de haber concluido el evento, hasta el 15 de diciembre de 2023. Los archivos se podr\u00e1n enviar a trav\u00e9s de los enlaces respectivos que recibir\u00e1n en el correo que les enviaremos una vez hayan realizado la inscripci\u00f3n.\u00a0<\/p><p>Para el libro de Memorias \u201cproceedings\u201d del XII FIRMA 2023 online, el trabajo \u00abin extenso\u00bb se deber\u00e1 presentar con un m\u00ednimo de 4 y un m\u00e1ximo de 15 p\u00e1ginas. Para esto, hemos dise\u00f1ado una plantilla .doc que permitir\u00e1 enviar el trabajo en el formato adecuado <a href=\"https:\/\/firmaonline.org\/xiifirma\/wp-content\/uploads\/2023\/04\/Guia_Plantilla_presentacion_trabajos_XII_FIRMA.docx\" target=\"_blank\" rel=\"noopener\"><span style=\"color: #0000ff;\">(bajar aqu\u00ed)<\/span><\/a>. S\u00f3lo se tiene que copiar y pegar cada secci\u00f3n, manteniendo el mismo formato.<\/p><p>Le agradecemos que simplemente siga esta gu\u00eda para la confecci\u00f3n de su manuscrito para el libro del FIRMA. Para escribir su trabajo sustituya el texto de la gu\u00eda manteniendo el estilo, tama\u00f1o de letra, sangr\u00eda y resto de formatos, siguiendo los pasos y se\u00f1alamientos en cada una de las secciones del manuscrito.\u00a0 La redacci\u00f3n debe ser en tercera persona y en pasado haciendo referencia a la investigaci\u00f3n realizada.<\/p><p>Incluya las tablas y gr\u00e1ficas a continuaci\u00f3n del p\u00e1rrafo donde se citan. Se sugiere una calidad de gr\u00e1ficos e im\u00e1genes de 300 dpi. Cuando termine borre los comentarios que est\u00e1n en el lado derecho, as\u00ed como todo tipo de texto y figuras del ejemplo.<\/p><p>Esta gu\u00eda ha sido dise\u00f1ada para trabajos experimentales de investigaci\u00f3n, si Ud. est\u00e1 presentado una revisi\u00f3n, ensayos, protocolos y procedimientos, innovaciones o proyectos, simplemente adapte la gu\u00eda al tipo de manuscrito presentado.<\/p><p>Los trabajos \u201cin extenso\u201d para el libro de Memorias \u201cproceedings\u201d del XII FIRMA 2023 online ser\u00e1n revisados por un comit\u00e9 de expertos que te ayudar\u00e1n a generar un trabajo con la m\u00e1xima calidad para ser publicado en el libro.\u00a0<\/p><p>Si desea ver los libros publicados de los anteriores eventos del FIRMA, puede acceder a ellos<span style=\"color: #0000ff;\"><a style=\"color: #0000ff;\" href=\"https:\/\/firmaonline.org\/xiifirma\/libros-anteriores\/\">\u00a0aqu\u00ed<\/a><\/span>.<\/p>\t\t\t\t\t\t<\/div>\n\t\t\t\t<\/div>\n\t\t\t\t\t<\/div>\n\t\t<\/div>\n\t\t\t\t\t\t\t<\/div>\n\t\t<\/section>\n\t\t\t\t\t\t\t<\/div>\n\t\t","protected":false},"excerpt":{"rendered":"<p>Gu\u00eda de autores libro de Memorias \u201cproceedings\u201d Los interesados en que su trabajo sea publicado en el libro de Memorias \u201cproceedings\u201d del XII FIRMA 2023 online, deber\u00e1n enviar sus trabajos \u201cin extenso\u201d antes, durante o despu\u00e9s de haber concluido el evento, hasta el 15 de diciembre de 2023. Los archivos se podr\u00e1n enviar a trav\u00e9s [&hellip;]<\/p>\n","protected":false},"author":1,"featured_media":0,"parent":0,"menu_order":0,"comment_status":"closed","ping_status":"closed","template":"elementor_header_footer","meta":{"footnotes":""},"class_list":["post-84","page","type-page","status-publish","hentry"],"acf":[],"_links":{"self":[{"href":"https:\/\/firmaonline.org\/xiifirma\/wp-json\/wp\/v2\/pages\/84","targetHints":{"allow":["GET"]}}],"collection":[{"href":"https:\/\/firmaonline.org\/xiifirma\/wp-json\/wp\/v2\/pages"}],"about":[{"href":"https:\/\/firmaonline.org\/xiifirma\/wp-json\/wp\/v2\/types\/page"}],"author":[{"embeddable":true,"href":"https:\/\/firmaonline.org\/xiifirma\/wp-json\/wp\/v2\/users\/1"}],"replies":[{"embeddable":true,"href":"https:\/\/firmaonline.org\/xiifirma\/wp-json\/wp\/v2\/comments?post=84"}],"version-history":[{"count":31,"href":"https:\/\/firmaonline.org\/xiifirma\/wp-json\/wp\/v2\/pages\/84\/revisions"}],"predecessor-version":[{"id":1544,"href":"https:\/\/firmaonline.org\/xiifirma\/wp-json\/wp\/v2\/pages\/84\/revisions\/1544"}],"wp:attachment":[{"href":"https:\/\/firmaonline.org\/xiifirma\/wp-json\/wp\/v2\/media?parent=84"}],"curies":[{"name":"wp","href":"https:\/\/api.w.org\/{rel}","templated":true}]}}