{"id":86,"date":"2023-02-20T20:38:40","date_gmt":"2023-02-20T20:38:40","guid":{"rendered":"https:\/\/firmaonline.org\/xiifirma\/?page_id=86"},"modified":"2023-11-15T09:06:49","modified_gmt":"2023-11-15T09:06:49","slug":"posteres","status":"publish","type":"page","link":"https:\/\/firmaonline.org\/xiifirma\/posteres\/","title":{"rendered":"P\u00f3steres"},"content":{"rendered":"\t\t<div data-elementor-type=\"wp-page\" data-elementor-id=\"86\" class=\"elementor elementor-86\" data-elementor-post-type=\"page\">\n\t\t\t\t\t\t\t\t\t<section data-particle_enable=\"false\" data-particle-mobile-disabled=\"false\" class=\"elementor-section elementor-top-section elementor-element elementor-element-4cfcd23 elementor-section-boxed elementor-section-height-default elementor-section-height-default\" data-id=\"4cfcd23\" data-element_type=\"section\" data-settings=\"{&quot;background_background&quot;:&quot;classic&quot;}\">\n\t\t\t\t\t\t<div class=\"elementor-container elementor-column-gap-default\">\n\t\t\t\t\t<div class=\"elementor-column elementor-col-100 elementor-top-column elementor-element elementor-element-10156ed\" data-id=\"10156ed\" data-element_type=\"column\">\n\t\t\t<div class=\"elementor-widget-wrap elementor-element-populated\">\n\t\t\t\t\t\t\t\t<div class=\"elementor-element elementor-element-fbf9a34 elementor-widget elementor-widget-heading\" data-id=\"fbf9a34\" data-element_type=\"widget\" data-widget_type=\"heading.default\">\n\t\t\t\t<div class=\"elementor-widget-container\">\n\t\t\t<style>\/*! elementor - v3.15.0 - 20-08-2023 *\/\n.elementor-heading-title{padding:0;margin:0;line-height:1}.elementor-widget-heading .elementor-heading-title[class*=elementor-size-]>a{color:inherit;font-size:inherit;line-height:inherit}.elementor-widget-heading .elementor-heading-title.elementor-size-small{font-size:15px}.elementor-widget-heading .elementor-heading-title.elementor-size-medium{font-size:19px}.elementor-widget-heading .elementor-heading-title.elementor-size-large{font-size:29px}.elementor-widget-heading .elementor-heading-title.elementor-size-xl{font-size:39px}.elementor-widget-heading .elementor-heading-title.elementor-size-xxl{font-size:59px}<\/style><h2 class=\"elementor-heading-title elementor-size-default\">P\u00f3steres<\/h2>\t\t<\/div>\n\t\t\t\t<\/div>\n\t\t\t\t<div class=\"elementor-element elementor-element-b5698eb elementor-widget elementor-widget-heading\" data-id=\"b5698eb\" data-element_type=\"widget\" data-widget_type=\"heading.default\">\n\t\t\t\t<div class=\"elementor-widget-container\">\n\t\t\t<h2 class=\"elementor-heading-title elementor-size-default\">instrucciones y modelo de presentaci\u00f3n<\/h2>\t\t<\/div>\n\t\t\t\t<\/div>\n\t\t\t\t\t<\/div>\n\t\t<\/div>\n\t\t\t\t\t\t\t<\/div>\n\t\t<\/section>\n\t\t\t\t<section data-particle_enable=\"false\" data-particle-mobile-disabled=\"false\" class=\"elementor-section elementor-top-section elementor-element elementor-element-3bb5a9c elementor-section-boxed elementor-section-height-default elementor-section-height-default\" data-id=\"3bb5a9c\" data-element_type=\"section\">\n\t\t\t\t\t\t<div class=\"elementor-container elementor-column-gap-default\">\n\t\t\t\t\t<div class=\"elementor-column elementor-col-100 elementor-top-column elementor-element elementor-element-62dda6d\" data-id=\"62dda6d\" data-element_type=\"column\">\n\t\t\t<div class=\"elementor-widget-wrap elementor-element-populated\">\n\t\t\t\t\t\t\t\t<div class=\"elementor-element elementor-element-da515d0 elementor-widget elementor-widget-text-editor\" data-id=\"da515d0\" data-element_type=\"widget\" data-widget_type=\"text-editor.default\">\n\t\t\t\t<div class=\"elementor-widget-container\">\n\t\t\t<style>\/*! elementor - v3.15.0 - 20-08-2023 *\/\n.elementor-widget-text-editor.elementor-drop-cap-view-stacked .elementor-drop-cap{background-color:#69727d;color:#fff}.elementor-widget-text-editor.elementor-drop-cap-view-framed .elementor-drop-cap{color:#69727d;border:3px solid;background-color:transparent}.elementor-widget-text-editor:not(.elementor-drop-cap-view-default) .elementor-drop-cap{margin-top:8px}.elementor-widget-text-editor:not(.elementor-drop-cap-view-default) .elementor-drop-cap-letter{width:1em;height:1em}.elementor-widget-text-editor .elementor-drop-cap{float:left;text-align:center;line-height:1;font-size:50px}.elementor-widget-text-editor .elementor-drop-cap-letter{display:inline-block}<\/style>\t\t\t\t<p>La presentaci\u00f3n de los trabajos durante el XII FIRMA 2023 online podr\u00e1 ser realizada en p\u00f3ster electr\u00f3nico (e-p\u00f3ster) en formato pdf o en video corto en formato mp4.<\/p><p>La fecha l\u00edmite de recepci\u00f3n de trabajos en e-p\u00f3ster y\/o videos es el 18 de noviembre de 2023. Los archivos se podr\u00e1n enviar a trav\u00e9s de los enlaces respectivos que recibir\u00e1n en el correo que les enviaremos una vez hayan realizado la inscripci\u00f3n.\u00a0<\/p><p>Para el e-p\u00f3ster, se contar\u00e1 con la siguiente plantilla en formato PowerPoint <a href=\"https:\/\/firmaonline.org\/xiifirma\/wp-content\/uploads\/2023\/06\/Formato_e-poster_FIRMA2023-16106023.pptx\">(bajar aqu\u00ed)<\/a>, el cual luego deber\u00e1 ser guardado como pdf. El formato est\u00e1 optimizado para poder ser visto de manera adecuada, tanto en las computadoras como en los tel\u00e9fonos celulares; en vista de ello, agradecemos que mantenga el tama\u00f1o de la l\u00e1mina en 30&#215;120 cm (ancho x alto) y los tama\u00f1os de los textos para su f\u00e1cil lectura, independiente del equipo que se use para visualizarlo.<\/p><p>La estructura y contenido del e-p\u00f3ster son flexibles, sin embargo, nosotros sugerimos que la estructura incluya adem\u00e1s del t\u00edtulo, autores y afiliaciones:<br \/>1) una peque\u00f1a introducci\u00f3n,<br \/>2) una rese\u00f1a de los materiales y m\u00e9todos,<br \/>3) resultados, y<br \/>4) discusi\u00f3n con conclusiones (en algunos trabajos es conveniente la uni\u00f3n de resultados y discusi\u00f3n).<\/p><p>Los e-p\u00f3sters, en su contenido y presentaci\u00f3n organizacional pueden cambiar, de acorde al tipo de exposici\u00f3n, aunque se aconseja la organizaci\u00f3n anteriormente expuesta. Se exhorta a la utilizaci\u00f3n de im\u00e1genes, fotograf\u00edas y gr\u00e1ficos.<\/p><p>Se otorgar\u00e1 un reconocimiento especial a los tres mejores trabajos cient\u00edficos y tres menciones honor\u00edficas, sea poster o video, valor\u00e1ndose la composici\u00f3n, originalidad y pertinencia cient\u00edfica.<\/p><p>Primer Premio: Reconocimiento y $ 300.<br \/>Segundo Premio: Reconocimiento y $ 200.<br \/>Tercer Premio: Reconocimiento y $ 100.<br \/>Tres Menciones Honor\u00edficas:\u00a0Reconocimiento.<\/p>\t\t\t\t\t\t<\/div>\n\t\t\t\t<\/div>\n\t\t\t\t\t<\/div>\n\t\t<\/div>\n\t\t\t\t\t\t\t<\/div>\n\t\t<\/section>\n\t\t\t\t\t\t\t<\/div>\n\t\t","protected":false},"excerpt":{"rendered":"<p>P\u00f3steres instrucciones y modelo de presentaci\u00f3n La presentaci\u00f3n de los trabajos durante el XII FIRMA 2023 online podr\u00e1 ser realizada en p\u00f3ster electr\u00f3nico (e-p\u00f3ster) en formato pdf o en video corto en formato mp4. La fecha l\u00edmite de recepci\u00f3n de trabajos en e-p\u00f3ster y\/o videos es el 18 de noviembre de 2023. Los archivos se [&hellip;]<\/p>\n","protected":false},"author":1,"featured_media":0,"parent":0,"menu_order":0,"comment_status":"closed","ping_status":"closed","template":"elementor_header_footer","meta":{"footnotes":""},"class_list":["post-86","page","type-page","status-publish","hentry"],"acf":[],"_links":{"self":[{"href":"https:\/\/firmaonline.org\/xiifirma\/wp-json\/wp\/v2\/pages\/86","targetHints":{"allow":["GET"]}}],"collection":[{"href":"https:\/\/firmaonline.org\/xiifirma\/wp-json\/wp\/v2\/pages"}],"about":[{"href":"https:\/\/firmaonline.org\/xiifirma\/wp-json\/wp\/v2\/types\/page"}],"author":[{"embeddable":true,"href":"https:\/\/firmaonline.org\/xiifirma\/wp-json\/wp\/v2\/users\/1"}],"replies":[{"embeddable":true,"href":"https:\/\/firmaonline.org\/xiifirma\/wp-json\/wp\/v2\/comments?post=86"}],"version-history":[{"count":22,"href":"https:\/\/firmaonline.org\/xiifirma\/wp-json\/wp\/v2\/pages\/86\/revisions"}],"predecessor-version":[{"id":3908,"href":"https:\/\/firmaonline.org\/xiifirma\/wp-json\/wp\/v2\/pages\/86\/revisions\/3908"}],"wp:attachment":[{"href":"https:\/\/firmaonline.org\/xiifirma\/wp-json\/wp\/v2\/media?parent=86"}],"curies":[{"name":"wp","href":"https:\/\/api.w.org\/{rel}","templated":true}]}}