{"id":1388,"date":"2025-07-01T17:37:13","date_gmt":"2025-07-01T15:37:13","guid":{"rendered":"https:\/\/firmaonline.org\/xiii-firma\/?page_id=1388"},"modified":"2025-07-04T01:32:01","modified_gmt":"2025-07-03T23:32:01","slug":"modalidad","status":"publish","type":"page","link":"https:\/\/firmaonline.org\/xiii-firma\/modalidad\/","title":{"rendered":"Modalidad"},"content":{"rendered":"\t\t<div data-elementor-type=\"wp-page\" data-elementor-id=\"1388\" class=\"elementor elementor-1388\" data-elementor-post-type=\"page\">\n\t\t\t\t<div class=\"elementor-element elementor-element-86abbdd e-flex e-con-boxed e-con e-parent\" data-id=\"86abbdd\" data-element_type=\"container\" data-settings=\"{&quot;background_background&quot;:&quot;classic&quot;,&quot;shape_divider_bottom&quot;:&quot;mountains&quot;}\">\n\t\t\t\t\t<div class=\"e-con-inner\">\n\t\t\t\t<div class=\"elementor-shape elementor-shape-bottom\" aria-hidden=\"true\" data-negative=\"false\">\n\t\t\t<svg xmlns=\"http:\/\/www.w3.org\/2000\/svg\" viewBox=\"0 0 1000 100\" preserveAspectRatio=\"none\">\n\t<path class=\"elementor-shape-fill\" opacity=\"0.33\" d=\"M473,67.3c-203.9,88.3-263.1-34-320.3,0C66,119.1,0,59.7,0,59.7V0h1000v59.7 c0,0-62.1,26.1-94.9,29.3c-32.8,3.3-62.8-12.3-75.8-22.1C806,49.6,745.3,8.7,694.9,4.7S492.4,59,473,67.3z\"\/>\n\t<path class=\"elementor-shape-fill\" opacity=\"0.66\" d=\"M734,67.3c-45.5,0-77.2-23.2-129.1-39.1c-28.6-8.7-150.3-10.1-254,39.1 s-91.7-34.4-149.2,0C115.7,118.3,0,39.8,0,39.8V0h1000v36.5c0,0-28.2-18.5-92.1-18.5C810.2,18.1,775.7,67.3,734,67.3z\"\/>\n\t<path class=\"elementor-shape-fill\" d=\"M766.1,28.9c-200-57.5-266,65.5-395.1,19.5C242,1.8,242,5.4,184.8,20.6C128,35.8,132.3,44.9,89.9,52.5C28.6,63.7,0,0,0,0 h1000c0,0-9.9,40.9-83.6,48.1S829.6,47,766.1,28.9z\"\/>\n<\/svg>\t\t<\/div>\n\t\t\t\t<div class=\"elementor-element elementor-element-3ff8f75 elementor-widget elementor-widget-heading\" data-id=\"3ff8f75\" data-element_type=\"widget\" data-widget_type=\"heading.default\">\n\t\t\t\t<div class=\"elementor-widget-container\">\n\t\t\t\t\t<h2 class=\"elementor-heading-title elementor-size-default\">Modalidad del XIII <span class=\"notranslate\" translate=\"no\"> Firma <\/span><\/h2>\t\t\t\t<\/div>\n\t\t\t\t<\/div>\n\t\t\t\t<div class=\"elementor-element elementor-element-8857026 elementor-widget elementor-widget-heading\" data-id=\"8857026\" data-element_type=\"widget\" data-widget_type=\"heading.default\">\n\t\t\t\t<div class=\"elementor-widget-container\">\n\t\t\t\t\t<h2 class=\"elementor-heading-title elementor-size-default\">XIII edici\u00f3n, primer <span class=\"notranslate\" translate=\"no\"> Firma <\/span> h\u00edbrido<\/h2>\t\t\t\t<\/div>\n\t\t\t\t<\/div>\n\t\t\t\t\t<\/div>\n\t\t\t\t<\/div>\n\t\t<div class=\"elementor-element elementor-element-0d27610 e-flex e-con-boxed e-con e-parent\" data-id=\"0d27610\" data-element_type=\"container\">\n\t\t\t\t\t<div class=\"e-con-inner\">\n\t\t\t\t<div class=\"elementor-element elementor-element-3fc207d elementor-widget elementor-widget-heading\" data-id=\"3fc207d\" data-element_type=\"widget\" data-widget_type=\"heading.default\">\n\t\t\t\t<div class=\"elementor-widget-container\">\n\t\t\t\t\t<h2 class=\"elementor-heading-title elementor-size-default\">\u00a1Atenci\u00f3n, participantes del XIII <span class=\"notranslate\" translate=\"no\"> FIRMA <\/span>, el evento es h\u00edbrido!<\/h2>\t\t\t\t<\/div>\n\t\t\t\t<\/div>\n\t\t\t\t\t<\/div>\n\t\t\t\t<\/div>\n\t\t<div class=\"elementor-element elementor-element-afe0b62 e-flex e-con-boxed e-con e-parent\" data-id=\"afe0b62\" data-element_type=\"container\">\n\t\t\t\t\t<div class=\"e-con-inner\">\n\t\t<div class=\"elementor-element elementor-element-2758c54 e-con-full e-flex e-con e-child\" data-id=\"2758c54\" data-element_type=\"container\">\n\t\t\t\t<div class=\"elementor-element elementor-element-6dcab8e elementor-widget elementor-widget-text-editor\" data-id=\"6dcab8e\" data-element_type=\"widget\" data-widget_type=\"text-editor.default\">\n\t\t\t\t<div class=\"elementor-widget-container\">\n\t\t\t\t\t\t\t\t\t<p><span style=\"font-weight: 400;\">El XIII Foro Iberoamericano de los Recursos Marinos y la Acuicultura (<span class=\"notranslate\" translate=\"no\"> <span class=\"notranslate\" translate=\"no\"> FIRMA <\/span> <\/span>), a celebrarse en Brasil, marcar\u00e1 un hito en la historia de este encuentro regional: por primera vez, el evento se desarrollar\u00e1 en <\/span><b>modalidad h\u00edbrida<\/b><span style=\"font-weight: 400;\">, combinando la participaci\u00f3n <\/span><b>presencial<\/b><span style=\"font-weight: 400;\"> y <\/span><b>virtual<\/b><span style=\"font-weight: 400;\">.<\/span><\/p><p><span style=\"font-weight: 400;\">Esta innovadora modalidad responde al compromiso de <span class=\"notranslate\" translate=\"no\"> <span class=\"notranslate\" translate=\"no\"> FIRMA <\/span> <\/span> con la accesibilidad, la inclusi\u00f3n y la cooperaci\u00f3n regional, permitiendo que profesionales, investigadores, estudiantes y actores del sector marino-acu\u00edcola puedan conectarse desde cualquier lugar de Iberoam\u00e9rica y el mundo.<\/span><\/p>\t\t\t\t\t\t\t\t<\/div>\n\t\t\t\t<\/div>\n\t\t\t\t<\/div>\n\t\t<div class=\"elementor-element elementor-element-220b535 e-con-full e-flex e-con e-child\" data-id=\"220b535\" data-element_type=\"container\">\n\t\t\t\t<div class=\"elementor-element elementor-element-aca767f elementor-widget elementor-widget-image\" data-id=\"aca767f\" data-element_type=\"widget\" data-widget_type=\"image.default\">\n\t\t\t\t<div class=\"elementor-widget-container\">\n\t\t\t\t\t\t\t\t\t\t\t\t\t\t\t<img fetchpriority=\"high\" decoding=\"async\" width=\"800\" height=\"443\" src=\"https:\/\/firmaonline.org\/xiii-firma\/wp-content\/uploads\/2025\/07\/Santa-Catarina-5-e1751566580969.jpg\" class=\"attachment-large size-large wp-image-1978\" alt=\"Santa Catarina\" srcset=\"https:\/\/firmaonline.org\/xiii-firma\/wp-content\/uploads\/2025\/07\/Santa-Catarina-5-e1751566580969.jpg 994w, https:\/\/firmaonline.org\/xiii-firma\/wp-content\/uploads\/2025\/07\/Santa-Catarina-5-e1751566580969-300x166.jpg 300w, https:\/\/firmaonline.org\/xiii-firma\/wp-content\/uploads\/2025\/07\/Santa-Catarina-5-e1751566580969-768x425.jpg 768w\" sizes=\"(max-width: 800px) 100vw, 800px\" \/>\t\t\t\t\t\t\t\t\t\t\t\t\t\t\t<\/div>\n\t\t\t\t<\/div>\n\t\t\t\t<\/div>\n\t\t\t\t\t<\/div>\n\t\t\t\t<\/div>\n\t\t<div class=\"elementor-element elementor-element-c778976 e-flex e-con-boxed e-con e-parent\" data-id=\"c778976\" data-element_type=\"container\">\n\t\t\t\t\t<div class=\"e-con-inner\">\n\t\t<div class=\"elementor-element elementor-element-7c19162 e-con-full e-flex e-con e-child\" data-id=\"7c19162\" data-element_type=\"container\">\n\t\t\t\t<div class=\"elementor-element elementor-element-b88efa8 elementor-widget elementor-widget-image\" data-id=\"b88efa8\" data-element_type=\"widget\" data-widget_type=\"image.default\">\n\t\t\t\t<div class=\"elementor-widget-container\">\n\t\t\t\t\t\t\t\t\t\t\t\t\t\t\t<img decoding=\"async\" width=\"800\" height=\"529\" src=\"https:\/\/firmaonline.org\/xiii-firma\/wp-content\/uploads\/2025\/07\/Santa-Catarina-7-e1751566637163.jpg\" class=\"attachment-large size-large wp-image-1980\" alt=\"Santa Catarina\" srcset=\"https:\/\/firmaonline.org\/xiii-firma\/wp-content\/uploads\/2025\/07\/Santa-Catarina-7-e1751566637163.jpg 843w, https:\/\/firmaonline.org\/xiii-firma\/wp-content\/uploads\/2025\/07\/Santa-Catarina-7-e1751566637163-300x198.jpg 300w, https:\/\/firmaonline.org\/xiii-firma\/wp-content\/uploads\/2025\/07\/Santa-Catarina-7-e1751566637163-768x507.jpg 768w\" sizes=\"(max-width: 800px) 100vw, 800px\" \/>\t\t\t\t\t\t\t\t\t\t\t\t\t\t\t<\/div>\n\t\t\t\t<\/div>\n\t\t\t\t<\/div>\n\t\t<div class=\"elementor-element elementor-element-3903186 e-con-full e-flex e-con e-child\" data-id=\"3903186\" data-element_type=\"container\">\n\t\t\t\t<div class=\"elementor-element elementor-element-5ba5b1a elementor-widget elementor-widget-text-editor\" data-id=\"5ba5b1a\" data-element_type=\"widget\" data-widget_type=\"text-editor.default\">\n\t\t\t\t<div class=\"elementor-widget-container\">\n\t\t\t\t\t\t\t\t\t<p>La mayor parte de las presentaciones se llevar\u00e1n a cabo de forma presencial en la hermosa ciudad de Florian\u00f3polis, Santa Catarina, Brasil. Sin embargo, tambi\u00e9n contaremos con algunas ponencias virtuales. Se podr\u00e1n ver y participar desde la sala de conferencias del evento o seguir cada sesi\u00f3n en vivo a trav\u00e9s de Zoom, YouTube e Instagram. Adem\u00e1s, todas las sesiones quedar\u00e1n grabadas para que puedan consultarlas en cualquier momento, tal como hemos hecho en el <span class=\"notranslate\" translate=\"no\"> <span class=\"notranslate\" translate=\"no\"> FIRMA <\/span> <\/span> a partir de su d\u00e9cima edici\u00f3n.<\/p><p>Es importante destacar que todas las participaciones con trabajos (e-p\u00f3steres y videos) para el XIII <span class=\"notranslate\" translate=\"no\"> <span class=\"notranslate\" translate=\"no\"> FIRMA <\/span> <\/span> se realizar\u00e1n exclusivamente en l\u00ednea.<\/p><p>\u00a1Hay opciones para todos!<\/p>\t\t\t\t\t\t\t\t<\/div>\n\t\t\t\t<\/div>\n\t\t\t\t<\/div>\n\t\t\t\t\t<\/div>\n\t\t\t\t<\/div>\n\t\t<div class=\"elementor-element elementor-element-1846112 e-flex e-con-boxed e-con e-parent\" data-id=\"1846112\" data-element_type=\"container\">\n\t\t\t\t\t<div class=\"e-con-inner\">\n\t\t<div class=\"elementor-element elementor-element-f7fda58 e-con-full e-flex e-con e-child\" data-id=\"f7fda58\" data-element_type=\"container\">\n\t\t\t\t<div class=\"elementor-element elementor-element-f6bcaa3 elementor-widget elementor-widget-text-editor\" data-id=\"f6bcaa3\" data-element_type=\"widget\" data-widget_type=\"text-editor.default\">\n\t\t\t\t<div class=\"elementor-widget-container\">\n\t\t\t\t\t\t\t\t\t<p>\u2022 La visualizaci\u00f3n en l\u00ednea de las conferencias y la participaci\u00f3n en el concurso fotogr\u00e1fico IVPhoto<span class=\"notranslate\" translate=\"no\"> <span class=\"notranslate\" translate=\"no\"> FIRMA <\/span> <\/span> ser\u00e1n totalmente gratuitas.<br \/>\u2022 Para la participaci\u00f3n presencial, que incluye asistencia al evento, refrigerios, la oportunidad de presentar trabajos cient\u00edficos (v\u00eda online) y recibir certificados, se requerir\u00e1 una inversi\u00f3n.<br \/>\u2022 Si desean participar con trabajos cient\u00edficos de forma online (no presencial), tambi\u00e9n habr\u00e1 una inversi\u00f3n asociada.<\/p><p>Consulten las secciones de Inscripci\u00f3n para conocer todas las opciones y elegir la que mejor se adapte a su forma\u00a0de\u00a0participar.<\/p>\t\t\t\t\t\t\t\t<\/div>\n\t\t\t\t<\/div>\n\t\t\t\t<\/div>\n\t\t<div class=\"elementor-element elementor-element-8b797f1 e-con-full e-flex e-con e-child\" data-id=\"8b797f1\" data-element_type=\"container\">\n\t\t\t\t<div class=\"elementor-element elementor-element-1594a4d elementor-widget elementor-widget-image\" data-id=\"1594a4d\" data-element_type=\"widget\" data-widget_type=\"image.default\">\n\t\t\t\t<div class=\"elementor-widget-container\">\n\t\t\t\t\t\t\t\t\t\t\t\t\t\t\t<img decoding=\"async\" width=\"800\" height=\"447\" src=\"https:\/\/firmaonline.org\/xiii-firma\/wp-content\/uploads\/2025\/07\/Santa-Catarina-2-e1751566495274.jpg\" class=\"attachment-large size-large wp-image-1975\" alt=\"Santa Catarina\" srcset=\"https:\/\/firmaonline.org\/xiii-firma\/wp-content\/uploads\/2025\/07\/Santa-Catarina-2-e1751566495274.jpg 994w, https:\/\/firmaonline.org\/xiii-firma\/wp-content\/uploads\/2025\/07\/Santa-Catarina-2-e1751566495274-300x168.jpg 300w, https:\/\/firmaonline.org\/xiii-firma\/wp-content\/uploads\/2025\/07\/Santa-Catarina-2-e1751566495274-768x430.jpg 768w\" sizes=\"(max-width: 800px) 100vw, 800px\" \/>\t\t\t\t\t\t\t\t\t\t\t\t\t\t\t<\/div>\n\t\t\t\t<\/div>\n\t\t\t\t<\/div>\n\t\t\t\t\t<\/div>\n\t\t\t\t<\/div>\n\t\t<div class=\"elementor-element elementor-element-988adf6 e-flex e-con-boxed e-con e-parent\" data-id=\"988adf6\" data-element_type=\"container\">\n\t\t\t\t\t<div class=\"e-con-inner\">\n\t\t\t\t<div class=\"elementor-element elementor-element-e941b5f elementor-widget elementor-widget-text-editor\" data-id=\"e941b5f\" data-element_type=\"widget\" data-widget_type=\"text-editor.default\">\n\t\t\t\t<div class=\"elementor-widget-container\">\n\t\t\t\t\t\t\t\t\t<p><span style=\"font-weight: 400;\">Los asistentes presenciales podr\u00e1n disfrutar de conferencias magistrales, mesas redondas, presentaciones de investigaciones, ferias tecnol\u00f3gicas y espacios de networking en un entorno vibrante y colaborativo en Brasil. Paralelamente, quienes participen de forma online contar\u00e1n con acceso en tiempo real a las sesiones principales, salas virtuales de discusi\u00f3n, exposiciones digitales y materiales descargables, todo a trav\u00e9s de una plataforma interactiva y de f\u00e1cil navegaci\u00f3n.<\/span><\/p><p><span style=\"font-weight: 400;\">Este XIII <span class=\"notranslate\" translate=\"no\"> <span class=\"notranslate\" translate=\"no\"> FIRMA <\/span> <\/span> es una invitaci\u00f3n a vivir una experiencia \u00fanica, que conecta continentes, disciplinas y visiones en favor de la sostenibilidad marina y la acuicultura responsable.\u00a0<\/span><\/p>\t\t\t\t\t\t\t\t<\/div>\n\t\t\t\t<\/div>\n\t\t\t\t\t<\/div>\n\t\t\t\t<\/div>\n\t\t<div class=\"elementor-element elementor-element-0885e2e e-flex e-con-boxed e-con e-parent\" data-id=\"0885e2e\" data-element_type=\"container\">\n\t\t\t\t\t<div class=\"e-con-inner\">\n\t\t\t\t<div class=\"elementor-element elementor-element-c30f649 elementor-widget elementor-widget-heading\" data-id=\"c30f649\" data-element_type=\"widget\" data-widget_type=\"heading.default\">\n\t\t\t\t<div class=\"elementor-widget-container\">\n\t\t\t\t\t<h2 class=\"elementor-heading-title elementor-size-default\">\u00a1Tu participaci\u00f3n es clave para seguir construyendo el futuro azul de Iberoam\u00e9rica!<\/h2>\t\t\t\t<\/div>\n\t\t\t\t<\/div>\n\t\t\t\t\t<\/div>\n\t\t\t\t<\/div>\n\t\t\t\t<\/div>\n\t\t","protected":false},"excerpt":{"rendered":"<p>Modalidad del XIII Firma XIII edici\u00f3n, primer Firma h\u00edbrido \u00a1Atenci\u00f3n, participantes del XIII FIRMA , el evento es h\u00edbrido! El XIII Foro Iberoamericano de los Recursos Marinos y la Acuicultura ( FIRMA ), a celebrarse en Brasil, marcar\u00e1 un hito en la historia de este encuentro regional: por primera vez, el evento se desarrollar\u00e1 en [&hellip;]<\/p>\n","protected":false},"author":1,"featured_media":0,"parent":0,"menu_order":0,"comment_status":"closed","ping_status":"closed","template":"elementor_header_footer","meta":{"_acf_changed":false,"footnotes":""},"class_list":["post-1388","page","type-page","status-publish","hentry"],"acf":[],"_links":{"self":[{"href":"https:\/\/firmaonline.org\/xiii-firma\/wp-json\/wp\/v2\/pages\/1388","targetHints":{"allow":["GET"]}}],"collection":[{"href":"https:\/\/firmaonline.org\/xiii-firma\/wp-json\/wp\/v2\/pages"}],"about":[{"href":"https:\/\/firmaonline.org\/xiii-firma\/wp-json\/wp\/v2\/types\/page"}],"author":[{"embeddable":true,"href":"https:\/\/firmaonline.org\/xiii-firma\/wp-json\/wp\/v2\/users\/1"}],"replies":[{"embeddable":true,"href":"https:\/\/firmaonline.org\/xiii-firma\/wp-json\/wp\/v2\/comments?post=1388"}],"version-history":[{"count":52,"href":"https:\/\/firmaonline.org\/xiii-firma\/wp-json\/wp\/v2\/pages\/1388\/revisions"}],"predecessor-version":[{"id":2031,"href":"https:\/\/firmaonline.org\/xiii-firma\/wp-json\/wp\/v2\/pages\/1388\/revisions\/2031"}],"wp:attachment":[{"href":"https:\/\/firmaonline.org\/xiii-firma\/wp-json\/wp\/v2\/media?parent=1388"}],"curies":[{"name":"wp","href":"https:\/\/api.w.org\/{rel}","templated":true}]}}