{"id":159,"date":"2025-06-22T23:31:05","date_gmt":"2025-06-22T21:31:05","guid":{"rendered":"https:\/\/firmaonline.org\/xiii-firma\/?page_id=159"},"modified":"2025-06-24T01:34:46","modified_gmt":"2025-06-23T23:34:46","slug":"condiciones-de-servicio","status":"publish","type":"page","link":"https:\/\/firmaonline.org\/xiii-firma\/condiciones-de-servicio\/","title":{"rendered":"Condiciones de servicio"},"content":{"rendered":"\t\t<div data-elementor-type=\"wp-page\" data-elementor-id=\"159\" class=\"elementor elementor-159\" data-elementor-post-type=\"page\">\n\t\t\t\t<div class=\"elementor-element elementor-element-9888b6e e-flex e-con-boxed e-con e-parent\" data-id=\"9888b6e\" data-element_type=\"container\" data-settings=\"{&quot;background_background&quot;:&quot;classic&quot;,&quot;shape_divider_bottom&quot;:&quot;mountains&quot;}\">\n\t\t\t\t\t<div class=\"e-con-inner\">\n\t\t\t\t<div class=\"elementor-shape elementor-shape-bottom\" aria-hidden=\"true\" data-negative=\"false\">\n\t\t\t<svg xmlns=\"http:\/\/www.w3.org\/2000\/svg\" viewBox=\"0 0 1000 100\" preserveAspectRatio=\"none\">\n\t<path class=\"elementor-shape-fill\" opacity=\"0.33\" d=\"M473,67.3c-203.9,88.3-263.1-34-320.3,0C66,119.1,0,59.7,0,59.7V0h1000v59.7 c0,0-62.1,26.1-94.9,29.3c-32.8,3.3-62.8-12.3-75.8-22.1C806,49.6,745.3,8.7,694.9,4.7S492.4,59,473,67.3z\"\/>\n\t<path class=\"elementor-shape-fill\" opacity=\"0.66\" d=\"M734,67.3c-45.5,0-77.2-23.2-129.1-39.1c-28.6-8.7-150.3-10.1-254,39.1 s-91.7-34.4-149.2,0C115.7,118.3,0,39.8,0,39.8V0h1000v36.5c0,0-28.2-18.5-92.1-18.5C810.2,18.1,775.7,67.3,734,67.3z\"\/>\n\t<path class=\"elementor-shape-fill\" d=\"M766.1,28.9c-200-57.5-266,65.5-395.1,19.5C242,1.8,242,5.4,184.8,20.6C128,35.8,132.3,44.9,89.9,52.5C28.6,63.7,0,0,0,0 h1000c0,0-9.9,40.9-83.6,48.1S829.6,47,766.1,28.9z\"\/>\n<\/svg>\t\t<\/div>\n\t\t\t\t<div class=\"elementor-element elementor-element-af9c72d elementor-widget elementor-widget-heading\" data-id=\"af9c72d\" data-element_type=\"widget\" data-widget_type=\"heading.default\">\n\t\t\t\t<div class=\"elementor-widget-container\">\n\t\t\t\t\t<h2 class=\"elementor-heading-title elementor-size-default\">Condiciones de servicio<\/h2>\t\t\t\t<\/div>\n\t\t\t\t<\/div>\n\t\t\t\t<div class=\"elementor-element elementor-element-c83d69f elementor-widget elementor-widget-heading\" data-id=\"c83d69f\" data-element_type=\"widget\" data-widget_type=\"heading.default\">\n\t\t\t\t<div class=\"elementor-widget-container\">\n\t\t\t\t\t<h2 class=\"elementor-heading-title elementor-size-default\">T\u00e9rminos de uso de nuestra web<\/h2>\t\t\t\t<\/div>\n\t\t\t\t<\/div>\n\t\t\t\t\t<\/div>\n\t\t\t\t<\/div>\n\t\t<div class=\"elementor-element elementor-element-e604d07 e-flex e-con-boxed e-con e-parent\" data-id=\"e604d07\" data-element_type=\"container\">\n\t\t\t\t\t<div class=\"e-con-inner\">\n\t\t\t\t<div class=\"elementor-element elementor-element-898e497 elementor-widget elementor-widget-text-editor\" data-id=\"898e497\" data-element_type=\"widget\" data-widget_type=\"text-editor.default\">\n\t\t\t\t<div class=\"elementor-widget-container\">\n\t\t\t\t\t\t\t\t\t<p>Esta p\u00e1gina web es propiedad y est\u00e1 operada por el Foro Iberoamericano de los Recursos Marinos y la Acuicultura (<span class=\"notranslate\" translate=\"no\"> <span class=\"notranslate\" translate=\"no\"> FIRMA <\/span> <\/span>). Estos T\u00e9rminos establecen los t\u00e9rminos y condiciones bajo los cuales\u00a0 puede usar nuestra p\u00e1gina web y servicios ofrecidos por nosotros. Esta p\u00e1gina web ofrece a los visitantes servicios relacionados con el XII <span class=\"notranslate\" translate=\"no\"> <span class=\"notranslate\" translate=\"no\"> FIRMA <\/span> <\/span>, as\u00ed como cursos de formaci\u00f3n, consulta y asesor\u00eda en el \u00e1rea de acuicultura y producci\u00f3n acu\u00edcola. Al acceder o usar la p\u00e1gina web de nuestro servicio, usted aprueba que haya le\u00eddo, entendido y aceptado estar sujeto a estos T\u00e9rminos:<\/p><p><span style=\"color: #0066a1;\"><strong>\u00bfQui\u00e9n puede usar nuestra p\u00e1gina web?<\/strong><\/span><br \/>Para usar nuestra p\u00e1gina web y\/o recibir nuestros servicios, debes tener al menos 18 a\u00f1os de edad, o la mayor\u00eda de edad legal en tu jurisdicci\u00f3n, y poseer la autoridad legal, el derecho y la libertad para participar en estos T\u00e9rminos como un acuerdo vinculante. No tienes permitido utilizar esta p\u00e1gina web y\/o recibir servicios si hacerlo est\u00e1 prohibido en tu pa\u00eds o en virtud de cualquier ley o regulaci\u00f3n aplicable a tu caso.<\/p><p><span style=\"color: #0066a1;\"><strong>Retenci\u00f3n del derecho a cambiar la oferta de servicios<\/strong><\/span><br \/>Podemos, sin aviso previo, cambiar los servicios; dejar de proporcionar los servicios o cualquier caracter\u00edstica de los servicios que ofrecemos; o crear l\u00edmites para los servicios. Podemos\u00a0 suspender de manera permanente o temporal el acceso a los servicios sin previo aviso ni responsabilidad por cualquier motivo, o sin ning\u00fan motivo.<\/p><p><strong><span style=\"color: #0066a1;\">Posesi\u00f3n de propiedad intelectual, derechos de autor y logos<\/span><\/strong><br \/>El Servicio y todos los materiales incluidos o transferidos, incluyendo, sin limitaci\u00f3n, software, im\u00e1genes, texto, gr\u00e1ficos, logotipos, patentes, marcas registradas, marcas de servicio, derechos de autor, fotograf\u00edas, audio, videos, m\u00fasica y todos los Derechos de Propiedad Intelectual relacionados con ellos, son la propiedad exclusiva del Foro Iberoamericano de los Recursos Marinos y la Acuicultura. Salvo que se indique expl\u00edcitamente en este documento, no se considerar\u00e1 que nada en estos T\u00e9rminos crea una licencia en o bajo ninguno de dichos Derechos de Propiedad Intelectual, y tu aceptas no vender, licenciar, alquilar, modificar, distribuir, copiar, reproducir, transmitir, exhibir p\u00fablicamente, realizar p\u00fablicamente, publicar, adaptar, editar o crear trabajos derivados de los mismos.<\/p><p><strong><span style=\"color: #0066a1;\">Derecho a suspender o cancelar la cuenta de usuario<\/span><\/strong><br \/>Podemos terminar o suspender de manera permanente o temporal tu acceso al servicio sin previo aviso y responsabilidad por cualquier raz\u00f3n, incluso si a nuestra sola determinaci\u00f3n t\u00fa violas alguna disposici\u00f3n de estos T\u00e9rminos o cualquier ley o regulaci\u00f3n aplicable. Puedes descontinuar el uso y solicitar cancelar tu cuenta y\/o cualquier servicio en cualquier momento. Sin perjuicio de lo contrario en lo que antecede, con respecto a las suscripciones renovadas autom\u00e1ticamente a los servicios pagados (si en alg\u00fan momento los hubiere), dichas suscripciones se suspender\u00e1n solo al vencimiento del per\u00edodo correspondiente por el que ya has realizado el pago.<\/p><p><strong><span style=\"color: #0066a1;\">Indemnizaci\u00f3n<\/span><\/strong><br \/>T\u00fa acuerdas indemnizar y eximir de responsabilidad al <span class=\"notranslate\" translate=\"no\"> <span class=\"notranslate\" translate=\"no\"> FIRMA <\/span> <\/span> de cualquier demanda, p\u00e9rdida, responsabilidad, reclamaci\u00f3n o gasto (incluidos los honorarios de abogados) que terceros realicen en tu contra como consecuencia de, o derivado de, o en relaci\u00f3n con tu uso de la p\u00e1gina web o cualquiera de los servicios ofrecidos en la p\u00e1gina web<\/p><p><strong><span style=\"color: #0066a1;\">Limitaci\u00f3n de responsabilidad<\/span><\/strong><br \/>En la m\u00e1xima medida permitida por la ley aplicable, en ning\u00fan caso el <span class=\"notranslate\" translate=\"no\"> <span class=\"notranslate\" translate=\"no\"> FIRMA <\/span> <\/span> ser\u00e1 responsable por da\u00f1os indirectos, punitivos, incidentales, especiales, consecuentes o ejemplares, incluidos, entre otros, da\u00f1os por p\u00e9rdida de beneficios, buena voluntad, uso, datos. u otras p\u00e9rdidas intangibles, que surjan de o est\u00e9n relacionadas con el uso o la imposibilidad de utilizar el servicio.\u00a0<\/p><p>En la m\u00e1xima medida permitida por la ley aplicable, el <span class=\"notranslate\" translate=\"no\"> <span class=\"notranslate\" translate=\"no\"> FIRMA <\/span> <\/span> no asume responsabilidad alguna por (i) errores, errores o inexactitudes de contenido; (ii) lesiones personales o da\u00f1os a la propiedad, de cualquier naturaleza que sean, como resultado de tu acceso o uso de nuestro servicio; y (iii) cualquier acceso no autorizado o uso de nuestros servidores seguros y\/o toda la informaci\u00f3n personal almacenada en los mismos.<\/p><p><strong><span style=\"color: #0066a1;\">Derecho a cambiar y modificar los T\u00e9rminos<\/span><\/strong><br \/>Nos reservamos el derecho de modificar estos t\u00e9rminos a nuestra entera discreci\u00f3n. Por lo tanto, debes revisar estas p\u00e1ginas peri\u00f3dicamente. Cuando cambiemos los T\u00e9rminos de una manera material, te notificaremos que se han realizado cambios importantes en los T\u00e9rminos. El uso continuado de la p\u00e1gina web o nuestro servicio despu\u00e9s de dicho cambio constituye tu aceptaci\u00f3n de los nuevos T\u00e9rminos. Si no aceptas alguno de estos t\u00e9rminos o cualquier versi\u00f3n futura de los T\u00e9rminos, no uses o\u00a0 accedas (o contin\u00faes accediendo) a la p\u00e1gina web o al servicio.<\/p><p><strong><span style=\"color: #0066a1;\">Emails de promociones y contenido<\/span><\/strong><br \/>Aceptas recibir de manera espor\u00e1dica nuestros mensajes y materiales de promoci\u00f3n, por correo postal, correo electr\u00f3nico o cualquier otro formulario de contacto que nos proporciones (incluido tu n\u00famero de tel\u00e9fono para llamadas o mensajes de texto). Si no deseas recibir dichos materiales o avisos de promociones, simplemente av\u00edsanos en cualquier momento.<\/p><p><span style=\"color: #0066a1;\"><strong>Preferencia de ley y resoluci\u00f3n de disputas<\/strong><\/span><br \/>Estos T\u00e9rminos, los derechos y recursos provistos aqu\u00ed, y todos y cada uno de los reclamos y disputas relacionados con este y\/o los servicios, se regir\u00e1n, interpretar\u00e1n y aplicar\u00e1n en todos los aspectos \u00fanica y exclusivamente de conformidad con las leyes sustantivas internas de Espa\u00f1a. Todos los reclamos y disputas se presentar\u00e1n y usted acepta que sean decididos exclusivamente por un tribunal de jurisdicci\u00f3n competente ubicado en Las Palmas de Gran Canaria. La aplicaci\u00f3n de la Convenci\u00f3n de Contratos de las Naciones Unidas para la Venta Internacional de Bienes queda expresamente excluida.<\/p>\t\t\t\t\t\t\t\t<\/div>\n\t\t\t\t<\/div>\n\t\t\t\t\t<\/div>\n\t\t\t\t<\/div>\n\t\t\t\t<\/div>\n\t\t","protected":false},"excerpt":{"rendered":"<p>Condiciones de servicio T\u00e9rminos de uso de nuestra web Esta p\u00e1gina web es propiedad y est\u00e1 operada por el Foro Iberoamericano de los Recursos Marinos y la Acuicultura ( FIRMA ). Estos T\u00e9rminos establecen los t\u00e9rminos y condiciones bajo los cuales\u00a0 puede usar nuestra p\u00e1gina web y servicios ofrecidos por nosotros. Esta p\u00e1gina web ofrece [&hellip;]<\/p>\n","protected":false},"author":1,"featured_media":0,"parent":0,"menu_order":0,"comment_status":"closed","ping_status":"closed","template":"elementor_header_footer","meta":{"_acf_changed":false,"footnotes":""},"class_list":["post-159","page","type-page","status-publish","hentry"],"acf":[],"_links":{"self":[{"href":"https:\/\/firmaonline.org\/xiii-firma\/wp-json\/wp\/v2\/pages\/159","targetHints":{"allow":["GET"]}}],"collection":[{"href":"https:\/\/firmaonline.org\/xiii-firma\/wp-json\/wp\/v2\/pages"}],"about":[{"href":"https:\/\/firmaonline.org\/xiii-firma\/wp-json\/wp\/v2\/types\/page"}],"author":[{"embeddable":true,"href":"https:\/\/firmaonline.org\/xiii-firma\/wp-json\/wp\/v2\/users\/1"}],"replies":[{"embeddable":true,"href":"https:\/\/firmaonline.org\/xiii-firma\/wp-json\/wp\/v2\/comments?post=159"}],"version-history":[{"count":7,"href":"https:\/\/firmaonline.org\/xiii-firma\/wp-json\/wp\/v2\/pages\/159\/revisions"}],"predecessor-version":[{"id":443,"href":"https:\/\/firmaonline.org\/xiii-firma\/wp-json\/wp\/v2\/pages\/159\/revisions\/443"}],"wp:attachment":[{"href":"https:\/\/firmaonline.org\/xiii-firma\/wp-json\/wp\/v2\/media?parent=159"}],"curies":[{"name":"wp","href":"https:\/\/api.w.org\/{rel}","templated":true}]}}