{"id":174,"date":"2025-06-22T23:55:31","date_gmt":"2025-06-22T21:55:31","guid":{"rendered":"https:\/\/firmaonline.org\/xiii-firma\/?page_id=174"},"modified":"2025-07-01T16:09:19","modified_gmt":"2025-07-01T14:09:19","slug":"objetivo-y-areas-tematicas","status":"publish","type":"page","link":"https:\/\/firmaonline.org\/xiii-firma\/objetivo-y-areas-tematicas\/","title":{"rendered":"Objetivo y \u00e1reas tem\u00e1ticas"},"content":{"rendered":"\t\t<div data-elementor-type=\"wp-page\" data-elementor-id=\"174\" class=\"elementor elementor-174\" data-elementor-post-type=\"page\">\n\t\t\t\t<div class=\"elementor-element elementor-element-514c73f e-flex e-con-boxed e-con e-parent\" data-id=\"514c73f\" data-element_type=\"container\" data-settings=\"{&quot;background_background&quot;:&quot;classic&quot;,&quot;shape_divider_bottom&quot;:&quot;mountains&quot;}\">\n\t\t\t\t\t<div class=\"e-con-inner\">\n\t\t\t\t<div class=\"elementor-shape elementor-shape-bottom\" aria-hidden=\"true\" data-negative=\"false\">\n\t\t\t<svg xmlns=\"http:\/\/www.w3.org\/2000\/svg\" viewBox=\"0 0 1000 100\" preserveAspectRatio=\"none\">\n\t<path class=\"elementor-shape-fill\" opacity=\"0.33\" d=\"M473,67.3c-203.9,88.3-263.1-34-320.3,0C66,119.1,0,59.7,0,59.7V0h1000v59.7 c0,0-62.1,26.1-94.9,29.3c-32.8,3.3-62.8-12.3-75.8-22.1C806,49.6,745.3,8.7,694.9,4.7S492.4,59,473,67.3z\"\/>\n\t<path class=\"elementor-shape-fill\" opacity=\"0.66\" d=\"M734,67.3c-45.5,0-77.2-23.2-129.1-39.1c-28.6-8.7-150.3-10.1-254,39.1 s-91.7-34.4-149.2,0C115.7,118.3,0,39.8,0,39.8V0h1000v36.5c0,0-28.2-18.5-92.1-18.5C810.2,18.1,775.7,67.3,734,67.3z\"\/>\n\t<path class=\"elementor-shape-fill\" d=\"M766.1,28.9c-200-57.5-266,65.5-395.1,19.5C242,1.8,242,5.4,184.8,20.6C128,35.8,132.3,44.9,89.9,52.5C28.6,63.7,0,0,0,0 h1000c0,0-9.9,40.9-83.6,48.1S829.6,47,766.1,28.9z\"\/>\n<\/svg>\t\t<\/div>\n\t\t\t\t<div class=\"elementor-element elementor-element-e74d88b elementor-widget elementor-widget-heading\" data-id=\"e74d88b\" data-element_type=\"widget\" data-widget_type=\"heading.default\">\n\t\t\t\t<div class=\"elementor-widget-container\">\n\t\t\t\t\t<h2 class=\"elementor-heading-title elementor-size-default\">Objetivo del XIII <span class=\"notranslate\" translate=\"no\"> Firma <\/span><\/h2>\t\t\t\t<\/div>\n\t\t\t\t<\/div>\n\t\t\t\t<div class=\"elementor-element elementor-element-0752fb6 elementor-widget elementor-widget-heading\" data-id=\"0752fb6\" data-element_type=\"widget\" data-widget_type=\"heading.default\">\n\t\t\t\t<div class=\"elementor-widget-container\">\n\t\t\t\t\t<h2 class=\"elementor-heading-title elementor-size-default\">y sus \u00e1reas tem\u00e1ticas<\/h2>\t\t\t\t<\/div>\n\t\t\t\t<\/div>\n\t\t\t\t\t<\/div>\n\t\t\t\t<\/div>\n\t\t<div class=\"elementor-element elementor-element-f24f10d e-flex e-con-boxed e-con e-parent\" data-id=\"f24f10d\" data-element_type=\"container\">\n\t\t\t\t\t<div class=\"e-con-inner\">\n\t\t<div class=\"elementor-element elementor-element-e883563 e-con-full e-flex e-con e-child\" data-id=\"e883563\" data-element_type=\"container\">\n\t\t\t\t<div class=\"elementor-element elementor-element-40c2956 elementor-widget elementor-widget-text-editor\" data-id=\"40c2956\" data-element_type=\"widget\" data-widget_type=\"text-editor.default\">\n\t\t\t\t<div class=\"elementor-widget-container\">\n\t\t\t\t\t\t\t\t\t<p>El objetivo de este XIII <span class=\"notranslate\" translate=\"no\"> <span class=\"notranslate\" translate=\"no\"> Firma <\/span> <\/span> 2025 es seguir promoviendo el an\u00e1lisis, la difusi\u00f3n y el debate en t\u00f3picos de actualidad relacionados con la situaci\u00f3n de los recursos acu\u00e1ticos en Iberoam\u00e9rica, que puedan generar nuevas perspectivas y conocimientos en materia de evaluaci\u00f3n y administraci\u00f3n de esos recursos, as\u00ed como de producci\u00f3n sostenible por pesca y acuicultura.<\/p>\t\t\t\t\t\t\t\t<\/div>\n\t\t\t\t<\/div>\n\t\t\t\t<\/div>\n\t\t<div class=\"elementor-element elementor-element-4a54d0a e-con-full e-flex e-con e-child\" data-id=\"4a54d0a\" data-element_type=\"container\" data-settings=\"{&quot;background_background&quot;:&quot;classic&quot;}\">\n\t\t\t\t<\/div>\n\t\t\t\t\t<\/div>\n\t\t\t\t<\/div>\n\t\t<div class=\"elementor-element elementor-element-305a997 e-flex e-con-boxed e-con e-parent\" data-id=\"305a997\" data-element_type=\"container\">\n\t\t\t\t\t<div class=\"e-con-inner\">\n\t\t<div class=\"elementor-element elementor-element-73bbff5 e-con-full e-flex e-con e-child\" data-id=\"73bbff5\" data-element_type=\"container\" data-settings=\"{&quot;background_background&quot;:&quot;classic&quot;}\">\n\t\t\t\t<\/div>\n\t\t<div class=\"elementor-element elementor-element-8bc99d4 e-con-full e-flex e-con e-child\" data-id=\"8bc99d4\" data-element_type=\"container\" data-settings=\"{&quot;background_background&quot;:&quot;classic&quot;}\">\n\t\t\t\t<div class=\"elementor-element elementor-element-88c8910 elementor-widget elementor-widget-heading\" data-id=\"88c8910\" data-element_type=\"widget\" data-widget_type=\"heading.default\">\n\t\t\t\t<div class=\"elementor-widget-container\">\n\t\t\t\t\t<h2 class=\"elementor-heading-title elementor-size-default\">\u00c1reas tem\u00e1ticas<\/h2>\t\t\t\t<\/div>\n\t\t\t\t<\/div>\n\t\t\t\t<div class=\"elementor-element elementor-element-597ae83 elementor-widget elementor-widget-text-editor\" data-id=\"597ae83\" data-element_type=\"widget\" data-widget_type=\"text-editor.default\">\n\t\t\t\t<div class=\"elementor-widget-container\">\n\t\t\t\t\t\t\t\t\t<ul><li>Biodiversidad acu\u00e1tica<\/li><li>Evaluaci\u00f3n recursos acu\u00e1ticos<\/li><li>Biolog\u00eda de especies comerciales o potencialmente comerciales<\/li><li>Fisiolog\u00eda de especies comerciales o potencialmente comerciales<\/li><li>Autoecolog\u00eda de especies comerciales o potencialmente comerciales<\/li><li>Bioproductos de organismos acu\u00e1ticos<\/li><li>Pesca y administraci\u00f3n pesquera<\/li><li>Acuicultura<\/li><li>Biotecnolog\u00eda<\/li><li>Mercado y mercadeo de productos acu\u00edcolas<\/li><li>Innovaciones de productos para la pesca y la acuicultura<\/li><li>Tecnolog\u00eda para la explotaci\u00f3n y producci\u00f3n de organismos acu\u00e1ticos<\/li><li>Sustentabilidad de recursos acu\u00e1ticos<\/li><li>Salud y bienestar animal<\/li><\/ul>\t\t\t\t\t\t\t\t<\/div>\n\t\t\t\t<\/div>\n\t\t\t\t<\/div>\n\t\t\t\t\t<\/div>\n\t\t\t\t<\/div>\n\t\t\t\t<\/div>\n\t\t","protected":false},"excerpt":{"rendered":"<p>Objetivo del XIII Firma y sus \u00e1reas tem\u00e1ticas El objetivo de este XIII Firma 2025 es seguir promoviendo el an\u00e1lisis, la difusi\u00f3n y el debate en t\u00f3picos de actualidad relacionados con la situaci\u00f3n de los recursos acu\u00e1ticos en Iberoam\u00e9rica, que puedan generar nuevas perspectivas y conocimientos en materia de evaluaci\u00f3n y administraci\u00f3n de esos recursos, [&hellip;]<\/p>\n","protected":false},"author":1,"featured_media":0,"parent":0,"menu_order":0,"comment_status":"closed","ping_status":"closed","template":"elementor_header_footer","meta":{"_acf_changed":false,"footnotes":""},"class_list":["post-174","page","type-page","status-publish","hentry"],"acf":[],"_links":{"self":[{"href":"https:\/\/firmaonline.org\/xiii-firma\/wp-json\/wp\/v2\/pages\/174","targetHints":{"allow":["GET"]}}],"collection":[{"href":"https:\/\/firmaonline.org\/xiii-firma\/wp-json\/wp\/v2\/pages"}],"about":[{"href":"https:\/\/firmaonline.org\/xiii-firma\/wp-json\/wp\/v2\/types\/page"}],"author":[{"embeddable":true,"href":"https:\/\/firmaonline.org\/xiii-firma\/wp-json\/wp\/v2\/users\/1"}],"replies":[{"embeddable":true,"href":"https:\/\/firmaonline.org\/xiii-firma\/wp-json\/wp\/v2\/comments?post=174"}],"version-history":[{"count":34,"href":"https:\/\/firmaonline.org\/xiii-firma\/wp-json\/wp\/v2\/pages\/174\/revisions"}],"predecessor-version":[{"id":1350,"href":"https:\/\/firmaonline.org\/xiii-firma\/wp-json\/wp\/v2\/pages\/174\/revisions\/1350"}],"wp:attachment":[{"href":"https:\/\/firmaonline.org\/xiii-firma\/wp-json\/wp\/v2\/media?parent=174"}],"curies":[{"name":"wp","href":"https:\/\/api.w.org\/{rel}","templated":true}]}}