{"id":186,"date":"2025-06-23T00:09:18","date_gmt":"2025-06-22T22:09:18","guid":{"rendered":"https:\/\/firmaonline.org\/xiii-firma\/?page_id=186"},"modified":"2025-07-03T13:58:05","modified_gmt":"2025-07-03T11:58:05","slug":"guia-de-autores","status":"publish","type":"page","link":"https:\/\/firmaonline.org\/xiii-firma\/guia-de-autores\/","title":{"rendered":"Gu\u00eda de autores"},"content":{"rendered":"\t\t<div data-elementor-type=\"wp-page\" data-elementor-id=\"186\" class=\"elementor elementor-186\" data-elementor-post-type=\"page\">\n\t\t\t\t<div class=\"elementor-element elementor-element-27501f4 e-flex e-con-boxed e-con e-parent\" data-id=\"27501f4\" data-element_type=\"container\" data-settings=\"{&quot;background_background&quot;:&quot;classic&quot;,&quot;shape_divider_bottom&quot;:&quot;mountains&quot;}\">\n\t\t\t\t\t<div class=\"e-con-inner\">\n\t\t\t\t<div class=\"elementor-shape elementor-shape-bottom\" aria-hidden=\"true\" data-negative=\"false\">\n\t\t\t<svg xmlns=\"http:\/\/www.w3.org\/2000\/svg\" viewBox=\"0 0 1000 100\" preserveAspectRatio=\"none\">\n\t<path class=\"elementor-shape-fill\" opacity=\"0.33\" d=\"M473,67.3c-203.9,88.3-263.1-34-320.3,0C66,119.1,0,59.7,0,59.7V0h1000v59.7 c0,0-62.1,26.1-94.9,29.3c-32.8,3.3-62.8-12.3-75.8-22.1C806,49.6,745.3,8.7,694.9,4.7S492.4,59,473,67.3z\"\/>\n\t<path class=\"elementor-shape-fill\" opacity=\"0.66\" d=\"M734,67.3c-45.5,0-77.2-23.2-129.1-39.1c-28.6-8.7-150.3-10.1-254,39.1 s-91.7-34.4-149.2,0C115.7,118.3,0,39.8,0,39.8V0h1000v36.5c0,0-28.2-18.5-92.1-18.5C810.2,18.1,775.7,67.3,734,67.3z\"\/>\n\t<path class=\"elementor-shape-fill\" d=\"M766.1,28.9c-200-57.5-266,65.5-395.1,19.5C242,1.8,242,5.4,184.8,20.6C128,35.8,132.3,44.9,89.9,52.5C28.6,63.7,0,0,0,0 h1000c0,0-9.9,40.9-83.6,48.1S829.6,47,766.1,28.9z\"\/>\n<\/svg>\t\t<\/div>\n\t\t\t\t<div class=\"elementor-element elementor-element-2537091 elementor-widget elementor-widget-heading\" data-id=\"2537091\" data-element_type=\"widget\" data-widget_type=\"heading.default\">\n\t\t\t\t<div class=\"elementor-widget-container\">\n\t\t\t\t\t<h2 class=\"elementor-heading-title elementor-size-default\">Gu\u00eda de autores<\/h2>\t\t\t\t<\/div>\n\t\t\t\t<\/div>\n\t\t\t\t<div class=\"elementor-element elementor-element-da0c59b elementor-widget elementor-widget-heading\" data-id=\"da0c59b\" data-element_type=\"widget\" data-widget_type=\"heading.default\">\n\t\t\t\t<div class=\"elementor-widget-container\">\n\t\t\t\t\t<h2 class=\"elementor-heading-title elementor-size-default\">libro de Memorias \u201c<em>proceedings<\/em>\u201d<\/h2>\t\t\t\t<\/div>\n\t\t\t\t<\/div>\n\t\t\t\t\t<\/div>\n\t\t\t\t<\/div>\n\t\t<div class=\"elementor-element elementor-element-ea1c05e e-flex e-con-boxed e-con e-parent\" data-id=\"ea1c05e\" data-element_type=\"container\">\n\t\t\t\t\t<div class=\"e-con-inner\">\n\t\t\t\t<div class=\"elementor-element elementor-element-3632fcb elementor-widget elementor-widget-text-editor\" data-id=\"3632fcb\" data-element_type=\"widget\" data-widget_type=\"text-editor.default\">\n\t\t\t\t<div class=\"elementor-widget-container\">\n\t\t\t\t\t\t\t\t\t<p>Los interesados en que su trabajo sea publicado en el libro de Memorias \u201c<em>proceedings<\/em>\u201d del XIII <span class=\"notranslate\" translate=\"no\"> <span class=\"notranslate\" translate=\"no\"> FIRMA <\/span> <\/span> 2025 , deber\u00e1n enviar sus trabajos \u201c<em>in extenso<\/em>\u201d antes, durante o despu\u00e9s de haber concluido el evento, hasta el 30 de noviembre de 2025. Los archivos se podr\u00e1n enviar a trav\u00e9s de los enlaces respectivos que recibir\u00e1n en el correo que les enviaremos una vez hayan realizado la inscripci\u00f3n.\u00a0<\/p><p>Para el libro de Memorias \u201cproceedings\u201d del XIII <span class=\"notranslate\" translate=\"no\"> <span class=\"notranslate\" translate=\"no\"> FIRMA <\/span> <\/span> 2025 , el trabajo \u00abin extenso\u00bb se deber\u00e1 presentar con un m\u00ednimo de 4 y un m\u00e1ximo de 15 p\u00e1ginas. Para esto, hemos dise\u00f1ado una gu\u00eda .doc en espa\u00f1ol y en portugu\u00e9s, que permitir\u00e1 enviar el trabajo en el formato adecuado. A continuaci\u00f3n se encuentran los archivos de descarga:<\/p>\t\t\t\t\t\t\t\t<\/div>\n\t\t\t\t<\/div>\n\t\t\t\t\t<\/div>\n\t\t\t\t<\/div>\n\t\t<div class=\"elementor-element elementor-element-84683d1 e-flex e-con-boxed e-con e-parent\" data-id=\"84683d1\" data-element_type=\"container\">\n\t\t\t\t\t<div class=\"e-con-inner\">\n\t\t<div class=\"elementor-element elementor-element-75a00e7 e-con-full e-flex e-con e-child\" data-id=\"75a00e7\" data-element_type=\"container\">\n\t\t\t\t<div class=\"elementor-element elementor-element-00c385c elementor-align-center elementor-widget elementor-widget-button\" data-id=\"00c385c\" data-element_type=\"widget\" data-widget_type=\"button.default\">\n\t\t\t\t<div class=\"elementor-widget-container\">\n\t\t\t\t\t\t\t\t\t<div class=\"elementor-button-wrapper\">\n\t\t\t\t\t<a class=\"elementor-button elementor-button-link elementor-size-sm\" href=\"https:\/\/firmaonline.org\/xiii-firma\/wp-content\/uploads\/2025\/07\/Guia-presentacion-trabajos-XIII-F-I-R-M-A-Espanol.docx\">\n\t\t\t\t\t\t<span class=\"elementor-button-content-wrapper\">\n\t\t\t\t\t\t\t\t\t<span class=\"elementor-button-text\">Descargar gu\u00eda en espa\u00f1ol<\/span>\n\t\t\t\t\t<\/span>\n\t\t\t\t\t<\/a>\n\t\t\t\t<\/div>\n\t\t\t\t\t\t\t\t<\/div>\n\t\t\t\t<\/div>\n\t\t\t\t<\/div>\n\t\t<div class=\"elementor-element elementor-element-72309b0 e-con-full e-flex e-con e-child\" data-id=\"72309b0\" data-element_type=\"container\">\n\t\t\t\t<div class=\"elementor-element elementor-element-6044e58 elementor-align-center elementor-widget elementor-widget-button\" data-id=\"6044e58\" data-element_type=\"widget\" data-widget_type=\"button.default\">\n\t\t\t\t<div class=\"elementor-widget-container\">\n\t\t\t\t\t\t\t\t\t<div class=\"elementor-button-wrapper\">\n\t\t\t\t\t<a class=\"elementor-button elementor-button-link elementor-size-sm\" href=\"https:\/\/firmaonline.org\/xiii-firma\/wp-content\/uploads\/2025\/07\/Guia-presentacion-trabajos-XIII-F-I-R-M-A-Portugues.docx\">\n\t\t\t\t\t\t<span class=\"elementor-button-content-wrapper\">\n\t\t\t\t\t\t\t\t\t<span class=\"elementor-button-text\">Descargar gu\u00eda en portugu\u00e9s<\/span>\n\t\t\t\t\t<\/span>\n\t\t\t\t\t<\/a>\n\t\t\t\t<\/div>\n\t\t\t\t\t\t\t\t<\/div>\n\t\t\t\t<\/div>\n\t\t\t\t<\/div>\n\t\t\t\t\t<\/div>\n\t\t\t\t<\/div>\n\t\t<div class=\"elementor-element elementor-element-9a7893d e-flex e-con-boxed e-con e-parent\" data-id=\"9a7893d\" data-element_type=\"container\">\n\t\t\t\t\t<div class=\"e-con-inner\">\n\t\t\t\t<div class=\"elementor-element elementor-element-948e02c elementor-widget elementor-widget-text-editor\" data-id=\"948e02c\" data-element_type=\"widget\" data-widget_type=\"text-editor.default\">\n\t\t\t\t<div class=\"elementor-widget-container\">\n\t\t\t\t\t\t\t\t\t<p>S\u00f3lo se tiene que copiar y pegar cada secci\u00f3n, manteniendo el mismo formato.<\/p><p>Le agradecemos que simplemente siga esta gu\u00eda para la confecci\u00f3n de su manuscrito para el libro del <span class=\"notranslate\" translate=\"no\"> <span class=\"notranslate\" translate=\"no\"> FIRMA <\/span> <\/span>. Para escribir su trabajo sustituya el texto de la gu\u00eda manteniendo el estilo, tama\u00f1o de letra, sangr\u00eda y resto de formatos, siguiendo los pasos y se\u00f1alamientos en cada una de las secciones del manuscrito.\u00a0 La redacci\u00f3n debe ser en tercera persona y en pasado haciendo referencia a la investigaci\u00f3n realizada.<\/p><p>Incluya las tablas y gr\u00e1ficas a continuaci\u00f3n del p\u00e1rrafo donde se citan. Se sugiere una calidad de gr\u00e1ficos e im\u00e1genes de 300 dpi. Cuando termine borre los comentarios que est\u00e1n en el lado derecho, as\u00ed como todo tipo de texto y figuras del ejemplo.<\/p><p>Esta gu\u00eda ha sido dise\u00f1ada para trabajos experimentales de investigaci\u00f3n, si Ud. est\u00e1 presentado una revisi\u00f3n, ensayos, protocolos y procedimientos, innovaciones o proyectos, simplemente adapte la gu\u00eda al tipo de manuscrito presentado.<\/p><p>Los trabajos \u201c<em>in extenso<\/em>\u201d para el libro de Memorias \u201c<em>proceedings<\/em>\u201d del XIII <span class=\"notranslate\" translate=\"no\"> <span class=\"notranslate\" translate=\"no\"> FIRMA <\/span> <\/span> 2025 ser\u00e1n revisados por un comit\u00e9 de expertos que te ayudar\u00e1n a generar un trabajo con la m\u00e1xima calidad para ser publicado en el libro.\u00a0<\/p><p>Si desea ver los libros publicados de los anteriores eventos del <span class=\"notranslate\" translate=\"no\"> <span class=\"notranslate\" translate=\"no\"> FIRMA <\/span> <\/span>, puede acceder a ellos<a href=\"https:\/\/firmaonline.org\/xiii-firma\/libros-anteriores\/\">\u00a0<span style=\"text-decoration: underline;\">aqu\u00ed<\/span><\/a>.<\/p>\t\t\t\t\t\t\t\t<\/div>\n\t\t\t\t<\/div>\n\t\t\t\t\t<\/div>\n\t\t\t\t<\/div>\n\t\t\t\t<\/div>\n\t\t","protected":false},"excerpt":{"rendered":"<p>Gu\u00eda de autores libro de Memorias \u201cproceedings\u201d Los interesados en que su trabajo sea publicado en el libro de Memorias \u201cproceedings\u201d del XIII FIRMA 2025 , deber\u00e1n enviar sus trabajos \u201cin extenso\u201d antes, durante o despu\u00e9s de haber concluido el evento, hasta el 30 de noviembre de 2025. Los archivos se podr\u00e1n enviar a trav\u00e9s [&hellip;]<\/p>\n","protected":false},"author":1,"featured_media":0,"parent":0,"menu_order":0,"comment_status":"closed","ping_status":"closed","template":"elementor_header_footer","meta":{"_acf_changed":false,"footnotes":""},"class_list":["post-186","page","type-page","status-publish","hentry"],"acf":[],"_links":{"self":[{"href":"https:\/\/firmaonline.org\/xiii-firma\/wp-json\/wp\/v2\/pages\/186","targetHints":{"allow":["GET"]}}],"collection":[{"href":"https:\/\/firmaonline.org\/xiii-firma\/wp-json\/wp\/v2\/pages"}],"about":[{"href":"https:\/\/firmaonline.org\/xiii-firma\/wp-json\/wp\/v2\/types\/page"}],"author":[{"embeddable":true,"href":"https:\/\/firmaonline.org\/xiii-firma\/wp-json\/wp\/v2\/users\/1"}],"replies":[{"embeddable":true,"href":"https:\/\/firmaonline.org\/xiii-firma\/wp-json\/wp\/v2\/comments?post=186"}],"version-history":[{"count":28,"href":"https:\/\/firmaonline.org\/xiii-firma\/wp-json\/wp\/v2\/pages\/186\/revisions"}],"predecessor-version":[{"id":1802,"href":"https:\/\/firmaonline.org\/xiii-firma\/wp-json\/wp\/v2\/pages\/186\/revisions\/1802"}],"wp:attachment":[{"href":"https:\/\/firmaonline.org\/xiii-firma\/wp-json\/wp\/v2\/media?parent=186"}],"curies":[{"name":"wp","href":"https:\/\/api.w.org\/{rel}","templated":true}]}}