{"id":2597,"date":"2025-07-18T16:58:11","date_gmt":"2025-07-18T14:58:11","guid":{"rendered":"https:\/\/firmaonline.org\/xiii-firma\/?page_id=2597"},"modified":"2025-11-23T19:18:59","modified_gmt":"2025-11-23T18:18:59","slug":"inscripciones-online","status":"publish","type":"page","link":"https:\/\/firmaonline.org\/xiii-firma\/inscripciones-online\/","title":{"rendered":"Inscripciones online"},"content":{"rendered":"\t\t<div data-elementor-type=\"wp-page\" data-elementor-id=\"2597\" class=\"elementor elementor-2597\" data-elementor-post-type=\"page\">\n\t\t\t\t<div class=\"elementor-element elementor-element-be4c26f e-flex e-con-boxed e-con e-parent\" data-id=\"be4c26f\" data-element_type=\"container\" data-settings=\"{&quot;background_background&quot;:&quot;classic&quot;,&quot;shape_divider_bottom&quot;:&quot;mountains&quot;}\">\n\t\t\t\t\t<div class=\"e-con-inner\">\n\t\t\t\t<div class=\"elementor-shape elementor-shape-bottom\" aria-hidden=\"true\" data-negative=\"false\">\n\t\t\t<svg xmlns=\"http:\/\/www.w3.org\/2000\/svg\" viewBox=\"0 0 1000 100\" preserveAspectRatio=\"none\">\n\t<path class=\"elementor-shape-fill\" opacity=\"0.33\" d=\"M473,67.3c-203.9,88.3-263.1-34-320.3,0C66,119.1,0,59.7,0,59.7V0h1000v59.7 c0,0-62.1,26.1-94.9,29.3c-32.8,3.3-62.8-12.3-75.8-22.1C806,49.6,745.3,8.7,694.9,4.7S492.4,59,473,67.3z\"\/>\n\t<path class=\"elementor-shape-fill\" opacity=\"0.66\" d=\"M734,67.3c-45.5,0-77.2-23.2-129.1-39.1c-28.6-8.7-150.3-10.1-254,39.1 s-91.7-34.4-149.2,0C115.7,118.3,0,39.8,0,39.8V0h1000v36.5c0,0-28.2-18.5-92.1-18.5C810.2,18.1,775.7,67.3,734,67.3z\"\/>\n\t<path class=\"elementor-shape-fill\" d=\"M766.1,28.9c-200-57.5-266,65.5-395.1,19.5C242,1.8,242,5.4,184.8,20.6C128,35.8,132.3,44.9,89.9,52.5C28.6,63.7,0,0,0,0 h1000c0,0-9.9,40.9-83.6,48.1S829.6,47,766.1,28.9z\"\/>\n<\/svg>\t\t<\/div>\n\t\t\t\t<div class=\"elementor-element elementor-element-5a64d00 elementor-widget elementor-widget-heading\" data-id=\"5a64d00\" data-element_type=\"widget\" data-widget_type=\"heading.default\">\n\t\t\t\t<div class=\"elementor-widget-container\">\n\t\t\t\t\t<h2 class=\"elementor-heading-title elementor-size-default\">Inscripciones online<\/h2>\t\t\t\t<\/div>\n\t\t\t\t<\/div>\n\t\t\t\t<div class=\"elementor-element elementor-element-12c597e elementor-widget elementor-widget-heading\" data-id=\"12c597e\" data-element_type=\"widget\" data-widget_type=\"heading.default\">\n\t\t\t\t<div class=\"elementor-widget-container\">\n\t\t\t\t\t<h2 class=\"elementor-heading-title elementor-size-default\">participa desde cualquier lugar<\/h2>\t\t\t\t<\/div>\n\t\t\t\t<\/div>\n\t\t\t\t\t<\/div>\n\t\t\t\t<\/div>\n\t\t<div class=\"elementor-element elementor-element-74f644b e-flex e-con-boxed e-con e-parent\" data-id=\"74f644b\" data-element_type=\"container\">\n\t\t\t\t\t<div class=\"e-con-inner\">\n\t\t\t\t<div class=\"elementor-element elementor-element-c4ac513 elementor-widget elementor-widget-heading\" data-id=\"c4ac513\" data-element_type=\"widget\" data-widget_type=\"heading.default\">\n\t\t\t\t<div class=\"elementor-widget-container\">\n\t\t\t\t\t<h2 class=\"elementor-heading-title elementor-size-default\">Reg\u00edstrate en el XIII <span class=\"notranslate\" translate=\"no\"> FIRMA <\/span> 2025<\/h2>\t\t\t\t<\/div>\n\t\t\t\t<\/div>\n\t\t\t\t\t<\/div>\n\t\t\t\t<\/div>\n\t\t<div class=\"elementor-element elementor-element-ab34180 e-flex e-con-boxed e-con e-parent\" data-id=\"ab34180\" data-element_type=\"container\">\n\t\t\t\t\t<div class=\"e-con-inner\">\n\t\t<div class=\"elementor-element elementor-element-0a09207 e-con-full e-flex e-con e-child\" data-id=\"0a09207\" data-element_type=\"container\">\n\t\t\t\t<div class=\"elementor-element elementor-element-e203a1c elementor-widget elementor-widget-image\" data-id=\"e203a1c\" data-element_type=\"widget\" data-widget_type=\"image.default\">\n\t\t\t\t<div class=\"elementor-widget-container\">\n\t\t\t\t\t\t\t\t\t\t\t\t\t\t\t<img fetchpriority=\"high\" decoding=\"async\" width=\"600\" height=\"600\" src=\"https:\/\/firmaonline.org\/xiii-firma\/wp-content\/uploads\/2025\/07\/Inscripciones-Online.jpg\" class=\"attachment-large size-large wp-image-2603\" alt=\"Inscripciones Online\" srcset=\"https:\/\/firmaonline.org\/xiii-firma\/wp-content\/uploads\/2025\/07\/Inscripciones-Online.jpg 600w, https:\/\/firmaonline.org\/xiii-firma\/wp-content\/uploads\/2025\/07\/Inscripciones-Online-300x300.jpg 300w, https:\/\/firmaonline.org\/xiii-firma\/wp-content\/uploads\/2025\/07\/Inscripciones-Online-150x150.jpg 150w\" sizes=\"(max-width: 600px) 100vw, 600px\" \/>\t\t\t\t\t\t\t\t\t\t\t\t\t\t\t<\/div>\n\t\t\t\t<\/div>\n\t\t\t\t<\/div>\n\t\t<div class=\"elementor-element elementor-element-aff95a1 e-con-full e-flex e-con e-child\" data-id=\"aff95a1\" data-element_type=\"container\">\n\t\t\t\t<div class=\"elementor-element elementor-element-4e90786 elementor-widget elementor-widget-heading\" data-id=\"4e90786\" data-element_type=\"widget\" data-widget_type=\"heading.default\">\n\t\t\t\t<div class=\"elementor-widget-container\">\n\t\t\t\t\t<h2 class=\"elementor-heading-title elementor-size-default\">La visualizaci\u00f3n de conferencias online y trabajos as\u00ed como la participaci\u00f3n en el concurso fotografico IV <span class=\"notranslate\" translate=\"no\"> Photo<span class=\"notranslate\" translate=\"no\"> Firma <\/span> <\/span> son <strong>gratuitas<\/strong><\/h2>\t\t\t\t<\/div>\n\t\t\t\t<\/div>\n\t\t\t\t<\/div>\n\t\t\t\t\t<\/div>\n\t\t\t\t<\/div>\n\t\t<div class=\"elementor-element elementor-element-f08cf7d e-flex e-con-boxed e-con e-parent\" data-id=\"f08cf7d\" data-element_type=\"container\">\n\t\t\t\t\t<div class=\"e-con-inner\">\n\t\t\t\t<div class=\"elementor-element elementor-element-629f19c elementor-widget elementor-widget-heading\" data-id=\"629f19c\" data-element_type=\"widget\" data-widget_type=\"heading.default\">\n\t\t\t\t<div class=\"elementor-widget-container\">\n\t\t\t\t\t<h2 class=\"elementor-heading-title elementor-size-default\">El proceso de inscripci\u00f3n en el XIII <span class=\"notranslate\" translate=\"no\"> Firma <\/span> se encuentra cerrado<\/h2>\t\t\t\t<\/div>\n\t\t\t\t<\/div>\n\t\t\t\t\t<\/div>\n\t\t\t\t<\/div>\n\t\t<div class=\"elementor-element elementor-element-4de2b27 elementor-hidden-desktop elementor-hidden-tablet elementor-hidden-mobile e-flex e-con-boxed e-con e-parent\" data-id=\"4de2b27\" data-element_type=\"container\">\n\t\t\t\t\t<div class=\"e-con-inner\">\n\t\t\t\t<div class=\"elementor-element elementor-element-9f43680 elementor-widget elementor-widget-heading\" data-id=\"9f43680\" data-element_type=\"widget\" data-widget_type=\"heading.default\">\n\t\t\t\t<div class=\"elementor-widget-container\">\n\t\t\t\t\t<h2 class=\"elementor-heading-title elementor-size-default\">Todos los participantes en en XII <span class=\"notranslate\" translate=\"no\"> FIRMA <\/span> 2023 est\u00e1n autom\u00e1ticamente registrados en el XIII <span class=\"notranslate\" translate=\"no\"> FIRMA <\/span> 2025, \u00fanicamente con tu direcci\u00f3n de email podr\u00e1s verificar si est\u00e1s inscrito en esta edici\u00f3n del <span class=\"notranslate\" translate=\"no\"> FIRMA <\/span> y, en caso contrario, podr\u00e1s registrarte pulsando en el siguiente bot\u00f3n<\/h2>\t\t\t\t<\/div>\n\t\t\t\t<\/div>\n\t\t\t\t\t<\/div>\n\t\t\t\t<\/div>\n\t\t<div class=\"elementor-element elementor-element-908a4c8 elementor-hidden-desktop elementor-hidden-tablet elementor-hidden-mobile e-flex e-con-boxed e-con e-parent\" data-id=\"908a4c8\" data-element_type=\"container\">\n\t\t\t\t\t<div class=\"e-con-inner\">\n\t\t\t\t<div class=\"elementor-element elementor-element-4f03840 elementor-align-center elementor-widget elementor-widget-button\" data-id=\"4f03840\" data-element_type=\"widget\" data-widget_type=\"button.default\">\n\t\t\t\t<div class=\"elementor-widget-container\">\n\t\t\t\t\t\t\t\t\t<div class=\"elementor-button-wrapper\">\n\t\t\t\t\t<a class=\"elementor-button elementor-button-link elementor-size-sm\" href=\"https:\/\/firmaonline.org\/xiii-frm-inscripcion\" target=\"_blank\">\n\t\t\t\t\t\t<span class=\"elementor-button-content-wrapper\">\n\t\t\t\t\t\t\t\t\t<span class=\"elementor-button-text\">Registro en el XIII <span class=\"notranslate\" translate=\"no\"> FIRMA <\/span><\/span>\n\t\t\t\t\t<\/span>\n\t\t\t\t\t<\/a>\n\t\t\t\t<\/div>\n\t\t\t\t\t\t\t\t<\/div>\n\t\t\t\t<\/div>\n\t\t\t\t\t<\/div>\n\t\t\t\t<\/div>\n\t\t<div class=\"elementor-element elementor-element-a84ef36 e-flex e-con-boxed e-con e-parent\" data-id=\"a84ef36\" data-element_type=\"container\">\n\t\t\t\t\t<div class=\"e-con-inner\">\n\t\t<div class=\"elementor-element elementor-element-1561500 e-con-full e-flex e-con e-child\" data-id=\"1561500\" data-element_type=\"container\">\n\t\t\t\t<div class=\"elementor-element elementor-element-bbab6d8 elementor-widget elementor-widget-heading\" data-id=\"bbab6d8\" data-element_type=\"widget\" data-widget_type=\"heading.default\">\n\t\t\t\t<div class=\"elementor-widget-container\">\n\t\t\t\t\t<h2 class=\"elementor-heading-title elementor-size-default\">\u00bfVas a concursar en el IV <span class=\"notranslate\" translate=\"no\"> Photo<span class=\"notranslate\" translate=\"no\"> Firma <\/span> <\/span>?<\/h2>\t\t\t\t<\/div>\n\t\t\t\t<\/div>\n\t\t\t\t<div class=\"elementor-element elementor-element-10eec35 elementor-widget elementor-widget-heading\" data-id=\"10eec35\" data-element_type=\"widget\" data-widget_type=\"heading.default\">\n\t\t\t\t<div class=\"elementor-widget-container\">\n\t\t\t\t\t<h2 class=\"elementor-heading-title elementor-size-default\">Env\u00eda hasta 3 im\u00e1genes\nantes del 14 de noviembre aqu\u00ed:\n<\/h2>\t\t\t\t<\/div>\n\t\t\t\t<\/div>\n\t\t\t\t<div class=\"elementor-element elementor-element-f54c7f7 elementor-widget elementor-widget-heading\" data-id=\"f54c7f7\" data-element_type=\"widget\" data-widget_type=\"heading.default\">\n\t\t\t\t<div class=\"elementor-widget-container\">\n\t\t\t\t\t<h2 class=\"elementor-heading-title elementor-size-default\"><a href=\"https:\/\/forms.gle\/6S6ZTJeop5qDoRW19\">https:\/\/forms.gle\/6S6ZTJeop5qDoRW19<\/a><\/h2>\t\t\t\t<\/div>\n\t\t\t\t<\/div>\n\t\t\t\t<div class=\"elementor-element elementor-element-2f25edc elementor-widget elementor-widget-heading\" data-id=\"2f25edc\" data-element_type=\"widget\" data-widget_type=\"heading.default\">\n\t\t\t\t<div class=\"elementor-widget-container\">\n\t\t\t\t\t<h2 class=\"elementor-heading-title elementor-size-default\">Debes estar inscrito en el XIII <span class=\"notranslate\" translate=\"no\"> Firma <\/span> para poder participar<\/h2>\t\t\t\t<\/div>\n\t\t\t\t<\/div>\n\t\t\t\t<\/div>\n\t\t<div class=\"elementor-element elementor-element-377c351 e-con-full e-flex e-con e-child\" data-id=\"377c351\" data-element_type=\"container\">\n\t\t\t\t<div class=\"elementor-element elementor-element-e0b0414 elementor-widget elementor-widget-image\" data-id=\"e0b0414\" data-element_type=\"widget\" data-widget_type=\"image.default\">\n\t\t\t\t<div class=\"elementor-widget-container\">\n\t\t\t\t\t\t\t\t\t\t\t\t\t\t\t<img decoding=\"async\" width=\"800\" height=\"712\" src=\"https:\/\/firmaonline.org\/xiii-firma\/wp-content\/uploads\/2025\/01\/La-armonia-entre-el-hombre-y-los-oceanos-Arnold-Terreros-Rios-1024x911.jpg\" class=\"attachment-large size-large wp-image-47\" alt=\"La armon\u00eda entre el hombre y los oc\u00e9anos - Arnold David Terreros Rios\" srcset=\"https:\/\/firmaonline.org\/xiii-firma\/wp-content\/uploads\/2025\/01\/La-armonia-entre-el-hombre-y-los-oceanos-Arnold-Terreros-Rios-1024x911.jpg 1024w, https:\/\/firmaonline.org\/xiii-firma\/wp-content\/uploads\/2025\/01\/La-armonia-entre-el-hombre-y-los-oceanos-Arnold-Terreros-Rios-300x267.jpg 300w, https:\/\/firmaonline.org\/xiii-firma\/wp-content\/uploads\/2025\/01\/La-armonia-entre-el-hombre-y-los-oceanos-Arnold-Terreros-Rios-768x684.jpg 768w, https:\/\/firmaonline.org\/xiii-firma\/wp-content\/uploads\/2025\/01\/La-armonia-entre-el-hombre-y-los-oceanos-Arnold-Terreros-Rios-1536x1367.jpg 1536w, https:\/\/firmaonline.org\/xiii-firma\/wp-content\/uploads\/2025\/01\/La-armonia-entre-el-hombre-y-los-oceanos-Arnold-Terreros-Rios-2048x1823.jpg 2048w\" sizes=\"(max-width: 800px) 100vw, 800px\" \/>\t\t\t\t\t\t\t\t\t\t\t\t\t\t\t<\/div>\n\t\t\t\t<\/div>\n\t\t\t\t<\/div>\n\t\t\t\t\t<\/div>\n\t\t\t\t<\/div>\n\t\t<div class=\"elementor-element elementor-element-558297f e-flex e-con-boxed e-con e-parent\" data-id=\"558297f\" data-element_type=\"container\">\n\t\t\t\t\t<div class=\"e-con-inner\">\n\t\t\t\t<div class=\"elementor-element elementor-element-9f729f6 elementor-widget elementor-widget-heading\" data-id=\"9f729f6\" data-element_type=\"widget\" data-widget_type=\"heading.default\">\n\t\t\t\t<div class=\"elementor-widget-container\">\n\t\t\t\t\t<h2 class=\"elementor-heading-title elementor-size-default\">Ante cualquier duda o inconveniente escr\u00edbenos a: forofirma2025@gmail.com\n\n<\/h2>\t\t\t\t<\/div>\n\t\t\t\t<\/div>\n\t\t\t\t\t<\/div>\n\t\t\t\t<\/div>\n\t\t\t\t<\/div>\n\t\t","protected":false},"excerpt":{"rendered":"<p>Inscripciones online participa desde cualquier lugar Reg\u00edstrate en el XIII FIRMA 2025 La visualizaci\u00f3n de conferencias online y trabajos as\u00ed como la participaci\u00f3n en el concurso fotografico IV Photo Firma son gratuitas El proceso de inscripci\u00f3n en el XIII Firma se encuentra cerrado Todos los participantes en en XII FIRMA 2023 est\u00e1n autom\u00e1ticamente registrados en [&hellip;]<\/p>\n","protected":false},"author":1,"featured_media":0,"parent":0,"menu_order":0,"comment_status":"closed","ping_status":"closed","template":"elementor_header_footer","meta":{"_acf_changed":false,"footnotes":""},"class_list":["post-2597","page","type-page","status-publish","hentry"],"acf":[],"_links":{"self":[{"href":"https:\/\/firmaonline.org\/xiii-firma\/wp-json\/wp\/v2\/pages\/2597","targetHints":{"allow":["GET"]}}],"collection":[{"href":"https:\/\/firmaonline.org\/xiii-firma\/wp-json\/wp\/v2\/pages"}],"about":[{"href":"https:\/\/firmaonline.org\/xiii-firma\/wp-json\/wp\/v2\/types\/page"}],"author":[{"embeddable":true,"href":"https:\/\/firmaonline.org\/xiii-firma\/wp-json\/wp\/v2\/users\/1"}],"replies":[{"embeddable":true,"href":"https:\/\/firmaonline.org\/xiii-firma\/wp-json\/wp\/v2\/comments?post=2597"}],"version-history":[{"count":61,"href":"https:\/\/firmaonline.org\/xiii-firma\/wp-json\/wp\/v2\/pages\/2597\/revisions"}],"predecessor-version":[{"id":3525,"href":"https:\/\/firmaonline.org\/xiii-firma\/wp-json\/wp\/v2\/pages\/2597\/revisions\/3525"}],"wp:attachment":[{"href":"https:\/\/firmaonline.org\/xiii-firma\/wp-json\/wp\/v2\/media?parent=2597"}],"curies":[{"name":"wp","href":"https:\/\/api.w.org\/{rel}","templated":true}]}}