{"id":2601,"date":"2025-07-18T16:59:29","date_gmt":"2025-07-18T14:59:29","guid":{"rendered":"https:\/\/firmaonline.org\/xiii-firma\/?page_id=2601"},"modified":"2025-11-10T23:06:54","modified_gmt":"2025-11-10T22:06:54","slug":"registro-de-trabajos","status":"publish","type":"page","link":"https:\/\/firmaonline.org\/xiii-firma\/registro-de-trabajos\/","title":{"rendered":"Registro de trabajos"},"content":{"rendered":"\t\t<div data-elementor-type=\"wp-page\" data-elementor-id=\"2601\" class=\"elementor elementor-2601\" data-elementor-post-type=\"page\">\n\t\t\t\t<div class=\"elementor-element elementor-element-acc3b2e e-flex e-con-boxed e-con e-parent\" data-id=\"acc3b2e\" data-element_type=\"container\" data-settings=\"{&quot;background_background&quot;:&quot;classic&quot;,&quot;shape_divider_bottom&quot;:&quot;mountains&quot;}\">\n\t\t\t\t\t<div class=\"e-con-inner\">\n\t\t\t\t<div class=\"elementor-shape elementor-shape-bottom\" aria-hidden=\"true\" data-negative=\"false\">\n\t\t\t<svg xmlns=\"http:\/\/www.w3.org\/2000\/svg\" viewBox=\"0 0 1000 100\" preserveAspectRatio=\"none\">\n\t<path class=\"elementor-shape-fill\" opacity=\"0.33\" d=\"M473,67.3c-203.9,88.3-263.1-34-320.3,0C66,119.1,0,59.7,0,59.7V0h1000v59.7 c0,0-62.1,26.1-94.9,29.3c-32.8,3.3-62.8-12.3-75.8-22.1C806,49.6,745.3,8.7,694.9,4.7S492.4,59,473,67.3z\"\/>\n\t<path class=\"elementor-shape-fill\" opacity=\"0.66\" d=\"M734,67.3c-45.5,0-77.2-23.2-129.1-39.1c-28.6-8.7-150.3-10.1-254,39.1 s-91.7-34.4-149.2,0C115.7,118.3,0,39.8,0,39.8V0h1000v36.5c0,0-28.2-18.5-92.1-18.5C810.2,18.1,775.7,67.3,734,67.3z\"\/>\n\t<path class=\"elementor-shape-fill\" d=\"M766.1,28.9c-200-57.5-266,65.5-395.1,19.5C242,1.8,242,5.4,184.8,20.6C128,35.8,132.3,44.9,89.9,52.5C28.6,63.7,0,0,0,0 h1000c0,0-9.9,40.9-83.6,48.1S829.6,47,766.1,28.9z\"\/>\n<\/svg>\t\t<\/div>\n\t\t\t\t<div class=\"elementor-element elementor-element-79c2e82 elementor-widget elementor-widget-heading\" data-id=\"79c2e82\" data-element_type=\"widget\" data-widget_type=\"heading.default\">\n\t\t\t\t<div class=\"elementor-widget-container\">\n\t\t\t\t\t<h2 class=\"elementor-heading-title elementor-size-default\">Registro de trabajos cient\u00edficos<\/h2>\t\t\t\t<\/div>\n\t\t\t\t<\/div>\n\t\t\t\t<div class=\"elementor-element elementor-element-5465cd0 elementor-widget elementor-widget-heading\" data-id=\"5465cd0\" data-element_type=\"widget\" data-widget_type=\"heading.default\">\n\t\t\t\t<div class=\"elementor-widget-container\">\n\t\t\t\t\t<h2 class=\"elementor-heading-title elementor-size-default\">en e-p\u00f3ster o video<\/h2>\t\t\t\t<\/div>\n\t\t\t\t<\/div>\n\t\t\t\t\t<\/div>\n\t\t\t\t<\/div>\n\t\t<div class=\"elementor-element elementor-element-fc559fc e-flex e-con-boxed e-con e-parent\" data-id=\"fc559fc\" data-element_type=\"container\">\n\t\t\t\t\t<div class=\"e-con-inner\">\n\t\t<div class=\"elementor-element elementor-element-f7b60f6 e-con-full e-flex e-con e-child\" data-id=\"f7b60f6\" data-element_type=\"container\">\n\t\t\t\t<div class=\"elementor-element elementor-element-b5e9e97 elementor-widget elementor-widget-heading\" data-id=\"b5e9e97\" data-element_type=\"widget\" data-widget_type=\"heading.default\">\n\t\t\t\t<div class=\"elementor-widget-container\">\n\t\t\t\t\t<h2 class=\"elementor-heading-title elementor-size-default\">Hasta 2 trabajos cient\u00edficos<\/h2>\t\t\t\t<\/div>\n\t\t\t\t<\/div>\n\t\t\t\t<div class=\"elementor-element elementor-element-89b93f9 elementor-widget elementor-widget-heading\" data-id=\"89b93f9\" data-element_type=\"widget\" data-widget_type=\"heading.default\">\n\t\t\t\t<div class=\"elementor-widget-container\">\n\t\t\t\t\t<h2 class=\"elementor-heading-title elementor-size-default\">25 EUR<\/h2>\t\t\t\t<\/div>\n\t\t\t\t<\/div>\n\t\t\t\t<\/div>\n\t\t<div class=\"elementor-element elementor-element-5faf642 e-con-full e-flex e-con e-child\" data-id=\"5faf642\" data-element_type=\"container\">\n\t\t\t\t<div class=\"elementor-element elementor-element-4f1973a elementor-widget elementor-widget-heading\" data-id=\"4f1973a\" data-element_type=\"widget\" data-widget_type=\"heading.default\">\n\t\t\t\t<div class=\"elementor-widget-container\">\n\t\t\t\t\t<h2 class=\"elementor-heading-title elementor-size-default\">Trabajo cient\u00edfico adicional<\/h2>\t\t\t\t<\/div>\n\t\t\t\t<\/div>\n\t\t\t\t<div class=\"elementor-element elementor-element-f4dea7c elementor-widget elementor-widget-heading\" data-id=\"f4dea7c\" data-element_type=\"widget\" data-widget_type=\"heading.default\">\n\t\t\t\t<div class=\"elementor-widget-container\">\n\t\t\t\t\t<h2 class=\"elementor-heading-title elementor-size-default\">25 EUR<\/h2>\t\t\t\t<\/div>\n\t\t\t\t<\/div>\n\t\t\t\t<\/div>\n\t\t\t\t\t<\/div>\n\t\t\t\t<\/div>\n\t\t<div class=\"elementor-element elementor-element-bea7702 e-flex e-con-boxed e-con e-parent\" data-id=\"bea7702\" data-element_type=\"container\">\n\t\t\t\t\t<div class=\"e-con-inner\">\n\t\t\t\t<div class=\"elementor-element elementor-element-9e02e69 elementor-align-center elementor-widget elementor-widget-button\" data-id=\"9e02e69\" data-element_type=\"widget\" data-widget_type=\"button.default\">\n\t\t\t\t<div class=\"elementor-widget-container\">\n\t\t\t\t\t\t\t\t\t<div class=\"elementor-button-wrapper\">\n\t\t\t\t\t<a class=\"elementor-button elementor-button-link elementor-size-sm\" href=\"https:\/\/firmaonline.org\/redir\/trabajos.php\" target=\"_blank\">\n\t\t\t\t\t\t<span class=\"elementor-button-content-wrapper\">\n\t\t\t\t\t\t\t\t\t<span class=\"elementor-button-text\">Haz tu inversi\u00f3n aqu\u00ed<\/span>\n\t\t\t\t\t<\/span>\n\t\t\t\t\t<\/a>\n\t\t\t\t<\/div>\n\t\t\t\t\t\t\t\t<\/div>\n\t\t\t\t<\/div>\n\t\t\t\t\t<\/div>\n\t\t\t\t<\/div>\n\t\t<div class=\"elementor-element elementor-element-d9c6c94 elementor-hidden-desktop elementor-hidden-tablet elementor-hidden-mobile e-flex e-con-boxed e-con e-parent\" data-id=\"d9c6c94\" data-element_type=\"container\">\n\t\t\t\t\t<div class=\"e-con-inner\">\n\t\t\t\t<div class=\"elementor-element elementor-element-fb0d018 elementor-widget elementor-widget-heading\" data-id=\"fb0d018\" data-element_type=\"widget\" data-widget_type=\"heading.default\">\n\t\t\t\t<div class=\"elementor-widget-container\">\n\t\t\t\t\t<h2 class=\"elementor-heading-title elementor-size-default\">Nos encontramos gestionando el enlace para poder recibir la inversi\u00f3n relacionada con la presentaci\u00f3n de trabajos. Estimamos que estar\u00e1 listo a partir del 15 de agosto de 2025\n<\/h2>\t\t\t\t<\/div>\n\t\t\t\t<\/div>\n\t\t\t\t\t<\/div>\n\t\t\t\t<\/div>\n\t\t<div class=\"elementor-element elementor-element-dc7b887 e-flex e-con-boxed e-con e-parent\" data-id=\"dc7b887\" data-element_type=\"container\">\n\t\t\t\t\t<div class=\"e-con-inner\">\n\t\t\t\t<div class=\"elementor-element elementor-element-7e3c18c elementor-widget elementor-widget-heading\" data-id=\"7e3c18c\" data-element_type=\"widget\" data-widget_type=\"heading.default\">\n\t\t\t\t<div class=\"elementor-widget-container\">\n\t\t\t\t\t<h2 class=\"elementor-heading-title elementor-size-default\">Si est\u00e1s inscrito presencial, no necesitas hacer la inversi\u00f3n\n<\/h2>\t\t\t\t<\/div>\n\t\t\t\t<\/div>\n\t\t\t\t\t<\/div>\n\t\t\t\t<\/div>\n\t\t<div class=\"elementor-element elementor-element-2a8342f e-flex e-con-boxed e-con e-parent\" data-id=\"2a8342f\" data-element_type=\"container\">\n\t\t\t\t\t<div class=\"e-con-inner\">\n\t\t<div class=\"elementor-element elementor-element-905de02 e-con-full e-flex e-con e-child\" data-id=\"905de02\" data-element_type=\"container\">\n\t\t\t\t<div class=\"elementor-element elementor-element-6cae2da elementor-widget elementor-widget-image\" data-id=\"6cae2da\" data-element_type=\"widget\" data-widget_type=\"image.default\">\n\t\t\t\t<div class=\"elementor-widget-container\">\n\t\t\t\t\t\t\t\t\t\t\t\t\t\t\t<img fetchpriority=\"high\" decoding=\"async\" width=\"600\" height=\"600\" src=\"https:\/\/firmaonline.org\/xiii-firma\/wp-content\/uploads\/2025\/07\/Registro-de-poster.jpg\" class=\"attachment-large size-large wp-image-2605\" alt=\"Registro de p\u00f3ster\" srcset=\"https:\/\/firmaonline.org\/xiii-firma\/wp-content\/uploads\/2025\/07\/Registro-de-poster.jpg 600w, https:\/\/firmaonline.org\/xiii-firma\/wp-content\/uploads\/2025\/07\/Registro-de-poster-300x300.jpg 300w, https:\/\/firmaonline.org\/xiii-firma\/wp-content\/uploads\/2025\/07\/Registro-de-poster-150x150.jpg 150w\" sizes=\"(max-width: 600px) 100vw, 600px\" \/>\t\t\t\t\t\t\t\t\t\t\t\t\t\t\t<\/div>\n\t\t\t\t<\/div>\n\t\t\t\t<\/div>\n\t\t<div class=\"elementor-element elementor-element-fab6a40 e-con-full e-flex e-con e-child\" data-id=\"fab6a40\" data-element_type=\"container\">\n\t\t\t\t<div class=\"elementor-element elementor-element-223f376 elementor-widget elementor-widget-heading\" data-id=\"223f376\" data-element_type=\"widget\" data-widget_type=\"heading.default\">\n\t\t\t\t<div class=\"elementor-widget-container\">\n\t\t\t\t\t<h2 class=\"elementor-heading-title elementor-size-default\">Registra tus trabajos en e-poster o video antes del 14 de noviembre 2025 aqu\u00ed:<\/h2>\t\t\t\t<\/div>\n\t\t\t\t<\/div>\n\t\t\t\t<div class=\"elementor-element elementor-element-2055b1f elementor-widget elementor-widget-heading\" data-id=\"2055b1f\" data-element_type=\"widget\" data-widget_type=\"heading.default\">\n\t\t\t\t<div class=\"elementor-widget-container\">\n\t\t\t\t\t<h2 class=\"elementor-heading-title elementor-size-default\"><a href=\"https:\/\/forms.gle\/GJgwCMFGYWwURJCw5\">https:\/\/forms.gle\/GJgwCMFGYWwURJCw5 <\/a><\/h2>\t\t\t\t<\/div>\n\t\t\t\t<\/div>\n\t\t\t\t<div class=\"elementor-element elementor-element-caea239 elementor-widget elementor-widget-heading\" data-id=\"caea239\" data-element_type=\"widget\" data-widget_type=\"heading.default\">\n\t\t\t\t<div class=\"elementor-widget-container\">\n\t\t\t\t\t<h2 class=\"elementor-heading-title elementor-size-default\">(Se necesita comprobante de pago)\n<\/h2>\t\t\t\t<\/div>\n\t\t\t\t<\/div>\n\t\t\t\t<div class=\"elementor-element elementor-element-d9de341 elementor-widget elementor-widget-heading\" data-id=\"d9de341\" data-element_type=\"widget\" data-widget_type=\"heading.default\">\n\t\t\t\t<div class=\"elementor-widget-container\">\n\t\t\t\t\t<h3 class=\"elementor-heading-title elementor-size-default\">Aunque <span class=\"notranslate\" translate=\"no\"> FIRMA <\/span> puede verificar la pertinencia de los trabajos, no se requiere un resumen para la inscripci\u00f3n de p\u00f3steres y videos. Sus autores son los \u00fanicos responsables de\u00a0su\u00a0contenido.\n<\/h3>\t\t\t\t<\/div>\n\t\t\t\t<\/div>\n\t\t\t\t<\/div>\n\t\t\t\t\t<\/div>\n\t\t\t\t<\/div>\n\t\t<div class=\"elementor-element elementor-element-63a7e26 e-flex e-con-boxed e-con e-parent\" data-id=\"63a7e26\" data-element_type=\"container\">\n\t\t\t\t\t<div class=\"e-con-inner\">\n\t\t<div class=\"elementor-element elementor-element-9598d6d e-con-full e-flex e-con e-child\" data-id=\"9598d6d\" data-element_type=\"container\">\n\t\t\t\t<div class=\"elementor-element elementor-element-32c8158 elementor-widget elementor-widget-heading\" data-id=\"32c8158\" data-element_type=\"widget\" data-widget_type=\"heading.default\">\n\t\t\t\t<div class=\"elementor-widget-container\">\n\t\t\t\t\t<h2 class=\"elementor-heading-title elementor-size-default\">\u00bfDeseas publicar en el libro de memorias del XIII <span class=\"notranslate\" translate=\"no\"> Firma <\/span>?<\/h2>\t\t\t\t<\/div>\n\t\t\t\t<\/div>\n\t\t\t\t<div class=\"elementor-element elementor-element-648bf78 elementor-widget elementor-widget-heading\" data-id=\"648bf78\" data-element_type=\"widget\" data-widget_type=\"heading.default\">\n\t\t\t\t<div class=\"elementor-widget-container\">\n\t\t\t\t\t<h2 class=\"elementor-heading-title elementor-size-default\">Env\u00eda tu trabajo <em>in extenso<\/em> antes del 30 de noviembre para su publicaci\u00f3n en el libro aqu\u00ed: \n<\/h2>\t\t\t\t<\/div>\n\t\t\t\t<\/div>\n\t\t\t\t<div class=\"elementor-element elementor-element-de25471 elementor-widget elementor-widget-heading\" data-id=\"de25471\" data-element_type=\"widget\" data-widget_type=\"heading.default\">\n\t\t\t\t<div class=\"elementor-widget-container\">\n\t\t\t\t\t<h2 class=\"elementor-heading-title elementor-size-default\"><a href=\"https:\/\/forms.gle\/x39pJEPxuXZdZaDK8\">https:\/\/forms.gle\/x39pJEPxuXZdZaDK8<\/a><\/h2>\t\t\t\t<\/div>\n\t\t\t\t<\/div>\n\t\t\t\t<\/div>\n\t\t<div class=\"elementor-element elementor-element-6db2d1a e-con-full e-flex e-con e-child\" data-id=\"6db2d1a\" data-element_type=\"container\">\n\t\t\t\t<div class=\"elementor-element elementor-element-ee703cb elementor-widget elementor-widget-image\" data-id=\"ee703cb\" data-element_type=\"widget\" data-widget_type=\"image.default\">\n\t\t\t\t<div class=\"elementor-widget-container\">\n\t\t\t\t\t\t\t\t\t\t\t\t\t\t\t<img decoding=\"async\" width=\"800\" height=\"800\" src=\"https:\/\/firmaonline.org\/xiii-firma\/wp-content\/uploads\/2025\/06\/Trabajos-In-Extenso.jpeg\" class=\"attachment-large size-large wp-image-1112\" alt=\"Trabajos In Extenso\" srcset=\"https:\/\/firmaonline.org\/xiii-firma\/wp-content\/uploads\/2025\/06\/Trabajos-In-Extenso.jpeg 1024w, https:\/\/firmaonline.org\/xiii-firma\/wp-content\/uploads\/2025\/06\/Trabajos-In-Extenso-300x300.jpeg 300w, https:\/\/firmaonline.org\/xiii-firma\/wp-content\/uploads\/2025\/06\/Trabajos-In-Extenso-150x150.jpeg 150w, https:\/\/firmaonline.org\/xiii-firma\/wp-content\/uploads\/2025\/06\/Trabajos-In-Extenso-768x768.jpeg 768w\" sizes=\"(max-width: 800px) 100vw, 800px\" \/>\t\t\t\t\t\t\t\t\t\t\t\t\t\t\t<\/div>\n\t\t\t\t<\/div>\n\t\t\t\t<\/div>\n\t\t\t\t\t<\/div>\n\t\t\t\t<\/div>\n\t\t<div class=\"elementor-element elementor-element-aaca6c9 e-flex e-con-boxed e-con e-parent\" data-id=\"aaca6c9\" data-element_type=\"container\">\n\t\t\t\t\t<div class=\"e-con-inner\">\n\t\t\t\t<div class=\"elementor-element elementor-element-42cd93c elementor-widget elementor-widget-heading\" data-id=\"42cd93c\" data-element_type=\"widget\" data-widget_type=\"heading.default\">\n\t\t\t\t<div class=\"elementor-widget-container\">\n\t\t\t\t\t<h2 class=\"elementor-heading-title elementor-size-default\">La inscripci\u00f3n incluye la presentaci\u00f3n de trabajos online, publicaci\u00f3n en el libro XIII <span class=\"notranslate\" translate=\"no\"> FIRMA <\/span> y certificado\n\n<\/h2>\t\t\t\t<\/div>\n\t\t\t\t<\/div>\n\t\t\t\t\t<\/div>\n\t\t\t\t<\/div>\n\t\t<div class=\"elementor-element elementor-element-1b8d824 e-flex e-con-boxed e-con e-parent\" data-id=\"1b8d824\" data-element_type=\"container\" data-settings=\"{&quot;background_background&quot;:&quot;classic&quot;}\">\n\t\t\t\t\t<div class=\"e-con-inner\">\n\t\t\t\t<div class=\"elementor-element elementor-element-0a5433e elementor-widget elementor-widget-heading\" data-id=\"0a5433e\" data-element_type=\"widget\" data-widget_type=\"heading.default\">\n\t\t\t\t<div class=\"elementor-widget-container\">\n\t\t\t\t\t<h2 class=\"elementor-heading-title elementor-size-default\">Consulta aqu\u00ed las normas de presentaci\u00f3n de cada una de las modalidades, as\u00ed como los libros de anteriores ediciones del <span class=\"notranslate\" translate=\"no\"> FIRMA <\/span>\n<\/h2>\t\t\t\t<\/div>\n\t\t\t\t<\/div>\n\t\t\t\t\t<\/div>\n\t\t\t\t<\/div>\n\t\t<div class=\"elementor-element elementor-element-c471a68 e-flex e-con-boxed e-con e-parent\" data-id=\"c471a68\" data-element_type=\"container\" data-settings=\"{&quot;background_background&quot;:&quot;classic&quot;}\">\n\t\t\t\t\t<div class=\"e-con-inner\">\n\t\t<div class=\"elementor-element elementor-element-dda2466 e-con-full e-flex e-con e-child\" data-id=\"dda2466\" data-element_type=\"container\">\n\t\t\t\t<div class=\"elementor-element elementor-element-707de4d elementor-widget elementor-widget-image\" data-id=\"707de4d\" data-element_type=\"widget\" data-widget_type=\"image.default\">\n\t\t\t\t<div class=\"elementor-widget-container\">\n\t\t\t\t\t\t\t\t\t\t\t\t\t\t\t\t<a href=\"https:\/\/firmaonline.org\/xiii-firma\/posteres\/\">\n\t\t\t\t\t\t\t<img decoding=\"async\" width=\"309\" height=\"307\" src=\"https:\/\/firmaonline.org\/xiii-firma\/wp-content\/uploads\/2025\/06\/E-Poster-3.jpg\" class=\"attachment-large size-large wp-image-983\" alt=\"\" srcset=\"https:\/\/firmaonline.org\/xiii-firma\/wp-content\/uploads\/2025\/06\/E-Poster-3.jpg 309w, https:\/\/firmaonline.org\/xiii-firma\/wp-content\/uploads\/2025\/06\/E-Poster-3-300x298.jpg 300w, https:\/\/firmaonline.org\/xiii-firma\/wp-content\/uploads\/2025\/06\/E-Poster-3-150x150.jpg 150w\" sizes=\"(max-width: 309px) 100vw, 309px\" \/>\t\t\t\t\t\t\t\t<\/a>\n\t\t\t\t\t\t\t\t\t\t\t\t\t\t\t<\/div>\n\t\t\t\t<\/div>\n\t\t\t\t<div class=\"elementor-element elementor-element-4b4185c elementor-widget elementor-widget-heading\" data-id=\"4b4185c\" data-element_type=\"widget\" data-widget_type=\"heading.default\">\n\t\t\t\t<div class=\"elementor-widget-container\">\n\t\t\t\t\t<h2 class=\"elementor-heading-title elementor-size-default\">E-p\u00f3ster<\/h2>\t\t\t\t<\/div>\n\t\t\t\t<\/div>\n\t\t\t\t<\/div>\n\t\t<div class=\"elementor-element elementor-element-cc6bd1e e-con-full e-flex e-con e-child\" data-id=\"cc6bd1e\" data-element_type=\"container\">\n\t\t\t\t<div class=\"elementor-element elementor-element-9540102 elementor-widget elementor-widget-image\" data-id=\"9540102\" data-element_type=\"widget\" data-widget_type=\"image.default\">\n\t\t\t\t<div class=\"elementor-widget-container\">\n\t\t\t\t\t\t\t\t\t\t\t\t\t\t\t\t<a href=\"https:\/\/firmaonline.org\/xiii-firma\/videos\/\">\n\t\t\t\t\t\t\t<img loading=\"lazy\" decoding=\"async\" width=\"800\" height=\"800\" src=\"https:\/\/firmaonline.org\/xiii-firma\/wp-content\/uploads\/2025\/06\/Video.jpeg\" class=\"attachment-large size-large wp-image-978\" alt=\"\" srcset=\"https:\/\/firmaonline.org\/xiii-firma\/wp-content\/uploads\/2025\/06\/Video.jpeg 1024w, https:\/\/firmaonline.org\/xiii-firma\/wp-content\/uploads\/2025\/06\/Video-300x300.jpeg 300w, https:\/\/firmaonline.org\/xiii-firma\/wp-content\/uploads\/2025\/06\/Video-150x150.jpeg 150w, https:\/\/firmaonline.org\/xiii-firma\/wp-content\/uploads\/2025\/06\/Video-768x768.jpeg 768w\" sizes=\"(max-width: 800px) 100vw, 800px\" \/>\t\t\t\t\t\t\t\t<\/a>\n\t\t\t\t\t\t\t\t\t\t\t\t\t\t\t<\/div>\n\t\t\t\t<\/div>\n\t\t\t\t<div class=\"elementor-element elementor-element-d30e5b1 elementor-widget elementor-widget-heading\" data-id=\"d30e5b1\" data-element_type=\"widget\" data-widget_type=\"heading.default\">\n\t\t\t\t<div class=\"elementor-widget-container\">\n\t\t\t\t\t<h2 class=\"elementor-heading-title elementor-size-default\">Video<\/h2>\t\t\t\t<\/div>\n\t\t\t\t<\/div>\n\t\t\t\t<\/div>\n\t\t<div class=\"elementor-element elementor-element-6c421a5 e-con-full e-flex e-con e-child\" data-id=\"6c421a5\" data-element_type=\"container\">\n\t\t\t\t<div class=\"elementor-element elementor-element-c1d6e6f elementor-widget elementor-widget-image\" data-id=\"c1d6e6f\" data-element_type=\"widget\" data-widget_type=\"image.default\">\n\t\t\t\t<div class=\"elementor-widget-container\">\n\t\t\t\t\t\t\t\t\t\t\t\t\t\t\t\t<a href=\"https:\/\/firmaonline.org\/xiii-firma\/guia-de-autores\/\">\n\t\t\t\t\t\t\t<img decoding=\"async\" width=\"800\" height=\"800\" src=\"https:\/\/firmaonline.org\/xiii-firma\/wp-content\/uploads\/2025\/06\/Trabajos-In-Extenso.jpeg\" class=\"attachment-large size-large wp-image-1112\" alt=\"Trabajos In Extenso\" srcset=\"https:\/\/firmaonline.org\/xiii-firma\/wp-content\/uploads\/2025\/06\/Trabajos-In-Extenso.jpeg 1024w, https:\/\/firmaonline.org\/xiii-firma\/wp-content\/uploads\/2025\/06\/Trabajos-In-Extenso-300x300.jpeg 300w, https:\/\/firmaonline.org\/xiii-firma\/wp-content\/uploads\/2025\/06\/Trabajos-In-Extenso-150x150.jpeg 150w, https:\/\/firmaonline.org\/xiii-firma\/wp-content\/uploads\/2025\/06\/Trabajos-In-Extenso-768x768.jpeg 768w\" sizes=\"(max-width: 800px) 100vw, 800px\" \/>\t\t\t\t\t\t\t\t<\/a>\n\t\t\t\t\t\t\t\t\t\t\t\t\t\t\t<\/div>\n\t\t\t\t<\/div>\n\t\t\t\t<div class=\"elementor-element elementor-element-b1f5683 elementor-widget elementor-widget-heading\" data-id=\"b1f5683\" data-element_type=\"widget\" data-widget_type=\"heading.default\">\n\t\t\t\t<div class=\"elementor-widget-container\">\n\t\t\t\t\t<h2 class=\"elementor-heading-title elementor-size-default\"><em> In extenso<\/em><\/h2>\t\t\t\t<\/div>\n\t\t\t\t<\/div>\n\t\t\t\t<\/div>\n\t\t<div class=\"elementor-element elementor-element-b0561f8 e-con-full e-flex e-con e-child\" data-id=\"b0561f8\" data-element_type=\"container\">\n\t\t\t\t<div class=\"elementor-element elementor-element-620a4ec elementor-widget elementor-widget-image\" data-id=\"620a4ec\" data-element_type=\"widget\" data-widget_type=\"image.default\">\n\t\t\t\t<div class=\"elementor-widget-container\">\n\t\t\t\t\t\t\t\t\t\t\t\t\t\t\t\t<a href=\"https:\/\/firmaonline.org\/xiii-firma\/libros-anteriores\/\">\n\t\t\t\t\t\t\t<img loading=\"lazy\" decoding=\"async\" width=\"600\" height=\"600\" src=\"https:\/\/firmaonline.org\/xiii-firma\/wp-content\/uploads\/2025\/06\/libros-anteriores-definitivo.jpg\" class=\"attachment-large size-large wp-image-1114\" alt=\"Libros anteriores\" srcset=\"https:\/\/firmaonline.org\/xiii-firma\/wp-content\/uploads\/2025\/06\/libros-anteriores-definitivo.jpg 600w, https:\/\/firmaonline.org\/xiii-firma\/wp-content\/uploads\/2025\/06\/libros-anteriores-definitivo-300x300.jpg 300w, https:\/\/firmaonline.org\/xiii-firma\/wp-content\/uploads\/2025\/06\/libros-anteriores-definitivo-150x150.jpg 150w\" sizes=\"(max-width: 600px) 100vw, 600px\" \/>\t\t\t\t\t\t\t\t<\/a>\n\t\t\t\t\t\t\t\t\t\t\t\t\t\t\t<\/div>\n\t\t\t\t<\/div>\n\t\t\t\t<div class=\"elementor-element elementor-element-5f7c7d1 elementor-widget elementor-widget-heading\" data-id=\"5f7c7d1\" data-element_type=\"widget\" data-widget_type=\"heading.default\">\n\t\t\t\t<div class=\"elementor-widget-container\">\n\t\t\t\t\t<h2 class=\"elementor-heading-title elementor-size-default\">Libros anteriores<\/h2>\t\t\t\t<\/div>\n\t\t\t\t<\/div>\n\t\t\t\t<\/div>\n\t\t\t\t\t<\/div>\n\t\t\t\t<\/div>\n\t\t<div class=\"elementor-element elementor-element-d623124 e-flex e-con-boxed e-con e-parent\" data-id=\"d623124\" data-element_type=\"container\">\n\t\t\t\t\t<div class=\"e-con-inner\">\n\t\t\t\t<div class=\"elementor-element elementor-element-a9a1999 elementor-widget elementor-widget-heading\" data-id=\"a9a1999\" data-element_type=\"widget\" data-widget_type=\"heading.default\">\n\t\t\t\t<div class=\"elementor-widget-container\">\n\t\t\t\t\t<h2 class=\"elementor-heading-title elementor-size-default\">Ante cualquier duda o inconveniente escr\u00edbenos a: forofirma2025@gmail.com\n\n<\/h2>\t\t\t\t<\/div>\n\t\t\t\t<\/div>\n\t\t\t\t\t<\/div>\n\t\t\t\t<\/div>\n\t\t\t\t<\/div>\n\t\t","protected":false},"excerpt":{"rendered":"<p>Registro de trabajos cient\u00edficos en e-p\u00f3ster o video Hasta 2 trabajos cient\u00edficos 25 EUR Trabajo cient\u00edfico adicional 25 EUR Haz tu inversi\u00f3n aqu\u00ed Nos encontramos gestionando el enlace para poder recibir la inversi\u00f3n relacionada con la presentaci\u00f3n de trabajos. Estimamos que estar\u00e1 listo a partir del 15 de agosto de 2025 Si est\u00e1s inscrito presencial, [&hellip;]<\/p>\n","protected":false},"author":1,"featured_media":0,"parent":0,"menu_order":0,"comment_status":"closed","ping_status":"closed","template":"elementor_header_footer","meta":{"_acf_changed":false,"footnotes":""},"class_list":["post-2601","page","type-page","status-publish","hentry"],"acf":[],"_links":{"self":[{"href":"https:\/\/firmaonline.org\/xiii-firma\/wp-json\/wp\/v2\/pages\/2601","targetHints":{"allow":["GET"]}}],"collection":[{"href":"https:\/\/firmaonline.org\/xiii-firma\/wp-json\/wp\/v2\/pages"}],"about":[{"href":"https:\/\/firmaonline.org\/xiii-firma\/wp-json\/wp\/v2\/types\/page"}],"author":[{"embeddable":true,"href":"https:\/\/firmaonline.org\/xiii-firma\/wp-json\/wp\/v2\/users\/1"}],"replies":[{"embeddable":true,"href":"https:\/\/firmaonline.org\/xiii-firma\/wp-json\/wp\/v2\/comments?post=2601"}],"version-history":[{"count":34,"href":"https:\/\/firmaonline.org\/xiii-firma\/wp-json\/wp\/v2\/pages\/2601\/revisions"}],"predecessor-version":[{"id":3449,"href":"https:\/\/firmaonline.org\/xiii-firma\/wp-json\/wp\/v2\/pages\/2601\/revisions\/3449"}],"wp:attachment":[{"href":"https:\/\/firmaonline.org\/xiii-firma\/wp-json\/wp\/v2\/media?parent=2601"}],"curies":[{"name":"wp","href":"https:\/\/api.w.org\/{rel}","templated":true}]}}